{"id":9470,"date":"2026-04-06T06:14:37","date_gmt":"2026-04-06T04:14:37","guid":{"rendered":"https:\/\/raymarine.ee\/?post_type=product&#038;p=9470"},"modified":"2026-04-06T07:38:16","modified_gmt":"2026-04-06T05:38:16","slug":"st1000-2000-tiller-pilot-plug-and-socket","status":"publish","type":"product","link":"https:\/\/raymarine.ee\/en\/product\/st1000-2000-tiller-pilot-plug-and-socket\/","title":{"rendered":"ST1000+ ja 2000+ Pinnipiloodi pistik ja pistikupesa"},"content":{"rendered":"<div id=\"esctl_799073\" class=\"element-tabs-panel-outer element-tabs-alpha\">\n<div class=\"element-tabs-panel-inner\">\n<div class=\"ContentEditor\">\n<p>ST1000+ ja ST2000+ Pinnipiloodi pistik ja pistikupesa. Juhtmete \u00fchendamiseks vaata lisatud pilte ja loe ST1000 Plus v\u00f5i ST2000 Plus juhendit. Selle pinnipiloodi integreerimiseks uue STNG (NMEA2000) v\u00f5rguga vajad Sa STNG &gt; <a href=\"https:\/\/raymarine.ee\/en\/product\/raymarine-seatalk1-seatalkng-converter-kit\/\">SeaTalk1 konverterit<\/a>.<\/p>\n<p><strong>Juhendid:\u00a0<\/strong><\/p>\n<p>Lae alla ST1000+ ST2000+ <a href=\"https:\/\/raymarine.ee\/wp-content\/uploads\/2026\/04\/S1000-S2000-Owner-handbook-81130-7-EN.pdf\" target=\"_blank\" rel=\"noopener\" data-wpel-link=\"internal\">paigaldus ja kasutusjuhend<\/a><\/p>\n<p>Vaata\u00a0<a href=\"https:\/\/www.raymarine.com\/en-gb\/our-products\/boat-autopilots\/autopilot-packs\" target=\"_blank\" rel=\"noopener nofollow external noreferrer\" data-wpel-link=\"external\">Raymarine autopilootide<\/a>\u00a0tootetutvustust.<\/p>\n<\/div>\n<\/div>\n<\/div>","protected":false},"excerpt":{"rendered":"<p>ST1000 Plus ja ST2000 Plus pinnipiloodi pistik ja pistikupesa.<\/p>","protected":false},"featured_media":9474,"template":"","meta":{"_acf_changed":false},"product_brand":[134],"product_cat":[52,64,103],"product_tag":[],"class_list":{"0":"post-9470","1":"product","2":"type-product","3":"status-publish","4":"has-post-thumbnail","6":"product_brand-raymarine","7":"product_cat-autopiloot-autopiloodid","8":"product_cat-pinnipiloodid","9":"product_cat-raymarine","11":"first","12":"instock","13":"sale","14":"taxable","15":"shipping-taxable","16":"purchasable","17":"product-type-simple"},"acf":[],"yoast_head":"<!-- This site is optimized with the Yoast SEO Premium plugin v27.5 (Yoast SEO v27.5) - https:\/\/yoast.com\/product\/yoast-seo-premium-wordpress\/ -->\n<title>Pinnipiloodi pistik ja pistikupesa: D339 ST1000+ ja ST2000+- NavSystems<\/title>\n<meta name=\"description\" content=\"Raymarine Tiller Pilot \u2013 usaldusv\u00e4\u00e4rne ja nutikas automaatrool v\u00e4ikelaevadele. T\u00e4pne juhtimine, energias\u00e4\u00e4st ja lihtne kasutamine igas olukorras.\" \/>\n<meta name=\"robots\" content=\"index, follow, max-snippet:-1, max-image-preview:large, max-video-preview:-1\" \/>\n<link rel=\"canonical\" href=\"https:\/\/raymarine.ee\/en\/product\/st1000-2000-tiller-pilot-plug-and-socket\/\" \/>\n<meta property=\"og:locale\" content=\"en_GB\" \/>\n<meta property=\"og:type\" content=\"article\" \/>\n<meta property=\"og:title\" content=\"ST1000+ ja 2000+ Pinnipiloodi pistik ja pistikupesa\" \/>\n<meta property=\"og:description\" content=\"Raymarine Tiller Pilot \u2013 usaldusv\u00e4\u00e4rne ja nutikas automaatrool v\u00e4ikelaevadele. T\u00e4pne juhtimine, energias\u00e4\u00e4st ja lihtne kasutamine igas olukorras.\" \/>\n<meta property=\"og:url\" content=\"https:\/\/raymarine.ee\/en\/product\/st1000-2000-tiller-pilot-plug-and-socket\/\" \/>\n<meta property=\"og:site_name\" content=\"NavSystems\" \/>\n<meta property=\"article:publisher\" content=\"https:\/\/www.facebook.com\/NavSystems\" \/>\n<meta property=\"article:modified_time\" content=\"2026-04-06T05:38:16+00:00\" \/>\n<meta property=\"og:image\" content=\"https:\/\/raymarine.ee\/wp-content\/uploads\/2026\/04\/cafcd602-d2af-4bf7-beca-d6a39f2508f3.png\" \/>\n\t<meta property=\"og:image:width\" content=\"2000\" \/>\n\t<meta property=\"og:image:height\" content=\"2000\" \/>\n\t<meta property=\"og:image:type\" content=\"image\/png\" \/>\n<meta name=\"twitter:card\" content=\"summary_large_image\" \/>\n<meta name=\"twitter:label1\" content=\"Price\" \/>\n\t<meta name=\"twitter:data1\" content=\"119,00&nbsp;&euro;\" \/>\n\t<meta name=\"twitter:label2\" content=\"Availability\" \/>\n\t<meta name=\"twitter:data2\" content=\"In stock\" \/>\n<script type=\"application\/ld+json\" class=\"yoast-schema-graph\">{\"@context\":\"https:\\\/\\\/schema.org\",\"@graph\":[{\"@type\":\"WebPage\",\"@id\":\"https:\\\/\\\/raymarine.ee\\\/product\\\/st1000-2000-tiller-pilot-plug-and-socket\\\/\",\"url\":\"https:\\\/\\\/raymarine.ee\\\/product\\\/st1000-2000-tiller-pilot-plug-and-socket\\\/\",\"name\":\"Pinnipiloodi pistik ja pistikupesa: D339 ST1000+ ja ST2000+- NavSystems\",\"isPartOf\":{\"@id\":\"https:\\\/\\\/raymarine.ee\\\/#website\"},\"primaryImageOfPage\":{\"@id\":\"https:\\\/\\\/raymarine.ee\\\/product\\\/st1000-2000-tiller-pilot-plug-and-socket\\\/#primaryimage\"},\"image\":{\"@id\":\"https:\\\/\\\/raymarine.ee\\\/product\\\/st1000-2000-tiller-pilot-plug-and-socket\\\/#primaryimage\"},\"thumbnailUrl\":\"https:\\\/\\\/raymarine.ee\\\/wp-content\\\/uploads\\\/2026\\\/04\\\/cafcd602-d2af-4bf7-beca-d6a39f2508f3.png\",\"datePublished\":\"2026-04-06T04:14:37+00:00\",\"dateModified\":\"2026-04-06T05:38:16+00:00\",\"description\":\"Raymarine Tiller Pilot \u2013 usaldusv\u00e4\u00e4rne ja nutikas automaatrool v\u00e4ikelaevadele. T\u00e4pne juhtimine, energias\u00e4\u00e4st ja lihtne kasutamine igas olukorras.\",\"breadcrumb\":{\"@id\":\"https:\\\/\\\/raymarine.ee\\\/product\\\/st1000-2000-tiller-pilot-plug-and-socket\\\/#breadcrumb\"},\"inLanguage\":\"en-GB\",\"potentialAction\":[{\"@type\":\"ReadAction\",\"target\":[\"https:\\\/\\\/raymarine.ee\\\/product\\\/st1000-2000-tiller-pilot-plug-and-socket\\\/\"]}]},{\"@type\":\"ImageObject\",\"inLanguage\":\"en-GB\",\"@id\":\"https:\\\/\\\/raymarine.ee\\\/product\\\/st1000-2000-tiller-pilot-plug-and-socket\\\/#primaryimage\",\"url\":\"https:\\\/\\\/raymarine.ee\\\/wp-content\\\/uploads\\\/2026\\\/04\\\/cafcd602-d2af-4bf7-beca-d6a39f2508f3.png\",\"contentUrl\":\"https:\\\/\\\/raymarine.ee\\\/wp-content\\\/uploads\\\/2026\\\/04\\\/cafcd602-d2af-4bf7-beca-d6a39f2508f3.png\",\"width\":2000,\"height\":2000},{\"@type\":\"BreadcrumbList\",\"@id\":\"https:\\\/\\\/raymarine.ee\\\/product\\\/st1000-2000-tiller-pilot-plug-and-socket\\\/#breadcrumb\",\"itemListElement\":[{\"@type\":\"ListItem\",\"position\":1,\"name\":\"Home\",\"item\":\"https:\\\/\\\/raymarine.ee\\\/\"},{\"@type\":\"ListItem\",\"position\":2,\"name\":\"Tooted\",\"item\":\"https:\\\/\\\/raymarine.ee\\\/shop\\\/\"},{\"@type\":\"ListItem\",\"position\":3,\"name\":\"ST1000+ ja 2000+ Pinnipiloodi pistik ja pistikupesa\"}]},{\"@type\":\"WebSite\",\"@id\":\"https:\\\/\\\/raymarine.ee\\\/#website\",\"url\":\"https:\\\/\\\/raymarine.ee\\\/\",\"name\":\"www.raymarine.ee\",\"description\":\"Mereelektroonika, kaardiplotter, autopiloot, pinnipiloot, roolipiloot, radar, AIS, VHF, Smart Wind\",\"publisher\":{\"@id\":\"https:\\\/\\\/raymarine.ee\\\/#organization\"},\"alternateName\":\"Raymarine\",\"potentialAction\":[{\"@type\":\"SearchAction\",\"target\":{\"@type\":\"EntryPoint\",\"urlTemplate\":\"https:\\\/\\\/raymarine.ee\\\/?s={search_term_string}\"},\"query-input\":{\"@type\":\"PropertyValueSpecification\",\"valueRequired\":true,\"valueName\":\"search_term_string\"}}],\"inLanguage\":\"en-GB\"},{\"@type\":\"Organization\",\"@id\":\"https:\\\/\\\/raymarine.ee\\\/#organization\",\"name\":\"NavSystems O\u00dc\",\"url\":\"https:\\\/\\\/raymarine.ee\\\/\",\"logo\":{\"@type\":\"ImageObject\",\"inLanguage\":\"en-GB\",\"@id\":\"https:\\\/\\\/raymarine.ee\\\/#\\\/schema\\\/logo\\\/image\\\/\",\"url\":\"https:\\\/\\\/raymarine.ee\\\/wp-content\\\/uploads\\\/2024\\\/10\\\/Screenshot-2024-10-15-151324_bg_removed.webp\",\"contentUrl\":\"https:\\\/\\\/raymarine.ee\\\/wp-content\\\/uploads\\\/2024\\\/10\\\/Screenshot-2024-10-15-151324_bg_removed.webp\",\"width\":420,\"height\":276,\"caption\":\"NavSystems O\u00dc\"},\"image\":{\"@id\":\"https:\\\/\\\/raymarine.ee\\\/#\\\/schema\\\/logo\\\/image\\\/\"},\"sameAs\":[\"https:\\\/\\\/www.facebook.com\\\/NavSystems\"],\"legalName\":\"NavSystems O\u00dc\",\"foundingDate\":\"2011-05-03\",\"numberOfEmployees\":{\"@type\":\"QuantitativeValue\",\"minValue\":\"1\",\"maxValue\":\"10\"}}]}<\/script>\n<meta property=\"product:price:amount\" content=\"119.00\" \/>\n<meta property=\"product:price:currency\" content=\"EUR\" \/>\n<meta property=\"og:availability\" content=\"instock\" \/>\n<meta property=\"product:availability\" content=\"instock\" \/>\n<meta property=\"product:retailer_item_id\" content=\"D339\" \/>\n<meta property=\"product:condition\" content=\"new\" \/>\n<!-- \/ Yoast SEO Premium plugin. -->","yoast_head_json":{"title":"Pinnipiloodi pistik ja pistikupesa: D339 ST1000+ ja ST2000+- NavSystems","description":"Raymarine Tiller Pilot \u2013 usaldusv\u00e4\u00e4rne ja nutikas automaatrool v\u00e4ikelaevadele. T\u00e4pne juhtimine, energias\u00e4\u00e4st ja lihtne kasutamine igas olukorras.","robots":{"index":"index","follow":"follow","max-snippet":"max-snippet:-1","max-image-preview":"max-image-preview:large","max-video-preview":"max-video-preview:-1"},"canonical":"https:\/\/raymarine.ee\/en\/product\/st1000-2000-tiller-pilot-plug-and-socket\/","og_locale":"en_GB","og_type":"article","og_title":"ST1000+ ja 2000+ Pinnipiloodi pistik ja pistikupesa","og_description":"Raymarine Tiller Pilot \u2013 usaldusv\u00e4\u00e4rne ja nutikas automaatrool v\u00e4ikelaevadele. T\u00e4pne juhtimine, energias\u00e4\u00e4st ja lihtne kasutamine igas olukorras.","og_url":"https:\/\/raymarine.ee\/en\/product\/st1000-2000-tiller-pilot-plug-and-socket\/","og_site_name":"NavSystems","article_publisher":"https:\/\/www.facebook.com\/NavSystems","article_modified_time":"2026-04-06T05:38:16+00:00","og_image":[{"width":2000,"height":2000,"url":"https:\/\/raymarine.ee\/wp-content\/uploads\/2026\/04\/cafcd602-d2af-4bf7-beca-d6a39f2508f3.png","type":"image\/png"}],"twitter_card":"summary_large_image","twitter_misc":{"Price":"119,00&nbsp;&euro;","Availability":"In stock"},"schema":{"@context":"https:\/\/schema.org","@graph":[{"@type":"WebPage","@id":"https:\/\/raymarine.ee\/product\/st1000-2000-tiller-pilot-plug-and-socket\/","url":"https:\/\/raymarine.ee\/product\/st1000-2000-tiller-pilot-plug-and-socket\/","name":"Pinnipiloodi pistik ja pistikupesa: D339 ST1000+ ja ST2000+- NavSystems","isPartOf":{"@id":"https:\/\/raymarine.ee\/#website"},"primaryImageOfPage":{"@id":"https:\/\/raymarine.ee\/product\/st1000-2000-tiller-pilot-plug-and-socket\/#primaryimage"},"image":{"@id":"https:\/\/raymarine.ee\/product\/st1000-2000-tiller-pilot-plug-and-socket\/#primaryimage"},"thumbnailUrl":"https:\/\/raymarine.ee\/wp-content\/uploads\/2026\/04\/cafcd602-d2af-4bf7-beca-d6a39f2508f3.png","datePublished":"2026-04-06T04:14:37+00:00","dateModified":"2026-04-06T05:38:16+00:00","description":"Raymarine Tiller Pilot \u2013 usaldusv\u00e4\u00e4rne ja nutikas automaatrool v\u00e4ikelaevadele. T\u00e4pne juhtimine, energias\u00e4\u00e4st ja lihtne kasutamine igas olukorras.","breadcrumb":{"@id":"https:\/\/raymarine.ee\/product\/st1000-2000-tiller-pilot-plug-and-socket\/#breadcrumb"},"inLanguage":"en-GB","potentialAction":[{"@type":"ReadAction","target":["https:\/\/raymarine.ee\/product\/st1000-2000-tiller-pilot-plug-and-socket\/"]}]},{"@type":"ImageObject","inLanguage":"en-GB","@id":"https:\/\/raymarine.ee\/product\/st1000-2000-tiller-pilot-plug-and-socket\/#primaryimage","url":"https:\/\/raymarine.ee\/wp-content\/uploads\/2026\/04\/cafcd602-d2af-4bf7-beca-d6a39f2508f3.png","contentUrl":"https:\/\/raymarine.ee\/wp-content\/uploads\/2026\/04\/cafcd602-d2af-4bf7-beca-d6a39f2508f3.png","width":2000,"height":2000},{"@type":"BreadcrumbList","@id":"https:\/\/raymarine.ee\/product\/st1000-2000-tiller-pilot-plug-and-socket\/#breadcrumb","itemListElement":[{"@type":"ListItem","position":1,"name":"Home","item":"https:\/\/raymarine.ee\/"},{"@type":"ListItem","position":2,"name":"Tooted","item":"https:\/\/raymarine.ee\/shop\/"},{"@type":"ListItem","position":3,"name":"ST1000+ ja 2000+ Pinnipiloodi pistik ja pistikupesa"}]},{"@type":"WebSite","@id":"https:\/\/raymarine.ee\/#website","url":"https:\/\/raymarine.ee\/","name":"www.raymarine.ee","description":"Mereelektroonika, kaardiplotter, autopiloot, pinnipiloot, roolipiloot, radar, AIS, VHF, Smart Wind","publisher":{"@id":"https:\/\/raymarine.ee\/#organization"},"alternateName":"Raymarine","potentialAction":[{"@type":"SearchAction","target":{"@type":"EntryPoint","urlTemplate":"https:\/\/raymarine.ee\/?s={search_term_string}"},"query-input":{"@type":"PropertyValueSpecification","valueRequired":true,"valueName":"search_term_string"}}],"inLanguage":"en-GB"},{"@type":"Organization","@id":"https:\/\/raymarine.ee\/#organization","name":"NavSystems O\u00dc","url":"https:\/\/raymarine.ee\/","logo":{"@type":"ImageObject","inLanguage":"en-GB","@id":"https:\/\/raymarine.ee\/#\/schema\/logo\/image\/","url":"https:\/\/raymarine.ee\/wp-content\/uploads\/2024\/10\/Screenshot-2024-10-15-151324_bg_removed.webp","contentUrl":"https:\/\/raymarine.ee\/wp-content\/uploads\/2024\/10\/Screenshot-2024-10-15-151324_bg_removed.webp","width":420,"height":276,"caption":"NavSystems O\u00dc"},"image":{"@id":"https:\/\/raymarine.ee\/#\/schema\/logo\/image\/"},"sameAs":["https:\/\/www.facebook.com\/NavSystems"],"legalName":"NavSystems O\u00dc","foundingDate":"2011-05-03","numberOfEmployees":{"@type":"QuantitativeValue","minValue":"1","maxValue":"10"}}]},"product_price_amount":"119.00","product_price_currency":"EUR","og_availability":"instock","product_availability":"instock","product_retailer_item_id":"D339","product_condition":"new"},"jetpack_sharing_enabled":true,"_links":{"self":[{"href":"https:\/\/raymarine.ee\/en\/wp-json\/wp\/v2\/product\/9470","targetHints":{"allow":["GET"]}}],"collection":[{"href":"https:\/\/raymarine.ee\/en\/wp-json\/wp\/v2\/product"}],"about":[{"href":"https:\/\/raymarine.ee\/en\/wp-json\/wp\/v2\/types\/product"}],"wp:featuredmedia":[{"embeddable":true,"href":"https:\/\/raymarine.ee\/en\/wp-json\/wp\/v2\/media\/9474"}],"wp:attachment":[{"href":"https:\/\/raymarine.ee\/en\/wp-json\/wp\/v2\/media?parent=9470"}],"wp:term":[{"taxonomy":"product_brand","embeddable":true,"href":"https:\/\/raymarine.ee\/en\/wp-json\/wp\/v2\/product_brand?post=9470"},{"taxonomy":"product_cat","embeddable":true,"href":"https:\/\/raymarine.ee\/en\/wp-json\/wp\/v2\/product_cat?post=9470"},{"taxonomy":"product_tag","embeddable":true,"href":"https:\/\/raymarine.ee\/en\/wp-json\/wp\/v2\/product_tag?post=9470"}],"curies":[{"name":"wp","href":"https:\/\/api.w.org\/{rel}","templated":true}]}}