{"id":9698,"date":"2026-04-11T10:13:09","date_gmt":"2026-04-11T07:13:09","guid":{"rendered":"https:\/\/raymarine.ee\/?post_type=product&#038;p=9698"},"modified":"2026-04-15T20:38:25","modified_gmt":"2026-04-15T17:38:25","slug":"i50-tridata-pack","status":"publish","type":"product","link":"https:\/\/raymarine.ee\/en\/product\/i50-tridata-pack\/","title":{"rendered":"i50 Tridata Pack"},"content":{"rendered":"<p data-start=\"34\" data-end=\"66\"><strong data-start=\"34\" data-end=\"66\">Raymarine i50 Tridata Komplekt<\/strong><\/p>\n<p data-start=\"68\" data-end=\"788\">Raymarine i50 Tridata komplekt sisaldab k\u00f5ike vajalikku kiiruse-, s\u00fcgavuse- ja temperatuuri s\u00fcsteemi loomiseks. Komplektis on i50 Tridata instrument mis kuvavab andmeid selgelt ja t\u00e4pselt. Komplektis olevad analoogv\u00e4ljundiga P120 ja P319 kiiruse\/temperatuuri- ja s\u00fcgavuse andurid paigaldatakse l\u00e4bi p\u00f5hja ja soovitatavalt kiilu ette ja \u00fchendatakse otse i50 Tridata instrumendi k\u00fclge. Komplektis on kaabel i50 Tridata instrumendi \u00fchendamiseks olemasolevasse SeaTalk1 v\u00f5rku. Kui paadis puudub olemasolev SeaTalk1 v\u00f5rk, selles pole \u00fchtegi vaba SeaTalk1 pesa v\u00f5i plaanid seda komplekti \u00fchendada STNG v\u00f5rku, siis pea enne ostu meiega n\u00f5u, sest vajad kindlasti veel m\u00f5nda kaablit v\u00f5i \u00fcleminekut.<\/p>\n<div><strong>Main Features:\u00a0<\/strong><\/div>\n<ul>\n<li>Large dials<\/li>\n<li>Red backlighting for better visibility<\/li>\n<li>SeaTalk and SeaTalk<sup>ng<\/sup>\u00a0connections<\/li>\n<li>NMEA2000 (compatible) connections<\/li>\n<li>Speed and depth Transducer ports<\/li>\n<li>Low power consumption<\/li>\n<li>Supports multiple data sources, thus eliminating potential data loops<\/li>\n<li>Front mounting for easy installation<\/li>\n<li>Delivered\u00a0with black and grey frame<\/li>\n<\/ul>\n<div>\n<p><strong>Specifications<\/strong><\/p>\n<div class=\"tableWrapper\">\n<table class=\"ordinary\">\n<tbody>\n<tr>\n<td>Nominal voltage<\/td>\n<td>12V DC<\/td>\n<\/tr>\n<tr>\n<td>Voltage range<\/td>\n<td>10-16V DC<\/td>\n<\/tr>\n<tr>\n<td>Power consumption<\/td>\n<td>Typical &lt;1W (display only) and 2.4W with transducer connected<\/td>\n<\/tr>\n<tr>\n<td>Power consumption<\/td>\n<td>45 to 65mA (only display) and 200mA with transducer connected<\/td>\n<\/tr>\n<tr>\n<td>Operating temperature<\/td>\n<td>-20\u00b0C bis + 55\u00b0C<\/td>\n<\/tr>\n<tr>\n<td>Storage temperature<\/td>\n<td>-30\u00b0C to +70\u00b0C<\/td>\n<\/tr>\n<tr>\n<td>Relative humidity<\/td>\n<td>up to 93%<\/td>\n<\/tr>\n<tr>\n<td>Water rating<\/td>\n<td>IPX6<\/td>\n<\/tr>\n<tr>\n<td>Connections<\/td>\n<td>2x SeaTalk<sup>ng<\/sup> and transducer (E70058 only)<\/td>\n<\/tr>\n<tr>\n<td>Compliance<\/td>\n<td>Europe 2004\/108\/EC<\/td>\n<\/tr>\n<tr>\n<td>Included<\/td>\n<td>i50 instrument, front panel, SeaTalk<sup>ng<\/sup> drop cable, seal, cover, documentation, SeaTalk<sup>ng<\/sup>\u00a0dummy cap, 4x screws<\/td>\n<\/tr>\n<\/tbody>\n<\/table>\n<p><strong>Juhendid:<\/strong><\/p>\n<p>Lae alla <a href=\"https:\/\/raymarine.ee\/wp-content\/uploads\/2026\/04\/i50-Installation-and-Operation-Instructions-81341-Rev-6-EN.pdf\" target=\"_blank\" rel=\"noopener\">i50 paigaldus- ja kasutusjuhend<\/a><\/p>\n<p>Lae alla <a href=\"https:\/\/raymarine.ee\/wp-content\/uploads\/2026\/04\/P319-Traditional-Installation-.pdf\" target=\"_blank\" rel=\"noopener\">P319 s\u00fcgavusanduri paigaldusjuhend<\/a><\/p>\n<p>Lae alla <a href=\"https:\/\/raymarine.ee\/wp-content\/uploads\/2026\/04\/ST-800-P120.pdf\" target=\"_blank\" rel=\"noopener\">P120 kiiruse- ja temperatuurianduri paigaldusjuhend<\/a><\/p>\n<\/div>\n<\/div>","protected":false},"excerpt":{"rendered":"<p class=\"\" data-start=\"34\" data-end=\"66\"><strong data-start=\"34\" data-end=\"66\">Raymarine i50 Tridata ja i60 Wind komplekt<\/strong><\/p>\n<p class=\"\" data-start=\"68\" data-end=\"788\">Raymarine i50 Tridata ja i60 tuulekomplekt sisaldab k\u00f5ike vajalikku tuule-, kiiruse-, s\u00fcgavuse- ja temperatuuri s\u00fcsteemi loomiseks. Komplektis on i50 ja i60 instrumendid mis kuvavad andmeid selgelt ja t\u00e4pselt. Komplektis olev l\u00fchikese varrega Wind Vane tuuleandur \u00fchendub komplekti kuuluva 30-meetrise mastikaabliga otse i60 instrumendi k\u00fclge. Komplektis olevad analoogv\u00e4ljundiga P120 ja P319 kiiruse\/temperatuuri- ja s\u00fcgavuse andurid paigaldatakse l\u00e4bi p\u00f5hja ja soovitatavalt kiilu ette. M\u00f5lemad\u00a0 l\u00e4bi p\u00f5hja andurid \u00fchendatakse otse i50 Tridata instrumendi k\u00fclge. Tutvu kindlasti ka selle komplekti juhenditega ja k\u00fcsimuste korral pea n\u00f5u meie spetsialistiga.<\/p>","protected":false},"featured_media":9699,"template":"","meta":{"_acf_changed":false},"product_brand":[134],"product_cat":[69,32,343,103],"product_tag":[],"class_list":{"0":"post-9698","1":"product","2":"type-product","3":"status-publish","4":"has-post-thumbnail","6":"product_brand-raymarine","7":"product_cat-i50_i60","8":"product_cat-instruments","9":"product_cat-kampaaniad","10":"product_cat-raymarine","11":"product_shipping_class-tavaline-pakk-kuni-25kg","13":"first","14":"instock","15":"sale","16":"featured","17":"taxable","18":"shipping-taxable","19":"purchasable","20":"product-type-simple"},"acf":[],"yoast_head":"<!-- This site is optimized with the Yoast SEO Premium plugin v27.5 (Yoast SEO v27.5) - https:\/\/yoast.com\/product\/yoast-seo-premium-wordpress\/ -->\n<title>i50 Tridata Pack. T\u00e4ielik komplekt mis sisaldab k\u00f5ike vajalikku. - NavSystems<\/title>\n<meta name=\"description\" content=\"I50 Tridata Pack on ideaalne ja ruumis\u00e4\u00e4stlik lahendus. Hangi see tipptasemel komplekt juba t\u00e4na! Ole hooaja alguseks valmis!\" \/>\n<meta name=\"robots\" content=\"index, follow, max-snippet:-1, max-image-preview:large, max-video-preview:-1\" \/>\n<link rel=\"canonical\" href=\"https:\/\/raymarine.ee\/en\/product\/i50-tridata-pack\/\" \/>\n<meta property=\"og:locale\" content=\"en_GB\" \/>\n<meta property=\"og:type\" content=\"article\" \/>\n<meta property=\"og:title\" content=\"i50 Tridata Pack\" \/>\n<meta property=\"og:description\" content=\"I50 Tridata Pack on ideaalne ja ruumis\u00e4\u00e4stlik lahendus. Hangi see tipptasemel komplekt juba t\u00e4na! Ole hooaja alguseks valmis!\" \/>\n<meta property=\"og:url\" content=\"https:\/\/raymarine.ee\/en\/product\/i50-tridata-pack\/\" \/>\n<meta property=\"og:site_name\" content=\"NavSystems\" \/>\n<meta property=\"article:publisher\" content=\"https:\/\/www.facebook.com\/NavSystems\" \/>\n<meta property=\"article:modified_time\" content=\"2026-04-15T17:38:25+00:00\" \/>\n<meta property=\"og:image\" content=\"https:\/\/raymarine.ee\/wp-content\/uploads\/2026\/04\/47117__raymarine_t70582_i550_tridata_system_pack_with_st900_p120_p319.webp\" \/>\n\t<meta property=\"og:image:width\" content=\"1000\" \/>\n\t<meta property=\"og:image:height\" content=\"1000\" \/>\n\t<meta property=\"og:image:type\" content=\"image\/webp\" \/>\n<meta name=\"twitter:card\" content=\"summary_large_image\" \/>\n<meta name=\"twitter:label1\" content=\"Price\" \/>\n\t<meta name=\"twitter:data1\" content=\"890,53&nbsp;&euro;\" \/>\n\t<meta name=\"twitter:label2\" content=\"Availability\" \/>\n\t<meta name=\"twitter:data2\" content=\"In stock\" \/>\n<script type=\"application\/ld+json\" class=\"yoast-schema-graph\">{\"@context\":\"https:\\\/\\\/schema.org\",\"@graph\":[{\"@type\":\"WebPage\",\"@id\":\"https:\\\/\\\/raymarine.ee\\\/product\\\/i50-tridata-pack\\\/\",\"url\":\"https:\\\/\\\/raymarine.ee\\\/product\\\/i50-tridata-pack\\\/\",\"name\":\"i50 Tridata Pack. T\u00e4ielik komplekt mis sisaldab k\u00f5ike vajalikku. - NavSystems\",\"isPartOf\":{\"@id\":\"https:\\\/\\\/raymarine.ee\\\/#website\"},\"primaryImageOfPage\":{\"@id\":\"https:\\\/\\\/raymarine.ee\\\/product\\\/i50-tridata-pack\\\/#primaryimage\"},\"image\":{\"@id\":\"https:\\\/\\\/raymarine.ee\\\/product\\\/i50-tridata-pack\\\/#primaryimage\"},\"thumbnailUrl\":\"https:\\\/\\\/raymarine.ee\\\/wp-content\\\/uploads\\\/2026\\\/04\\\/47117__raymarine_t70582_i550_tridata_system_pack_with_st900_p120_p319.webp\",\"datePublished\":\"2026-04-11T07:13:09+00:00\",\"dateModified\":\"2026-04-15T17:38:25+00:00\",\"description\":\"I50 Tridata Pack on ideaalne ja ruumis\u00e4\u00e4stlik lahendus. Hangi see tipptasemel komplekt juba t\u00e4na! Ole hooaja alguseks valmis!\",\"breadcrumb\":{\"@id\":\"https:\\\/\\\/raymarine.ee\\\/product\\\/i50-tridata-pack\\\/#breadcrumb\"},\"inLanguage\":\"en-GB\",\"potentialAction\":[{\"@type\":\"ReadAction\",\"target\":[\"https:\\\/\\\/raymarine.ee\\\/product\\\/i50-tridata-pack\\\/\"]}]},{\"@type\":\"ImageObject\",\"inLanguage\":\"en-GB\",\"@id\":\"https:\\\/\\\/raymarine.ee\\\/product\\\/i50-tridata-pack\\\/#primaryimage\",\"url\":\"https:\\\/\\\/raymarine.ee\\\/wp-content\\\/uploads\\\/2026\\\/04\\\/47117__raymarine_t70582_i550_tridata_system_pack_with_st900_p120_p319.webp\",\"contentUrl\":\"https:\\\/\\\/raymarine.ee\\\/wp-content\\\/uploads\\\/2026\\\/04\\\/47117__raymarine_t70582_i550_tridata_system_pack_with_st900_p120_p319.webp\",\"width\":1000,\"height\":1000,\"caption\":\"i50 Tridata\"},{\"@type\":\"BreadcrumbList\",\"@id\":\"https:\\\/\\\/raymarine.ee\\\/product\\\/i50-tridata-pack\\\/#breadcrumb\",\"itemListElement\":[{\"@type\":\"ListItem\",\"position\":1,\"name\":\"Home\",\"item\":\"https:\\\/\\\/raymarine.ee\\\/\"},{\"@type\":\"ListItem\",\"position\":2,\"name\":\"Tooted\",\"item\":\"https:\\\/\\\/raymarine.ee\\\/shop\\\/\"},{\"@type\":\"ListItem\",\"position\":3,\"name\":\"i50 Tridata Pack\"}]},{\"@type\":\"WebSite\",\"@id\":\"https:\\\/\\\/raymarine.ee\\\/#website\",\"url\":\"https:\\\/\\\/raymarine.ee\\\/\",\"name\":\"www.raymarine.ee\",\"description\":\"Mereelektroonika, kaardiplotter, autopiloot, pinnipiloot, roolipiloot, radar, AIS, VHF, Smart Wind\",\"publisher\":{\"@id\":\"https:\\\/\\\/raymarine.ee\\\/#organization\"},\"alternateName\":\"Raymarine\",\"potentialAction\":[{\"@type\":\"SearchAction\",\"target\":{\"@type\":\"EntryPoint\",\"urlTemplate\":\"https:\\\/\\\/raymarine.ee\\\/?s={search_term_string}\"},\"query-input\":{\"@type\":\"PropertyValueSpecification\",\"valueRequired\":true,\"valueName\":\"search_term_string\"}}],\"inLanguage\":\"en-GB\"},{\"@type\":\"Organization\",\"@id\":\"https:\\\/\\\/raymarine.ee\\\/#organization\",\"name\":\"NavSystems O\u00dc\",\"url\":\"https:\\\/\\\/raymarine.ee\\\/\",\"logo\":{\"@type\":\"ImageObject\",\"inLanguage\":\"en-GB\",\"@id\":\"https:\\\/\\\/raymarine.ee\\\/#\\\/schema\\\/logo\\\/image\\\/\",\"url\":\"https:\\\/\\\/raymarine.ee\\\/wp-content\\\/uploads\\\/2024\\\/10\\\/Screenshot-2024-10-15-151324_bg_removed.webp\",\"contentUrl\":\"https:\\\/\\\/raymarine.ee\\\/wp-content\\\/uploads\\\/2024\\\/10\\\/Screenshot-2024-10-15-151324_bg_removed.webp\",\"width\":420,\"height\":276,\"caption\":\"NavSystems O\u00dc\"},\"image\":{\"@id\":\"https:\\\/\\\/raymarine.ee\\\/#\\\/schema\\\/logo\\\/image\\\/\"},\"sameAs\":[\"https:\\\/\\\/www.facebook.com\\\/NavSystems\"],\"legalName\":\"NavSystems O\u00dc\",\"foundingDate\":\"2011-05-03\",\"numberOfEmployees\":{\"@type\":\"QuantitativeValue\",\"minValue\":\"1\",\"maxValue\":\"10\"}}]}<\/script>\n<meta property=\"product:price:amount\" content=\"890.53\" \/>\n<meta property=\"product:price:currency\" content=\"EUR\" \/>\n<meta property=\"og:availability\" content=\"instock\" \/>\n<meta property=\"product:availability\" content=\"instock\" \/>\n<meta property=\"product:retailer_item_id\" content=\"T70582\" \/>\n<meta property=\"product:condition\" content=\"new\" \/>\n<!-- \/ Yoast SEO Premium plugin. -->","yoast_head_json":{"title":"i50 Tridata Pack. T\u00e4ielik komplekt mis sisaldab k\u00f5ike vajalikku. - NavSystems","description":"I50 Tridata Pack on ideaalne ja ruumis\u00e4\u00e4stlik lahendus. Hangi see tipptasemel komplekt juba t\u00e4na! Ole hooaja alguseks valmis!","robots":{"index":"index","follow":"follow","max-snippet":"max-snippet:-1","max-image-preview":"max-image-preview:large","max-video-preview":"max-video-preview:-1"},"canonical":"https:\/\/raymarine.ee\/en\/product\/i50-tridata-pack\/","og_locale":"en_GB","og_type":"article","og_title":"i50 Tridata Pack","og_description":"I50 Tridata Pack on ideaalne ja ruumis\u00e4\u00e4stlik lahendus. Hangi see tipptasemel komplekt juba t\u00e4na! Ole hooaja alguseks valmis!","og_url":"https:\/\/raymarine.ee\/en\/product\/i50-tridata-pack\/","og_site_name":"NavSystems","article_publisher":"https:\/\/www.facebook.com\/NavSystems","article_modified_time":"2026-04-15T17:38:25+00:00","og_image":[{"width":1000,"height":1000,"url":"https:\/\/raymarine.ee\/wp-content\/uploads\/2026\/04\/47117__raymarine_t70582_i550_tridata_system_pack_with_st900_p120_p319.webp","type":"image\/webp"}],"twitter_card":"summary_large_image","twitter_misc":{"Price":"890,53&nbsp;&euro;","Availability":"In stock"},"schema":{"@context":"https:\/\/schema.org","@graph":[{"@type":"WebPage","@id":"https:\/\/raymarine.ee\/product\/i50-tridata-pack\/","url":"https:\/\/raymarine.ee\/product\/i50-tridata-pack\/","name":"i50 Tridata Pack. T\u00e4ielik komplekt mis sisaldab k\u00f5ike vajalikku. - NavSystems","isPartOf":{"@id":"https:\/\/raymarine.ee\/#website"},"primaryImageOfPage":{"@id":"https:\/\/raymarine.ee\/product\/i50-tridata-pack\/#primaryimage"},"image":{"@id":"https:\/\/raymarine.ee\/product\/i50-tridata-pack\/#primaryimage"},"thumbnailUrl":"https:\/\/raymarine.ee\/wp-content\/uploads\/2026\/04\/47117__raymarine_t70582_i550_tridata_system_pack_with_st900_p120_p319.webp","datePublished":"2026-04-11T07:13:09+00:00","dateModified":"2026-04-15T17:38:25+00:00","description":"I50 Tridata Pack on ideaalne ja ruumis\u00e4\u00e4stlik lahendus. Hangi see tipptasemel komplekt juba t\u00e4na! Ole hooaja alguseks valmis!","breadcrumb":{"@id":"https:\/\/raymarine.ee\/product\/i50-tridata-pack\/#breadcrumb"},"inLanguage":"en-GB","potentialAction":[{"@type":"ReadAction","target":["https:\/\/raymarine.ee\/product\/i50-tridata-pack\/"]}]},{"@type":"ImageObject","inLanguage":"en-GB","@id":"https:\/\/raymarine.ee\/product\/i50-tridata-pack\/#primaryimage","url":"https:\/\/raymarine.ee\/wp-content\/uploads\/2026\/04\/47117__raymarine_t70582_i550_tridata_system_pack_with_st900_p120_p319.webp","contentUrl":"https:\/\/raymarine.ee\/wp-content\/uploads\/2026\/04\/47117__raymarine_t70582_i550_tridata_system_pack_with_st900_p120_p319.webp","width":1000,"height":1000,"caption":"i50 Tridata"},{"@type":"BreadcrumbList","@id":"https:\/\/raymarine.ee\/product\/i50-tridata-pack\/#breadcrumb","itemListElement":[{"@type":"ListItem","position":1,"name":"Home","item":"https:\/\/raymarine.ee\/"},{"@type":"ListItem","position":2,"name":"Tooted","item":"https:\/\/raymarine.ee\/shop\/"},{"@type":"ListItem","position":3,"name":"i50 Tridata Pack"}]},{"@type":"WebSite","@id":"https:\/\/raymarine.ee\/#website","url":"https:\/\/raymarine.ee\/","name":"www.raymarine.ee","description":"Mereelektroonika, kaardiplotter, autopiloot, pinnipiloot, roolipiloot, radar, AIS, VHF, Smart Wind","publisher":{"@id":"https:\/\/raymarine.ee\/#organization"},"alternateName":"Raymarine","potentialAction":[{"@type":"SearchAction","target":{"@type":"EntryPoint","urlTemplate":"https:\/\/raymarine.ee\/?s={search_term_string}"},"query-input":{"@type":"PropertyValueSpecification","valueRequired":true,"valueName":"search_term_string"}}],"inLanguage":"en-GB"},{"@type":"Organization","@id":"https:\/\/raymarine.ee\/#organization","name":"NavSystems O\u00dc","url":"https:\/\/raymarine.ee\/","logo":{"@type":"ImageObject","inLanguage":"en-GB","@id":"https:\/\/raymarine.ee\/#\/schema\/logo\/image\/","url":"https:\/\/raymarine.ee\/wp-content\/uploads\/2024\/10\/Screenshot-2024-10-15-151324_bg_removed.webp","contentUrl":"https:\/\/raymarine.ee\/wp-content\/uploads\/2024\/10\/Screenshot-2024-10-15-151324_bg_removed.webp","width":420,"height":276,"caption":"NavSystems O\u00dc"},"image":{"@id":"https:\/\/raymarine.ee\/#\/schema\/logo\/image\/"},"sameAs":["https:\/\/www.facebook.com\/NavSystems"],"legalName":"NavSystems O\u00dc","foundingDate":"2011-05-03","numberOfEmployees":{"@type":"QuantitativeValue","minValue":"1","maxValue":"10"}}]},"product_price_amount":"890.53","product_price_currency":"EUR","og_availability":"instock","product_availability":"instock","product_retailer_item_id":"T70582","product_condition":"new"},"jetpack_sharing_enabled":true,"_links":{"self":[{"href":"https:\/\/raymarine.ee\/en\/wp-json\/wp\/v2\/product\/9698","targetHints":{"allow":["GET"]}}],"collection":[{"href":"https:\/\/raymarine.ee\/en\/wp-json\/wp\/v2\/product"}],"about":[{"href":"https:\/\/raymarine.ee\/en\/wp-json\/wp\/v2\/types\/product"}],"wp:featuredmedia":[{"embeddable":true,"href":"https:\/\/raymarine.ee\/en\/wp-json\/wp\/v2\/media\/9699"}],"wp:attachment":[{"href":"https:\/\/raymarine.ee\/en\/wp-json\/wp\/v2\/media?parent=9698"}],"wp:term":[{"taxonomy":"product_brand","embeddable":true,"href":"https:\/\/raymarine.ee\/en\/wp-json\/wp\/v2\/product_brand?post=9698"},{"taxonomy":"product_cat","embeddable":true,"href":"https:\/\/raymarine.ee\/en\/wp-json\/wp\/v2\/product_cat?post=9698"},{"taxonomy":"product_tag","embeddable":true,"href":"https:\/\/raymarine.ee\/en\/wp-json\/wp\/v2\/product_tag?post=9698"}],"curies":[{"name":"wp","href":"https:\/\/api.w.org\/{rel}","templated":true}]}}