{"id":9701,"date":"2026-04-11T10:54:20","date_gmt":"2026-04-11T07:54:20","guid":{"rendered":"https:\/\/raymarine.ee\/?post_type=product&#038;p=9701"},"modified":"2026-04-11T11:00:40","modified_gmt":"2026-04-11T08:00:40","slug":"p319-depth-transducer","status":"publish","type":"product","link":"https:\/\/raymarine.ee\/en\/product\/p319-depth-transducer\/","title":{"rendered":"P319 Depth Transducer"},"content":{"rendered":"<p data-start=\"60\" data-end=\"153\"><strong data-start=\"60\" data-end=\"153\">Raymarine DST800 s\u00fcgavuse\/kiiruse\/temperatuuri andur, madala profiiliga plastist l\u00e4biviik<\/strong><\/p>\n<p data-start=\"155\" data-end=\"605\">Raymarine DST800 on madala profiiliga plastist l\u00e4biviikandur, mis m\u00f5\u00f5dab s\u00fcgavust, kiirust l\u00e4bi vee ja veetemperatuuri. Andur on varustatud 13,7 meetrise kaabliga ja analoogv\u00e4ljundiga, sobides ideaalselt kasutamiseks Raymarine iTC-5 konverteri ning ST40, ST60, ST70, i40 ja i50 seeria instrumentidega. Kompaktne ja diskreetne disain muudab selle ideaalseks nii purje- kui ka mootorpaatidele, kus on oluline minimaalne veetakistus ja lihtne paigaldus.<\/p>\n<p data-start=\"607\" data-end=\"620\"><strong data-start=\"607\" data-end=\"620\">Omadused:<\/strong><\/p>\n<ul data-start=\"621\" data-end=\"920\">\n<li data-start=\"621\" data-end=\"670\">\n<p data-start=\"623\" data-end=\"670\">Funktsioonid: s\u00fcgavus, kiirus ja veetemperatuur<\/p>\n<\/li>\n<li data-start=\"671\" data-end=\"715\">\n<p data-start=\"673\" data-end=\"715\">Madala profiiliga plastist l\u00e4biviik-korpus<\/p>\n<\/li>\n<li data-start=\"716\" data-end=\"767\">\n<p data-start=\"718\" data-end=\"767\">Analoogv\u00e4ljund (\u00fchildub iTC-5 kaudu STNG v\u00f5rguga)<\/p>\n<\/li>\n<li data-start=\"768\" data-end=\"790\">\n<p data-start=\"770\" data-end=\"790\">13,7 meetrine kaabel<\/p>\n<\/li>\n<li data-start=\"791\" data-end=\"849\">\n<p data-start=\"793\" data-end=\"849\">Sobib instrumentidele: iTC-5, ST40, ST60, ST70, i40, i50<\/p>\n<\/li>\n<li data-start=\"850\" data-end=\"920\">\n<p data-start=\"852\" data-end=\"920\">T\u00f6\u00f6kindel lahendus v\u00e4iksematele ja keskmise suurusega vees\u00f5idukitele<\/p>\n<\/li>\n<\/ul>","protected":false},"excerpt":{"rendered":"<p>RAYMARINE DST800 Depth\/Speed\/Temperature Transducer, Low-profile plastic thru-hull, for use with iTC-5, ST40, ST60, ST70, i40, i50. Included 13.7 meter cable, analog out. \u00c4ra kunagi paigalda kajaloe andurit p\u00f5hja alt v\u00e4ljaulatuvate konstruktsioonide ega s\u00f5ukruvide l\u00e4hedale. Anduri ava paadi p\u00f5hja puuri alati v\u00e4ljastpoolt sissepoole ja t\u00e4pselt risti p\u00f5hja v\u00e4lispinnaga. Enne ava puurimist veendu, et seespool ei ole segavaid detaile ja avale on tagatud piisav ligip\u00e4\u00e4s. Kindluse m\u00f5ttes puuri seestpoolt v\u00e4ljapoole 3mm juhtava.<\/p>","protected":false},"featured_media":9703,"template":"","meta":{"_acf_changed":false},"product_brand":[],"product_cat":[69,70,103],"product_tag":[],"class_list":{"0":"post-9701","1":"product","2":"type-product","3":"status-publish","4":"has-post-thumbnail","6":"product_cat-i50_i60","7":"product_cat-i70_alpha","8":"product_cat-raymarine","10":"first","11":"instock","12":"sale","13":"taxable","14":"shipping-taxable","15":"purchasable","16":"product-type-simple"},"acf":[],"yoast_head":"<!-- This site is optimized with the Yoast SEO Premium plugin v27.5 (Yoast SEO v27.5) - https:\/\/yoast.com\/product\/yoast-seo-premium-wordpress\/ -->\n<title>P319 s\u00fcgavusandur \u2013 Kompaktne ja madala profiiliga disain<\/title>\n<meta name=\"description\" content=\"Raymarine P319 analoog s\u00fcgavusandur sobib ST60+, i50, iTC-5 seadmetele. Saavuta parimad tulemused purje- ja mootorpaatides!\" \/>\n<meta name=\"robots\" content=\"index, follow, max-snippet:-1, max-image-preview:large, max-video-preview:-1\" \/>\n<link rel=\"canonical\" href=\"https:\/\/raymarine.ee\/en\/product\/p319-depth-transducer\/\" \/>\n<meta property=\"og:locale\" content=\"en_GB\" \/>\n<meta property=\"og:type\" content=\"article\" \/>\n<meta property=\"og:title\" content=\"P319 Depth Transducer\" \/>\n<meta property=\"og:description\" content=\"Raymarine P319 analoog s\u00fcgavusandur sobib ST60+, i50, iTC-5 seadmetele. Saavuta parimad tulemused purje- ja mootorpaatides!\" \/>\n<meta property=\"og:url\" content=\"https:\/\/raymarine.ee\/en\/product\/p319-depth-transducer\/\" \/>\n<meta property=\"og:site_name\" content=\"NavSystems\" \/>\n<meta property=\"article:publisher\" content=\"https:\/\/www.facebook.com\/NavSystems\" \/>\n<meta property=\"article:modified_time\" content=\"2026-04-11T08:00:40+00:00\" \/>\n<meta property=\"og:image\" content=\"https:\/\/raymarine.ee\/wp-content\/uploads\/2026\/04\/ba9409b0-845b-4fa8-a697-80c08b609d6c.png\" \/>\n\t<meta property=\"og:image:width\" content=\"2000\" \/>\n\t<meta property=\"og:image:height\" content=\"2000\" \/>\n\t<meta property=\"og:image:type\" content=\"image\/png\" \/>\n<meta name=\"twitter:card\" content=\"summary_large_image\" \/>\n<meta name=\"twitter:label1\" content=\"Price\" \/>\n\t<meta name=\"twitter:data1\" content=\"162,38&nbsp;&euro;\" \/>\n\t<meta name=\"twitter:label2\" content=\"Availability\" \/>\n\t<meta name=\"twitter:data2\" content=\"In stock\" \/>\n<script type=\"application\/ld+json\" class=\"yoast-schema-graph\">{\"@context\":\"https:\\\/\\\/schema.org\",\"@graph\":[{\"@type\":\"WebPage\",\"@id\":\"https:\\\/\\\/raymarine.ee\\\/product\\\/p319-depth-transducer\\\/\",\"url\":\"https:\\\/\\\/raymarine.ee\\\/product\\\/p319-depth-transducer\\\/\",\"name\":\"P319 s\u00fcgavusandur \u2013 Kompaktne ja madala profiiliga disain\",\"isPartOf\":{\"@id\":\"https:\\\/\\\/raymarine.ee\\\/#website\"},\"primaryImageOfPage\":{\"@id\":\"https:\\\/\\\/raymarine.ee\\\/product\\\/p319-depth-transducer\\\/#primaryimage\"},\"image\":{\"@id\":\"https:\\\/\\\/raymarine.ee\\\/product\\\/p319-depth-transducer\\\/#primaryimage\"},\"thumbnailUrl\":\"https:\\\/\\\/raymarine.ee\\\/wp-content\\\/uploads\\\/2026\\\/04\\\/ba9409b0-845b-4fa8-a697-80c08b609d6c.png\",\"datePublished\":\"2026-04-11T07:54:20+00:00\",\"dateModified\":\"2026-04-11T08:00:40+00:00\",\"description\":\"Raymarine P319 analoog s\u00fcgavusandur sobib ST60+, i50, iTC-5 seadmetele. Saavuta parimad tulemused purje- ja mootorpaatides!\",\"breadcrumb\":{\"@id\":\"https:\\\/\\\/raymarine.ee\\\/product\\\/p319-depth-transducer\\\/#breadcrumb\"},\"inLanguage\":\"en-GB\",\"potentialAction\":[{\"@type\":\"ReadAction\",\"target\":[\"https:\\\/\\\/raymarine.ee\\\/product\\\/p319-depth-transducer\\\/\"]}]},{\"@type\":\"ImageObject\",\"inLanguage\":\"en-GB\",\"@id\":\"https:\\\/\\\/raymarine.ee\\\/product\\\/p319-depth-transducer\\\/#primaryimage\",\"url\":\"https:\\\/\\\/raymarine.ee\\\/wp-content\\\/uploads\\\/2026\\\/04\\\/ba9409b0-845b-4fa8-a697-80c08b609d6c.png\",\"contentUrl\":\"https:\\\/\\\/raymarine.ee\\\/wp-content\\\/uploads\\\/2026\\\/04\\\/ba9409b0-845b-4fa8-a697-80c08b609d6c.png\",\"width\":2000,\"height\":2000},{\"@type\":\"BreadcrumbList\",\"@id\":\"https:\\\/\\\/raymarine.ee\\\/product\\\/p319-depth-transducer\\\/#breadcrumb\",\"itemListElement\":[{\"@type\":\"ListItem\",\"position\":1,\"name\":\"Home\",\"item\":\"https:\\\/\\\/raymarine.ee\\\/\"},{\"@type\":\"ListItem\",\"position\":2,\"name\":\"Tooted\",\"item\":\"https:\\\/\\\/raymarine.ee\\\/shop\\\/\"},{\"@type\":\"ListItem\",\"position\":3,\"name\":\"P319 Depth Transducer\"}]},{\"@type\":\"WebSite\",\"@id\":\"https:\\\/\\\/raymarine.ee\\\/#website\",\"url\":\"https:\\\/\\\/raymarine.ee\\\/\",\"name\":\"www.raymarine.ee\",\"description\":\"Mereelektroonika, kaardiplotter, autopiloot, pinnipiloot, roolipiloot, radar, AIS, VHF, Smart Wind\",\"publisher\":{\"@id\":\"https:\\\/\\\/raymarine.ee\\\/#organization\"},\"alternateName\":\"Raymarine\",\"potentialAction\":[{\"@type\":\"SearchAction\",\"target\":{\"@type\":\"EntryPoint\",\"urlTemplate\":\"https:\\\/\\\/raymarine.ee\\\/?s={search_term_string}\"},\"query-input\":{\"@type\":\"PropertyValueSpecification\",\"valueRequired\":true,\"valueName\":\"search_term_string\"}}],\"inLanguage\":\"en-GB\"},{\"@type\":\"Organization\",\"@id\":\"https:\\\/\\\/raymarine.ee\\\/#organization\",\"name\":\"NavSystems O\u00dc\",\"url\":\"https:\\\/\\\/raymarine.ee\\\/\",\"logo\":{\"@type\":\"ImageObject\",\"inLanguage\":\"en-GB\",\"@id\":\"https:\\\/\\\/raymarine.ee\\\/#\\\/schema\\\/logo\\\/image\\\/\",\"url\":\"https:\\\/\\\/raymarine.ee\\\/wp-content\\\/uploads\\\/2024\\\/10\\\/Screenshot-2024-10-15-151324_bg_removed.webp\",\"contentUrl\":\"https:\\\/\\\/raymarine.ee\\\/wp-content\\\/uploads\\\/2024\\\/10\\\/Screenshot-2024-10-15-151324_bg_removed.webp\",\"width\":420,\"height\":276,\"caption\":\"NavSystems O\u00dc\"},\"image\":{\"@id\":\"https:\\\/\\\/raymarine.ee\\\/#\\\/schema\\\/logo\\\/image\\\/\"},\"sameAs\":[\"https:\\\/\\\/www.facebook.com\\\/NavSystems\"],\"legalName\":\"NavSystems O\u00dc\",\"foundingDate\":\"2011-05-03\",\"numberOfEmployees\":{\"@type\":\"QuantitativeValue\",\"minValue\":\"1\",\"maxValue\":\"10\"}}]}<\/script>\n<meta property=\"product:price:amount\" content=\"162.38\" \/>\n<meta property=\"product:price:currency\" content=\"EUR\" \/>\n<meta property=\"og:availability\" content=\"instock\" \/>\n<meta property=\"product:availability\" content=\"instock\" \/>\n<meta property=\"product:retailer_item_id\" content=\"M78713-PZ\" \/>\n<meta property=\"product:condition\" content=\"new\" \/>\n<!-- \/ Yoast SEO Premium plugin. -->","yoast_head_json":{"title":"P319 s\u00fcgavusandur \u2013 Kompaktne ja madala profiiliga disain","description":"Raymarine P319 analoog s\u00fcgavusandur sobib ST60+, i50, iTC-5 seadmetele. Saavuta parimad tulemused purje- ja mootorpaatides!","robots":{"index":"index","follow":"follow","max-snippet":"max-snippet:-1","max-image-preview":"max-image-preview:large","max-video-preview":"max-video-preview:-1"},"canonical":"https:\/\/raymarine.ee\/en\/product\/p319-depth-transducer\/","og_locale":"en_GB","og_type":"article","og_title":"P319 Depth Transducer","og_description":"Raymarine P319 analoog s\u00fcgavusandur sobib ST60+, i50, iTC-5 seadmetele. Saavuta parimad tulemused purje- ja mootorpaatides!","og_url":"https:\/\/raymarine.ee\/en\/product\/p319-depth-transducer\/","og_site_name":"NavSystems","article_publisher":"https:\/\/www.facebook.com\/NavSystems","article_modified_time":"2026-04-11T08:00:40+00:00","og_image":[{"width":2000,"height":2000,"url":"https:\/\/raymarine.ee\/wp-content\/uploads\/2026\/04\/ba9409b0-845b-4fa8-a697-80c08b609d6c.png","type":"image\/png"}],"twitter_card":"summary_large_image","twitter_misc":{"Price":"162,38&nbsp;&euro;","Availability":"In stock"},"schema":{"@context":"https:\/\/schema.org","@graph":[{"@type":"WebPage","@id":"https:\/\/raymarine.ee\/product\/p319-depth-transducer\/","url":"https:\/\/raymarine.ee\/product\/p319-depth-transducer\/","name":"P319 s\u00fcgavusandur \u2013 Kompaktne ja madala profiiliga disain","isPartOf":{"@id":"https:\/\/raymarine.ee\/#website"},"primaryImageOfPage":{"@id":"https:\/\/raymarine.ee\/product\/p319-depth-transducer\/#primaryimage"},"image":{"@id":"https:\/\/raymarine.ee\/product\/p319-depth-transducer\/#primaryimage"},"thumbnailUrl":"https:\/\/raymarine.ee\/wp-content\/uploads\/2026\/04\/ba9409b0-845b-4fa8-a697-80c08b609d6c.png","datePublished":"2026-04-11T07:54:20+00:00","dateModified":"2026-04-11T08:00:40+00:00","description":"Raymarine P319 analoog s\u00fcgavusandur sobib ST60+, i50, iTC-5 seadmetele. Saavuta parimad tulemused purje- ja mootorpaatides!","breadcrumb":{"@id":"https:\/\/raymarine.ee\/product\/p319-depth-transducer\/#breadcrumb"},"inLanguage":"en-GB","potentialAction":[{"@type":"ReadAction","target":["https:\/\/raymarine.ee\/product\/p319-depth-transducer\/"]}]},{"@type":"ImageObject","inLanguage":"en-GB","@id":"https:\/\/raymarine.ee\/product\/p319-depth-transducer\/#primaryimage","url":"https:\/\/raymarine.ee\/wp-content\/uploads\/2026\/04\/ba9409b0-845b-4fa8-a697-80c08b609d6c.png","contentUrl":"https:\/\/raymarine.ee\/wp-content\/uploads\/2026\/04\/ba9409b0-845b-4fa8-a697-80c08b609d6c.png","width":2000,"height":2000},{"@type":"BreadcrumbList","@id":"https:\/\/raymarine.ee\/product\/p319-depth-transducer\/#breadcrumb","itemListElement":[{"@type":"ListItem","position":1,"name":"Home","item":"https:\/\/raymarine.ee\/"},{"@type":"ListItem","position":2,"name":"Tooted","item":"https:\/\/raymarine.ee\/shop\/"},{"@type":"ListItem","position":3,"name":"P319 Depth Transducer"}]},{"@type":"WebSite","@id":"https:\/\/raymarine.ee\/#website","url":"https:\/\/raymarine.ee\/","name":"www.raymarine.ee","description":"Mereelektroonika, kaardiplotter, autopiloot, pinnipiloot, roolipiloot, radar, AIS, VHF, Smart Wind","publisher":{"@id":"https:\/\/raymarine.ee\/#organization"},"alternateName":"Raymarine","potentialAction":[{"@type":"SearchAction","target":{"@type":"EntryPoint","urlTemplate":"https:\/\/raymarine.ee\/?s={search_term_string}"},"query-input":{"@type":"PropertyValueSpecification","valueRequired":true,"valueName":"search_term_string"}}],"inLanguage":"en-GB"},{"@type":"Organization","@id":"https:\/\/raymarine.ee\/#organization","name":"NavSystems O\u00dc","url":"https:\/\/raymarine.ee\/","logo":{"@type":"ImageObject","inLanguage":"en-GB","@id":"https:\/\/raymarine.ee\/#\/schema\/logo\/image\/","url":"https:\/\/raymarine.ee\/wp-content\/uploads\/2024\/10\/Screenshot-2024-10-15-151324_bg_removed.webp","contentUrl":"https:\/\/raymarine.ee\/wp-content\/uploads\/2024\/10\/Screenshot-2024-10-15-151324_bg_removed.webp","width":420,"height":276,"caption":"NavSystems O\u00dc"},"image":{"@id":"https:\/\/raymarine.ee\/#\/schema\/logo\/image\/"},"sameAs":["https:\/\/www.facebook.com\/NavSystems"],"legalName":"NavSystems O\u00dc","foundingDate":"2011-05-03","numberOfEmployees":{"@type":"QuantitativeValue","minValue":"1","maxValue":"10"}}]},"product_price_amount":"162.38","product_price_currency":"EUR","og_availability":"instock","product_availability":"instock","product_retailer_item_id":"M78713-PZ","product_condition":"new"},"jetpack_sharing_enabled":true,"_links":{"self":[{"href":"https:\/\/raymarine.ee\/en\/wp-json\/wp\/v2\/product\/9701","targetHints":{"allow":["GET"]}}],"collection":[{"href":"https:\/\/raymarine.ee\/en\/wp-json\/wp\/v2\/product"}],"about":[{"href":"https:\/\/raymarine.ee\/en\/wp-json\/wp\/v2\/types\/product"}],"wp:featuredmedia":[{"embeddable":true,"href":"https:\/\/raymarine.ee\/en\/wp-json\/wp\/v2\/media\/9703"}],"wp:attachment":[{"href":"https:\/\/raymarine.ee\/en\/wp-json\/wp\/v2\/media?parent=9701"}],"wp:term":[{"taxonomy":"product_brand","embeddable":true,"href":"https:\/\/raymarine.ee\/en\/wp-json\/wp\/v2\/product_brand?post=9701"},{"taxonomy":"product_cat","embeddable":true,"href":"https:\/\/raymarine.ee\/en\/wp-json\/wp\/v2\/product_cat?post=9701"},{"taxonomy":"product_tag","embeddable":true,"href":"https:\/\/raymarine.ee\/en\/wp-json\/wp\/v2\/product_tag?post=9701"}],"curies":[{"name":"wp","href":"https:\/\/api.w.org\/{rel}","templated":true}]}}