{"id":9706,"date":"2026-04-11T11:53:28","date_gmt":"2026-04-11T08:53:28","guid":{"rendered":"https:\/\/raymarine.ee\/?post_type=product&#038;p=9706"},"modified":"2026-04-11T12:05:47","modified_gmt":"2026-04-11T09:05:47","slug":"st900-p120-transducer-gen2-kiiruserulliga","status":"publish","type":"product","link":"https:\/\/raymarine.ee\/en\/product\/st900-p120-transducer-gen2-kiiruserulliga\/","title":{"rendered":"ST900\/P120 Transducer Gen2 kiiruserulliga"},"content":{"rendered":"<p data-start=\"60\" data-end=\"153\"><strong data-start=\"60\" data-end=\"153\">Raymarine ST800 kiiruse- ja temperatuuriandur, madala profiiliga plastikust l\u00e4biviik, Gen2 kiiruserull<\/strong><\/p>\n<p data-start=\"155\" data-end=\"605\">Raymarine ST900 P120 on uue p\u00f5lvkonna ja Gen2 kiiruserulliga madala profiiliga plastikust l\u00e4biviiguga andur mis m\u00f5\u00f5dab kiirust ja veetemperatuuri. Andur on varustatud 13,7 meetrise kaabliga ja analoogv\u00e4ljundiga, sobides ideaalselt kasutamiseks Raymarine iTC-5 konverteri ning ST40, ST60, ST70, i40 ja i50 seeria instrumentidega. Kompaktne ja diskreetne disain muudab selle ideaalseks nii purje- kui ka mootorpaatidele kus on oluline minimaalne veetakistus ja lihtne paigaldus.<\/p>\n<p data-start=\"607\" data-end=\"620\"><strong data-start=\"607\" data-end=\"620\">Omadused:<\/strong><\/p>\n<ul data-start=\"621\" data-end=\"920\">\n<li data-start=\"621\" data-end=\"670\">\n<p data-start=\"623\" data-end=\"670\">Funktsioonid: kiirus ja veetemperatuur<\/p>\n<\/li>\n<li data-start=\"671\" data-end=\"715\">\n<p data-start=\"673\" data-end=\"715\">Madala profiiliga plastikust l\u00e4biviik ja korpus<\/p>\n<\/li>\n<li data-start=\"716\" data-end=\"767\">\n<p data-start=\"718\" data-end=\"767\">Analoogv\u00e4ljund (\u00fchildub iTC-5 kaudu STNG v\u00f5rguga)<\/p>\n<\/li>\n<li data-start=\"768\" data-end=\"790\">\n<p data-start=\"770\" data-end=\"790\">13,7 meetrine kaabel<\/p>\n<\/li>\n<li data-start=\"791\" data-end=\"849\">\n<p data-start=\"793\" data-end=\"849\">Sobib instrumentidele: iTC-5, ST40, ST60, ST70, i40, i50<\/p>\n<\/li>\n<li data-start=\"850\" data-end=\"920\">\n<p data-start=\"852\" data-end=\"920\">T\u00f6\u00f6kindel lahendus v\u00e4iksematele ja keskmise suurusega vees\u00f5idukitele<\/p>\n<\/li>\n<\/ul>","protected":false},"excerpt":{"rendered":"<p>Raymarine ST900 P120 on uue p\u00f5lvkonna ja Gen2 kiiruserulliga madala profiiliga plastikust l\u00e4biviiguga andur mis m\u00f5\u00f5dab kiirust ja veetemperatuuri. Andur on varustatud 13,7 meetrise kaabliga ja analoogv\u00e4ljundiga, sobides ideaalselt kasutamiseks Raymarine iTC-5 konverteri ning ST40, ST60, ST70, i40 ja i50 seeria instrumentidega. Kompaktne ja diskreetne disain muudab selle ideaalseks nii purje- kui ka mootorpaatidele kus on oluline minimaalne veetakistus ja lihtne paigaldus.<\/p>","protected":false},"featured_media":9708,"template":"","meta":{"_acf_changed":false},"product_brand":[],"product_cat":[69,70,103],"product_tag":[],"class_list":{"0":"post-9706","1":"product","2":"type-product","3":"status-publish","4":"has-post-thumbnail","6":"product_cat-i50_i60","7":"product_cat-i70_alpha","8":"product_cat-raymarine","10":"first","11":"instock","12":"sale","13":"taxable","14":"shipping-taxable","15":"purchasable","16":"product-type-simple"},"acf":[],"yoast_head":"<!-- This site is optimized with the Yoast SEO Premium plugin v27.5 (Yoast SEO v27.5) - https:\/\/yoast.com\/product\/yoast-seo-premium-wordpress\/ -->\n<title>P120 madala profiiliga kiiruse- ja temperatuuriandur purjepaadile<\/title>\n<meta name=\"description\" content=\"Raymarine DST800 P120 kiiruse- ja temperatuuriandur tagab t\u00e4psed m\u00f5\u00f5tmised. Andur on madala profiiliga. \u00c4ra koba pimeduses, telli juba t\u00e4na!\" \/>\n<meta name=\"robots\" content=\"index, follow, max-snippet:-1, max-image-preview:large, max-video-preview:-1\" \/>\n<link rel=\"canonical\" href=\"https:\/\/raymarine.ee\/en\/product\/st900-p120-transducer-gen2-kiiruserulliga\/\" \/>\n<meta property=\"og:locale\" content=\"en_GB\" \/>\n<meta property=\"og:type\" content=\"article\" \/>\n<meta property=\"og:title\" content=\"ST900\/P120 Transducer Gen2 kiiruserulliga\" \/>\n<meta property=\"og:description\" content=\"Raymarine DST800 P120 kiiruse- ja temperatuuriandur tagab t\u00e4psed m\u00f5\u00f5tmised. Andur on madala profiiliga. \u00c4ra koba pimeduses, telli juba t\u00e4na!\" \/>\n<meta property=\"og:url\" content=\"https:\/\/raymarine.ee\/en\/product\/st900-p120-transducer-gen2-kiiruserulliga\/\" \/>\n<meta property=\"og:site_name\" content=\"NavSystems\" \/>\n<meta property=\"article:publisher\" content=\"https:\/\/www.facebook.com\/NavSystems\" \/>\n<meta property=\"article:modified_time\" content=\"2026-04-11T09:05:47+00:00\" \/>\n<meta property=\"og:image\" content=\"https:\/\/raymarine.ee\/wp-content\/uploads\/2026\/04\/st900-st950-gen2-paddlewheel.jpg\" \/>\n\t<meta property=\"og:image:width\" content=\"765\" \/>\n\t<meta property=\"og:image:height\" content=\"652\" \/>\n\t<meta property=\"og:image:type\" content=\"image\/jpeg\" \/>\n<meta name=\"twitter:card\" content=\"summary_large_image\" \/>\n<meta name=\"twitter:label1\" content=\"Price\" \/>\n\t<meta name=\"twitter:data1\" content=\"234,55&nbsp;&euro;\" \/>\n\t<meta name=\"twitter:label2\" content=\"Availability\" \/>\n\t<meta name=\"twitter:data2\" content=\"In stock\" \/>\n<script type=\"application\/ld+json\" class=\"yoast-schema-graph\">{\"@context\":\"https:\\\/\\\/schema.org\",\"@graph\":[{\"@type\":\"WebPage\",\"@id\":\"https:\\\/\\\/raymarine.ee\\\/product\\\/st900-p120-transducer-gen2-kiiruserulliga\\\/\",\"url\":\"https:\\\/\\\/raymarine.ee\\\/product\\\/st900-p120-transducer-gen2-kiiruserulliga\\\/\",\"name\":\"P120 madala profiiliga kiiruse- ja temperatuuriandur purjepaadile\",\"isPartOf\":{\"@id\":\"https:\\\/\\\/raymarine.ee\\\/#website\"},\"primaryImageOfPage\":{\"@id\":\"https:\\\/\\\/raymarine.ee\\\/product\\\/st900-p120-transducer-gen2-kiiruserulliga\\\/#primaryimage\"},\"image\":{\"@id\":\"https:\\\/\\\/raymarine.ee\\\/product\\\/st900-p120-transducer-gen2-kiiruserulliga\\\/#primaryimage\"},\"thumbnailUrl\":\"https:\\\/\\\/raymarine.ee\\\/wp-content\\\/uploads\\\/2026\\\/04\\\/st900-st950-gen2-paddlewheel.jpg\",\"datePublished\":\"2026-04-11T08:53:28+00:00\",\"dateModified\":\"2026-04-11T09:05:47+00:00\",\"description\":\"Raymarine DST800 P120 kiiruse- ja temperatuuriandur tagab t\u00e4psed m\u00f5\u00f5tmised. Andur on madala profiiliga. \u00c4ra koba pimeduses, telli juba t\u00e4na!\",\"breadcrumb\":{\"@id\":\"https:\\\/\\\/raymarine.ee\\\/product\\\/st900-p120-transducer-gen2-kiiruserulliga\\\/#breadcrumb\"},\"inLanguage\":\"en-GB\",\"potentialAction\":[{\"@type\":\"ReadAction\",\"target\":[\"https:\\\/\\\/raymarine.ee\\\/product\\\/st900-p120-transducer-gen2-kiiruserulliga\\\/\"]}]},{\"@type\":\"ImageObject\",\"inLanguage\":\"en-GB\",\"@id\":\"https:\\\/\\\/raymarine.ee\\\/product\\\/st900-p120-transducer-gen2-kiiruserulliga\\\/#primaryimage\",\"url\":\"https:\\\/\\\/raymarine.ee\\\/wp-content\\\/uploads\\\/2026\\\/04\\\/st900-st950-gen2-paddlewheel.jpg\",\"contentUrl\":\"https:\\\/\\\/raymarine.ee\\\/wp-content\\\/uploads\\\/2026\\\/04\\\/st900-st950-gen2-paddlewheel.jpg\",\"width\":765,\"height\":652,\"caption\":\"st900-p120-gen2-paddlewheel\"},{\"@type\":\"BreadcrumbList\",\"@id\":\"https:\\\/\\\/raymarine.ee\\\/product\\\/st900-p120-transducer-gen2-kiiruserulliga\\\/#breadcrumb\",\"itemListElement\":[{\"@type\":\"ListItem\",\"position\":1,\"name\":\"Home\",\"item\":\"https:\\\/\\\/raymarine.ee\\\/\"},{\"@type\":\"ListItem\",\"position\":2,\"name\":\"Tooted\",\"item\":\"https:\\\/\\\/raymarine.ee\\\/shop\\\/\"},{\"@type\":\"ListItem\",\"position\":3,\"name\":\"ST900\\\/P120 Transducer Gen2 kiiruserulliga\"}]},{\"@type\":\"WebSite\",\"@id\":\"https:\\\/\\\/raymarine.ee\\\/#website\",\"url\":\"https:\\\/\\\/raymarine.ee\\\/\",\"name\":\"www.raymarine.ee\",\"description\":\"Mereelektroonika, kaardiplotter, autopiloot, pinnipiloot, roolipiloot, radar, AIS, VHF, Smart Wind\",\"publisher\":{\"@id\":\"https:\\\/\\\/raymarine.ee\\\/#organization\"},\"alternateName\":\"Raymarine\",\"potentialAction\":[{\"@type\":\"SearchAction\",\"target\":{\"@type\":\"EntryPoint\",\"urlTemplate\":\"https:\\\/\\\/raymarine.ee\\\/?s={search_term_string}\"},\"query-input\":{\"@type\":\"PropertyValueSpecification\",\"valueRequired\":true,\"valueName\":\"search_term_string\"}}],\"inLanguage\":\"en-GB\"},{\"@type\":\"Organization\",\"@id\":\"https:\\\/\\\/raymarine.ee\\\/#organization\",\"name\":\"NavSystems O\u00dc\",\"url\":\"https:\\\/\\\/raymarine.ee\\\/\",\"logo\":{\"@type\":\"ImageObject\",\"inLanguage\":\"en-GB\",\"@id\":\"https:\\\/\\\/raymarine.ee\\\/#\\\/schema\\\/logo\\\/image\\\/\",\"url\":\"https:\\\/\\\/raymarine.ee\\\/wp-content\\\/uploads\\\/2024\\\/10\\\/Screenshot-2024-10-15-151324_bg_removed.webp\",\"contentUrl\":\"https:\\\/\\\/raymarine.ee\\\/wp-content\\\/uploads\\\/2024\\\/10\\\/Screenshot-2024-10-15-151324_bg_removed.webp\",\"width\":420,\"height\":276,\"caption\":\"NavSystems O\u00dc\"},\"image\":{\"@id\":\"https:\\\/\\\/raymarine.ee\\\/#\\\/schema\\\/logo\\\/image\\\/\"},\"sameAs\":[\"https:\\\/\\\/www.facebook.com\\\/NavSystems\"],\"legalName\":\"NavSystems O\u00dc\",\"foundingDate\":\"2011-05-03\",\"numberOfEmployees\":{\"@type\":\"QuantitativeValue\",\"minValue\":\"1\",\"maxValue\":\"10\"}}]}<\/script>\n<meta property=\"product:price:amount\" content=\"234.55\" \/>\n<meta property=\"product:price:currency\" content=\"EUR\" \/>\n<meta property=\"og:availability\" content=\"instock\" \/>\n<meta property=\"product:availability\" content=\"instock\" \/>\n<meta property=\"product:retailer_item_id\" content=\"E70673\" \/>\n<meta property=\"product:condition\" content=\"new\" \/>\n<!-- \/ Yoast SEO Premium plugin. -->","yoast_head_json":{"title":"P120 madala profiiliga kiiruse- ja temperatuuriandur purjepaadile","description":"Raymarine DST800 P120 kiiruse- ja temperatuuriandur tagab t\u00e4psed m\u00f5\u00f5tmised. Andur on madala profiiliga. \u00c4ra koba pimeduses, telli juba t\u00e4na!","robots":{"index":"index","follow":"follow","max-snippet":"max-snippet:-1","max-image-preview":"max-image-preview:large","max-video-preview":"max-video-preview:-1"},"canonical":"https:\/\/raymarine.ee\/en\/product\/st900-p120-transducer-gen2-kiiruserulliga\/","og_locale":"en_GB","og_type":"article","og_title":"ST900\/P120 Transducer Gen2 kiiruserulliga","og_description":"Raymarine DST800 P120 kiiruse- ja temperatuuriandur tagab t\u00e4psed m\u00f5\u00f5tmised. Andur on madala profiiliga. \u00c4ra koba pimeduses, telli juba t\u00e4na!","og_url":"https:\/\/raymarine.ee\/en\/product\/st900-p120-transducer-gen2-kiiruserulliga\/","og_site_name":"NavSystems","article_publisher":"https:\/\/www.facebook.com\/NavSystems","article_modified_time":"2026-04-11T09:05:47+00:00","og_image":[{"width":765,"height":652,"url":"https:\/\/raymarine.ee\/wp-content\/uploads\/2026\/04\/st900-st950-gen2-paddlewheel.jpg","type":"image\/jpeg"}],"twitter_card":"summary_large_image","twitter_misc":{"Price":"234,55&nbsp;&euro;","Availability":"In stock"},"schema":{"@context":"https:\/\/schema.org","@graph":[{"@type":"WebPage","@id":"https:\/\/raymarine.ee\/product\/st900-p120-transducer-gen2-kiiruserulliga\/","url":"https:\/\/raymarine.ee\/product\/st900-p120-transducer-gen2-kiiruserulliga\/","name":"P120 madala profiiliga kiiruse- ja temperatuuriandur purjepaadile","isPartOf":{"@id":"https:\/\/raymarine.ee\/#website"},"primaryImageOfPage":{"@id":"https:\/\/raymarine.ee\/product\/st900-p120-transducer-gen2-kiiruserulliga\/#primaryimage"},"image":{"@id":"https:\/\/raymarine.ee\/product\/st900-p120-transducer-gen2-kiiruserulliga\/#primaryimage"},"thumbnailUrl":"https:\/\/raymarine.ee\/wp-content\/uploads\/2026\/04\/st900-st950-gen2-paddlewheel.jpg","datePublished":"2026-04-11T08:53:28+00:00","dateModified":"2026-04-11T09:05:47+00:00","description":"Raymarine DST800 P120 kiiruse- ja temperatuuriandur tagab t\u00e4psed m\u00f5\u00f5tmised. Andur on madala profiiliga. \u00c4ra koba pimeduses, telli juba t\u00e4na!","breadcrumb":{"@id":"https:\/\/raymarine.ee\/product\/st900-p120-transducer-gen2-kiiruserulliga\/#breadcrumb"},"inLanguage":"en-GB","potentialAction":[{"@type":"ReadAction","target":["https:\/\/raymarine.ee\/product\/st900-p120-transducer-gen2-kiiruserulliga\/"]}]},{"@type":"ImageObject","inLanguage":"en-GB","@id":"https:\/\/raymarine.ee\/product\/st900-p120-transducer-gen2-kiiruserulliga\/#primaryimage","url":"https:\/\/raymarine.ee\/wp-content\/uploads\/2026\/04\/st900-st950-gen2-paddlewheel.jpg","contentUrl":"https:\/\/raymarine.ee\/wp-content\/uploads\/2026\/04\/st900-st950-gen2-paddlewheel.jpg","width":765,"height":652,"caption":"st900-p120-gen2-paddlewheel"},{"@type":"BreadcrumbList","@id":"https:\/\/raymarine.ee\/product\/st900-p120-transducer-gen2-kiiruserulliga\/#breadcrumb","itemListElement":[{"@type":"ListItem","position":1,"name":"Home","item":"https:\/\/raymarine.ee\/"},{"@type":"ListItem","position":2,"name":"Tooted","item":"https:\/\/raymarine.ee\/shop\/"},{"@type":"ListItem","position":3,"name":"ST900\/P120 Transducer Gen2 kiiruserulliga"}]},{"@type":"WebSite","@id":"https:\/\/raymarine.ee\/#website","url":"https:\/\/raymarine.ee\/","name":"www.raymarine.ee","description":"Mereelektroonika, kaardiplotter, autopiloot, pinnipiloot, roolipiloot, radar, AIS, VHF, Smart Wind","publisher":{"@id":"https:\/\/raymarine.ee\/#organization"},"alternateName":"Raymarine","potentialAction":[{"@type":"SearchAction","target":{"@type":"EntryPoint","urlTemplate":"https:\/\/raymarine.ee\/?s={search_term_string}"},"query-input":{"@type":"PropertyValueSpecification","valueRequired":true,"valueName":"search_term_string"}}],"inLanguage":"en-GB"},{"@type":"Organization","@id":"https:\/\/raymarine.ee\/#organization","name":"NavSystems O\u00dc","url":"https:\/\/raymarine.ee\/","logo":{"@type":"ImageObject","inLanguage":"en-GB","@id":"https:\/\/raymarine.ee\/#\/schema\/logo\/image\/","url":"https:\/\/raymarine.ee\/wp-content\/uploads\/2024\/10\/Screenshot-2024-10-15-151324_bg_removed.webp","contentUrl":"https:\/\/raymarine.ee\/wp-content\/uploads\/2024\/10\/Screenshot-2024-10-15-151324_bg_removed.webp","width":420,"height":276,"caption":"NavSystems O\u00dc"},"image":{"@id":"https:\/\/raymarine.ee\/#\/schema\/logo\/image\/"},"sameAs":["https:\/\/www.facebook.com\/NavSystems"],"legalName":"NavSystems O\u00dc","foundingDate":"2011-05-03","numberOfEmployees":{"@type":"QuantitativeValue","minValue":"1","maxValue":"10"}}]},"product_price_amount":"234.55","product_price_currency":"EUR","og_availability":"instock","product_availability":"instock","product_retailer_item_id":"E70673","product_condition":"new"},"jetpack_sharing_enabled":true,"_links":{"self":[{"href":"https:\/\/raymarine.ee\/en\/wp-json\/wp\/v2\/product\/9706","targetHints":{"allow":["GET"]}}],"collection":[{"href":"https:\/\/raymarine.ee\/en\/wp-json\/wp\/v2\/product"}],"about":[{"href":"https:\/\/raymarine.ee\/en\/wp-json\/wp\/v2\/types\/product"}],"wp:featuredmedia":[{"embeddable":true,"href":"https:\/\/raymarine.ee\/en\/wp-json\/wp\/v2\/media\/9708"}],"wp:attachment":[{"href":"https:\/\/raymarine.ee\/en\/wp-json\/wp\/v2\/media?parent=9706"}],"wp:term":[{"taxonomy":"product_brand","embeddable":true,"href":"https:\/\/raymarine.ee\/en\/wp-json\/wp\/v2\/product_brand?post=9706"},{"taxonomy":"product_cat","embeddable":true,"href":"https:\/\/raymarine.ee\/en\/wp-json\/wp\/v2\/product_cat?post=9706"},{"taxonomy":"product_tag","embeddable":true,"href":"https:\/\/raymarine.ee\/en\/wp-json\/wp\/v2\/product_tag?post=9706"}],"curies":[{"name":"wp","href":"https:\/\/api.w.org\/{rel}","templated":true}]}}