{"id":9710,"date":"2026-04-11T12:14:23","date_gmt":"2026-04-11T09:14:23","guid":{"rendered":"https:\/\/raymarine.ee\/?post_type=product&#038;p=9710"},"modified":"2026-04-11T13:22:26","modified_gmt":"2026-04-11T10:22:26","slug":"st800-p120-kiiruserull","status":"publish","type":"product","link":"https:\/\/raymarine.ee\/en\/product\/st800-p120-kiiruserull\/","title":{"rendered":"ST800\/P120 anduri remondikomplekt"},"content":{"rendered":"<p data-start=\"60\" data-end=\"153\"><strong data-start=\"60\" data-end=\"153\">Raymarine ST800 P120 kiiruserulli remondikomplekt.<\/strong><\/p>\n<p data-start=\"155\" data-end=\"605\">See kiiruserull sobib k\u00f5igile Raymarine ST800 &#8211; P120 kiiruse- ja temperatuurianduritele. Kui te ei tea mis andur teil on, aga teate kindlasti, et see on AIRMAR-i andur, siis visuaalselt saate teha vahet selle j\u00e4rgi, et ST800 anduril on kiiruserull t\u00e4pselt keskel ja DST800-l on nihkes. Rullil endal vahet pole, aga v\u00f5ll on erineva pikkusega.<\/p>\n<p data-start=\"607\" data-end=\"620\"><strong data-start=\"607\" data-end=\"620\">Komplektis on:<\/strong><\/p>\n<ul data-start=\"621\" data-end=\"920\">\n<li data-start=\"621\" data-end=\"670\">\n<p data-start=\"623\" data-end=\"670\">Kiiruserull<\/p>\n<\/li>\n<li data-start=\"671\" data-end=\"715\">\n<p data-start=\"673\" data-end=\"715\">V\u00f5ll<\/p>\n<\/li>\n<li data-start=\"716\" data-end=\"767\">\n<p data-start=\"718\" data-end=\"767\">O-r\u00f5ngad<\/p>\n<\/li>\n<\/ul>","protected":false},"excerpt":{"rendered":"<p>See kiiruserull sobib k\u00f5igile Raymarine ST800 &#8211; P120 kiiruse- ja temperatuurianduritele. Kui te ei tea mis andur teil on, aga teate kindlasti, et see on AIRMAR-i andur, siis visuaalselt saate teha vahet selle j\u00e4rgi, et ST800 anduril on kiiruserull t\u00e4pselt keskel ja DST800-l on nihkes. Rullil endal vahet pole, aga v\u00f5ll on erineva pikkusega.<\/p>","protected":false},"featured_media":9712,"template":"","meta":{"_acf_changed":false},"product_brand":[],"product_cat":[69,70,103],"product_tag":[],"class_list":{"0":"post-9710","1":"product","2":"type-product","3":"status-publish","4":"has-post-thumbnail","6":"product_cat-i50_i60","7":"product_cat-i70_alpha","8":"product_cat-raymarine","10":"first","11":"instock","12":"sale","13":"taxable","14":"shipping-taxable","15":"purchasable","16":"product-type-simple"},"acf":[],"yoast_head":"<!-- This site is optimized with the Yoast SEO Premium plugin v27.5 (Yoast SEO v27.5) - https:\/\/yoast.com\/product\/yoast-seo-premium-wordpress\/ -->\n<title>P120 Anduri remondikomplekt: Anna uus elu ST800 P120 andurile.<\/title>\n<meta name=\"description\" content=\"Osta Raymarine ST800 P120 kiiruserulli remondikomplekt, et tagada oma anduri \u00f5ige toimimine. Komplekt sisaldab kiiruserulli, v\u00f5lli ja O-r\u00f5ngaid.\" \/>\n<meta name=\"robots\" content=\"index, follow, max-snippet:-1, max-image-preview:large, max-video-preview:-1\" \/>\n<link rel=\"canonical\" href=\"https:\/\/raymarine.ee\/en\/product\/st800-p120-kiiruserull\/\" \/>\n<meta property=\"og:locale\" content=\"en_GB\" \/>\n<meta property=\"og:type\" content=\"article\" \/>\n<meta property=\"og:title\" content=\"ST800\/P120 anduri remondikomplekt\" \/>\n<meta property=\"og:description\" content=\"Osta Raymarine ST800 P120 kiiruserulli remondikomplekt, et tagada oma anduri \u00f5ige toimimine. Komplekt sisaldab kiiruserulli, v\u00f5lli ja O-r\u00f5ngaid.\" \/>\n<meta property=\"og:url\" content=\"https:\/\/raymarine.ee\/en\/product\/st800-p120-kiiruserull\/\" \/>\n<meta property=\"og:site_name\" content=\"NavSystems\" \/>\n<meta property=\"article:publisher\" content=\"https:\/\/www.facebook.com\/NavSystems\" \/>\n<meta property=\"article:modified_time\" content=\"2026-04-11T10:22:26+00:00\" \/>\n<meta property=\"og:image\" content=\"https:\/\/raymarine.ee\/wp-content\/uploads\/2026\/04\/f12ba73c-fe10-4fd5-b98d-addcfcba0dc9.png\" \/>\n\t<meta property=\"og:image:width\" content=\"2000\" \/>\n\t<meta property=\"og:image:height\" content=\"2000\" \/>\n\t<meta property=\"og:image:type\" content=\"image\/png\" \/>\n<meta name=\"twitter:card\" content=\"summary_large_image\" \/>\n<meta name=\"twitter:label1\" content=\"Price\" \/>\n\t<meta name=\"twitter:data1\" content=\"43,50&nbsp;&euro;\" \/>\n\t<meta name=\"twitter:label2\" content=\"Availability\" \/>\n\t<meta name=\"twitter:data2\" content=\"In stock\" \/>\n<script type=\"application\/ld+json\" class=\"yoast-schema-graph\">{\"@context\":\"https:\\\/\\\/schema.org\",\"@graph\":[{\"@type\":\"WebPage\",\"@id\":\"https:\\\/\\\/raymarine.ee\\\/product\\\/st800-p120-kiiruserull\\\/\",\"url\":\"https:\\\/\\\/raymarine.ee\\\/product\\\/st800-p120-kiiruserull\\\/\",\"name\":\"P120 Anduri remondikomplekt: Anna uus elu ST800 P120 andurile.\",\"isPartOf\":{\"@id\":\"https:\\\/\\\/raymarine.ee\\\/#website\"},\"primaryImageOfPage\":{\"@id\":\"https:\\\/\\\/raymarine.ee\\\/product\\\/st800-p120-kiiruserull\\\/#primaryimage\"},\"image\":{\"@id\":\"https:\\\/\\\/raymarine.ee\\\/product\\\/st800-p120-kiiruserull\\\/#primaryimage\"},\"thumbnailUrl\":\"https:\\\/\\\/raymarine.ee\\\/wp-content\\\/uploads\\\/2026\\\/04\\\/f12ba73c-fe10-4fd5-b98d-addcfcba0dc9.png\",\"datePublished\":\"2026-04-11T09:14:23+00:00\",\"dateModified\":\"2026-04-11T10:22:26+00:00\",\"description\":\"Osta Raymarine ST800 P120 kiiruserulli remondikomplekt, et tagada oma anduri \u00f5ige toimimine. Komplekt sisaldab kiiruserulli, v\u00f5lli ja O-r\u00f5ngaid.\",\"breadcrumb\":{\"@id\":\"https:\\\/\\\/raymarine.ee\\\/product\\\/st800-p120-kiiruserull\\\/#breadcrumb\"},\"inLanguage\":\"en-GB\",\"potentialAction\":[{\"@type\":\"ReadAction\",\"target\":[\"https:\\\/\\\/raymarine.ee\\\/product\\\/st800-p120-kiiruserull\\\/\"]}]},{\"@type\":\"ImageObject\",\"inLanguage\":\"en-GB\",\"@id\":\"https:\\\/\\\/raymarine.ee\\\/product\\\/st800-p120-kiiruserull\\\/#primaryimage\",\"url\":\"https:\\\/\\\/raymarine.ee\\\/wp-content\\\/uploads\\\/2026\\\/04\\\/f12ba73c-fe10-4fd5-b98d-addcfcba0dc9.png\",\"contentUrl\":\"https:\\\/\\\/raymarine.ee\\\/wp-content\\\/uploads\\\/2026\\\/04\\\/f12ba73c-fe10-4fd5-b98d-addcfcba0dc9.png\",\"width\":2000,\"height\":2000},{\"@type\":\"BreadcrumbList\",\"@id\":\"https:\\\/\\\/raymarine.ee\\\/product\\\/st800-p120-kiiruserull\\\/#breadcrumb\",\"itemListElement\":[{\"@type\":\"ListItem\",\"position\":1,\"name\":\"Home\",\"item\":\"https:\\\/\\\/raymarine.ee\\\/\"},{\"@type\":\"ListItem\",\"position\":2,\"name\":\"Tooted\",\"item\":\"https:\\\/\\\/raymarine.ee\\\/shop\\\/\"},{\"@type\":\"ListItem\",\"position\":3,\"name\":\"ST800\\\/P120 anduri remondikomplekt\"}]},{\"@type\":\"WebSite\",\"@id\":\"https:\\\/\\\/raymarine.ee\\\/#website\",\"url\":\"https:\\\/\\\/raymarine.ee\\\/\",\"name\":\"www.raymarine.ee\",\"description\":\"Mereelektroonika, kaardiplotter, autopiloot, pinnipiloot, roolipiloot, radar, AIS, VHF, Smart Wind\",\"publisher\":{\"@id\":\"https:\\\/\\\/raymarine.ee\\\/#organization\"},\"alternateName\":\"Raymarine\",\"potentialAction\":[{\"@type\":\"SearchAction\",\"target\":{\"@type\":\"EntryPoint\",\"urlTemplate\":\"https:\\\/\\\/raymarine.ee\\\/?s={search_term_string}\"},\"query-input\":{\"@type\":\"PropertyValueSpecification\",\"valueRequired\":true,\"valueName\":\"search_term_string\"}}],\"inLanguage\":\"en-GB\"},{\"@type\":\"Organization\",\"@id\":\"https:\\\/\\\/raymarine.ee\\\/#organization\",\"name\":\"NavSystems O\u00dc\",\"url\":\"https:\\\/\\\/raymarine.ee\\\/\",\"logo\":{\"@type\":\"ImageObject\",\"inLanguage\":\"en-GB\",\"@id\":\"https:\\\/\\\/raymarine.ee\\\/#\\\/schema\\\/logo\\\/image\\\/\",\"url\":\"https:\\\/\\\/raymarine.ee\\\/wp-content\\\/uploads\\\/2024\\\/10\\\/Screenshot-2024-10-15-151324_bg_removed.webp\",\"contentUrl\":\"https:\\\/\\\/raymarine.ee\\\/wp-content\\\/uploads\\\/2024\\\/10\\\/Screenshot-2024-10-15-151324_bg_removed.webp\",\"width\":420,\"height\":276,\"caption\":\"NavSystems O\u00dc\"},\"image\":{\"@id\":\"https:\\\/\\\/raymarine.ee\\\/#\\\/schema\\\/logo\\\/image\\\/\"},\"sameAs\":[\"https:\\\/\\\/www.facebook.com\\\/NavSystems\"],\"legalName\":\"NavSystems O\u00dc\",\"foundingDate\":\"2011-05-03\",\"numberOfEmployees\":{\"@type\":\"QuantitativeValue\",\"minValue\":\"1\",\"maxValue\":\"10\"}}]}<\/script>\n<meta property=\"product:price:amount\" content=\"43.50\" \/>\n<meta property=\"product:price:currency\" content=\"EUR\" \/>\n<meta property=\"og:availability\" content=\"instock\" \/>\n<meta property=\"product:availability\" content=\"instock\" \/>\n<meta property=\"product:retailer_item_id\" content=\"R69015\" \/>\n<meta property=\"product:condition\" content=\"new\" \/>\n<!-- \/ Yoast SEO Premium plugin. -->","yoast_head_json":{"title":"P120 Anduri remondikomplekt: Anna uus elu ST800 P120 andurile.","description":"Osta Raymarine ST800 P120 kiiruserulli remondikomplekt, et tagada oma anduri \u00f5ige toimimine. Komplekt sisaldab kiiruserulli, v\u00f5lli ja O-r\u00f5ngaid.","robots":{"index":"index","follow":"follow","max-snippet":"max-snippet:-1","max-image-preview":"max-image-preview:large","max-video-preview":"max-video-preview:-1"},"canonical":"https:\/\/raymarine.ee\/en\/product\/st800-p120-kiiruserull\/","og_locale":"en_GB","og_type":"article","og_title":"ST800\/P120 anduri remondikomplekt","og_description":"Osta Raymarine ST800 P120 kiiruserulli remondikomplekt, et tagada oma anduri \u00f5ige toimimine. Komplekt sisaldab kiiruserulli, v\u00f5lli ja O-r\u00f5ngaid.","og_url":"https:\/\/raymarine.ee\/en\/product\/st800-p120-kiiruserull\/","og_site_name":"NavSystems","article_publisher":"https:\/\/www.facebook.com\/NavSystems","article_modified_time":"2026-04-11T10:22:26+00:00","og_image":[{"width":2000,"height":2000,"url":"https:\/\/raymarine.ee\/wp-content\/uploads\/2026\/04\/f12ba73c-fe10-4fd5-b98d-addcfcba0dc9.png","type":"image\/png"}],"twitter_card":"summary_large_image","twitter_misc":{"Price":"43,50&nbsp;&euro;","Availability":"In stock"},"schema":{"@context":"https:\/\/schema.org","@graph":[{"@type":"WebPage","@id":"https:\/\/raymarine.ee\/product\/st800-p120-kiiruserull\/","url":"https:\/\/raymarine.ee\/product\/st800-p120-kiiruserull\/","name":"P120 Anduri remondikomplekt: Anna uus elu ST800 P120 andurile.","isPartOf":{"@id":"https:\/\/raymarine.ee\/#website"},"primaryImageOfPage":{"@id":"https:\/\/raymarine.ee\/product\/st800-p120-kiiruserull\/#primaryimage"},"image":{"@id":"https:\/\/raymarine.ee\/product\/st800-p120-kiiruserull\/#primaryimage"},"thumbnailUrl":"https:\/\/raymarine.ee\/wp-content\/uploads\/2026\/04\/f12ba73c-fe10-4fd5-b98d-addcfcba0dc9.png","datePublished":"2026-04-11T09:14:23+00:00","dateModified":"2026-04-11T10:22:26+00:00","description":"Osta Raymarine ST800 P120 kiiruserulli remondikomplekt, et tagada oma anduri \u00f5ige toimimine. Komplekt sisaldab kiiruserulli, v\u00f5lli ja O-r\u00f5ngaid.","breadcrumb":{"@id":"https:\/\/raymarine.ee\/product\/st800-p120-kiiruserull\/#breadcrumb"},"inLanguage":"en-GB","potentialAction":[{"@type":"ReadAction","target":["https:\/\/raymarine.ee\/product\/st800-p120-kiiruserull\/"]}]},{"@type":"ImageObject","inLanguage":"en-GB","@id":"https:\/\/raymarine.ee\/product\/st800-p120-kiiruserull\/#primaryimage","url":"https:\/\/raymarine.ee\/wp-content\/uploads\/2026\/04\/f12ba73c-fe10-4fd5-b98d-addcfcba0dc9.png","contentUrl":"https:\/\/raymarine.ee\/wp-content\/uploads\/2026\/04\/f12ba73c-fe10-4fd5-b98d-addcfcba0dc9.png","width":2000,"height":2000},{"@type":"BreadcrumbList","@id":"https:\/\/raymarine.ee\/product\/st800-p120-kiiruserull\/#breadcrumb","itemListElement":[{"@type":"ListItem","position":1,"name":"Home","item":"https:\/\/raymarine.ee\/"},{"@type":"ListItem","position":2,"name":"Tooted","item":"https:\/\/raymarine.ee\/shop\/"},{"@type":"ListItem","position":3,"name":"ST800\/P120 anduri remondikomplekt"}]},{"@type":"WebSite","@id":"https:\/\/raymarine.ee\/#website","url":"https:\/\/raymarine.ee\/","name":"www.raymarine.ee","description":"Mereelektroonika, kaardiplotter, autopiloot, pinnipiloot, roolipiloot, radar, AIS, VHF, Smart Wind","publisher":{"@id":"https:\/\/raymarine.ee\/#organization"},"alternateName":"Raymarine","potentialAction":[{"@type":"SearchAction","target":{"@type":"EntryPoint","urlTemplate":"https:\/\/raymarine.ee\/?s={search_term_string}"},"query-input":{"@type":"PropertyValueSpecification","valueRequired":true,"valueName":"search_term_string"}}],"inLanguage":"en-GB"},{"@type":"Organization","@id":"https:\/\/raymarine.ee\/#organization","name":"NavSystems O\u00dc","url":"https:\/\/raymarine.ee\/","logo":{"@type":"ImageObject","inLanguage":"en-GB","@id":"https:\/\/raymarine.ee\/#\/schema\/logo\/image\/","url":"https:\/\/raymarine.ee\/wp-content\/uploads\/2024\/10\/Screenshot-2024-10-15-151324_bg_removed.webp","contentUrl":"https:\/\/raymarine.ee\/wp-content\/uploads\/2024\/10\/Screenshot-2024-10-15-151324_bg_removed.webp","width":420,"height":276,"caption":"NavSystems O\u00dc"},"image":{"@id":"https:\/\/raymarine.ee\/#\/schema\/logo\/image\/"},"sameAs":["https:\/\/www.facebook.com\/NavSystems"],"legalName":"NavSystems O\u00dc","foundingDate":"2011-05-03","numberOfEmployees":{"@type":"QuantitativeValue","minValue":"1","maxValue":"10"}}]},"product_price_amount":"43.50","product_price_currency":"EUR","og_availability":"instock","product_availability":"instock","product_retailer_item_id":"R69015","product_condition":"new"},"jetpack_sharing_enabled":true,"_links":{"self":[{"href":"https:\/\/raymarine.ee\/en\/wp-json\/wp\/v2\/product\/9710","targetHints":{"allow":["GET"]}}],"collection":[{"href":"https:\/\/raymarine.ee\/en\/wp-json\/wp\/v2\/product"}],"about":[{"href":"https:\/\/raymarine.ee\/en\/wp-json\/wp\/v2\/types\/product"}],"wp:featuredmedia":[{"embeddable":true,"href":"https:\/\/raymarine.ee\/en\/wp-json\/wp\/v2\/media\/9712"}],"wp:attachment":[{"href":"https:\/\/raymarine.ee\/en\/wp-json\/wp\/v2\/media?parent=9710"}],"wp:term":[{"taxonomy":"product_brand","embeddable":true,"href":"https:\/\/raymarine.ee\/en\/wp-json\/wp\/v2\/product_brand?post=9710"},{"taxonomy":"product_cat","embeddable":true,"href":"https:\/\/raymarine.ee\/en\/wp-json\/wp\/v2\/product_cat?post=9710"},{"taxonomy":"product_tag","embeddable":true,"href":"https:\/\/raymarine.ee\/en\/wp-json\/wp\/v2\/product_tag?post=9710"}],"curies":[{"name":"wp","href":"https:\/\/api.w.org\/{rel}","templated":true}]}}