{"id":9724,"date":"2026-04-11T14:12:10","date_gmt":"2026-04-11T11:12:10","guid":{"rendered":"https:\/\/raymarine.ee\/?post_type=product&#038;p=9724"},"modified":"2026-04-11T14:44:34","modified_gmt":"2026-04-11T11:44:34","slug":"rs150-pole-mount","status":"publish","type":"product","link":"https:\/\/raymarine.ee\/en\/product\/rs150-pole-mount\/","title":{"rendered":"RS150, EV1, EV2, AR200 Pole mount"},"content":{"rendered":"<h5><strong>Pole Mount on kinnitustarvik RS150 GPS antenni jaoks.<\/strong><\/h5>\n<p>See on vahel\u00fcli RS150 GPS antenni v\u00f5i EV1, EV2 autopiloodi aju paigaldamiseks. Sobib ka MicroTalk Gateway ja AR200 kompuutri jaoks. \u00dcleval servas on neli kinnitusava RS150 kinnitamiseks ja all on 1&#8243;-14 standardkeere mis sobib enamuse antennijalgade keermega.<\/p>\n<p data-start=\"607\" data-end=\"620\"><strong data-start=\"607\" data-end=\"620\">Komplektis on:<\/strong><\/p>\n<ul data-start=\"621\" data-end=\"920\">\n<li data-start=\"621\" data-end=\"670\">\n<p data-start=\"623\" data-end=\"670\">Pole mount<\/p>\n<\/li>\n<li data-start=\"671\" data-end=\"715\">\n<p data-start=\"673\" data-end=\"715\">Kinnituskruvid<\/p>\n<\/li>\n<li data-start=\"716\" data-end=\"767\">\n<p data-start=\"718\" data-end=\"767\">juhend<\/p>\n<\/li>\n<\/ul>","protected":false},"excerpt":{"rendered":"<h5><strong>Pole Mount on vahel\u00fcli 1&#8243;-14 standardkeerme ja RS150 GPS antenni vahel.<\/strong><\/h5>\n<p>See on vahel\u00fcli RS150 GPS antenni v\u00f5i EV1, EV2 autopiloodi aju paigaldamiseks. Sobib ka MicroTalk Gateway ja AR200 kompuutri jaoks. \u00dcleval servas on neli kinnitusava RS150 kinnitamiseks ja all on 1&#8243;-14 standardkeere mis sobib enamuse antennijalgade keermega.<\/p>","protected":false},"featured_media":9727,"template":"","meta":{"_acf_changed":false},"product_brand":[134],"product_cat":[72,103],"product_tag":[],"class_list":{"0":"post-9724","1":"product","2":"type-product","3":"status-publish","4":"has-post-thumbnail","6":"product_brand-raymarine","7":"product_cat-tarvikud","8":"product_cat-raymarine","10":"first","11":"instock","12":"sale","13":"taxable","14":"shipping-taxable","15":"purchasable","16":"product-type-simple"},"acf":[],"yoast_head":"<!-- This site is optimized with the Yoast SEO Premium plugin v27.5 (Yoast SEO v27.5) - https:\/\/yoast.com\/product\/yoast-seo-premium-wordpress\/ -->\n<title>Pole mount kinnitus GPS antenni ja autopiloodi EV kompuutri jaoks<\/title>\n<meta name=\"description\" content=\"Kombineerige oma RS150 GPS antenn Pole mount kinnitusega Hea v\u00f5imalus t\u00f5sta antenni katusest v\u00f5i reelingust k\u00f5rgemale. Sobib enamus antennijalgadega.\" \/>\n<meta name=\"robots\" content=\"index, follow, max-snippet:-1, max-image-preview:large, max-video-preview:-1\" \/>\n<link rel=\"canonical\" href=\"https:\/\/raymarine.ee\/en\/product\/rs150-pole-mount\/\" \/>\n<meta property=\"og:locale\" content=\"en_GB\" \/>\n<meta property=\"og:type\" content=\"article\" \/>\n<meta property=\"og:title\" content=\"RS150, EV1, EV2, AR200 Pole mount\" \/>\n<meta property=\"og:description\" content=\"Kombineerige oma RS150 GPS antenn Pole mount kinnitusega Hea v\u00f5imalus t\u00f5sta antenni katusest v\u00f5i reelingust k\u00f5rgemale. Sobib enamus antennijalgadega.\" \/>\n<meta property=\"og:url\" content=\"https:\/\/raymarine.ee\/en\/product\/rs150-pole-mount\/\" \/>\n<meta property=\"og:site_name\" content=\"NavSystems\" \/>\n<meta property=\"article:publisher\" content=\"https:\/\/www.facebook.com\/NavSystems\" \/>\n<meta property=\"article:modified_time\" content=\"2026-04-11T11:44:34+00:00\" \/>\n<meta property=\"og:image\" content=\"https:\/\/raymarine.ee\/wp-content\/uploads\/2026\/04\/ddee1f8a-9f70-4735-9464-701e32676b64.png\" \/>\n\t<meta property=\"og:image:width\" content=\"2000\" \/>\n\t<meta property=\"og:image:height\" content=\"2000\" \/>\n\t<meta property=\"og:image:type\" content=\"image\/png\" \/>\n<meta name=\"twitter:card\" content=\"summary_large_image\" \/>\n<meta name=\"twitter:label1\" content=\"Price\" \/>\n\t<meta name=\"twitter:data1\" content=\"43,00&nbsp;&euro;\" \/>\n\t<meta name=\"twitter:label2\" content=\"Availability\" \/>\n\t<meta name=\"twitter:data2\" content=\"In stock\" \/>\n<script type=\"application\/ld+json\" class=\"yoast-schema-graph\">{\"@context\":\"https:\\\/\\\/schema.org\",\"@graph\":[{\"@type\":\"WebPage\",\"@id\":\"https:\\\/\\\/raymarine.ee\\\/product\\\/rs150-pole-mount\\\/\",\"url\":\"https:\\\/\\\/raymarine.ee\\\/product\\\/rs150-pole-mount\\\/\",\"name\":\"Pole mount kinnitus GPS antenni ja autopiloodi EV kompuutri jaoks\",\"isPartOf\":{\"@id\":\"https:\\\/\\\/raymarine.ee\\\/#website\"},\"primaryImageOfPage\":{\"@id\":\"https:\\\/\\\/raymarine.ee\\\/product\\\/rs150-pole-mount\\\/#primaryimage\"},\"image\":{\"@id\":\"https:\\\/\\\/raymarine.ee\\\/product\\\/rs150-pole-mount\\\/#primaryimage\"},\"thumbnailUrl\":\"https:\\\/\\\/raymarine.ee\\\/wp-content\\\/uploads\\\/2026\\\/04\\\/ddee1f8a-9f70-4735-9464-701e32676b64.png\",\"datePublished\":\"2026-04-11T11:12:10+00:00\",\"dateModified\":\"2026-04-11T11:44:34+00:00\",\"description\":\"Kombineerige oma RS150 GPS antenn Pole mount kinnitusega Hea v\u00f5imalus t\u00f5sta antenni katusest v\u00f5i reelingust k\u00f5rgemale. Sobib enamus antennijalgadega.\",\"breadcrumb\":{\"@id\":\"https:\\\/\\\/raymarine.ee\\\/product\\\/rs150-pole-mount\\\/#breadcrumb\"},\"inLanguage\":\"en-GB\",\"potentialAction\":[{\"@type\":\"ReadAction\",\"target\":[\"https:\\\/\\\/raymarine.ee\\\/product\\\/rs150-pole-mount\\\/\"]}]},{\"@type\":\"ImageObject\",\"inLanguage\":\"en-GB\",\"@id\":\"https:\\\/\\\/raymarine.ee\\\/product\\\/rs150-pole-mount\\\/#primaryimage\",\"url\":\"https:\\\/\\\/raymarine.ee\\\/wp-content\\\/uploads\\\/2026\\\/04\\\/ddee1f8a-9f70-4735-9464-701e32676b64.png\",\"contentUrl\":\"https:\\\/\\\/raymarine.ee\\\/wp-content\\\/uploads\\\/2026\\\/04\\\/ddee1f8a-9f70-4735-9464-701e32676b64.png\",\"width\":2000,\"height\":2000},{\"@type\":\"BreadcrumbList\",\"@id\":\"https:\\\/\\\/raymarine.ee\\\/product\\\/rs150-pole-mount\\\/#breadcrumb\",\"itemListElement\":[{\"@type\":\"ListItem\",\"position\":1,\"name\":\"Home\",\"item\":\"https:\\\/\\\/raymarine.ee\\\/\"},{\"@type\":\"ListItem\",\"position\":2,\"name\":\"Tooted\",\"item\":\"https:\\\/\\\/raymarine.ee\\\/shop\\\/\"},{\"@type\":\"ListItem\",\"position\":3,\"name\":\"RS150, EV1, EV2, AR200 Pole mount\"}]},{\"@type\":\"WebSite\",\"@id\":\"https:\\\/\\\/raymarine.ee\\\/#website\",\"url\":\"https:\\\/\\\/raymarine.ee\\\/\",\"name\":\"www.raymarine.ee\",\"description\":\"Mereelektroonika, kaardiplotter, autopiloot, pinnipiloot, roolipiloot, radar, AIS, VHF, Smart Wind\",\"publisher\":{\"@id\":\"https:\\\/\\\/raymarine.ee\\\/#organization\"},\"alternateName\":\"Raymarine\",\"potentialAction\":[{\"@type\":\"SearchAction\",\"target\":{\"@type\":\"EntryPoint\",\"urlTemplate\":\"https:\\\/\\\/raymarine.ee\\\/?s={search_term_string}\"},\"query-input\":{\"@type\":\"PropertyValueSpecification\",\"valueRequired\":true,\"valueName\":\"search_term_string\"}}],\"inLanguage\":\"en-GB\"},{\"@type\":\"Organization\",\"@id\":\"https:\\\/\\\/raymarine.ee\\\/#organization\",\"name\":\"NavSystems O\u00dc\",\"url\":\"https:\\\/\\\/raymarine.ee\\\/\",\"logo\":{\"@type\":\"ImageObject\",\"inLanguage\":\"en-GB\",\"@id\":\"https:\\\/\\\/raymarine.ee\\\/#\\\/schema\\\/logo\\\/image\\\/\",\"url\":\"https:\\\/\\\/raymarine.ee\\\/wp-content\\\/uploads\\\/2024\\\/10\\\/Screenshot-2024-10-15-151324_bg_removed.webp\",\"contentUrl\":\"https:\\\/\\\/raymarine.ee\\\/wp-content\\\/uploads\\\/2024\\\/10\\\/Screenshot-2024-10-15-151324_bg_removed.webp\",\"width\":420,\"height\":276,\"caption\":\"NavSystems O\u00dc\"},\"image\":{\"@id\":\"https:\\\/\\\/raymarine.ee\\\/#\\\/schema\\\/logo\\\/image\\\/\"},\"sameAs\":[\"https:\\\/\\\/www.facebook.com\\\/NavSystems\"],\"legalName\":\"NavSystems O\u00dc\",\"foundingDate\":\"2011-05-03\",\"numberOfEmployees\":{\"@type\":\"QuantitativeValue\",\"minValue\":\"1\",\"maxValue\":\"10\"}}]}<\/script>\n<meta property=\"product:price:amount\" content=\"43.00\" \/>\n<meta property=\"product:price:currency\" content=\"EUR\" \/>\n<meta property=\"og:availability\" content=\"instock\" \/>\n<meta property=\"product:availability\" content=\"instock\" \/>\n<meta property=\"product:retailer_item_id\" content=\"A80370\" \/>\n<meta property=\"product:condition\" content=\"new\" \/>\n<!-- \/ Yoast SEO Premium plugin. -->","yoast_head_json":{"title":"Pole mount kinnitus GPS antenni ja autopiloodi EV kompuutri jaoks","description":"Kombineerige oma RS150 GPS antenn Pole mount kinnitusega Hea v\u00f5imalus t\u00f5sta antenni katusest v\u00f5i reelingust k\u00f5rgemale. Sobib enamus antennijalgadega.","robots":{"index":"index","follow":"follow","max-snippet":"max-snippet:-1","max-image-preview":"max-image-preview:large","max-video-preview":"max-video-preview:-1"},"canonical":"https:\/\/raymarine.ee\/en\/product\/rs150-pole-mount\/","og_locale":"en_GB","og_type":"article","og_title":"RS150, EV1, EV2, AR200 Pole mount","og_description":"Kombineerige oma RS150 GPS antenn Pole mount kinnitusega Hea v\u00f5imalus t\u00f5sta antenni katusest v\u00f5i reelingust k\u00f5rgemale. Sobib enamus antennijalgadega.","og_url":"https:\/\/raymarine.ee\/en\/product\/rs150-pole-mount\/","og_site_name":"NavSystems","article_publisher":"https:\/\/www.facebook.com\/NavSystems","article_modified_time":"2026-04-11T11:44:34+00:00","og_image":[{"width":2000,"height":2000,"url":"https:\/\/raymarine.ee\/wp-content\/uploads\/2026\/04\/ddee1f8a-9f70-4735-9464-701e32676b64.png","type":"image\/png"}],"twitter_card":"summary_large_image","twitter_misc":{"Price":"43,00&nbsp;&euro;","Availability":"In stock"},"schema":{"@context":"https:\/\/schema.org","@graph":[{"@type":"WebPage","@id":"https:\/\/raymarine.ee\/product\/rs150-pole-mount\/","url":"https:\/\/raymarine.ee\/product\/rs150-pole-mount\/","name":"Pole mount kinnitus GPS antenni ja autopiloodi EV kompuutri jaoks","isPartOf":{"@id":"https:\/\/raymarine.ee\/#website"},"primaryImageOfPage":{"@id":"https:\/\/raymarine.ee\/product\/rs150-pole-mount\/#primaryimage"},"image":{"@id":"https:\/\/raymarine.ee\/product\/rs150-pole-mount\/#primaryimage"},"thumbnailUrl":"https:\/\/raymarine.ee\/wp-content\/uploads\/2026\/04\/ddee1f8a-9f70-4735-9464-701e32676b64.png","datePublished":"2026-04-11T11:12:10+00:00","dateModified":"2026-04-11T11:44:34+00:00","description":"Kombineerige oma RS150 GPS antenn Pole mount kinnitusega Hea v\u00f5imalus t\u00f5sta antenni katusest v\u00f5i reelingust k\u00f5rgemale. Sobib enamus antennijalgadega.","breadcrumb":{"@id":"https:\/\/raymarine.ee\/product\/rs150-pole-mount\/#breadcrumb"},"inLanguage":"en-GB","potentialAction":[{"@type":"ReadAction","target":["https:\/\/raymarine.ee\/product\/rs150-pole-mount\/"]}]},{"@type":"ImageObject","inLanguage":"en-GB","@id":"https:\/\/raymarine.ee\/product\/rs150-pole-mount\/#primaryimage","url":"https:\/\/raymarine.ee\/wp-content\/uploads\/2026\/04\/ddee1f8a-9f70-4735-9464-701e32676b64.png","contentUrl":"https:\/\/raymarine.ee\/wp-content\/uploads\/2026\/04\/ddee1f8a-9f70-4735-9464-701e32676b64.png","width":2000,"height":2000},{"@type":"BreadcrumbList","@id":"https:\/\/raymarine.ee\/product\/rs150-pole-mount\/#breadcrumb","itemListElement":[{"@type":"ListItem","position":1,"name":"Home","item":"https:\/\/raymarine.ee\/"},{"@type":"ListItem","position":2,"name":"Tooted","item":"https:\/\/raymarine.ee\/shop\/"},{"@type":"ListItem","position":3,"name":"RS150, EV1, EV2, AR200 Pole mount"}]},{"@type":"WebSite","@id":"https:\/\/raymarine.ee\/#website","url":"https:\/\/raymarine.ee\/","name":"www.raymarine.ee","description":"Mereelektroonika, kaardiplotter, autopiloot, pinnipiloot, roolipiloot, radar, AIS, VHF, Smart Wind","publisher":{"@id":"https:\/\/raymarine.ee\/#organization"},"alternateName":"Raymarine","potentialAction":[{"@type":"SearchAction","target":{"@type":"EntryPoint","urlTemplate":"https:\/\/raymarine.ee\/?s={search_term_string}"},"query-input":{"@type":"PropertyValueSpecification","valueRequired":true,"valueName":"search_term_string"}}],"inLanguage":"en-GB"},{"@type":"Organization","@id":"https:\/\/raymarine.ee\/#organization","name":"NavSystems O\u00dc","url":"https:\/\/raymarine.ee\/","logo":{"@type":"ImageObject","inLanguage":"en-GB","@id":"https:\/\/raymarine.ee\/#\/schema\/logo\/image\/","url":"https:\/\/raymarine.ee\/wp-content\/uploads\/2024\/10\/Screenshot-2024-10-15-151324_bg_removed.webp","contentUrl":"https:\/\/raymarine.ee\/wp-content\/uploads\/2024\/10\/Screenshot-2024-10-15-151324_bg_removed.webp","width":420,"height":276,"caption":"NavSystems O\u00dc"},"image":{"@id":"https:\/\/raymarine.ee\/#\/schema\/logo\/image\/"},"sameAs":["https:\/\/www.facebook.com\/NavSystems"],"legalName":"NavSystems O\u00dc","foundingDate":"2011-05-03","numberOfEmployees":{"@type":"QuantitativeValue","minValue":"1","maxValue":"10"}}]},"product_price_amount":"43.00","product_price_currency":"EUR","og_availability":"instock","product_availability":"instock","product_retailer_item_id":"A80370","product_condition":"new"},"jetpack_sharing_enabled":true,"_links":{"self":[{"href":"https:\/\/raymarine.ee\/en\/wp-json\/wp\/v2\/product\/9724","targetHints":{"allow":["GET"]}}],"collection":[{"href":"https:\/\/raymarine.ee\/en\/wp-json\/wp\/v2\/product"}],"about":[{"href":"https:\/\/raymarine.ee\/en\/wp-json\/wp\/v2\/types\/product"}],"wp:featuredmedia":[{"embeddable":true,"href":"https:\/\/raymarine.ee\/en\/wp-json\/wp\/v2\/media\/9727"}],"wp:attachment":[{"href":"https:\/\/raymarine.ee\/en\/wp-json\/wp\/v2\/media?parent=9724"}],"wp:term":[{"taxonomy":"product_brand","embeddable":true,"href":"https:\/\/raymarine.ee\/en\/wp-json\/wp\/v2\/product_brand?post=9724"},{"taxonomy":"product_cat","embeddable":true,"href":"https:\/\/raymarine.ee\/en\/wp-json\/wp\/v2\/product_cat?post=9724"},{"taxonomy":"product_tag","embeddable":true,"href":"https:\/\/raymarine.ee\/en\/wp-json\/wp\/v2\/product_tag?post=9724"}],"curies":[{"name":"wp","href":"https:\/\/api.w.org\/{rel}","templated":true}]}}