{"id":9739,"date":"2026-04-12T06:12:33","date_gmt":"2026-04-12T03:12:33","guid":{"rendered":"https:\/\/raymarine.ee\/?post_type=product&#038;p=9739"},"modified":"2026-04-18T20:57:08","modified_gmt":"2026-04-18T17:57:08","slug":"axiom-xl-accessory-kit","status":"publish","type":"product","link":"https:\/\/raymarine.ee\/en\/product\/axiom-xl-accessory-kit\/","title":{"rendered":"AXIOM XL Accessory Kit"},"content":{"rendered":"<p>Suurep\u00e4rane lisa Axiom XL ja Axiom2 XL seeria kaardiplotteritele. Pakis on k\u00f5ik stardiks vajalikud lisaseadmed olemas. Axiom XL ja Axiom2 XL kaardiplotteritel on endal sisemine GPS moodul, aga alati on m\u00f5istlik lisada ka v\u00e4line GPS antenn. Axiom XL ja Axiom2 XL plotteritel puudub sisemine kaardilugeja ja \u00fchtegi helisignaali sealt ka ei kostu ilma v\u00e4lise alarm summerita. Analoog video teise kanali jaoks on kaasas eraldi Video IN &#8211; Alarm OUT kaabel. \u00dcks analoog video sisend on Axiom XL seeria kaardiplotteritel juba toitekaablis olemas.<\/p>\n<p>Komplekt sisaldab:<\/p>\n<ul>\n<li>1x alarm summer<\/li>\n<li>1x GPS antenn GA150<\/li>\n<li>1x SD\/mSD kaardilugeja (USB-ga)<\/li>\n<li>1x Video sisse \/ Alarm v\u00e4lja kaabel<\/li>\n<\/ul>","protected":false},"excerpt":{"rendered":"<p>Suurep\u00e4rane lisa Axiom XL ja Axiom2 XL seeria kaardiplotteritele. Pakis on k\u00f5ik stardiks vajalikud lisaseadmed olemas. Axiom XL ja Axiom2 XL kaardiplotteritel on endal sisemine GPS moodul, aga alati on m\u00f5istlik lisada ka v\u00e4line GPS antenn. Axiom XL ja Axiom2 XL plotteritel puudub sisemine kaardilugeja ja \u00fchtegi helisignaali sealt ka ei kostu ilma v\u00e4lise alarm summerita. Analoog video teise kanali jaoks on kaasas eraldi Video IN &#8211; Alarm OUT kaabel.<\/p>","protected":false},"featured_media":9743,"template":"","meta":{"_acf_changed":false},"product_brand":[134],"product_cat":[59],"product_tag":[],"class_list":{"0":"post-9739","1":"product","2":"type-product","3":"status-publish","4":"has-post-thumbnail","6":"product_brand-raymarine","7":"product_cat-axiom_xl","9":"first","10":"instock","11":"sale","12":"taxable","13":"shipping-taxable","14":"purchasable","15":"product-type-simple"},"acf":[],"yoast_head":"<!-- This site is optimized with the Yoast SEO Premium plugin v27.5 (Yoast SEO v27.5) - https:\/\/yoast.com\/product\/yoast-seo-premium-wordpress\/ -->\n<title>AXIOM XL Accessory Kit - NavSystems Mereelektroonika<\/title>\n<meta name=\"description\" content=\"Viige oma Axiom XL kaardiplotter j\u00e4rgmisele tasemele Axiom XL Accessory Kit abil! K\u00f5ik vajalikud Axiom XL lisatarvikud \u00fches pakis \ud83c\udf1f.\" \/>\n<meta name=\"robots\" content=\"index, follow, max-snippet:-1, max-image-preview:large, max-video-preview:-1\" \/>\n<link rel=\"canonical\" href=\"https:\/\/raymarine.ee\/en\/product\/axiom-xl-accessory-kit\/\" \/>\n<meta property=\"og:locale\" content=\"en_GB\" \/>\n<meta property=\"og:type\" content=\"article\" \/>\n<meta property=\"og:title\" content=\"AXIOM XL Accessory Kit\" \/>\n<meta property=\"og:description\" content=\"Viige oma Axiom XL kaardiplotter j\u00e4rgmisele tasemele Axiom XL Accessory Kit abil! K\u00f5ik vajalikud Axiom XL lisatarvikud \u00fches pakis \ud83c\udf1f.\" \/>\n<meta property=\"og:url\" content=\"https:\/\/raymarine.ee\/en\/product\/axiom-xl-accessory-kit\/\" \/>\n<meta property=\"og:site_name\" content=\"NavSystems\" \/>\n<meta property=\"article:publisher\" content=\"https:\/\/www.facebook.com\/NavSystems\" \/>\n<meta property=\"article:modified_time\" content=\"2026-04-18T17:57:08+00:00\" \/>\n<meta property=\"og:image\" content=\"https:\/\/raymarine.ee\/wp-content\/uploads\/2026\/04\/c83d0892-2ea8-4787-8fa5-da25098ad052.png\" \/>\n\t<meta property=\"og:image:width\" content=\"2000\" \/>\n\t<meta property=\"og:image:height\" content=\"2000\" \/>\n\t<meta property=\"og:image:type\" content=\"image\/png\" \/>\n<meta name=\"twitter:card\" content=\"summary_large_image\" \/>\n<meta name=\"twitter:label1\" content=\"Price\" \/>\n\t<meta name=\"twitter:data1\" content=\"256,43&nbsp;&euro;\" \/>\n\t<meta name=\"twitter:label2\" content=\"Availability\" \/>\n\t<meta name=\"twitter:data2\" content=\"In stock\" \/>\n<script type=\"application\/ld+json\" class=\"yoast-schema-graph\">{\"@context\":\"https:\\\/\\\/schema.org\",\"@graph\":[{\"@type\":\"WebPage\",\"@id\":\"https:\\\/\\\/raymarine.ee\\\/product\\\/axiom-xl-accessory-kit\\\/\",\"url\":\"https:\\\/\\\/raymarine.ee\\\/product\\\/axiom-xl-accessory-kit\\\/\",\"name\":\"AXIOM XL Accessory Kit - NavSystems Mereelektroonika\",\"isPartOf\":{\"@id\":\"https:\\\/\\\/raymarine.ee\\\/#website\"},\"primaryImageOfPage\":{\"@id\":\"https:\\\/\\\/raymarine.ee\\\/product\\\/axiom-xl-accessory-kit\\\/#primaryimage\"},\"image\":{\"@id\":\"https:\\\/\\\/raymarine.ee\\\/product\\\/axiom-xl-accessory-kit\\\/#primaryimage\"},\"thumbnailUrl\":\"https:\\\/\\\/raymarine.ee\\\/wp-content\\\/uploads\\\/2026\\\/04\\\/c83d0892-2ea8-4787-8fa5-da25098ad052.png\",\"datePublished\":\"2026-04-12T03:12:33+00:00\",\"dateModified\":\"2026-04-18T17:57:08+00:00\",\"description\":\"Viige oma Axiom XL kaardiplotter j\u00e4rgmisele tasemele Axiom XL Accessory Kit abil! K\u00f5ik vajalikud Axiom XL lisatarvikud \u00fches pakis \ud83c\udf1f.\",\"breadcrumb\":{\"@id\":\"https:\\\/\\\/raymarine.ee\\\/product\\\/axiom-xl-accessory-kit\\\/#breadcrumb\"},\"inLanguage\":\"en-GB\",\"potentialAction\":[{\"@type\":\"ReadAction\",\"target\":[\"https:\\\/\\\/raymarine.ee\\\/product\\\/axiom-xl-accessory-kit\\\/\"]}]},{\"@type\":\"ImageObject\",\"inLanguage\":\"en-GB\",\"@id\":\"https:\\\/\\\/raymarine.ee\\\/product\\\/axiom-xl-accessory-kit\\\/#primaryimage\",\"url\":\"https:\\\/\\\/raymarine.ee\\\/wp-content\\\/uploads\\\/2026\\\/04\\\/c83d0892-2ea8-4787-8fa5-da25098ad052.png\",\"contentUrl\":\"https:\\\/\\\/raymarine.ee\\\/wp-content\\\/uploads\\\/2026\\\/04\\\/c83d0892-2ea8-4787-8fa5-da25098ad052.png\",\"width\":2000,\"height\":2000},{\"@type\":\"BreadcrumbList\",\"@id\":\"https:\\\/\\\/raymarine.ee\\\/product\\\/axiom-xl-accessory-kit\\\/#breadcrumb\",\"itemListElement\":[{\"@type\":\"ListItem\",\"position\":1,\"name\":\"Home\",\"item\":\"https:\\\/\\\/raymarine.ee\\\/\"},{\"@type\":\"ListItem\",\"position\":2,\"name\":\"Tooted\",\"item\":\"https:\\\/\\\/raymarine.ee\\\/shop\\\/\"},{\"@type\":\"ListItem\",\"position\":3,\"name\":\"AXIOM XL Accessory Kit\"}]},{\"@type\":\"WebSite\",\"@id\":\"https:\\\/\\\/raymarine.ee\\\/#website\",\"url\":\"https:\\\/\\\/raymarine.ee\\\/\",\"name\":\"www.raymarine.ee\",\"description\":\"Mereelektroonika, kaardiplotter, autopiloot, pinnipiloot, roolipiloot, radar, AIS, VHF, Smart Wind\",\"publisher\":{\"@id\":\"https:\\\/\\\/raymarine.ee\\\/#organization\"},\"alternateName\":\"Raymarine\",\"potentialAction\":[{\"@type\":\"SearchAction\",\"target\":{\"@type\":\"EntryPoint\",\"urlTemplate\":\"https:\\\/\\\/raymarine.ee\\\/?s={search_term_string}\"},\"query-input\":{\"@type\":\"PropertyValueSpecification\",\"valueRequired\":true,\"valueName\":\"search_term_string\"}}],\"inLanguage\":\"en-GB\"},{\"@type\":\"Organization\",\"@id\":\"https:\\\/\\\/raymarine.ee\\\/#organization\",\"name\":\"NavSystems O\u00dc\",\"url\":\"https:\\\/\\\/raymarine.ee\\\/\",\"logo\":{\"@type\":\"ImageObject\",\"inLanguage\":\"en-GB\",\"@id\":\"https:\\\/\\\/raymarine.ee\\\/#\\\/schema\\\/logo\\\/image\\\/\",\"url\":\"https:\\\/\\\/raymarine.ee\\\/wp-content\\\/uploads\\\/2024\\\/10\\\/Screenshot-2024-10-15-151324_bg_removed.webp\",\"contentUrl\":\"https:\\\/\\\/raymarine.ee\\\/wp-content\\\/uploads\\\/2024\\\/10\\\/Screenshot-2024-10-15-151324_bg_removed.webp\",\"width\":420,\"height\":276,\"caption\":\"NavSystems O\u00dc\"},\"image\":{\"@id\":\"https:\\\/\\\/raymarine.ee\\\/#\\\/schema\\\/logo\\\/image\\\/\"},\"sameAs\":[\"https:\\\/\\\/www.facebook.com\\\/NavSystems\"],\"legalName\":\"NavSystems O\u00dc\",\"foundingDate\":\"2011-05-03\",\"numberOfEmployees\":{\"@type\":\"QuantitativeValue\",\"minValue\":\"1\",\"maxValue\":\"10\"}}]}<\/script>\n<meta property=\"product:price:amount\" content=\"256.43\" \/>\n<meta property=\"product:price:currency\" content=\"EUR\" \/>\n<meta property=\"og:availability\" content=\"instock\" \/>\n<meta property=\"product:availability\" content=\"instock\" \/>\n<meta property=\"product:retailer_item_id\" content=\"T70431\" \/>\n<meta property=\"product:condition\" content=\"new\" \/>\n<!-- \/ Yoast SEO Premium plugin. -->","yoast_head_json":{"title":"AXIOM XL Accessory Kit - NavSystems Mereelektroonika","description":"Viige oma Axiom XL kaardiplotter j\u00e4rgmisele tasemele Axiom XL Accessory Kit abil! K\u00f5ik vajalikud Axiom XL lisatarvikud \u00fches pakis \ud83c\udf1f.","robots":{"index":"index","follow":"follow","max-snippet":"max-snippet:-1","max-image-preview":"max-image-preview:large","max-video-preview":"max-video-preview:-1"},"canonical":"https:\/\/raymarine.ee\/en\/product\/axiom-xl-accessory-kit\/","og_locale":"en_GB","og_type":"article","og_title":"AXIOM XL Accessory Kit","og_description":"Viige oma Axiom XL kaardiplotter j\u00e4rgmisele tasemele Axiom XL Accessory Kit abil! K\u00f5ik vajalikud Axiom XL lisatarvikud \u00fches pakis \ud83c\udf1f.","og_url":"https:\/\/raymarine.ee\/en\/product\/axiom-xl-accessory-kit\/","og_site_name":"NavSystems","article_publisher":"https:\/\/www.facebook.com\/NavSystems","article_modified_time":"2026-04-18T17:57:08+00:00","og_image":[{"width":2000,"height":2000,"url":"https:\/\/raymarine.ee\/wp-content\/uploads\/2026\/04\/c83d0892-2ea8-4787-8fa5-da25098ad052.png","type":"image\/png"}],"twitter_card":"summary_large_image","twitter_misc":{"Price":"256,43&nbsp;&euro;","Availability":"In stock"},"schema":{"@context":"https:\/\/schema.org","@graph":[{"@type":"WebPage","@id":"https:\/\/raymarine.ee\/product\/axiom-xl-accessory-kit\/","url":"https:\/\/raymarine.ee\/product\/axiom-xl-accessory-kit\/","name":"AXIOM XL Accessory Kit - NavSystems Mereelektroonika","isPartOf":{"@id":"https:\/\/raymarine.ee\/#website"},"primaryImageOfPage":{"@id":"https:\/\/raymarine.ee\/product\/axiom-xl-accessory-kit\/#primaryimage"},"image":{"@id":"https:\/\/raymarine.ee\/product\/axiom-xl-accessory-kit\/#primaryimage"},"thumbnailUrl":"https:\/\/raymarine.ee\/wp-content\/uploads\/2026\/04\/c83d0892-2ea8-4787-8fa5-da25098ad052.png","datePublished":"2026-04-12T03:12:33+00:00","dateModified":"2026-04-18T17:57:08+00:00","description":"Viige oma Axiom XL kaardiplotter j\u00e4rgmisele tasemele Axiom XL Accessory Kit abil! K\u00f5ik vajalikud Axiom XL lisatarvikud \u00fches pakis \ud83c\udf1f.","breadcrumb":{"@id":"https:\/\/raymarine.ee\/product\/axiom-xl-accessory-kit\/#breadcrumb"},"inLanguage":"en-GB","potentialAction":[{"@type":"ReadAction","target":["https:\/\/raymarine.ee\/product\/axiom-xl-accessory-kit\/"]}]},{"@type":"ImageObject","inLanguage":"en-GB","@id":"https:\/\/raymarine.ee\/product\/axiom-xl-accessory-kit\/#primaryimage","url":"https:\/\/raymarine.ee\/wp-content\/uploads\/2026\/04\/c83d0892-2ea8-4787-8fa5-da25098ad052.png","contentUrl":"https:\/\/raymarine.ee\/wp-content\/uploads\/2026\/04\/c83d0892-2ea8-4787-8fa5-da25098ad052.png","width":2000,"height":2000},{"@type":"BreadcrumbList","@id":"https:\/\/raymarine.ee\/product\/axiom-xl-accessory-kit\/#breadcrumb","itemListElement":[{"@type":"ListItem","position":1,"name":"Home","item":"https:\/\/raymarine.ee\/"},{"@type":"ListItem","position":2,"name":"Tooted","item":"https:\/\/raymarine.ee\/shop\/"},{"@type":"ListItem","position":3,"name":"AXIOM XL Accessory Kit"}]},{"@type":"WebSite","@id":"https:\/\/raymarine.ee\/#website","url":"https:\/\/raymarine.ee\/","name":"www.raymarine.ee","description":"Mereelektroonika, kaardiplotter, autopiloot, pinnipiloot, roolipiloot, radar, AIS, VHF, Smart Wind","publisher":{"@id":"https:\/\/raymarine.ee\/#organization"},"alternateName":"Raymarine","potentialAction":[{"@type":"SearchAction","target":{"@type":"EntryPoint","urlTemplate":"https:\/\/raymarine.ee\/?s={search_term_string}"},"query-input":{"@type":"PropertyValueSpecification","valueRequired":true,"valueName":"search_term_string"}}],"inLanguage":"en-GB"},{"@type":"Organization","@id":"https:\/\/raymarine.ee\/#organization","name":"NavSystems O\u00dc","url":"https:\/\/raymarine.ee\/","logo":{"@type":"ImageObject","inLanguage":"en-GB","@id":"https:\/\/raymarine.ee\/#\/schema\/logo\/image\/","url":"https:\/\/raymarine.ee\/wp-content\/uploads\/2024\/10\/Screenshot-2024-10-15-151324_bg_removed.webp","contentUrl":"https:\/\/raymarine.ee\/wp-content\/uploads\/2024\/10\/Screenshot-2024-10-15-151324_bg_removed.webp","width":420,"height":276,"caption":"NavSystems O\u00dc"},"image":{"@id":"https:\/\/raymarine.ee\/#\/schema\/logo\/image\/"},"sameAs":["https:\/\/www.facebook.com\/NavSystems"],"legalName":"NavSystems O\u00dc","foundingDate":"2011-05-03","numberOfEmployees":{"@type":"QuantitativeValue","minValue":"1","maxValue":"10"}}]},"product_price_amount":"256.43","product_price_currency":"EUR","og_availability":"instock","product_availability":"instock","product_retailer_item_id":"T70431","product_condition":"new"},"jetpack_sharing_enabled":true,"_links":{"self":[{"href":"https:\/\/raymarine.ee\/en\/wp-json\/wp\/v2\/product\/9739","targetHints":{"allow":["GET"]}}],"collection":[{"href":"https:\/\/raymarine.ee\/en\/wp-json\/wp\/v2\/product"}],"about":[{"href":"https:\/\/raymarine.ee\/en\/wp-json\/wp\/v2\/types\/product"}],"wp:featuredmedia":[{"embeddable":true,"href":"https:\/\/raymarine.ee\/en\/wp-json\/wp\/v2\/media\/9743"}],"wp:attachment":[{"href":"https:\/\/raymarine.ee\/en\/wp-json\/wp\/v2\/media?parent=9739"}],"wp:term":[{"taxonomy":"product_brand","embeddable":true,"href":"https:\/\/raymarine.ee\/en\/wp-json\/wp\/v2\/product_brand?post=9739"},{"taxonomy":"product_cat","embeddable":true,"href":"https:\/\/raymarine.ee\/en\/wp-json\/wp\/v2\/product_cat?post=9739"},{"taxonomy":"product_tag","embeddable":true,"href":"https:\/\/raymarine.ee\/en\/wp-json\/wp\/v2\/product_tag?post=9739"}],"curies":[{"name":"wp","href":"https:\/\/api.w.org\/{rel}","templated":true}]}}