{"id":8535,"date":"2024-11-27T21:56:13","date_gmt":"2024-11-27T21:56:13","guid":{"rendered":"https:\/\/raymarine.ee\/?page_id=5952"},"modified":"2026-04-28T09:52:07","modified_gmt":"2026-04-28T06:52:07","slug":"palvelut","status":"publish","type":"page","link":"https:\/\/raymarine.ee\/fi\/teenused\/","title":{"rendered":"Palvelut"},"content":{"rendered":"<div data-elementor-type=\"wp-page\" data-elementor-id=\"8535\" class=\"elementor elementor-8535\" data-elementor-post-type=\"page\">\n\t\t\t\t<div class=\"elementor-element elementor-element-5121a40c e-flex e-con-boxed e-con e-parent\" data-id=\"5121a40c\" data-element_type=\"container\" data-e-type=\"container\" data-settings=\"{&quot;background_background&quot;:&quot;classic&quot;}\">\n\t\t\t\t\t<div class=\"e-con-inner\">\n\t\t<div class=\"elementor-element elementor-element-1c8bc619 e-con-full e-flex e-con e-child\" data-id=\"1c8bc619\" data-element_type=\"container\" data-e-type=\"container\" data-settings=\"{&quot;background_background&quot;:&quot;classic&quot;}\">\n\t\t\t\t<div class=\"elementor-element elementor-element-177bdc0c elementor-widget elementor-widget-heading\" data-id=\"177bdc0c\" data-element_type=\"widget\" data-e-type=\"widget\" data-widget_type=\"heading.default\">\n\t\t\t\t<div class=\"elementor-widget-container\">\n\t\t\t\t\t<h6 class=\"elementor-heading-title elementor-size-default\">Palvelut<\/h6>\t\t\t\t<\/div>\n\t\t\t\t<\/div>\n\t\t\t\t<div class=\"elementor-element elementor-element-1937bf7e elementor-widget__width-initial elementor-widget elementor-widget-text-editor\" data-id=\"1937bf7e\" data-element_type=\"widget\" data-e-type=\"widget\" data-widget_type=\"text-editor.default\">\n\t\t\t\t<div class=\"elementor-widget-container\">\n\t\t\t\t\t\t\t\t\t<p><a href=\"http:\/\/raymarine.eu\" target=\"_blank\" rel=\"noopener\"><img decoding=\"async\" class=\"size-full wp-image-7126 alignright\" src=\"https:\/\/navsystems.shop\/wp-content\/uploads\/2025\/02\/raymarineLogo1x.jpg\" alt=\"\" width=\"300\" height=\"75\" \/><\/a><\/p><p><strong>Tarjotut tuotteet ja palvelut<\/strong><\/p><p><a style=\"font-style: inherit; font-weight: inherit; font-family: var( --e-global-typography-text-font-family ), Sans-serif; background-color: #ffffff; text-align: var(--text-align);\" href=\"http:\/\/www.raymarine.eu\/\" target=\"_blank\" rel=\"noopener\">Raymarine<\/a><span style=\"font-style: inherit; font-weight: inherit; color: var( --e-global-color-primary ); font-family: var( --e-global-typography-text-font-family ), Sans-serif; text-align: var(--text-align);\"> merielektroniikan myynti ja tukkumyynti. <\/span><\/p><p><span style=\"font-style: inherit; font-weight: inherit; color: var( --e-global-color-primary ); font-family: var( --e-global-typography-text-font-family ), Sans-serif; text-align: var(--text-align);\">Lataa <a href=\"https:\/\/raymarine.ee\/wp-content\/uploads\/2026\/04\/Raymarine-2026-V2-UK-EURO-PRICE-LIST.pdf\" target=\"_blank\" rel=\"noopener\">Raymarinen hinnasto 2026-V2<\/a>\u00a0HUOM! ALV 0%<\/span><\/p><p><a href=\"http:\/\/www.mastervolt.com\/\" target=\"_blank\" rel=\"noopener\">Mastervolt<\/a>\u00a0laitteiden ja tarvikkeiden myynti.\u00a0 <a href=\"https:\/\/www.raymarine.com\/en-gb\/support\/product-registration\" target=\"_blank\" rel=\"noopener\"><img decoding=\"async\" class=\"size-medium wp-image-7049 alignright\" src=\"https:\/\/navsystems.shop\/wp-content\/uploads\/2025\/02\/ProductWarranty-300x144.jpg\" alt=\"TuoteTakuu\" width=\"300\" height=\"144\" \/><\/a><\/p><p><a href=\"http:\/\/www.glomex.it\/leisure\/eng\/\" target=\"_blank\" rel=\"noopener\">Glomex<\/a> merenkulun antennien ja tarvikkeiden myynti ja tukkumyynti.<\/p><p><a href=\"https:\/\/maps.garmin.com\/et-EE\/marine?maps=another-brand&amp;overlay=false&amp;key=ud9dkcr9wk53\" target=\"_blank\" rel=\"noopener\">Navionics<\/a>\u00a0elektronisten merikarttojen myynti ja tukkumyynti.<\/p><p>Lataa Navionics <a href=\"https:\/\/navsystems.shop\/wp-content\/uploads\/2025\/02\/Navionics-allalaetavate-merekaartide-juhend.pdf\" target=\"_blank\" rel=\"noopener\">Ladattavissa osoitteesta<\/a> ja <a href=\"https:\/\/navsystems.shop\/wp-content\/uploads\/2025\/02\/Navionics-uuenduskaardi-juhend.pdf\" target=\"_blank\" rel=\"noopener\">P\u00e4ivit\u00e4 kortti<\/a> ohjeet.<\/p><p><a href=\"https:\/\/osukl.com\/\" target=\"_blank\" rel=\"noopener\">Oceanic Systems<\/a>\u00a0NMEA2000-anturit, -l\u00e4hettimet ja -ohjaimet.<\/p><p>Raymarinen merielektroniikkaohjelmiston ja -laitteiston p\u00e4ivitt\u00e4minen.<\/p><p>Raymarinen merielektroniikan huolto, korjaus ja takuukorjaus.<\/p><p>Raymarinen merielektroniikan tuotetuki, neuvonta ja konsultointi.<\/p><p>Navionics merikarttojen myynti ja uusiminen. Autamme sinua valitsemaan oikean merikartan.<\/p><p>Raymarine LightHouse -merikartat myyt\u00e4v\u00e4n\u00e4 ja tukkukaupassa. Autamme sinua valitsemaan oikean merikartan.<\/p><p>MMSI-numeron lis\u00e4\u00e4minen ja poistaminen Raymarinen VHF-radiopuhelimia ja AIS-laitteita varten.<\/p><p>VHF-radiot ja AIS-transponderit, joista voimme poistaa MMSI-numeron: VHF Ray54,<\/p><p>Ray49, Ray55, Ray218, Ray50, Ray60, Ray70, AIS500\/650\/700. Varusteet on tuotava mukaan!<\/p><p>Kaikki palvelut on varattava etuk\u00e4teen. Odotusajat voivat olla pidempi\u00e4 kev\u00e4tkes\u00e4ll\u00e4. My\u00f6s toukokuun alku on yleinen<\/p><p>navigointikauden alku, mink\u00e4 vuoksi joidenkin laitteiden toimitusajat voivat olla tavallista pidempi\u00e4.<\/p><p>Raymarinen virolainen neuvontapuhelin +372 508 8768 on avoinna ymp\u00e4ri vuoden, joka arkip\u00e4iv\u00e4 klo 09.00-17.00.<\/p><p>Piritan toimisto on suljettu, mutta verkkokauppa, tiedotuslinja, takuu, puhelimet ja s\u00e4hk\u00f6postit toimivat normaalisti. HUOM: Maailmalla vallitseva levoton tilanne vaikuttaa tuotanto- ja toimitusaikoihin. Kaikkien, jotka haluavat viel\u00e4 tilata tarvitsemansa t\u00e4lle kaudelle, on syyt\u00e4 mietti\u00e4 asioita tarkkaan ja tehd\u00e4 p\u00e4\u00e4t\u00f6s mahdollisimman pian.<\/p><p>Suositeltava kuljetustapa on kuriiri, mutta voit silti noutaa tilauksesi itse!<\/p><p>Lis\u00e4ohjeet l\u00e4hetet\u00e4\u00e4n sinulle tilausvahvistuksen yhteydess\u00e4.<\/p><p><span style=\"color: #b22222;\">Voit vapaasti k\u00e4ytt\u00e4\u00e4 yhteydenottolomakettamme\u00a0<\/span><span style=\"color: #b22222;\">palvelua ja pysy terveen\u00e4!\u00a0<\/span><span style=\"color: #b22222;\">\u00a0<\/span><span style=\"color: #ffffff; font-style: inherit; font-weight: inherit; font-family: var( --e-global-typography-text-font-family ), Sans-serif; text-align: var(--text-align);\">odidele, sonar, kaikuluotaimet, kaiku,<\/span><\/p><p><strong>Palvelu:\u00a0<\/strong><\/p><p>Puhelinkonsultaation ensimm\u00e4iset 10 minuuttia ovat maksuttomia, ja sen j\u00e4lkeen jokainen 30 minuutin lis\u00e4aika maksaa 37,20 euroa.<\/p><p>Haasteen hinta on 37,20 euroa + 1,24 euroa kilometrilt\u00e4. Tuntihinta alkaa 80,60 \u20ac\/tunti ja riippuu ty\u00f6n luonteesta.<\/p><p><strong>Asennus:\u00a0<\/strong><\/p><p>02.2022 alkaen emme en\u00e4\u00e4 asenna. Verkkokauppa, myynti, tukkukauppa, tekninen tuki, konsultointi, asennusapu, viat ja kaikki muu toimii edelleen palveluna kuten ennenkin. T\u00e4m\u00e4 muutos johtuu pitk\u00e4lti siit\u00e4, ett\u00e4 kaikilla veneill\u00e4 on oltava oma huoltotiimi, joka tuntee veneen historian ja tekee kaikki ty\u00f6t. Silloin veneenomistajan syd\u00e4n on tyytyv\u00e4inen ja huolto- ja asennusyrityksill\u00e4 on enemm\u00e4n mahdollisuuksia kehitty\u00e4. Itse asiassa t\u00e4m\u00e4 on elint\u00e4rke\u00e4\u00e4, sill\u00e4 veneenomistajan, joka ei ole viel\u00e4 ymm\u00e4rt\u00e4nyt t\u00e4t\u00e4 ja valitsee aina ensimm\u00e4isen s\u00e4\u00e4st\u00f6vaihtoehdon, pit\u00e4isi mietti\u00e4 asioita selvin p\u00e4in. Muuten k\u00e4y niin kuin nyt, ett\u00e4 yksi rakentaa ja toinen hajottaa, ja koko ajan riidell\u00e4\u00e4n ja kaikki osapuolet osoittavat toisiaan sormella. Jos sinulla ei ole viel\u00e4 omaa huoltotiimi\u00e4, voimme suositella yht\u00e4 nykyisist\u00e4 yhteisty\u00f6kumppaneistamme. Te teette omat j\u00e4rjestelyt ja hoidatte laskutuksen. Voit tietysti tehd\u00e4 ty\u00f6t my\u00f6s itse tai tehd\u00e4 yhteisty\u00f6t\u00e4 valitsemasi p\u00e4tev\u00e4n asennusyrityksen kanssa. Uusien laitteiden asennusta kannattaa mietti\u00e4 huolellisesti etuk\u00e4teen. Virosta hankittujen laitteiden osalta neuvomme sinua prosessissa. Kaikkien, jotka ovat pit\u00e4neet n\u00e4enn\u00e4isesti \u201cparempaa hintaa\u201d parempana kuin yli 22 vuoden kokemustamme ja tiet\u00e4myst\u00e4mme ja jotka ovat ostaneet Raymarine-navigointilaitteita Viron ulkopuolelta, on syyt\u00e4 ottaa yhteytt\u00e4 tuotteen myyj\u00e4\u00e4n, jos heill\u00e4 on kysytt\u00e4v\u00e4\u00e4. Jos onnistut ottamaan yhteytt\u00e4 ulkomaiseen verkkokauppaan, he auttavat sinua varmasti mielell\u00e4\u00e4n mahdollisuuksiensa mukaan.<\/p><p><strong>Takuu:\u00a0<\/strong><\/p><p>Takuukorvaustapauksessa autamme sinua aina, voit toimittaa meille mink\u00e4 tahansa Raymarine-tuotteen, joka on ostettu mist\u00e4 tahansa p\u00e4in maailmaa ja jolla on voimassa oleva takuu. Oikea ostotodistus vaaditaan. Ostotosite on l\u00e4hetett\u00e4v\u00e4 meille etuk\u00e4teen s\u00e4hk\u00f6postitse, jotta voimme tarkistaa siin\u00e4 ilmoitetun tuotteen historian. Koska kaikki ovat nyky\u00e4\u00e4n hyvin \u201c\u00e4lykk\u00e4it\u00e4\u201d, kerromme etuk\u00e4teen, ett\u00e4 kopiota pankkisiirrosta, josta n\u00e4kee vain, ett\u00e4 rahat on siirretty joltain toiselle tai ett\u00e4 rahat ovat ryppyotsaisia, ei hyv\u00e4ksyt\u00e4.<br \/>pelkk\u00e4 shekki, jossa lukee \u201cnavigointilaitteet\u201d, ei ole todiste ostosta. Vaadittu asiakirja on lasku, joka on t\u00e4ytett\u00e4v\u00e4 asianmukaisesti ja jossa on oltava kaikki tarvittavat ja selv\u00e4sti luettavissa olevat numerot. Laskussa on mainittava laillinen myyj\u00e4, laskun p\u00e4iv\u00e4m\u00e4\u00e4r\u00e4, viallisen laitteen tuotenumero, tuotteen nimi ja sarjanumero.<\/p><p>Takuu ei kata mekaanisia vaurioita tai salamavaurioita eik\u00e4 ylij\u00e4nnitevaurioita. T\u00e4llaisissa tapauksissa kiinte\u00e4hintainen korjaus on mahdollinen. T\u00e4m\u00e4 palvelu ei ole halpa, mutta se on halvempi kuin uusi laite. Siit\u00e4, onko se j\u00e4rkev\u00e4\u00e4 vai ei, keskustellaan kanssasi. Jokaisella laitteella on erilainen korjaushinta, ja sit\u00e4 on aina kysytt\u00e4v\u00e4 tapauskohtaisesti. Tarkkaa vastausta varten tarvitaan Raymarinen tuotenumero ja lyhyt kuvaus viasta.<\/p><p>Kaikki hinnat sis\u00e4lt\u00e4v\u00e4t Viron arvonlis\u00e4veron 24%. Maksu voidaan suorittaa pankkisiirrolla ja paikan p\u00e4\u00e4ll\u00e4 k\u00e4teisell\u00e4 tai pankkikortilla. Voit maksaa... <a href=\"https:\/\/eur01.safelinks.protection.outlook.com\/?url=https%3A%2F%2Fmaksekeskus.ee%2Fservice%2Fkaardimaksed%2F&amp;data=05%7C02%7Civar%40navsystems.ee%7C4b2993653ba549234c0a08dd4b6adfa8%7Ca32f5709604d4fc4874b2df128ef12b1%7C0%7C0%7C638749644575923633%7CUnknown%7CTWFpbGZsb3d8eyJFbXB0eU1hcGkiOnRydWUsIlYiOiIwLjAuMDAwMCIsIlAiOiJXaW4zMiIsIkFOIjoiTWFpbCIsIldUIjoyfQ%3D%3D%7C0%7C%7C%7C&amp;sdata=tvCutWV5V0gV3phDd59YqVLxBIejflILdyHj19hJnP8%3D&amp;reserved=0\">Visa\/MasterCard<\/a>, maksut.<\/p><p>Voit my\u00f6s maksaa laskulla verkkokaupassa ja Maksukeskus-sovelluksen kautta tilisiirrolla, luottokortilla ja pankkisiirrolla. <a href=\"https:\/\/eur01.safelinks.protection.outlook.com\/?url=https%3A%2F%2Fmaksekeskus.ee%2Fservice%2Fapple-pay%2F&amp;data=05%7C02%7Civar%40navsystems.ee%7C4b2993653ba549234c0a08dd4b6adfa8%7Ca32f5709604d4fc4874b2df128ef12b1%7C0%7C0%7C638749644575945117%7CUnknown%7CTWFpbGZsb3d8eyJFbXB0eU1hcGkiOnRydWUsIlYiOiIwLjAuMDAwMCIsIlAiOiJXaW4zMiIsIkFOIjoiTWFpbCIsIldUIjoyfQ%3D%3D%7C0%7C%7C%7C&amp;sdata=T6e5Df4hjZ4iI%2B9owjDJZBOMce9V%2BPoeFWv9Wg8WINk%3D&amp;reserved=0\">Apple Pay ja Google Pay<\/a> -...kanssa.<\/p><p><strong>NB!<\/strong> Pirita Marina Hotel &amp; SPA: Purje 9, Tallinna 11911. <span style=\"color: #ba0606;\">toimisto on suljettu<\/span>.<br \/>Nopein tapa ottaa meihin yhteytt\u00e4 on soittaa numeroon +372 508 8768.<br \/>Kaikki muu, mit\u00e4 sinun on tiedett\u00e4v\u00e4, on siell\u00e4\u00a0<a href=\"https:\/\/raymarine.ee\/kontakt\/\">yhteystiedot<\/a>\u00a0kaikki.<\/p><p><strong>Sananlasku sanoo:\u00a0<\/strong><span style=\"color: #ffffff;\">echo-plot<\/span><em><strong><big><code><samp><var>Rautaa kes\u00e4ll\u00e4, vaunuja talvella!<\/var><\/samp><\/code><\/big><\/strong><\/em><\/p><p>Noudata t\u00e4t\u00e4 periaatetta ja tee veneesi valmiiksi talvea varten. N\u00e4in v\u00e4ltyt ei-toivotuilta ter\u00e4vilt\u00e4 kokemuksilta kev\u00e4\u00e4ll\u00e4, ja uudesta navigointikaudesta tulee miellytt\u00e4v\u00e4mpi.<br \/>saapuu v\u00e4litt\u00e4m\u00e4tt\u00e4 sinusta. Autamme sinua prosessin aikana sek\u00e4 neuvojen ett\u00e4 tuen avulla. Meill\u00e4 on kokemusta, kysy vain.<\/p><hr \/><p><span style=\"font-style: inherit; font-weight: inherit; color: var( --e-global-color-primary ); font-family: var( --e-global-typography-text-font-family ), Sans-serif; text-align: var(--text-align);\"><br \/>Yst\u00e4v\u00e4llisin terveisin,\u00a0<\/span><\/p><p>NavSystems O\u00dc:n tiimi.<\/p>\t\t\t\t\t\t\t\t<\/div>\n\t\t\t\t<\/div>\n\t\t\t\t<\/div>\n\t\t\t\t\t<\/div>\n\t\t\t\t<\/div>\n\t\t\t\t<\/div>","protected":false},"excerpt":{"rendered":"<p>Teenused Pakutavad tooted ja teenused Raymarine mereelektroonika m\u00fc\u00fck ja hulgim\u00fc\u00fck. Laadige alla Raymarine hinnakiri 2026-V2\u00a0NB! VAT 0% Mastervolt\u00a0seadmete ja tarvikute m\u00fc\u00fck.\u00a0 Glomex mereantennide ja tarvikute m\u00fc\u00fck ja hulgim\u00fc\u00fck. Navionics\u00a0elektrooniliste merekaartide m\u00fc\u00fck ja hulgim\u00fc\u00fck. Laadige alla Navionics Downloadable ja Update Card juhendid. Oceanic Systems\u00a0NMEA2000\u00a0andurid, senderid, kontrollerid. Raymarine mereelektroonika tarkvara ja riistvara\u00a0uuendamine. Raymarine mereelektroonika hooldus, remont ja [&hellip;]<\/p>\n","protected":false},"author":10,"featured_media":0,"parent":0,"menu_order":0,"comment_status":"closed","ping_status":"closed","template":"","meta":{"_acf_changed":false,"footnotes":""},"class_list":["post-8535","page","type-page","status-publish","hentry"],"acf":[],"yoast_head":"<!-- This site is optimized with the Yoast SEO Premium plugin v27.5 (Yoast SEO v27.5) - https:\/\/yoast.com\/product\/yoast-seo-premium-wordpress\/ -->\n<title>Teenused - Mereelektroonika, kaardiplotter, autopiloot, pinnipiloot, roolipiloot, radar, AIS, VHF, Smart Wind<\/title>\n<meta name=\"description\" content=\"Kas autopiloot ja kaardiplotter vajavad uuendamist v\u00f5i vajad abi mereelektroonika valimisel? V\u00f5ta meiega \u00fchendust t\u00f6\u00f6p\u00e4eviti 08.00-18.00 Tel: +372 508 8768\" \/>\n<meta name=\"robots\" content=\"index, follow, max-snippet:-1, max-image-preview:large, max-video-preview:-1\" \/>\n<link rel=\"canonical\" href=\"https:\/\/raymarine.ee\/fi\/palvelut\/\" \/>\n<meta property=\"og:locale\" content=\"fi_FI\" \/>\n<meta property=\"og:type\" content=\"article\" \/>\n<meta property=\"og:title\" content=\"Teenused\" \/>\n<meta property=\"og:description\" content=\"Kas autopiloot ja kaardiplotter vajavad uuendamist v\u00f5i vajad abi mereelektroonika valimisel? V\u00f5ta meiega \u00fchendust t\u00f6\u00f6p\u00e4eviti 08.00-18.00 Tel: +372 508 8768\" \/>\n<meta property=\"og:url\" content=\"https:\/\/raymarine.ee\/fi\/palvelut\/\" \/>\n<meta property=\"og:site_name\" content=\"NavSystems\" \/>\n<meta property=\"article:publisher\" content=\"https:\/\/www.facebook.com\/NavSystems\" \/>\n<meta property=\"article:modified_time\" content=\"2026-04-28T06:52:07+00:00\" \/>\n<meta property=\"og:image\" content=\"https:\/\/raymarine.ee\/wp-content\/uploads\/2025\/02\/raymarineLogo1x.webp\" \/>\n\t<meta property=\"og:image:width\" content=\"300\" \/>\n\t<meta property=\"og:image:height\" content=\"75\" \/>\n\t<meta property=\"og:image:type\" content=\"image\/webp\" \/>\n<meta name=\"twitter:card\" content=\"summary_large_image\" \/>\n<meta name=\"twitter:label1\" content=\"Arvioitu lukuaika\" \/>\n\t<meta name=\"twitter:data1\" content=\"5 minuuttia\" \/>\n<script type=\"application\/ld+json\" class=\"yoast-schema-graph\">{\"@context\":\"https:\\\/\\\/schema.org\",\"@graph\":[{\"@type\":\"WebPage\",\"@id\":\"https:\\\/\\\/raymarine.ee\\\/teenused\\\/\",\"url\":\"https:\\\/\\\/raymarine.ee\\\/teenused\\\/\",\"name\":\"Teenused - Mereelektroonika, kaardiplotter, autopiloot, pinnipiloot, roolipiloot, radar, AIS, VHF, Smart Wind\",\"isPartOf\":{\"@id\":\"https:\\\/\\\/raymarine.ee\\\/#website\"},\"primaryImageOfPage\":{\"@id\":\"https:\\\/\\\/raymarine.ee\\\/teenused\\\/#primaryimage\"},\"image\":{\"@id\":\"https:\\\/\\\/raymarine.ee\\\/teenused\\\/#primaryimage\"},\"thumbnailUrl\":\"https:\\\/\\\/navsystems.shop\\\/wp-content\\\/uploads\\\/2025\\\/02\\\/raymarineLogo1x.jpg\",\"datePublished\":\"2024-11-27T21:56:13+00:00\",\"dateModified\":\"2026-04-28T06:52:07+00:00\",\"description\":\"Kas autopiloot ja kaardiplotter vajavad uuendamist v\u00f5i vajad abi mereelektroonika valimisel? V\u00f5ta meiega \u00fchendust t\u00f6\u00f6p\u00e4eviti 08.00-18.00 Tel: +372 508 8768\",\"breadcrumb\":{\"@id\":\"https:\\\/\\\/raymarine.ee\\\/teenused\\\/#breadcrumb\"},\"inLanguage\":\"fi\",\"potentialAction\":[{\"@type\":\"ReadAction\",\"target\":[\"https:\\\/\\\/raymarine.ee\\\/teenused\\\/\"]}]},{\"@type\":\"ImageObject\",\"inLanguage\":\"fi\",\"@id\":\"https:\\\/\\\/raymarine.ee\\\/teenused\\\/#primaryimage\",\"url\":\"https:\\\/\\\/navsystems.shop\\\/wp-content\\\/uploads\\\/2025\\\/02\\\/raymarineLogo1x.jpg\",\"contentUrl\":\"https:\\\/\\\/navsystems.shop\\\/wp-content\\\/uploads\\\/2025\\\/02\\\/raymarineLogo1x.jpg\"},{\"@type\":\"BreadcrumbList\",\"@id\":\"https:\\\/\\\/raymarine.ee\\\/teenused\\\/#breadcrumb\",\"itemListElement\":[{\"@type\":\"ListItem\",\"position\":1,\"name\":\"Home\",\"item\":\"https:\\\/\\\/raymarine.ee\\\/\"},{\"@type\":\"ListItem\",\"position\":2,\"name\":\"Teenused\"}]},{\"@type\":\"WebSite\",\"@id\":\"https:\\\/\\\/raymarine.ee\\\/#website\",\"url\":\"https:\\\/\\\/raymarine.ee\\\/\",\"name\":\"www.raymarine.ee\",\"description\":\"Mereelektroonika, kaardiplotter, autopiloot, pinnipiloot, roolipiloot, radar, AIS, VHF, Smart Wind\",\"publisher\":{\"@id\":\"https:\\\/\\\/raymarine.ee\\\/#organization\"},\"alternateName\":\"Raymarine\",\"potentialAction\":[{\"@type\":\"SearchAction\",\"target\":{\"@type\":\"EntryPoint\",\"urlTemplate\":\"https:\\\/\\\/raymarine.ee\\\/?s={search_term_string}\"},\"query-input\":{\"@type\":\"PropertyValueSpecification\",\"valueRequired\":true,\"valueName\":\"search_term_string\"}}],\"inLanguage\":\"fi\"},{\"@type\":\"Organization\",\"@id\":\"https:\\\/\\\/raymarine.ee\\\/#organization\",\"name\":\"NavSystems O\u00dc\",\"url\":\"https:\\\/\\\/raymarine.ee\\\/\",\"logo\":{\"@type\":\"ImageObject\",\"inLanguage\":\"fi\",\"@id\":\"https:\\\/\\\/raymarine.ee\\\/#\\\/schema\\\/logo\\\/image\\\/\",\"url\":\"https:\\\/\\\/raymarine.ee\\\/wp-content\\\/uploads\\\/2024\\\/10\\\/Screenshot-2024-10-15-151324_bg_removed.webp\",\"contentUrl\":\"https:\\\/\\\/raymarine.ee\\\/wp-content\\\/uploads\\\/2024\\\/10\\\/Screenshot-2024-10-15-151324_bg_removed.webp\",\"width\":420,\"height\":276,\"caption\":\"NavSystems O\u00dc\"},\"image\":{\"@id\":\"https:\\\/\\\/raymarine.ee\\\/#\\\/schema\\\/logo\\\/image\\\/\"},\"sameAs\":[\"https:\\\/\\\/www.facebook.com\\\/NavSystems\"],\"legalName\":\"NavSystems O\u00dc\",\"foundingDate\":\"2011-05-03\",\"numberOfEmployees\":{\"@type\":\"QuantitativeValue\",\"minValue\":\"1\",\"maxValue\":\"10\"}}]}<\/script>\n<!-- \/ Yoast SEO Premium plugin. -->","yoast_head_json":{"title":"Palvelut - Merielektroniikka, karttaplotteri, autopilotti, pintaluotsi, ruori, tutka, AIS, VHF, \u00e4lyk\u00e4s tuuli.","description":"Haluatko p\u00e4ivitt\u00e4\u00e4 autopilottisi ja karttaplotterisi tai tarvitset apua merielektroniikan valinnassa? Ota yhteytt\u00e4 arkisin klo 08.00-18.00 Puh: +372 508 8768.","robots":{"index":"index","follow":"follow","max-snippet":"max-snippet:-1","max-image-preview":"max-image-preview:large","max-video-preview":"max-video-preview:-1"},"canonical":"https:\/\/raymarine.ee\/fi\/palvelut\/","og_locale":"fi_FI","og_type":"article","og_title":"Teenused","og_description":"Kas autopiloot ja kaardiplotter vajavad uuendamist v\u00f5i vajad abi mereelektroonika valimisel? V\u00f5ta meiega \u00fchendust t\u00f6\u00f6p\u00e4eviti 08.00-18.00 Tel: +372 508 8768","og_url":"https:\/\/raymarine.ee\/fi\/palvelut\/","og_site_name":"NavSystems","article_publisher":"https:\/\/www.facebook.com\/NavSystems","article_modified_time":"2026-04-28T06:52:07+00:00","og_image":[{"width":300,"height":75,"url":"https:\/\/raymarine.ee\/wp-content\/uploads\/2025\/02\/raymarineLogo1x.webp","type":"image\/webp"}],"twitter_card":"summary_large_image","twitter_misc":{"Arvioitu lukuaika":"5 minuuttia"},"schema":{"@context":"https:\/\/schema.org","@graph":[{"@type":"WebPage","@id":"https:\/\/raymarine.ee\/teenused\/","url":"https:\/\/raymarine.ee\/teenused\/","name":"Palvelut - Merielektroniikka, karttaplotteri, autopilotti, pintaluotsi, ruori, tutka, AIS, VHF, \u00e4lyk\u00e4s tuuli.","isPartOf":{"@id":"https:\/\/raymarine.ee\/#website"},"primaryImageOfPage":{"@id":"https:\/\/raymarine.ee\/teenused\/#primaryimage"},"image":{"@id":"https:\/\/raymarine.ee\/teenused\/#primaryimage"},"thumbnailUrl":"https:\/\/navsystems.shop\/wp-content\/uploads\/2025\/02\/raymarineLogo1x.jpg","datePublished":"2024-11-27T21:56:13+00:00","dateModified":"2026-04-28T06:52:07+00:00","description":"Haluatko p\u00e4ivitt\u00e4\u00e4 autopilottisi ja karttaplotterisi tai tarvitset apua merielektroniikan valinnassa? Ota yhteytt\u00e4 arkisin klo 08.00-18.00 Puh: +372 508 8768.","breadcrumb":{"@id":"https:\/\/raymarine.ee\/teenused\/#breadcrumb"},"inLanguage":"fi","potentialAction":[{"@type":"ReadAction","target":["https:\/\/raymarine.ee\/teenused\/"]}]},{"@type":"ImageObject","inLanguage":"fi","@id":"https:\/\/raymarine.ee\/teenused\/#primaryimage","url":"https:\/\/navsystems.shop\/wp-content\/uploads\/2025\/02\/raymarineLogo1x.jpg","contentUrl":"https:\/\/navsystems.shop\/wp-content\/uploads\/2025\/02\/raymarineLogo1x.jpg"},{"@type":"BreadcrumbList","@id":"https:\/\/raymarine.ee\/teenused\/#breadcrumb","itemListElement":[{"@type":"ListItem","position":1,"name":"Home","item":"https:\/\/raymarine.ee\/"},{"@type":"ListItem","position":2,"name":"Teenused"}]},{"@type":"WebSite","@id":"https:\/\/raymarine.ee\/#website","url":"https:\/\/raymarine.ee\/","name":"www.raymarine.ee","description":"Merielektroniikka, karttaplotteri, autopilotti, pintaluotsi, ruorimies, tutka, AIS, VHF, Smart Wind.","publisher":{"@id":"https:\/\/raymarine.ee\/#organization"},"alternateName":"Raymarine","potentialAction":[{"@type":"SearchAction","target":{"@type":"EntryPoint","urlTemplate":"https:\/\/raymarine.ee\/?s={search_term_string}"},"query-input":{"@type":"PropertyValueSpecification","valueRequired":true,"valueName":"search_term_string"}}],"inLanguage":"fi"},{"@type":"Organization","@id":"https:\/\/raymarine.ee\/#organization","name":"NavSystems O\u00dc","url":"https:\/\/raymarine.ee\/","logo":{"@type":"ImageObject","inLanguage":"fi","@id":"https:\/\/raymarine.ee\/#\/schema\/logo\/image\/","url":"https:\/\/raymarine.ee\/wp-content\/uploads\/2024\/10\/Screenshot-2024-10-15-151324_bg_removed.webp","contentUrl":"https:\/\/raymarine.ee\/wp-content\/uploads\/2024\/10\/Screenshot-2024-10-15-151324_bg_removed.webp","width":420,"height":276,"caption":"NavSystems O\u00dc"},"image":{"@id":"https:\/\/raymarine.ee\/#\/schema\/logo\/image\/"},"sameAs":["https:\/\/www.facebook.com\/NavSystems"],"legalName":"NavSystems O\u00dc","foundingDate":"2011-05-03","numberOfEmployees":{"@type":"QuantitativeValue","minValue":"1","maxValue":"10"}}]}},"jetpack_sharing_enabled":true,"_links":{"self":[{"href":"https:\/\/raymarine.ee\/fi\/wp-json\/wp\/v2\/pages\/8535","targetHints":{"allow":["GET"]}}],"collection":[{"href":"https:\/\/raymarine.ee\/fi\/wp-json\/wp\/v2\/pages"}],"about":[{"href":"https:\/\/raymarine.ee\/fi\/wp-json\/wp\/v2\/types\/page"}],"author":[{"embeddable":true,"href":"https:\/\/raymarine.ee\/fi\/wp-json\/wp\/v2\/users\/10"}],"replies":[{"embeddable":true,"href":"https:\/\/raymarine.ee\/fi\/wp-json\/wp\/v2\/comments?post=8535"}],"version-history":[{"count":18,"href":"https:\/\/raymarine.ee\/fi\/wp-json\/wp\/v2\/pages\/8535\/revisions"}],"predecessor-version":[{"id":10798,"href":"https:\/\/raymarine.ee\/fi\/wp-json\/wp\/v2\/pages\/8535\/revisions\/10798"}],"wp:attachment":[{"href":"https:\/\/raymarine.ee\/fi\/wp-json\/wp\/v2\/media?parent=8535"}],"curies":[{"name":"wp","href":"https:\/\/api.w.org\/{rel}","templated":true}]}}