{"id":10593,"date":"2026-04-26T12:14:28","date_gmt":"2026-04-26T09:14:28","guid":{"rendered":"https:\/\/raymarine.ee\/?post_type=product&#038;p=10593"},"modified":"2026-04-27T21:04:24","modified_gmt":"2026-04-27T18:04:24","slug":"kaardiplotter-axiom2-9-rv-multi-function-9-display-with-integrated-realvision-3d-600w-sonar-rv-100-transducer","status":"publish","type":"product","link":"https:\/\/raymarine.ee\/fi\/product\/kaardiplotter-axiom2-9-rv-multi-function-9-display-with-integrated-realvision-3d-600w-sonar-rv-100-transducer\/","title":{"rendered":"Karttaplotteri AXIOM2 9 RV, monitoiminen 9\u2033 n\u00e4ytt\u00f6, jossa on integroitu RealVision 3D, 600W kaikuluotain ja RV-100 anturi."},"content":{"rendered":"<p data-start=\"0\" data-end=\"35\"><strong data-start=\"0\" data-end=\"35\">RAYMARINE AXIOM2 9 RV kaardiplotter-kalaleidja koos RV-100 ahtriandur<\/strong><\/p>\n<h3 data-start=\"37\" data-end=\"57\">Yleiskatsaus: <span style=\"color: #ffffff;\">karttaplotteri<\/span><\/h3>\n<p data-start=\"58\" data-end=\"506\">Raymarine <strong data-start=\"68\" data-end=\"78\">AXIOM2<\/strong> sarjan karttaplottereissa ja kalanselvittimiss\u00e4 on k\u00e4yt\u00f6ss\u00e4 uusi <strong data-start=\"135\" data-end=\"159\">LightHouse 5<\/strong> k\u00e4ytt\u00f6j\u00e4rjestelm\u00e4, nopea <strong data-start=\"188\" data-end=\"218\">kuusiytiminen prosessori<\/strong> ja suuri sis\u00e4inen muisti <strong>(64GB)<\/strong>, mik\u00e4 takaa poikkeuksellisen suorituskyvyn ja sujuvan navigoinnin. Laite <strong data-start=\"299\" data-end=\"321\">HydroTough\u2122 -n\u00e4ytt\u00f6<\/strong> tarjoaa <strong>25%<\/strong> lis\u00e4\u00e4 kirkkautta ja kest\u00e4vyytt\u00e4, mik\u00e4 takaa h\u00e4iri\u00f6tt\u00f6m\u00e4n toiminnan kaikissa s\u00e4\u00e4olosuhteissa. Lis\u00e4ksi AXIOM2 on laajennettavissa, joten sen toimintoja voidaan p\u00e4ivitt\u00e4\u00e4 tarpeen mukaan.<\/p>\n<h3 data-start=\"508\" data-end=\"530\">T\u00e4rkeimm\u00e4t ominaisuudet:<span style=\"color: #ffffff;\"> kalanetsint\u00e4laite<\/span><\/h3>\n<h4 data-start=\"532\" data-end=\"560\"><strong data-start=\"537\" data-end=\"560\">HydroTough\u2122-n\u00e4ytt\u00f6:<\/strong><\/h4>\n<ul data-start=\"561\" data-end=\"759\">\n<li data-start=\"561\" data-end=\"650\"><strong data-start=\"563\" data-end=\"578\">25% sytytin<\/strong> kuin aiemmissa malleissa, mik\u00e4 takaa kirkkaan ja selke\u00e4n n\u00e4yt\u00f6n my\u00f6s auringonvalossa.<\/li>\n<li data-start=\"651\" data-end=\"759\"><strong data-start=\"653\" data-end=\"666\">Nanopinnoite<\/strong>, joka hylkii vett\u00e4 ja likaa ja tarjoaa paremman iskunkest\u00e4vyyden ja suojan ymp\u00e4rist\u00f6vaikutuksilta.<\/li>\n<\/ul>\n<h4 data-start=\"761\" data-end=\"787\"><strong data-start=\"766\" data-end=\"787\">Nopeus ja tarkkuus:<\/strong><\/h4>\n<ul data-start=\"788\" data-end=\"1039\">\n<li data-start=\"788\" data-end=\"841\"><strong data-start=\"790\" data-end=\"814\">Nopea kuusiytiminen prosessori<\/strong> varmistaa sujuvan toiminnan ja ty\u00f6n.<\/li>\n<li data-start=\"842\" data-end=\"949\"><strong data-start=\"844\" data-end=\"870\">Kosketusherkk\u00e4 ajo<\/strong>: sormella pyyhk\u00e4isem\u00e4ll\u00e4 voit nopeasti navigoida ja j\u00e4rjestell\u00e4 tietokentti\u00e4 n\u00e4yt\u00f6ll\u00e4.<\/li>\n<li data-start=\"950\" data-end=\"1039\"><strong data-start=\"952\" data-end=\"978\">Ved\u00e4 &amp; pudota -toiminto<\/strong> avulla voit mukauttaa tietojen n\u00e4ytt\u00e4mist\u00e4 tarpeidesi mukaan.<\/li>\n<\/ul>\n<h4 data-start=\"1041\" data-end=\"1095\"><strong data-start=\"1046\" data-end=\"1095\">Uusi LightHouse 5 -k\u00e4ytt\u00f6j\u00e4rjestelm\u00e4:<\/strong><\/h4>\n<ul data-start=\"1096\" data-end=\"1281\">\n<li data-start=\"1096\" data-end=\"1186\"><strong data-start=\"1098\" data-end=\"1127\">Mukautuvat v\u00e4rimaailmat<\/strong> varmistaa t\u00e4ydellisen n\u00e4kyvyyden sek\u00e4 p\u00e4iv\u00e4nvalossa ett\u00e4 y\u00f6ll\u00e4.<\/li>\n<li data-start=\"1187\" data-end=\"1281\">Kehittynyt kojelauta auttaa sinua pit\u00e4m\u00e4\u00e4n kaikki t\u00e4rke\u00e4t tiedot nopeasti ja k\u00e4tev\u00e4sti n\u00e4kyvill\u00e4.<\/li>\n<li data-start=\"1187\" data-end=\"1281\">Axiom2 mahdollistaa 10 000 reittipisteen tallentamisen 200 eri ryhm\u00e4\u00e4n.<\/li>\n<li data-start=\"1187\" data-end=\"1281\">Jopa 250 matkaa, joista jokaisessa on 500 reittipistett\u00e4.<\/li>\n<li data-start=\"1187\" data-end=\"1281\">Voit tallentaa 15 raitaa, joista kullakin on 10 000 pistett\u00e4.<\/li>\n<\/ul>\n<h4 data-start=\"1283\" data-end=\"1312\"><strong data-start=\"1288\" data-end=\"1312\">Verkot ja liitett\u00e4vyys:<\/strong><\/h4>\n<ul data-start=\"1313\" data-end=\"1524\">\n<li data-start=\"1313\" data-end=\"1409\"><strong data-start=\"1315\" data-end=\"1349\">NMEA0183, NMEA2000 ja Ethernet<\/strong> liit\u00e4nn\u00e4t varmistavat kaikkien merenkulkulaitteiden liitett\u00e4vyyden.<\/li>\n<li data-start=\"1410\" data-end=\"1524\"><strong data-start=\"1412\" data-end=\"1435\">Sis\u00e4\u00e4nrakennettu Wi-Fi<\/strong>, <strong data-start=\"1437\" data-end=\"1454\">Bluetooth 4.0<\/strong> ja <strong data-start=\"1458\" data-end=\"1475\">microUSB-portti<\/strong> mahdollistavat helpon liitett\u00e4vyyden ja tiedonvaihdon.<\/li>\n<\/ul>\n<h4 data-start=\"1526\" data-end=\"1567\"><strong data-start=\"1531\" data-end=\"1567\">Parhaat kartat ja navigointi:<\/strong><\/h4>\n<ul data-start=\"1568\" data-end=\"1789\">\n<li data-start=\"1568\" data-end=\"1638\">Yhteensopiva korttivaihtoehtojen kanssa <strong data-start=\"1595\" data-end=\"1608\">Navionics<\/strong>, <strong data-start=\"1610\" data-end=\"1619\">C-Map<\/strong> ja <strong data-start=\"1623\" data-end=\"1637\">LightHouse<\/strong>.<\/li>\n<li data-start=\"1639\" data-end=\"1717\">Tarkka alkaen <strong data-start=\"1647\" data-end=\"1673\">verkko- ja vektorikartat<\/strong> tehd\u00e4 navigoinnista helppoa ja tarkkaa.<\/li>\n<li data-start=\"1718\" data-end=\"1789\"><strong data-start=\"1720\" data-end=\"1744\">3D- ja satelliittin\u00e4kym\u00e4<\/strong> vaihtoehdot antavat lis\u00e4tietoa maisemasta.<\/li>\n<\/ul>\n<h4 data-start=\"1791\" data-end=\"1834\"><strong data-start=\"1796\" data-end=\"1834\">Integroitu RealVision 3D Sonar:<\/strong><\/h4>\n<ul data-start=\"1835\" data-end=\"2075\">\n<li data-start=\"1835\" data-end=\"1963\"><strong data-start=\"1837\" data-end=\"1869\">CHIRP DownVision, SideVision<\/strong>, korkea taajuus <strong data-start=\"1886\" data-end=\"1895\">CHIRP<\/strong> ja <strong data-start=\"1899\" data-end=\"1916\">RealVision 3D<\/strong> tarjoavat selke\u00e4n ja eloisan kuvanlaadun.<\/li>\n<li data-start=\"1964\" data-end=\"2075\"><strong data-start=\"1966\" data-end=\"1996\">60 eri CHIRP-taajuutta<\/strong> tarjoaa poikkeuksellisen tarkkuuden ja selkeyden vedenalaisten rakenteiden ja kalojen paikantamisessa.<\/li>\n<\/ul>\n<h3 data-start=\"2077\" data-end=\"2099\">Tekniset tiedot:<\/h3>\n<ul data-start=\"2101\" data-end=\"2750\">\n<li data-start=\"2101\" data-end=\"2155\"><strong data-start=\"2103\" data-end=\"2121\">N\u00e4yt\u00f6n koko<\/strong>: 9\u2033 monikosketusn\u00e4ytt\u00f6 HydroTough, jossa on oleofobinen pinnoite<\/li>\n<li data-start=\"2156\" data-end=\"2186\"><strong data-start=\"2158\" data-end=\"2174\">P\u00e4\u00e4t\u00f6slauselma<\/strong>: 1280 x 720<\/li>\n<li data-start=\"2187\" data-end=\"2212\"><strong data-start=\"2189\" data-end=\"2200\">Kirkkaus<\/strong>: 1800 nits<\/li>\n<li data-start=\"2213\" data-end=\"2252\"><strong data-start=\"2215\" data-end=\"2228\">N\u00e4kym\u00e4<\/strong>: 85\u00b0 kaikkiin suuntiin<\/li>\n<li data-start=\"2253\" data-end=\"2287\"><strong data-start=\"2255\" data-end=\"2264\">Virtal\u00e4hde<\/strong>: 12 V DC (8 - 16 V DC)<\/li>\n<li data-start=\"2288\" data-end=\"2313\"><strong data-start=\"2290\" data-end=\"2304\">Nykyinen kysynt\u00e4<\/strong>: 11.98 W<\/li>\n<li data-start=\"2314\" data-end=\"2401\"><strong data-start=\"2316\" data-end=\"2329\">Liitett\u00e4vyys<\/strong>:\n<ul data-start=\"2333\" data-end=\"2401\">\n<li data-start=\"2333\" data-end=\"2355\">1x Ethernet (RayNet)<\/li>\n<li data-start=\"2358\" data-end=\"2374\">1x USB microAB<\/li>\n<li data-start=\"2377\" data-end=\"2383\">WiFi<\/li>\n<li data-start=\"2386\" data-end=\"2401\">Bluetooth 4.0<\/li>\n<\/ul>\n<\/li>\n<li data-start=\"2402\" data-end=\"2474\"><strong data-start=\"2404\" data-end=\"2411\">GPS<\/strong>: Integroitu (10 Hz, 28 kanavaa, GPS\/GLONASS\/Galileo\/Beidou)<\/li>\n<li data-start=\"2475\" data-end=\"2532\"><strong data-start=\"2477\" data-end=\"2486\">Sonar<\/strong>: CHIRP, DownVision, SideVision, RealVision 3D.<\/li>\n<li data-start=\"2533\" data-end=\"2591\"><strong data-start=\"2535\" data-end=\"2555\">Tutkan yhteensopivuus<\/strong>: Quantum, Digitaalinen, HD Color, Magnum<\/li>\n<li data-start=\"2592\" data-end=\"2622\"><strong data-start=\"2594\" data-end=\"2601\">AIS<\/strong>: Kyll\u00e4, NMEA2000:n kautta<\/li>\n<li data-start=\"2623\" data-end=\"2667\"><strong data-start=\"2625\" data-end=\"2645\">Autopilotin tuki<\/strong>: Evolution autopilotilla<\/li>\n<li data-start=\"2668\" data-end=\"2697\"><strong data-start=\"2670\" data-end=\"2684\">Vedeneristys<\/strong>: IPX6 \/ IPX7<\/li>\n<li data-start=\"2698\" data-end=\"2730\"><strong data-start=\"2700\" data-end=\"2711\">Mitat<\/strong>: 244 x 158 x 178 mm koos kaablitega<\/li>\n<li data-start=\"2731\" data-end=\"2750\"><strong data-start=\"2733\" data-end=\"2741\">Paino<\/strong>: 2.27 kg<\/li>\n<\/ul>\n<p>&nbsp;<\/p>\n<p><strong>Oppaat<\/strong><\/p>\n<p>Lataa\u00a0<a href=\"https:\/\/raymarine.ee\/wp-content\/uploads\/2026\/04\/Axiom-2-MFD-Installation-Instructions-87504-Rev-1-EN.pdf\" target=\"_blank\" rel=\"noopener\" data-wpel-link=\"internal\">Axiom2-asennusopas<\/a><\/p>\n<p>Lataa\u00a0<a href=\"https:\/\/raymarine.ee\/wp-content\/uploads\/2026\/04\/RMK-10-Remote-MFD-Keypad-Installation-and-operation-instructions-81367-3-EN.pdf\" target=\"_blank\" rel=\"noopener\" data-wpel-link=\"internal\">RMK-10 asennusopas<\/a><\/p>\n<p>Lataa\u00a0<a href=\"https:\/\/raymarine.ee\/wp-content\/uploads\/2026\/04\/RCR-1-MicroSD-Card-Reader-Installation-instructions-87396-3-EN.pdf\" target=\"_blank\" rel=\"noopener\" data-wpel-link=\"internal\">RCR-1 asennusopas<\/a><\/p>\n<p>Lataa\u00a0<a href=\"https:\/\/raymarine.ee\/wp-content\/uploads\/2026\/04\/RCR-SDUSB-Remote-Card-Reader-for-Axiom-MFDs-Install-instructions-87317-4-EN.pdf\" target=\"_blank\" rel=\"noopener\" data-wpel-link=\"internal\">RCR-SDUSB:n asennusopas<\/a><\/p>\n<p>Lataa\u00a0<a href=\"https:\/\/raymarine.ee\/wp-content\/uploads\/2026\/04\/RNS-5-Network-switch-Installation-instructions-87442-Rev-2-EN.pdf\" target=\"_blank\" rel=\"noopener\" data-wpel-link=\"internal\">Raymarine RNS-5 -asennusopas<\/a><\/p>\n<p>Lataa\u00a0<a href=\"https:\/\/raymarine.ee\/wp-content\/uploads\/2026\/04\/SeaTalkng-Reference-manual-81300-1-EN-1.pdf\" target=\"_blank\" rel=\"noopener\" data-wpel-link=\"internal\">Raymarine STNG-verkon yleisopas<\/a><\/p>\n<p>Lataa\u00a0<a href=\"https:\/\/raymarine.ee\/wp-content\/uploads\/2026\/04\/LightHouse-4-v4.11.103-Advanced-Operation-instructions-81406-Rev-27-EN.pdf\" target=\"_blank\" rel=\"noopener\" data-wpel-link=\"internal\">Lighthouse 4.11.103 k\u00e4ytt\u00f6ohje<\/a><\/p>\n<p>Lataa\u00a0<a href=\"https:\/\/raymarine.ee\/wp-content\/uploads\/2026\/04\/Actisense-NGW-1-NMEA-Converter-Installation-instructions-87456-Rev-1-EN.pdf\" target=\"_blank\" rel=\"noopener\" data-wpel-link=\"internal\">Actisense NGW-1 NMEA<\/a>\u00a0muuntimen asennusohjeet<\/p>","protected":false},"excerpt":{"rendered":"<p><span style=\"color: #ff9900;\"><strong>Uusi tuote!\u00a0<\/strong><\/span><\/p>\n<p><strong data-start=\"0\" data-end=\"68\">Raymarine AXIOM2 Multifunktsionaalne Kaardiplotter ja Kalaleidja koos RV-100 ahtrianduriga<\/strong><\/p>\n<p>Raymarine <strong data-start=\"68\" data-end=\"78\">AXIOM2<\/strong> sarjan karttaplottereissa ja kalanselvittimiss\u00e4 on k\u00e4yt\u00f6ss\u00e4 uusi <strong data-start=\"135\" data-end=\"159\">LightHouse 5<\/strong> k\u00e4ytt\u00f6j\u00e4rjestelm\u00e4, nopea <strong data-start=\"188\" data-end=\"218\">kuusiytiminen prosessori<\/strong> ja suuri sis\u00e4inen muisti <strong>(64GB)<\/strong>, mik\u00e4 takaa poikkeuksellisen suorituskyvyn ja sujuvan navigoinnin. Laite <strong data-start=\"299\" data-end=\"321\">HydroTough\u2122 -n\u00e4ytt\u00f6<\/strong> tarjoaa <strong>25%<\/strong> suuremat heledust ja vastupidavust, et tagada sujuv t\u00f6\u00f6 k\u00f5ikides ilmastikutingimustes. Lisaks on AXIOM2 laiendatav, v\u00f5imaldades funktsionaalsuse t\u00e4iustamist vastavalt vajadusele. RV-100 ahtriandur kuulub komplekti. Tutvu kindlasti ka selle toote\u00a0juhenditega\u00a0ja k\u00fcsimuste korral pea n\u00f5u meie spetsialistiga.<\/p>\n<p><span style=\"color: #ff9900;\">LightHouse merikartta, Pohjois-Eurooppa ja karttaplotteri mukana ilmaiseksi!<\/span><\/p>","protected":false},"featured_media":10602,"template":"","meta":{"_acf_changed":false},"product_brand":[134],"product_cat":[77,18,54,103,57],"product_tag":[],"class_list":{"0":"post-10593","1":"product","2":"type-product","3":"status-publish","4":"has-post-thumbnail","6":"product_brand-raymarine","7":"product_cat-raymarine-kaardiplotter-kalaleidja","8":"product_cat-axiom-axiom2-kaardiplotter-axiom2-pro","9":"product_cat-kalaleidjad","10":"product_cat-raymarine","11":"product_cat-axiomaxiom","13":"first","14":"onbackorder","15":"sale","16":"taxable","17":"shipping-taxable","18":"purchasable","19":"product-type-simple"},"acf":[],"yoast_head":"<!-- This site is optimized with the Yoast SEO Premium plugin v27.5 (Yoast SEO v27.5) - https:\/\/yoast.com\/product\/yoast-seo-premium-wordpress\/ -->\n<title>Axiom2 9 RV \u2013 Erakordne j\u00f5udlus! RV-100 ahtriandur komplektis - NavSystems<\/title>\n<meta name=\"description\" content=\"Kogege erakordset j\u00f5udlust ja sujuvat navigeerimist Raymarine Axiom2 9 RV kaardiplotteriga. RV-100 ahtriandur ja merekaart kuulub komplekti.\" \/>\n<meta name=\"robots\" content=\"index, follow, max-snippet:-1, max-image-preview:large, max-video-preview:-1\" \/>\n<link rel=\"canonical\" href=\"https:\/\/raymarine.ee\/fi\/product\/kaardiplotter-axiom2-9-rv-multi-function-9-display-with-integrated-realvision-3d-600w-sonar-rv-100-transducer\/\" \/>\n<meta property=\"og:locale\" content=\"fi_FI\" \/>\n<meta property=\"og:type\" content=\"article\" \/>\n<meta property=\"og:title\" content=\"Kaardiplotter AXIOM2 9 RV, Multi-function 9&quot; Display with integrated RealVision 3D, 600W Sonar &amp; RV-100 transducer\" \/>\n<meta property=\"og:description\" content=\"Kogege erakordset j\u00f5udlust ja sujuvat navigeerimist Raymarine Axiom2 9 RV kaardiplotteriga. RV-100 ahtriandur ja merekaart kuulub komplekti.\" \/>\n<meta property=\"og:url\" content=\"https:\/\/raymarine.ee\/fi\/product\/kaardiplotter-axiom2-9-rv-multi-function-9-display-with-integrated-realvision-3d-600w-sonar-rv-100-transducer\/\" \/>\n<meta property=\"og:site_name\" content=\"NavSystems\" \/>\n<meta property=\"article:publisher\" content=\"https:\/\/www.facebook.com\/NavSystems\" \/>\n<meta property=\"article:modified_time\" content=\"2026-04-27T18:04:24+00:00\" \/>\n<meta property=\"og:image\" content=\"https:\/\/raymarine.ee\/wp-content\/uploads\/2026\/04\/axiom2_RV_chartplotter_with_rv100-lighthouse_charts_combo.webp\" \/>\n\t<meta property=\"og:image:width\" content=\"597\" \/>\n\t<meta property=\"og:image:height\" content=\"596\" \/>\n\t<meta property=\"og:image:type\" content=\"image\/webp\" \/>\n<meta name=\"twitter:card\" content=\"summary_large_image\" \/>\n<meta name=\"twitter:label1\" content=\"Hinta\" \/>\n\t<meta name=\"twitter:data1\" content=\"2 365,00&nbsp;&euro;\" \/>\n\t<meta name=\"twitter:label2\" content=\"Saatavuus\" \/>\n\t<meta name=\"twitter:data2\" content=\"J\u00e4lkitoimituksessa\" \/>\n<script type=\"application\/ld+json\" class=\"yoast-schema-graph\">{\"@context\":\"https:\\\/\\\/schema.org\",\"@graph\":[{\"@type\":\"WebPage\",\"@id\":\"https:\\\/\\\/raymarine.ee\\\/product\\\/kaardiplotter-axiom2-9-rv-multi-function-9-display-with-integrated-realvision-3d-600w-sonar-rv-100-transducer\\\/\",\"url\":\"https:\\\/\\\/raymarine.ee\\\/product\\\/kaardiplotter-axiom2-9-rv-multi-function-9-display-with-integrated-realvision-3d-600w-sonar-rv-100-transducer\\\/\",\"name\":\"Axiom2 9 RV \u2013 Erakordne j\u00f5udlus! RV-100 ahtriandur komplektis - NavSystems\",\"isPartOf\":{\"@id\":\"https:\\\/\\\/raymarine.ee\\\/#website\"},\"primaryImageOfPage\":{\"@id\":\"https:\\\/\\\/raymarine.ee\\\/product\\\/kaardiplotter-axiom2-9-rv-multi-function-9-display-with-integrated-realvision-3d-600w-sonar-rv-100-transducer\\\/#primaryimage\"},\"image\":{\"@id\":\"https:\\\/\\\/raymarine.ee\\\/product\\\/kaardiplotter-axiom2-9-rv-multi-function-9-display-with-integrated-realvision-3d-600w-sonar-rv-100-transducer\\\/#primaryimage\"},\"thumbnailUrl\":\"https:\\\/\\\/raymarine.ee\\\/wp-content\\\/uploads\\\/2026\\\/04\\\/axiom2_RV_chartplotter_with_rv100-lighthouse_charts_combo.webp\",\"datePublished\":\"2026-04-26T09:14:28+00:00\",\"dateModified\":\"2026-04-27T18:04:24+00:00\",\"description\":\"Kogege erakordset j\u00f5udlust ja sujuvat navigeerimist Raymarine Axiom2 9 RV kaardiplotteriga. RV-100 ahtriandur ja merekaart kuulub komplekti.\",\"breadcrumb\":{\"@id\":\"https:\\\/\\\/raymarine.ee\\\/product\\\/kaardiplotter-axiom2-9-rv-multi-function-9-display-with-integrated-realvision-3d-600w-sonar-rv-100-transducer\\\/#breadcrumb\"},\"inLanguage\":\"fi\",\"potentialAction\":[{\"@type\":\"ReadAction\",\"target\":[\"https:\\\/\\\/raymarine.ee\\\/product\\\/kaardiplotter-axiom2-9-rv-multi-function-9-display-with-integrated-realvision-3d-600w-sonar-rv-100-transducer\\\/\"]}]},{\"@type\":\"ImageObject\",\"inLanguage\":\"fi\",\"@id\":\"https:\\\/\\\/raymarine.ee\\\/product\\\/kaardiplotter-axiom2-9-rv-multi-function-9-display-with-integrated-realvision-3d-600w-sonar-rv-100-transducer\\\/#primaryimage\",\"url\":\"https:\\\/\\\/raymarine.ee\\\/wp-content\\\/uploads\\\/2026\\\/04\\\/axiom2_RV_chartplotter_with_rv100-lighthouse_charts_combo.webp\",\"contentUrl\":\"https:\\\/\\\/raymarine.ee\\\/wp-content\\\/uploads\\\/2026\\\/04\\\/axiom2_RV_chartplotter_with_rv100-lighthouse_charts_combo.webp\",\"width\":597,\"height\":596,\"caption\":\"Axiom2 RV with RV-100\"},{\"@type\":\"BreadcrumbList\",\"@id\":\"https:\\\/\\\/raymarine.ee\\\/product\\\/kaardiplotter-axiom2-9-rv-multi-function-9-display-with-integrated-realvision-3d-600w-sonar-rv-100-transducer\\\/#breadcrumb\",\"itemListElement\":[{\"@type\":\"ListItem\",\"position\":1,\"name\":\"Home\",\"item\":\"https:\\\/\\\/raymarine.ee\\\/\"},{\"@type\":\"ListItem\",\"position\":2,\"name\":\"Tooted\",\"item\":\"https:\\\/\\\/raymarine.ee\\\/shop\\\/\"},{\"@type\":\"ListItem\",\"position\":3,\"name\":\"Kaardiplotter AXIOM2 9 RV, Multi-function 9&#8243; Display with integrated RealVision 3D, 600W Sonar &#038; RV-100 transducer\"}]},{\"@type\":\"WebSite\",\"@id\":\"https:\\\/\\\/raymarine.ee\\\/#website\",\"url\":\"https:\\\/\\\/raymarine.ee\\\/\",\"name\":\"www.raymarine.ee\",\"description\":\"Mereelektroonika, kaardiplotter, autopiloot, pinnipiloot, roolipiloot, radar, AIS, VHF, Smart Wind\",\"publisher\":{\"@id\":\"https:\\\/\\\/raymarine.ee\\\/#organization\"},\"alternateName\":\"Raymarine\",\"potentialAction\":[{\"@type\":\"SearchAction\",\"target\":{\"@type\":\"EntryPoint\",\"urlTemplate\":\"https:\\\/\\\/raymarine.ee\\\/?s={search_term_string}\"},\"query-input\":{\"@type\":\"PropertyValueSpecification\",\"valueRequired\":true,\"valueName\":\"search_term_string\"}}],\"inLanguage\":\"fi\"},{\"@type\":\"Organization\",\"@id\":\"https:\\\/\\\/raymarine.ee\\\/#organization\",\"name\":\"NavSystems O\u00dc\",\"url\":\"https:\\\/\\\/raymarine.ee\\\/\",\"logo\":{\"@type\":\"ImageObject\",\"inLanguage\":\"fi\",\"@id\":\"https:\\\/\\\/raymarine.ee\\\/#\\\/schema\\\/logo\\\/image\\\/\",\"url\":\"https:\\\/\\\/raymarine.ee\\\/wp-content\\\/uploads\\\/2024\\\/10\\\/Screenshot-2024-10-15-151324_bg_removed.webp\",\"contentUrl\":\"https:\\\/\\\/raymarine.ee\\\/wp-content\\\/uploads\\\/2024\\\/10\\\/Screenshot-2024-10-15-151324_bg_removed.webp\",\"width\":420,\"height\":276,\"caption\":\"NavSystems O\u00dc\"},\"image\":{\"@id\":\"https:\\\/\\\/raymarine.ee\\\/#\\\/schema\\\/logo\\\/image\\\/\"},\"sameAs\":[\"https:\\\/\\\/www.facebook.com\\\/NavSystems\"],\"legalName\":\"NavSystems O\u00dc\",\"foundingDate\":\"2011-05-03\",\"numberOfEmployees\":{\"@type\":\"QuantitativeValue\",\"minValue\":\"1\",\"maxValue\":\"10\"}}]}<\/script>\n<meta property=\"product:price:amount\" content=\"2365.00\" \/>\n<meta property=\"product:price:currency\" content=\"EUR\" \/>\n<meta property=\"og:availability\" content=\"backorder\" \/>\n<meta property=\"product:availability\" content=\"available for order\" \/>\n<meta property=\"product:retailer_item_id\" content=\"E70723-03-NEU\" \/>\n<meta property=\"product:condition\" content=\"new\" \/>\n<!-- \/ Yoast SEO Premium plugin. -->","yoast_head_json":{"title":"Axiom2 9 RV \u2013 Erakordne j\u00f5udlus! RV-100 ahtriandur komplektis - NavSystems","description":"Kogege erakordset j\u00f5udlust ja sujuvat navigeerimist Raymarine Axiom2 9 RV kaardiplotteriga. RV-100 ahtriandur ja merekaart kuulub komplekti.","robots":{"index":"index","follow":"follow","max-snippet":"max-snippet:-1","max-image-preview":"max-image-preview:large","max-video-preview":"max-video-preview:-1"},"canonical":"https:\/\/raymarine.ee\/fi\/product\/kaardiplotter-axiom2-9-rv-multi-function-9-display-with-integrated-realvision-3d-600w-sonar-rv-100-transducer\/","og_locale":"fi_FI","og_type":"article","og_title":"Kaardiplotter AXIOM2 9 RV, Multi-function 9\" Display with integrated RealVision 3D, 600W Sonar & RV-100 transducer","og_description":"Kogege erakordset j\u00f5udlust ja sujuvat navigeerimist Raymarine Axiom2 9 RV kaardiplotteriga. RV-100 ahtriandur ja merekaart kuulub komplekti.","og_url":"https:\/\/raymarine.ee\/fi\/product\/kaardiplotter-axiom2-9-rv-multi-function-9-display-with-integrated-realvision-3d-600w-sonar-rv-100-transducer\/","og_site_name":"NavSystems","article_publisher":"https:\/\/www.facebook.com\/NavSystems","article_modified_time":"2026-04-27T18:04:24+00:00","og_image":[{"width":597,"height":596,"url":"https:\/\/raymarine.ee\/wp-content\/uploads\/2026\/04\/axiom2_RV_chartplotter_with_rv100-lighthouse_charts_combo.webp","type":"image\/webp"}],"twitter_card":"summary_large_image","twitter_misc":{"Hinta":"2 365,00&nbsp;&euro;","Saatavuus":"J\u00e4lkitoimituksessa"},"schema":{"@context":"https:\/\/schema.org","@graph":[{"@type":"WebPage","@id":"https:\/\/raymarine.ee\/product\/kaardiplotter-axiom2-9-rv-multi-function-9-display-with-integrated-realvision-3d-600w-sonar-rv-100-transducer\/","url":"https:\/\/raymarine.ee\/product\/kaardiplotter-axiom2-9-rv-multi-function-9-display-with-integrated-realvision-3d-600w-sonar-rv-100-transducer\/","name":"Axiom2 9 RV \u2013 Erakordne j\u00f5udlus! RV-100 ahtriandur komplektis - NavSystems","isPartOf":{"@id":"https:\/\/raymarine.ee\/#website"},"primaryImageOfPage":{"@id":"https:\/\/raymarine.ee\/product\/kaardiplotter-axiom2-9-rv-multi-function-9-display-with-integrated-realvision-3d-600w-sonar-rv-100-transducer\/#primaryimage"},"image":{"@id":"https:\/\/raymarine.ee\/product\/kaardiplotter-axiom2-9-rv-multi-function-9-display-with-integrated-realvision-3d-600w-sonar-rv-100-transducer\/#primaryimage"},"thumbnailUrl":"https:\/\/raymarine.ee\/wp-content\/uploads\/2026\/04\/axiom2_RV_chartplotter_with_rv100-lighthouse_charts_combo.webp","datePublished":"2026-04-26T09:14:28+00:00","dateModified":"2026-04-27T18:04:24+00:00","description":"Kogege erakordset j\u00f5udlust ja sujuvat navigeerimist Raymarine Axiom2 9 RV kaardiplotteriga. RV-100 ahtriandur ja merekaart kuulub komplekti.","breadcrumb":{"@id":"https:\/\/raymarine.ee\/product\/kaardiplotter-axiom2-9-rv-multi-function-9-display-with-integrated-realvision-3d-600w-sonar-rv-100-transducer\/#breadcrumb"},"inLanguage":"fi","potentialAction":[{"@type":"ReadAction","target":["https:\/\/raymarine.ee\/product\/kaardiplotter-axiom2-9-rv-multi-function-9-display-with-integrated-realvision-3d-600w-sonar-rv-100-transducer\/"]}]},{"@type":"ImageObject","inLanguage":"fi","@id":"https:\/\/raymarine.ee\/product\/kaardiplotter-axiom2-9-rv-multi-function-9-display-with-integrated-realvision-3d-600w-sonar-rv-100-transducer\/#primaryimage","url":"https:\/\/raymarine.ee\/wp-content\/uploads\/2026\/04\/axiom2_RV_chartplotter_with_rv100-lighthouse_charts_combo.webp","contentUrl":"https:\/\/raymarine.ee\/wp-content\/uploads\/2026\/04\/axiom2_RV_chartplotter_with_rv100-lighthouse_charts_combo.webp","width":597,"height":596,"caption":"Axiom2 RV with RV-100"},{"@type":"BreadcrumbList","@id":"https:\/\/raymarine.ee\/product\/kaardiplotter-axiom2-9-rv-multi-function-9-display-with-integrated-realvision-3d-600w-sonar-rv-100-transducer\/#breadcrumb","itemListElement":[{"@type":"ListItem","position":1,"name":"Home","item":"https:\/\/raymarine.ee\/"},{"@type":"ListItem","position":2,"name":"Tooted","item":"https:\/\/raymarine.ee\/shop\/"},{"@type":"ListItem","position":3,"name":"Kaardiplotter AXIOM2 9 RV, Multi-function 9&#8243; Display with integrated RealVision 3D, 600W Sonar &#038; RV-100 transducer"}]},{"@type":"WebSite","@id":"https:\/\/raymarine.ee\/#website","url":"https:\/\/raymarine.ee\/","name":"www.raymarine.ee","description":"Merielektroniikka, karttaplotteri, autopilotti, pintaluotsi, ruorimies, tutka, AIS, VHF, Smart Wind.","publisher":{"@id":"https:\/\/raymarine.ee\/#organization"},"alternateName":"Raymarine","potentialAction":[{"@type":"SearchAction","target":{"@type":"EntryPoint","urlTemplate":"https:\/\/raymarine.ee\/?s={search_term_string}"},"query-input":{"@type":"PropertyValueSpecification","valueRequired":true,"valueName":"search_term_string"}}],"inLanguage":"fi"},{"@type":"Organization","@id":"https:\/\/raymarine.ee\/#organization","name":"NavSystems O\u00dc","url":"https:\/\/raymarine.ee\/","logo":{"@type":"ImageObject","inLanguage":"fi","@id":"https:\/\/raymarine.ee\/#\/schema\/logo\/image\/","url":"https:\/\/raymarine.ee\/wp-content\/uploads\/2024\/10\/Screenshot-2024-10-15-151324_bg_removed.webp","contentUrl":"https:\/\/raymarine.ee\/wp-content\/uploads\/2024\/10\/Screenshot-2024-10-15-151324_bg_removed.webp","width":420,"height":276,"caption":"NavSystems O\u00dc"},"image":{"@id":"https:\/\/raymarine.ee\/#\/schema\/logo\/image\/"},"sameAs":["https:\/\/www.facebook.com\/NavSystems"],"legalName":"NavSystems O\u00dc","foundingDate":"2011-05-03","numberOfEmployees":{"@type":"QuantitativeValue","minValue":"1","maxValue":"10"}}]},"product_price_amount":"2365.00","product_price_currency":"EUR","og_availability":"backorder","product_availability":"available for order","product_retailer_item_id":"E70723-03-NEU","product_condition":"new"},"jetpack_sharing_enabled":true,"_links":{"self":[{"href":"https:\/\/raymarine.ee\/fi\/wp-json\/wp\/v2\/product\/10593","targetHints":{"allow":["GET"]}}],"collection":[{"href":"https:\/\/raymarine.ee\/fi\/wp-json\/wp\/v2\/product"}],"about":[{"href":"https:\/\/raymarine.ee\/fi\/wp-json\/wp\/v2\/types\/product"}],"wp:featuredmedia":[{"embeddable":true,"href":"https:\/\/raymarine.ee\/fi\/wp-json\/wp\/v2\/media\/10602"}],"wp:attachment":[{"href":"https:\/\/raymarine.ee\/fi\/wp-json\/wp\/v2\/media?parent=10593"}],"wp:term":[{"taxonomy":"product_brand","embeddable":true,"href":"https:\/\/raymarine.ee\/fi\/wp-json\/wp\/v2\/product_brand?post=10593"},{"taxonomy":"product_cat","embeddable":true,"href":"https:\/\/raymarine.ee\/fi\/wp-json\/wp\/v2\/product_cat?post=10593"},{"taxonomy":"product_tag","embeddable":true,"href":"https:\/\/raymarine.ee\/fi\/wp-json\/wp\/v2\/product_tag?post=10593"}],"curies":[{"name":"wp","href":"https:\/\/api.w.org\/{rel}","templated":true}]}}