{"id":10922,"date":"2026-05-01T14:14:27","date_gmt":"2026-05-01T11:14:27","guid":{"rendered":"https:\/\/raymarine.ee\/?post_type=product&#038;p=10922"},"modified":"2026-05-01T14:37:37","modified_gmt":"2026-05-01T11:37:37","slug":"st4000-mk2-vaihdelaatikon-sarja-a18088","status":"publish","type":"product","link":"https:\/\/raymarine.ee\/fi\/product\/st4000-mk2-gearbox-kit-a18088\/","title":{"rendered":"ST4000 MK2 - Vaihteistosarja A18088"},"content":{"rendered":"<p data-start=\"115\" data-end=\"448\">Raymarine 4000 Mk2 -ohjauspy\u00f6r\u00e4n vaihdelaatikon sarja (A18088) on v\u00e4ltt\u00e4m\u00e4t\u00f6n varaosa, jos suunnittelet pidemp\u00e4\u00e4 lomamatkaa.<\/p>\n<p data-start=\"115\" data-end=\"448\"><strong>Oppaat<\/strong><\/p>\n<p data-start=\"115\" data-end=\"448\">Lataa <a href=\"https:\/\/raymarine.ee\/wp-content\/uploads\/2026\/05\/4000serv.pdf\" target=\"_blank\" rel=\"noopener\">ST4000 MKII -huolto-opas<\/a><\/p>","protected":false},"excerpt":{"rendered":"<p>Raymarine 4000 Mk2 Wheel Drive -moottori (A18088) on tarpeellinen varaosa, jos suunnittelet pidemp\u00e4\u00e4 lomamatkaa.<\/p>","protected":false},"featured_media":10925,"template":"","meta":{"_acf_changed":false},"product_brand":[],"product_cat":[52,103,65],"product_tag":[],"class_list":{"0":"post-10922","1":"product","2":"type-product","3":"status-publish","4":"has-post-thumbnail","6":"product_cat-autopiloot-autopiloodid","7":"product_cat-raymarine","8":"product_cat-roolipiloodid","10":"first","11":"instock","12":"sale","13":"taxable","14":"shipping-taxable","15":"purchasable","16":"product-type-simple"},"acf":[],"yoast_head":"<!-- This site is optimized with the Yoast SEO Premium plugin v27.5 (Yoast SEO v27.5) - https:\/\/yoast.com\/product\/yoast-seo-premium-wordpress\/ -->\n<title>ST4000 MK2 Gearbox Kit A18088 - NavSystems Mereelektroonika<\/title>\n<meta name=\"description\" content=\"Tellige ST4000 MK2 Gearbox Kit A18088 - vajalik varuosa, et tagada usaldusv\u00e4\u00e4rne t\u00f6\u00f6 pikkadel reisidel. Osta see kohe ja naudi muretut purjetamist!\" \/>\n<meta name=\"robots\" content=\"index, follow, max-snippet:-1, max-image-preview:large, max-video-preview:-1\" \/>\n<link rel=\"canonical\" href=\"https:\/\/raymarine.ee\/fi\/product\/st4000-mk2-vaihdelaatikon-sarja-a18088\/\" \/>\n<meta property=\"og:locale\" content=\"fi_FI\" \/>\n<meta property=\"og:type\" content=\"article\" \/>\n<meta property=\"og:title\" content=\"ST4000 MK2 Gearbox Kit A18088\" \/>\n<meta property=\"og:description\" content=\"Tellige ST4000 MK2 Gearbox Kit A18088 - vajalik varuosa, et tagada usaldusv\u00e4\u00e4rne t\u00f6\u00f6 pikkadel reisidel. Osta see kohe ja naudi muretut purjetamist!\" \/>\n<meta property=\"og:url\" content=\"https:\/\/raymarine.ee\/fi\/product\/st4000-mk2-vaihdelaatikon-sarja-a18088\/\" \/>\n<meta property=\"og:site_name\" content=\"NavSystems\" \/>\n<meta property=\"article:publisher\" content=\"https:\/\/www.facebook.com\/NavSystems\" \/>\n<meta property=\"article:modified_time\" content=\"2026-05-01T11:37:37+00:00\" \/>\n<meta property=\"og:image\" content=\"https:\/\/raymarine.ee\/wp-content\/uploads\/2026\/05\/gearbox-kit-a18088.jpg\" \/>\n\t<meta property=\"og:image:width\" content=\"600\" \/>\n\t<meta property=\"og:image:height\" content=\"453\" \/>\n\t<meta property=\"og:image:type\" content=\"image\/jpeg\" \/>\n<meta name=\"twitter:card\" content=\"summary_large_image\" \/>\n<meta name=\"twitter:label1\" content=\"Hinta\" \/>\n\t<meta name=\"twitter:data1\" content=\"269,50&nbsp;&euro;\" \/>\n\t<meta name=\"twitter:label2\" content=\"Saatavuus\" \/>\n\t<meta name=\"twitter:data2\" content=\"Varastossa\" \/>\n<script type=\"application\/ld+json\" class=\"yoast-schema-graph\">{\"@context\":\"https:\\\/\\\/schema.org\",\"@graph\":[{\"@type\":\"WebPage\",\"@id\":\"https:\\\/\\\/raymarine.ee\\\/product\\\/st4000-mk2-gearbox-kit-a18088\\\/\",\"url\":\"https:\\\/\\\/raymarine.ee\\\/product\\\/st4000-mk2-gearbox-kit-a18088\\\/\",\"name\":\"ST4000 MK2 Gearbox Kit A18088 - NavSystems Mereelektroonika\",\"isPartOf\":{\"@id\":\"https:\\\/\\\/raymarine.ee\\\/#website\"},\"primaryImageOfPage\":{\"@id\":\"https:\\\/\\\/raymarine.ee\\\/product\\\/st4000-mk2-gearbox-kit-a18088\\\/#primaryimage\"},\"image\":{\"@id\":\"https:\\\/\\\/raymarine.ee\\\/product\\\/st4000-mk2-gearbox-kit-a18088\\\/#primaryimage\"},\"thumbnailUrl\":\"https:\\\/\\\/raymarine.ee\\\/wp-content\\\/uploads\\\/2026\\\/05\\\/gearbox-kit-a18088.jpg\",\"datePublished\":\"2026-05-01T11:14:27+00:00\",\"dateModified\":\"2026-05-01T11:37:37+00:00\",\"description\":\"Tellige ST4000 MK2 Gearbox Kit A18088 - vajalik varuosa, et tagada usaldusv\u00e4\u00e4rne t\u00f6\u00f6 pikkadel reisidel. Osta see kohe ja naudi muretut purjetamist!\",\"breadcrumb\":{\"@id\":\"https:\\\/\\\/raymarine.ee\\\/product\\\/st4000-mk2-gearbox-kit-a18088\\\/#breadcrumb\"},\"inLanguage\":\"fi\",\"potentialAction\":[{\"@type\":\"ReadAction\",\"target\":[\"https:\\\/\\\/raymarine.ee\\\/product\\\/st4000-mk2-gearbox-kit-a18088\\\/\"]}]},{\"@type\":\"ImageObject\",\"inLanguage\":\"fi\",\"@id\":\"https:\\\/\\\/raymarine.ee\\\/product\\\/st4000-mk2-gearbox-kit-a18088\\\/#primaryimage\",\"url\":\"https:\\\/\\\/raymarine.ee\\\/wp-content\\\/uploads\\\/2026\\\/05\\\/gearbox-kit-a18088.jpg\",\"contentUrl\":\"https:\\\/\\\/raymarine.ee\\\/wp-content\\\/uploads\\\/2026\\\/05\\\/gearbox-kit-a18088.jpg\",\"width\":600,\"height\":453,\"caption\":\"gearbox-kit-a18088\"},{\"@type\":\"BreadcrumbList\",\"@id\":\"https:\\\/\\\/raymarine.ee\\\/product\\\/st4000-mk2-gearbox-kit-a18088\\\/#breadcrumb\",\"itemListElement\":[{\"@type\":\"ListItem\",\"position\":1,\"name\":\"Home\",\"item\":\"https:\\\/\\\/raymarine.ee\\\/\"},{\"@type\":\"ListItem\",\"position\":2,\"name\":\"Tooted\",\"item\":\"https:\\\/\\\/raymarine.ee\\\/shop\\\/\"},{\"@type\":\"ListItem\",\"position\":3,\"name\":\"ST4000 MK2 Gearbox Kit A18088\"}]},{\"@type\":\"WebSite\",\"@id\":\"https:\\\/\\\/raymarine.ee\\\/#website\",\"url\":\"https:\\\/\\\/raymarine.ee\\\/\",\"name\":\"www.raymarine.ee\",\"description\":\"Mereelektroonika, kaardiplotter, autopiloot, pinnipiloot, roolipiloot, radar, AIS, VHF, Smart Wind\",\"publisher\":{\"@id\":\"https:\\\/\\\/raymarine.ee\\\/#organization\"},\"alternateName\":\"Raymarine\",\"potentialAction\":[{\"@type\":\"SearchAction\",\"target\":{\"@type\":\"EntryPoint\",\"urlTemplate\":\"https:\\\/\\\/raymarine.ee\\\/?s={search_term_string}\"},\"query-input\":{\"@type\":\"PropertyValueSpecification\",\"valueRequired\":true,\"valueName\":\"search_term_string\"}}],\"inLanguage\":\"fi\"},{\"@type\":\"Organization\",\"@id\":\"https:\\\/\\\/raymarine.ee\\\/#organization\",\"name\":\"NavSystems O\u00dc\",\"url\":\"https:\\\/\\\/raymarine.ee\\\/\",\"logo\":{\"@type\":\"ImageObject\",\"inLanguage\":\"fi\",\"@id\":\"https:\\\/\\\/raymarine.ee\\\/#\\\/schema\\\/logo\\\/image\\\/\",\"url\":\"https:\\\/\\\/raymarine.ee\\\/wp-content\\\/uploads\\\/2024\\\/10\\\/Screenshot-2024-10-15-151324_bg_removed.webp\",\"contentUrl\":\"https:\\\/\\\/raymarine.ee\\\/wp-content\\\/uploads\\\/2024\\\/10\\\/Screenshot-2024-10-15-151324_bg_removed.webp\",\"width\":420,\"height\":276,\"caption\":\"NavSystems O\u00dc\"},\"image\":{\"@id\":\"https:\\\/\\\/raymarine.ee\\\/#\\\/schema\\\/logo\\\/image\\\/\"},\"sameAs\":[\"https:\\\/\\\/www.facebook.com\\\/NavSystems\"],\"legalName\":\"NavSystems O\u00dc\",\"foundingDate\":\"2011-05-03\",\"numberOfEmployees\":{\"@type\":\"QuantitativeValue\",\"minValue\":\"1\",\"maxValue\":\"10\"}}]}<\/script>\n<meta property=\"product:price:amount\" content=\"269.50\" \/>\n<meta property=\"product:price:currency\" content=\"EUR\" \/>\n<meta property=\"og:availability\" content=\"instock\" \/>\n<meta property=\"product:availability\" content=\"instock\" \/>\n<meta property=\"product:retailer_item_id\" content=\"A18088\" \/>\n<meta property=\"product:condition\" content=\"new\" \/>\n<!-- \/ Yoast SEO Premium plugin. -->","yoast_head_json":{"title":"ST4000 MK2 vaihdelaatikkosarja A18088 - NavSystems Merenelektroniikka","description":"Tilaa ST4000 MK2 -vaihteistopaketti A18088 \u2013 v\u00e4ltt\u00e4m\u00e4t\u00f6n varaosa, joka takaa luotettavan toiminnan pitkill\u00e4 matkoilla. Osta se heti ja nauti huolettomasta purjehduksesta!","robots":{"index":"index","follow":"follow","max-snippet":"max-snippet:-1","max-image-preview":"max-image-preview:large","max-video-preview":"max-video-preview:-1"},"canonical":"https:\/\/raymarine.ee\/fi\/product\/st4000-mk2-vaihdelaatikon-sarja-a18088\/","og_locale":"fi_FI","og_type":"article","og_title":"ST4000 MK2 Gearbox Kit A18088","og_description":"Tellige ST4000 MK2 Gearbox Kit A18088 - vajalik varuosa, et tagada usaldusv\u00e4\u00e4rne t\u00f6\u00f6 pikkadel reisidel. Osta see kohe ja naudi muretut purjetamist!","og_url":"https:\/\/raymarine.ee\/fi\/product\/st4000-mk2-vaihdelaatikon-sarja-a18088\/","og_site_name":"NavSystems","article_publisher":"https:\/\/www.facebook.com\/NavSystems","article_modified_time":"2026-05-01T11:37:37+00:00","og_image":[{"width":600,"height":453,"url":"https:\/\/raymarine.ee\/wp-content\/uploads\/2026\/05\/gearbox-kit-a18088.jpg","type":"image\/jpeg"}],"twitter_card":"summary_large_image","twitter_misc":{"Hinta":"269,50&nbsp;&euro;","Saatavuus":"Varastossa"},"schema":{"@context":"https:\/\/schema.org","@graph":[{"@type":"WebPage","@id":"https:\/\/raymarine.ee\/product\/st4000-mk2-gearbox-kit-a18088\/","url":"https:\/\/raymarine.ee\/product\/st4000-mk2-gearbox-kit-a18088\/","name":"ST4000 MK2 vaihdelaatikkosarja A18088 - NavSystems Merenelektroniikka","isPartOf":{"@id":"https:\/\/raymarine.ee\/#website"},"primaryImageOfPage":{"@id":"https:\/\/raymarine.ee\/product\/st4000-mk2-gearbox-kit-a18088\/#primaryimage"},"image":{"@id":"https:\/\/raymarine.ee\/product\/st4000-mk2-gearbox-kit-a18088\/#primaryimage"},"thumbnailUrl":"https:\/\/raymarine.ee\/wp-content\/uploads\/2026\/05\/gearbox-kit-a18088.jpg","datePublished":"2026-05-01T11:14:27+00:00","dateModified":"2026-05-01T11:37:37+00:00","description":"Tilaa ST4000 MK2 -vaihteistopaketti A18088 \u2013 v\u00e4ltt\u00e4m\u00e4t\u00f6n varaosa, joka takaa luotettavan toiminnan pitkill\u00e4 matkoilla. Osta se heti ja nauti huolettomasta purjehduksesta!","breadcrumb":{"@id":"https:\/\/raymarine.ee\/product\/st4000-mk2-gearbox-kit-a18088\/#breadcrumb"},"inLanguage":"fi","potentialAction":[{"@type":"ReadAction","target":["https:\/\/raymarine.ee\/product\/st4000-mk2-gearbox-kit-a18088\/"]}]},{"@type":"ImageObject","inLanguage":"fi","@id":"https:\/\/raymarine.ee\/product\/st4000-mk2-gearbox-kit-a18088\/#primaryimage","url":"https:\/\/raymarine.ee\/wp-content\/uploads\/2026\/05\/gearbox-kit-a18088.jpg","contentUrl":"https:\/\/raymarine.ee\/wp-content\/uploads\/2026\/05\/gearbox-kit-a18088.jpg","width":600,"height":453,"caption":"gearbox-kit-a18088"},{"@type":"BreadcrumbList","@id":"https:\/\/raymarine.ee\/product\/st4000-mk2-gearbox-kit-a18088\/#breadcrumb","itemListElement":[{"@type":"ListItem","position":1,"name":"Home","item":"https:\/\/raymarine.ee\/"},{"@type":"ListItem","position":2,"name":"Tooted","item":"https:\/\/raymarine.ee\/shop\/"},{"@type":"ListItem","position":3,"name":"ST4000 MK2 Gearbox Kit A18088"}]},{"@type":"WebSite","@id":"https:\/\/raymarine.ee\/#website","url":"https:\/\/raymarine.ee\/","name":"www.raymarine.ee","description":"Merielektroniikka, karttaplotteri, autopilotti, pintaluotsi, ruorimies, tutka, AIS, VHF, Smart Wind.","publisher":{"@id":"https:\/\/raymarine.ee\/#organization"},"alternateName":"Raymarine","potentialAction":[{"@type":"SearchAction","target":{"@type":"EntryPoint","urlTemplate":"https:\/\/raymarine.ee\/?s={search_term_string}"},"query-input":{"@type":"PropertyValueSpecification","valueRequired":true,"valueName":"search_term_string"}}],"inLanguage":"fi"},{"@type":"Organization","@id":"https:\/\/raymarine.ee\/#organization","name":"NavSystems O\u00dc","url":"https:\/\/raymarine.ee\/","logo":{"@type":"ImageObject","inLanguage":"fi","@id":"https:\/\/raymarine.ee\/#\/schema\/logo\/image\/","url":"https:\/\/raymarine.ee\/wp-content\/uploads\/2024\/10\/Screenshot-2024-10-15-151324_bg_removed.webp","contentUrl":"https:\/\/raymarine.ee\/wp-content\/uploads\/2024\/10\/Screenshot-2024-10-15-151324_bg_removed.webp","width":420,"height":276,"caption":"NavSystems O\u00dc"},"image":{"@id":"https:\/\/raymarine.ee\/#\/schema\/logo\/image\/"},"sameAs":["https:\/\/www.facebook.com\/NavSystems"],"legalName":"NavSystems O\u00dc","foundingDate":"2011-05-03","numberOfEmployees":{"@type":"QuantitativeValue","minValue":"1","maxValue":"10"}}]},"product_price_amount":"269.50","product_price_currency":"EUR","og_availability":"instock","product_availability":"instock","product_retailer_item_id":"A18088","product_condition":"new"},"jetpack_sharing_enabled":true,"_links":{"self":[{"href":"https:\/\/raymarine.ee\/fi\/wp-json\/wp\/v2\/product\/10922","targetHints":{"allow":["GET"]}}],"collection":[{"href":"https:\/\/raymarine.ee\/fi\/wp-json\/wp\/v2\/product"}],"about":[{"href":"https:\/\/raymarine.ee\/fi\/wp-json\/wp\/v2\/types\/product"}],"wp:featuredmedia":[{"embeddable":true,"href":"https:\/\/raymarine.ee\/fi\/wp-json\/wp\/v2\/media\/10925"}],"wp:attachment":[{"href":"https:\/\/raymarine.ee\/fi\/wp-json\/wp\/v2\/media?parent=10922"}],"wp:term":[{"taxonomy":"product_brand","embeddable":true,"href":"https:\/\/raymarine.ee\/fi\/wp-json\/wp\/v2\/product_brand?post=10922"},{"taxonomy":"product_cat","embeddable":true,"href":"https:\/\/raymarine.ee\/fi\/wp-json\/wp\/v2\/product_cat?post=10922"},{"taxonomy":"product_tag","embeddable":true,"href":"https:\/\/raymarine.ee\/fi\/wp-json\/wp\/v2\/product_tag?post=10922"}],"curies":[{"name":"wp","href":"https:\/\/api.w.org\/{rel}","templated":true}]}}