{"id":11066,"date":"2026-05-03T23:12:04","date_gmt":"2026-05-03T20:12:04","guid":{"rendered":"https:\/\/raymarine.ee\/?post_type=product&#038;p=11066"},"modified":"2026-05-05T07:13:51","modified_gmt":"2026-05-05T04:13:51","slug":"stng-spur-pistiku-pime-kork","status":"publish","type":"product","link":"https:\/\/raymarine.ee\/fi\/product\/stng-spur-pistiku-pime-kork\/","title":{"rendered":"STNG SPUR pistikupesa kaitsekork"},"content":{"rendered":"<p>Blanking Plug &#8211; Eesti keeles lihtsalt &#8220;pime&#8221; v\u00f5i kaitsekork on vajalik tarvik, et kaitsta STNG 5-Way liitmike t\u00fchjaks j\u00e4\u00e4nud valgeid SPUR (harukaabli) pesasid. M\u00f5istlik on STNG liitmikke valida nii, et m\u00f5ned vabad SPUR kaabli pesad j\u00e4\u00e4vad alati tuleviku jaoks vabaks. Kaptenilauas ja juhtimiskohtade l\u00e4hedal peaks kindlasti j\u00e4\u00e4ma m\u00f5ni vaba SPUR kaabli pesa. Need t\u00fchjad &#8220;augud&#8221; tuleks alguses kinni katta pimedate korkidega. STNG v\u00f5rgu pime kork ei sobi STNG liitmiku sinisesse pesasse sest pinni augud ei sobi ja \u00f5igesti ehitatud STNG v\u00f5rgul ei saa olla mitte \u00fchtegi t\u00fchja sinist BackBone pesa. Raymarine STNG SPUR kaabel on harukaabel mille kaudu \u00fchendatakse seadmed (sinine\/must) BackBone kaabliga, mis on nagu ka nimi \u00fctleb on &#8220;selgroo&#8221; kaabel. BackBone kaabel kulgeb paadis STNG v\u00f5rgu algusest l\u00f5puni ja m\u00f5istlik on v\u00f5rk koostada erinevate pikkustega kaablitest selliselt, et oleks v\u00f5imalik teha katkestused ja lisada T-liitmikuid v\u00f5i 5-Way liitmikuid kohtadesse kuhu on vaja lisada erinevaid STNG instrumente. BackBone on STNG v\u00f5rgu p\u00f5hikaabel ja v\u00f5rgu alustamiseks, j\u00e4tkamiseks v\u00f5i l\u00f5petamiseks tuleb lisada STNG terminaatorid, liitmikud ja 12V toide. STNG Siniseid ja valgeid kaableid ei saa valesti \u00fchendada, lisaks v\u00e4rvikodeeringule on STNG kaablitel ka erinev pinnide paigutus. Enne toote kasutamist tutvu STNG (NMEA2000) v\u00f5rgu t\u00f6\u00f6p\u00f5him\u00f5ttega. NB! STNG liitmike pistikupesade siniseid- ja valgeid mutreid tuleb keerata ainult veerand ringi. Vastavad t\u00e4histused on toote peale m\u00e4rgitud.<\/p>\n<p><strong>Oppaat:<\/strong><\/p>\n<p>Lataa\u00a0<a href=\"https:\/\/raymarine.ee\/wp-content\/uploads\/2026\/04\/SeaTalkng-Reference-manual-81300-1-EN-1.pdf\" target=\"_blank\" rel=\"noopener\" data-wpel-link=\"internal\">STNG-verkon yleiset ohjeet<\/a><\/p>","protected":false},"excerpt":{"rendered":"<p>Blanking Plug &#8211; Eesti keeles lihtsalt &#8220;pime&#8221; v\u00f5i kaitsekork on vajalik tarvik, et kaitsta STNG 5-Way liitmike t\u00fchjaks j\u00e4\u00e4nud valgeid SPUR (harukaabli) pesasid. M\u00f5istlik on STNG liitmikke valida nii, et m\u00f5ned vabad SPUR kaabli pesad j\u00e4\u00e4vad alati tuleviku jaoks vabaks. Kaptenilauas ja juhtimiskohtade l\u00e4hedal peaks kindlasti j\u00e4\u00e4ma m\u00f5ni vaba SPUR kaabli pesa. Need t\u00fchjad &#8220;augud&#8221; tuleks alguses kinni katta pimedate korkidega. STNG v\u00f5rgu pime kork ei sobi STNG liitmiku sinisesse pesasse sest pinni augud ei sobi ja \u00f5igesti ehitatud STNG v\u00f5rgul ei saa olla mitte \u00fchtegi t\u00fchja sinist BackBone pesa. Raymarine STNG SPUR kaabel on harukaabel mille kaudu \u00fchendatakse seadmed (sinine\/must) BackBone kaabliga, mis on nagu ka nimi \u00fctleb on &#8220;selgroo&#8221; kaabel. BackBone kaabel kulgeb paadis STNG v\u00f5rgu algusest l\u00f5puni ja m\u00f5istlik on v\u00f5rk koostada erinevate pikkustega kaablitest selliselt, et oleks v\u00f5imalik teha katkestused ja lisada T-liitmikuid v\u00f5i 5-Way liitmikuid kohtadesse kuhu on vaja lisada erinevaid STNG instrumente. BackBone on STNG v\u00f5rgu p\u00f5hikaabel ja v\u00f5rgu alustamiseks, j\u00e4tkamiseks v\u00f5i l\u00f5petamiseks tuleb lisada STNG terminaatorid, liitmikud ja 12V toide. STNG Siniseid ja valgeid kaableid ei saa valesti \u00fchendada, lisaks v\u00e4rvikodeeringule on STNG kaablitel ka erinev pinnide paigutus. Enne toote kasutamist tutvu STNG (NMEA2000) v\u00f5rgu t\u00f6\u00f6p\u00f5him\u00f5ttega. NB! STNG liitmike pistikupesade siniseid- ja valgeid mutreid tuleb keerata ainult veerand ringi. Vastavad t\u00e4histused on toote peale m\u00e4rgitud. Tutvu kindlasti ka selle toote juhenditega ja k\u00fcsimuste korral pea n\u00f5u meie spetsialistiga.<\/p>","protected":false},"featured_media":11067,"template":"","meta":{"_acf_changed":false},"product_brand":[134],"product_cat":[72,83],"product_tag":[],"class_list":{"0":"post-11066","1":"product","2":"type-product","3":"status-publish","4":"has-post-thumbnail","6":"product_brand-raymarine","7":"product_cat-tarvikud","8":"product_cat-stng_tarvikud","10":"first","11":"instock","12":"sale","13":"taxable","14":"shipping-taxable","15":"purchasable","16":"product-type-simple"},"acf":[],"yoast_head":"<!-- This site is optimized with the Yoast SEO Premium plugin v27.5 (Yoast SEO v27.5) - https:\/\/yoast.com\/product\/yoast-seo-premium-wordpress\/ -->\n<title>STNG Blanking Plug - Kaitsekork t\u00fchjadele STNG SPUR pesadele<\/title>\n<meta name=\"description\" content=\"STNG blanking plug hoiab t\u00fchjad SPUR pesad mustuse ja pritsmete eest kaitstuna. Vaata oma v\u00f5rk \u00fcle ja kaitse t\u00fchjasi STNG pesasid selle kaitsekorgiga.\" \/>\n<meta name=\"robots\" content=\"index, follow, max-snippet:-1, max-image-preview:large, max-video-preview:-1\" \/>\n<link rel=\"canonical\" href=\"https:\/\/raymarine.ee\/fi\/product\/stng-spur-pistiku-pime-kork\/\" \/>\n<meta property=\"og:locale\" content=\"fi_FI\" \/>\n<meta property=\"og:type\" content=\"article\" \/>\n<meta property=\"og:title\" content=\"STNG SPUR pistikupesa kaitsekork\" \/>\n<meta property=\"og:description\" content=\"STNG blanking plug hoiab t\u00fchjad SPUR pesad mustuse ja pritsmete eest kaitstuna. Vaata oma v\u00f5rk \u00fcle ja kaitse t\u00fchjasi STNG pesasid selle kaitsekorgiga.\" \/>\n<meta property=\"og:url\" content=\"https:\/\/raymarine.ee\/fi\/product\/stng-spur-pistiku-pime-kork\/\" \/>\n<meta property=\"og:site_name\" content=\"NavSystems\" \/>\n<meta property=\"article:publisher\" content=\"https:\/\/www.facebook.com\/NavSystems\" \/>\n<meta property=\"article:modified_time\" content=\"2026-05-05T04:13:51+00:00\" \/>\n<meta property=\"og:image\" content=\"https:\/\/raymarine.ee\/wp-content\/uploads\/2026\/05\/A06032-stng-blanking-plug.webp\" \/>\n\t<meta property=\"og:image:width\" content=\"840\" \/>\n\t<meta property=\"og:image:height\" content=\"600\" \/>\n\t<meta property=\"og:image:type\" content=\"image\/webp\" \/>\n<meta name=\"twitter:card\" content=\"summary_large_image\" \/>\n<meta name=\"twitter:label1\" content=\"Hinta\" \/>\n\t<meta name=\"twitter:data1\" content=\"5,90&nbsp;&euro;\" \/>\n\t<meta name=\"twitter:label2\" content=\"Saatavuus\" \/>\n\t<meta name=\"twitter:data2\" content=\"Varastossa\" \/>\n<script type=\"application\/ld+json\" class=\"yoast-schema-graph\">{\"@context\":\"https:\\\/\\\/schema.org\",\"@graph\":[{\"@type\":\"WebPage\",\"@id\":\"https:\\\/\\\/raymarine.ee\\\/product\\\/stng-spur-pistiku-pime-kork\\\/\",\"url\":\"https:\\\/\\\/raymarine.ee\\\/product\\\/stng-spur-pistiku-pime-kork\\\/\",\"name\":\"STNG Blanking Plug - Kaitsekork t\u00fchjadele STNG SPUR pesadele\",\"isPartOf\":{\"@id\":\"https:\\\/\\\/raymarine.ee\\\/#website\"},\"primaryImageOfPage\":{\"@id\":\"https:\\\/\\\/raymarine.ee\\\/product\\\/stng-spur-pistiku-pime-kork\\\/#primaryimage\"},\"image\":{\"@id\":\"https:\\\/\\\/raymarine.ee\\\/product\\\/stng-spur-pistiku-pime-kork\\\/#primaryimage\"},\"thumbnailUrl\":\"https:\\\/\\\/raymarine.ee\\\/wp-content\\\/uploads\\\/2026\\\/05\\\/A06032-stng-blanking-plug.webp\",\"datePublished\":\"2026-05-03T20:12:04+00:00\",\"dateModified\":\"2026-05-05T04:13:51+00:00\",\"description\":\"STNG blanking plug hoiab t\u00fchjad SPUR pesad mustuse ja pritsmete eest kaitstuna. Vaata oma v\u00f5rk \u00fcle ja kaitse t\u00fchjasi STNG pesasid selle kaitsekorgiga.\",\"breadcrumb\":{\"@id\":\"https:\\\/\\\/raymarine.ee\\\/product\\\/stng-spur-pistiku-pime-kork\\\/#breadcrumb\"},\"inLanguage\":\"fi\",\"potentialAction\":[{\"@type\":\"ReadAction\",\"target\":[\"https:\\\/\\\/raymarine.ee\\\/product\\\/stng-spur-pistiku-pime-kork\\\/\"]}]},{\"@type\":\"ImageObject\",\"inLanguage\":\"fi\",\"@id\":\"https:\\\/\\\/raymarine.ee\\\/product\\\/stng-spur-pistiku-pime-kork\\\/#primaryimage\",\"url\":\"https:\\\/\\\/raymarine.ee\\\/wp-content\\\/uploads\\\/2026\\\/05\\\/A06032-stng-blanking-plug.webp\",\"contentUrl\":\"https:\\\/\\\/raymarine.ee\\\/wp-content\\\/uploads\\\/2026\\\/05\\\/A06032-stng-blanking-plug.webp\",\"width\":840,\"height\":600,\"caption\":\"A06032-stng-blanking-plug\"},{\"@type\":\"BreadcrumbList\",\"@id\":\"https:\\\/\\\/raymarine.ee\\\/product\\\/stng-spur-pistiku-pime-kork\\\/#breadcrumb\",\"itemListElement\":[{\"@type\":\"ListItem\",\"position\":1,\"name\":\"Home\",\"item\":\"https:\\\/\\\/raymarine.ee\\\/\"},{\"@type\":\"ListItem\",\"position\":2,\"name\":\"Tooted\",\"item\":\"https:\\\/\\\/raymarine.ee\\\/shop\\\/\"},{\"@type\":\"ListItem\",\"position\":3,\"name\":\"STNG SPUR pistikupesa kaitsekork\"}]},{\"@type\":\"WebSite\",\"@id\":\"https:\\\/\\\/raymarine.ee\\\/#website\",\"url\":\"https:\\\/\\\/raymarine.ee\\\/\",\"name\":\"www.raymarine.ee\",\"description\":\"Mereelektroonika, kaardiplotter, autopiloot, pinnipiloot, roolipiloot, radar, AIS, VHF, Smart Wind\",\"publisher\":{\"@id\":\"https:\\\/\\\/raymarine.ee\\\/#organization\"},\"alternateName\":\"Raymarine\",\"potentialAction\":[{\"@type\":\"SearchAction\",\"target\":{\"@type\":\"EntryPoint\",\"urlTemplate\":\"https:\\\/\\\/raymarine.ee\\\/?s={search_term_string}\"},\"query-input\":{\"@type\":\"PropertyValueSpecification\",\"valueRequired\":true,\"valueName\":\"search_term_string\"}}],\"inLanguage\":\"fi\"},{\"@type\":\"Organization\",\"@id\":\"https:\\\/\\\/raymarine.ee\\\/#organization\",\"name\":\"NavSystems O\u00dc\",\"url\":\"https:\\\/\\\/raymarine.ee\\\/\",\"logo\":{\"@type\":\"ImageObject\",\"inLanguage\":\"fi\",\"@id\":\"https:\\\/\\\/raymarine.ee\\\/#\\\/schema\\\/logo\\\/image\\\/\",\"url\":\"https:\\\/\\\/raymarine.ee\\\/wp-content\\\/uploads\\\/2024\\\/10\\\/Screenshot-2024-10-15-151324_bg_removed.webp\",\"contentUrl\":\"https:\\\/\\\/raymarine.ee\\\/wp-content\\\/uploads\\\/2024\\\/10\\\/Screenshot-2024-10-15-151324_bg_removed.webp\",\"width\":420,\"height\":276,\"caption\":\"NavSystems O\u00dc\"},\"image\":{\"@id\":\"https:\\\/\\\/raymarine.ee\\\/#\\\/schema\\\/logo\\\/image\\\/\"},\"sameAs\":[\"https:\\\/\\\/www.facebook.com\\\/NavSystems\"],\"legalName\":\"NavSystems O\u00dc\",\"foundingDate\":\"2011-05-03\",\"numberOfEmployees\":{\"@type\":\"QuantitativeValue\",\"minValue\":\"1\",\"maxValue\":\"10\"}}]}<\/script>\n<meta property=\"product:price:amount\" content=\"5.90\" \/>\n<meta property=\"product:price:currency\" content=\"EUR\" \/>\n<meta property=\"og:availability\" content=\"instock\" \/>\n<meta property=\"product:availability\" content=\"instock\" \/>\n<meta property=\"product:retailer_item_id\" content=\"A06032\" \/>\n<meta property=\"product:condition\" content=\"new\" \/>\n<!-- \/ Yoast SEO Premium plugin. -->","yoast_head_json":{"title":"STNG Blanking Plug - Kaitsekork t\u00fchjadele STNG SPUR pesadele","description":"STNG blanking plug hoiab t\u00fchjad SPUR pesad mustuse ja pritsmete eest kaitstuna. Vaata oma v\u00f5rk \u00fcle ja kaitse t\u00fchjasi STNG pesasid selle kaitsekorgiga.","robots":{"index":"index","follow":"follow","max-snippet":"max-snippet:-1","max-image-preview":"max-image-preview:large","max-video-preview":"max-video-preview:-1"},"canonical":"https:\/\/raymarine.ee\/fi\/product\/stng-spur-pistiku-pime-kork\/","og_locale":"fi_FI","og_type":"article","og_title":"STNG SPUR pistikupesa kaitsekork","og_description":"STNG blanking plug hoiab t\u00fchjad SPUR pesad mustuse ja pritsmete eest kaitstuna. Vaata oma v\u00f5rk \u00fcle ja kaitse t\u00fchjasi STNG pesasid selle kaitsekorgiga.","og_url":"https:\/\/raymarine.ee\/fi\/product\/stng-spur-pistiku-pime-kork\/","og_site_name":"NavSystems","article_publisher":"https:\/\/www.facebook.com\/NavSystems","article_modified_time":"2026-05-05T04:13:51+00:00","og_image":[{"width":840,"height":600,"url":"https:\/\/raymarine.ee\/wp-content\/uploads\/2026\/05\/A06032-stng-blanking-plug.webp","type":"image\/webp"}],"twitter_card":"summary_large_image","twitter_misc":{"Hinta":"5,90&nbsp;&euro;","Saatavuus":"Varastossa"},"schema":{"@context":"https:\/\/schema.org","@graph":[{"@type":"WebPage","@id":"https:\/\/raymarine.ee\/product\/stng-spur-pistiku-pime-kork\/","url":"https:\/\/raymarine.ee\/product\/stng-spur-pistiku-pime-kork\/","name":"STNG Blanking Plug - Kaitsekork t\u00fchjadele STNG SPUR pesadele","isPartOf":{"@id":"https:\/\/raymarine.ee\/#website"},"primaryImageOfPage":{"@id":"https:\/\/raymarine.ee\/product\/stng-spur-pistiku-pime-kork\/#primaryimage"},"image":{"@id":"https:\/\/raymarine.ee\/product\/stng-spur-pistiku-pime-kork\/#primaryimage"},"thumbnailUrl":"https:\/\/raymarine.ee\/wp-content\/uploads\/2026\/05\/A06032-stng-blanking-plug.webp","datePublished":"2026-05-03T20:12:04+00:00","dateModified":"2026-05-05T04:13:51+00:00","description":"STNG blanking plug hoiab t\u00fchjad SPUR pesad mustuse ja pritsmete eest kaitstuna. Vaata oma v\u00f5rk \u00fcle ja kaitse t\u00fchjasi STNG pesasid selle kaitsekorgiga.","breadcrumb":{"@id":"https:\/\/raymarine.ee\/product\/stng-spur-pistiku-pime-kork\/#breadcrumb"},"inLanguage":"fi","potentialAction":[{"@type":"ReadAction","target":["https:\/\/raymarine.ee\/product\/stng-spur-pistiku-pime-kork\/"]}]},{"@type":"ImageObject","inLanguage":"fi","@id":"https:\/\/raymarine.ee\/product\/stng-spur-pistiku-pime-kork\/#primaryimage","url":"https:\/\/raymarine.ee\/wp-content\/uploads\/2026\/05\/A06032-stng-blanking-plug.webp","contentUrl":"https:\/\/raymarine.ee\/wp-content\/uploads\/2026\/05\/A06032-stng-blanking-plug.webp","width":840,"height":600,"caption":"A06032-stng-blanking-plug"},{"@type":"BreadcrumbList","@id":"https:\/\/raymarine.ee\/product\/stng-spur-pistiku-pime-kork\/#breadcrumb","itemListElement":[{"@type":"ListItem","position":1,"name":"Home","item":"https:\/\/raymarine.ee\/"},{"@type":"ListItem","position":2,"name":"Tooted","item":"https:\/\/raymarine.ee\/shop\/"},{"@type":"ListItem","position":3,"name":"STNG SPUR pistikupesa kaitsekork"}]},{"@type":"WebSite","@id":"https:\/\/raymarine.ee\/#website","url":"https:\/\/raymarine.ee\/","name":"www.raymarine.ee","description":"Merielektroniikka, karttaplotteri, autopilotti, pintaluotsi, ruorimies, tutka, AIS, VHF, Smart Wind.","publisher":{"@id":"https:\/\/raymarine.ee\/#organization"},"alternateName":"Raymarine","potentialAction":[{"@type":"SearchAction","target":{"@type":"EntryPoint","urlTemplate":"https:\/\/raymarine.ee\/?s={search_term_string}"},"query-input":{"@type":"PropertyValueSpecification","valueRequired":true,"valueName":"search_term_string"}}],"inLanguage":"fi"},{"@type":"Organization","@id":"https:\/\/raymarine.ee\/#organization","name":"NavSystems O\u00dc","url":"https:\/\/raymarine.ee\/","logo":{"@type":"ImageObject","inLanguage":"fi","@id":"https:\/\/raymarine.ee\/#\/schema\/logo\/image\/","url":"https:\/\/raymarine.ee\/wp-content\/uploads\/2024\/10\/Screenshot-2024-10-15-151324_bg_removed.webp","contentUrl":"https:\/\/raymarine.ee\/wp-content\/uploads\/2024\/10\/Screenshot-2024-10-15-151324_bg_removed.webp","width":420,"height":276,"caption":"NavSystems O\u00dc"},"image":{"@id":"https:\/\/raymarine.ee\/#\/schema\/logo\/image\/"},"sameAs":["https:\/\/www.facebook.com\/NavSystems"],"legalName":"NavSystems O\u00dc","foundingDate":"2011-05-03","numberOfEmployees":{"@type":"QuantitativeValue","minValue":"1","maxValue":"10"}}]},"product_price_amount":"5.90","product_price_currency":"EUR","og_availability":"instock","product_availability":"instock","product_retailer_item_id":"A06032","product_condition":"new"},"jetpack_sharing_enabled":true,"_links":{"self":[{"href":"https:\/\/raymarine.ee\/fi\/wp-json\/wp\/v2\/product\/11066","targetHints":{"allow":["GET"]}}],"collection":[{"href":"https:\/\/raymarine.ee\/fi\/wp-json\/wp\/v2\/product"}],"about":[{"href":"https:\/\/raymarine.ee\/fi\/wp-json\/wp\/v2\/types\/product"}],"wp:featuredmedia":[{"embeddable":true,"href":"https:\/\/raymarine.ee\/fi\/wp-json\/wp\/v2\/media\/11067"}],"wp:attachment":[{"href":"https:\/\/raymarine.ee\/fi\/wp-json\/wp\/v2\/media?parent=11066"}],"wp:term":[{"taxonomy":"product_brand","embeddable":true,"href":"https:\/\/raymarine.ee\/fi\/wp-json\/wp\/v2\/product_brand?post=11066"},{"taxonomy":"product_cat","embeddable":true,"href":"https:\/\/raymarine.ee\/fi\/wp-json\/wp\/v2\/product_cat?post=11066"},{"taxonomy":"product_tag","embeddable":true,"href":"https:\/\/raymarine.ee\/fi\/wp-json\/wp\/v2\/product_tag?post=11066"}],"curies":[{"name":"wp","href":"https:\/\/api.w.org\/{rel}","templated":true}]}}