{"id":11104,"date":"2026-05-04T18:27:09","date_gmt":"2026-05-04T15:27:09","guid":{"rendered":"https:\/\/raymarine.ee\/?post_type=product&#038;p=11104"},"modified":"2026-05-05T21:17:28","modified_gmt":"2026-05-05T18:17:28","slug":"raymarine-p79-keresisene-kalaleidja-andur-8-pin-cp370","status":"publish","type":"product","link":"https:\/\/raymarine.ee\/fi\/product\/raymarine-p79-keresisene-kalaleidja-andur-8-pin-cp370\/","title":{"rendered":"Raymarine P79 -runkoon asennettava kalapaikannusanturi (8-napainen \/ CP370)"},"content":{"rendered":"<p><strong data-start=\"102\" data-end=\"175\">Raymarine P79 keresisene kalaleidja andur \u2013 Kala pilt plotterisse ilma laevakere puurimiseta!<\/strong><br data-start=\"175\" data-end=\"178\" \/>Keresisese P79 anduri kaldenurka saab h\u00f5lpsalt seadistada vastavalt kere nurgale 0\u00b0 kuni 22\u00b0. Anduriga on kaasas korpus mis tuleb liimida paadi p\u00f5hja sisepinnale ja 5Cm \u00fclatuses t\u00e4ita k\u00fclmumiskindla vedelikuga. Seej\u00e4rel kinnitatakse keerdlukuga andur sellesse korpusesse nii, et andur vaataks otse alla. Helilained liiguvad vedelikus t\u00f5husalt l\u00e4bi plastikust kere, pakkudes parimat v\u00f5imalikku keresisese anduri\u00a0 j\u00f5udlust. P79 kalaleidja andur on kahesageduslik ja t\u00f6\u00f6tab sagedustel 50 kHz ja 200 kHz, et tagada sihtm\u00e4rgi k\u00f5rge detailsus madalas vees ja suurep\u00e4rane p\u00f5hja j\u00e4lgimine s\u00fcgavas vees. Andur on 8-Pin \/ CP370 pistikuga ja Axiom2 RV v\u00f5i Axiom2 Pro seeria plotterisse \u00fchendamiseks l\u00e4heb vaja adapterkaablit <a href=\"https:\/\/raymarine.ee\/fi\/product\/adaptor-cable-8-pin-cpt-370-transducer-to-axiom-rv-or-axiom-pro-rvx-s-25-pin-300mm\/\">A80494<\/a>. Anduri paigaldamiseks pole vaja kere sisse auku puurida, P79 andur sobib klaasplastikust laevakeredele. NB! P79 keresisene andur ei n\u00e4ita veetemperatuuri.<\/p>\n<ul>\n<li>50 kHz-200 kHz sagedus<\/li>\n<li>8-Pin \/ CPT370 pistik<\/li>\n<li>Pole vaja teha kere sisse auku<\/li>\n<li>Sobilik klaasplastikust laevakeredele<\/li>\n<li>Kaldenurk on seadistatav 0\u00ba kuni 22\u00ba<\/li>\n<\/ul>\n<p><strong><br \/>\nOppaat<\/strong><\/p>\n<p>Lataa <a href=\"https:\/\/raymarine.ee\/wp-content\/uploads\/2026\/05\/P79-brochure.pdf\" target=\"_blank\" rel=\"noopener\">P79 anduri teabeleht<\/a><\/p>\n<p>Lataa <a href=\"https:\/\/raymarine.ee\/wp-content\/uploads\/2026\/05\/P79-P79S-installation-instruction.pdf\" target=\"_blank\" rel=\"noopener\">P79 anduri paigaldusjuhend<\/a><\/p>","protected":false},"excerpt":{"rendered":"<p><strong data-start=\"102\" data-end=\"175\">Raymarine P79 keresisene kalaleidja andur<\/strong><br data-start=\"175\" data-end=\"178\" \/>Keresisese P79 anduri kaldenurka saab h\u00f5lpsalt seadistada vastavalt kere nurgale 0\u00b0 kuni 22\u00b0. Anduriga on kaasas korpus mis tuleb liimida paadi p\u00f5hja sisepinnale ja 5Cm \u00fclatuses t\u00e4ita k\u00fclmumiskindla vedelikuga. Seej\u00e4rel kinnitatakse keerdlukuga andur sellesse korpusesse nii, et andur vaataks otse alla. Helilained liiguvad vedelikus t\u00f5husalt l\u00e4bi plastikust kere, pakkudes parimat v\u00f5imalikku keresisese anduri\u00a0 j\u00f5udlust. P79 kalaleidja andur on kahesageduslik ja t\u00f6\u00f6tab sagedustel 50 kHz ja 200 kHz, et tagada sihtm\u00e4rgi k\u00f5rge detailsus madalas vees ja suurep\u00e4rane p\u00f5hja j\u00e4lgimine s\u00fcgavas vees. Andur on 8-Pin \/ CP370 pistikuga ja Axiom2 RV v\u00f5i Axiom2 Pro seeria plotterisse \u00fchendamiseks l\u00e4heb vaja adapterkaablit <a href=\"https:\/\/raymarine.ee\/fi\/product\/adaptor-cable-8-pin-cpt-370-transducer-to-axiom-rv-or-axiom-pro-rvx-s-25-pin-300mm\/\">A80494<\/a>. Anduri paigaldamiseks pole vaja kere sisse auku puurida, P79 andur sobib klaasplastikust laevakeredele. NB! P79 keresisene andur ei n\u00e4ita veetemperatuuri. Tutvu ka selle anduri <a href=\"https:\/\/raymarine.ee\/fi\/product\/raymarine-p79s-keresisene-smart-andur-nmea2000-ja-stng\/#juhendid\">ohjeiden kanssa<\/a>\u00a0ja vajadusel pea n\u00f5u meie spetsialistiga.<\/p>","protected":false},"featured_media":11105,"template":"","meta":{"_acf_changed":false},"product_brand":[134],"product_cat":[350,349,58,72,77,54,348,57,79],"product_tag":[],"class_list":{"0":"post-11104","1":"product","2":"type-product","3":"status-publish","4":"has-post-thumbnail","6":"product_brand-raymarine","7":"product_cat-axiom-pro","8":"product_cat-axiom-rv","9":"product_cat-axiom_pro","10":"product_cat-tarvikud","11":"product_cat-raymarine-kaardiplotter-kalaleidja","12":"product_cat-kalaleidjad","13":"product_cat-tooted","14":"product_cat-axiomaxiom","15":"product_cat-kalaleidjate_andurid","17":"first","18":"instock","19":"sale","20":"featured","21":"taxable","22":"shipping-taxable","23":"purchasable","24":"product-type-simple"},"acf":[],"yoast_head":"<!-- This site is optimized with the Yoast SEO Premium plugin v27.5 (Yoast SEO v27.5) - https:\/\/yoast.com\/product\/yoast-seo-premium-wordpress\/ -->\n<title>P79 In-Hull Transducer: T\u00e4iuslik kere kaldenurgaga seadistamine<\/title>\n<meta name=\"description\" content=\"P\u00f5hja pilt ja s\u00fcgavusen\u00e4it P79 keresisese kalaleidja anduriga. P79 liimitakse kere sisse. Unusta puurimine ja saavuta parim j\u00f5udlus vees! \ud83c\udf0a\" \/>\n<meta name=\"robots\" content=\"index, follow, max-snippet:-1, max-image-preview:large, max-video-preview:-1\" \/>\n<link rel=\"canonical\" href=\"https:\/\/raymarine.ee\/fi\/product\/raymarine-p79-keresisene-kalaleidja-andur-8-pin-cp370\/\" \/>\n<meta property=\"og:locale\" content=\"fi_FI\" \/>\n<meta property=\"og:type\" content=\"article\" \/>\n<meta property=\"og:title\" content=\"Raymarine P79 keresisene kalaleidja andur (8-Pin \/ CP370)\" \/>\n<meta property=\"og:description\" content=\"P\u00f5hja pilt ja s\u00fcgavusen\u00e4it P79 keresisese kalaleidja anduriga. P79 liimitakse kere sisse. Unusta puurimine ja saavuta parim j\u00f5udlus vees! \ud83c\udf0a\" \/>\n<meta property=\"og:url\" content=\"https:\/\/raymarine.ee\/fi\/product\/raymarine-p79-keresisene-kalaleidja-andur-8-pin-cp370\/\" \/>\n<meta property=\"og:site_name\" content=\"NavSystems\" \/>\n<meta property=\"article:publisher\" content=\"https:\/\/www.facebook.com\/NavSystems\" \/>\n<meta property=\"article:modified_time\" content=\"2026-05-05T18:17:28+00:00\" \/>\n<meta property=\"og:image\" content=\"https:\/\/raymarine.ee\/wp-content\/uploads\/2026\/05\/P79-in-hull-transducer.webp\" \/>\n\t<meta property=\"og:image:width\" content=\"698\" \/>\n\t<meta property=\"og:image:height\" content=\"501\" \/>\n\t<meta property=\"og:image:type\" content=\"image\/webp\" \/>\n<meta name=\"twitter:card\" content=\"summary_large_image\" \/>\n<meta name=\"twitter:label1\" content=\"Hinta\" \/>\n\t<meta name=\"twitter:data1\" content=\"223,20&nbsp;&euro;\" \/>\n\t<meta name=\"twitter:label2\" content=\"Saatavuus\" \/>\n\t<meta name=\"twitter:data2\" content=\"Varastossa\" \/>\n<script type=\"application\/ld+json\" class=\"yoast-schema-graph\">{\"@context\":\"https:\\\/\\\/schema.org\",\"@graph\":[{\"@type\":\"WebPage\",\"@id\":\"https:\\\/\\\/raymarine.ee\\\/product\\\/raymarine-p79-keresisene-kalaleidja-andur-8-pin-cp370\\\/\",\"url\":\"https:\\\/\\\/raymarine.ee\\\/product\\\/raymarine-p79-keresisene-kalaleidja-andur-8-pin-cp370\\\/\",\"name\":\"P79 In-Hull Transducer: T\u00e4iuslik kere kaldenurgaga seadistamine\",\"isPartOf\":{\"@id\":\"https:\\\/\\\/raymarine.ee\\\/#website\"},\"primaryImageOfPage\":{\"@id\":\"https:\\\/\\\/raymarine.ee\\\/product\\\/raymarine-p79-keresisene-kalaleidja-andur-8-pin-cp370\\\/#primaryimage\"},\"image\":{\"@id\":\"https:\\\/\\\/raymarine.ee\\\/product\\\/raymarine-p79-keresisene-kalaleidja-andur-8-pin-cp370\\\/#primaryimage\"},\"thumbnailUrl\":\"https:\\\/\\\/raymarine.ee\\\/wp-content\\\/uploads\\\/2026\\\/05\\\/P79-in-hull-transducer.webp\",\"datePublished\":\"2026-05-04T15:27:09+00:00\",\"dateModified\":\"2026-05-05T18:17:28+00:00\",\"description\":\"P\u00f5hja pilt ja s\u00fcgavusen\u00e4it P79 keresisese kalaleidja anduriga. P79 liimitakse kere sisse. Unusta puurimine ja saavuta parim j\u00f5udlus vees! \ud83c\udf0a\",\"breadcrumb\":{\"@id\":\"https:\\\/\\\/raymarine.ee\\\/product\\\/raymarine-p79-keresisene-kalaleidja-andur-8-pin-cp370\\\/#breadcrumb\"},\"inLanguage\":\"fi\",\"potentialAction\":[{\"@type\":\"ReadAction\",\"target\":[\"https:\\\/\\\/raymarine.ee\\\/product\\\/raymarine-p79-keresisene-kalaleidja-andur-8-pin-cp370\\\/\"]}]},{\"@type\":\"ImageObject\",\"inLanguage\":\"fi\",\"@id\":\"https:\\\/\\\/raymarine.ee\\\/product\\\/raymarine-p79-keresisene-kalaleidja-andur-8-pin-cp370\\\/#primaryimage\",\"url\":\"https:\\\/\\\/raymarine.ee\\\/wp-content\\\/uploads\\\/2026\\\/05\\\/P79-in-hull-transducer.webp\",\"contentUrl\":\"https:\\\/\\\/raymarine.ee\\\/wp-content\\\/uploads\\\/2026\\\/05\\\/P79-in-hull-transducer.webp\",\"width\":698,\"height\":501,\"caption\":\"P79-in-hull-transducer\"},{\"@type\":\"BreadcrumbList\",\"@id\":\"https:\\\/\\\/raymarine.ee\\\/product\\\/raymarine-p79-keresisene-kalaleidja-andur-8-pin-cp370\\\/#breadcrumb\",\"itemListElement\":[{\"@type\":\"ListItem\",\"position\":1,\"name\":\"Home\",\"item\":\"https:\\\/\\\/raymarine.ee\\\/\"},{\"@type\":\"ListItem\",\"position\":2,\"name\":\"Tooted\",\"item\":\"https:\\\/\\\/raymarine.ee\\\/shop\\\/\"},{\"@type\":\"ListItem\",\"position\":3,\"name\":\"Raymarine P79 keresisene kalaleidja andur (8-Pin \\\/ CP370)\"}]},{\"@type\":\"WebSite\",\"@id\":\"https:\\\/\\\/raymarine.ee\\\/#website\",\"url\":\"https:\\\/\\\/raymarine.ee\\\/\",\"name\":\"www.raymarine.ee\",\"description\":\"Mereelektroonika, kaardiplotter, autopiloot, pinnipiloot, roolipiloot, radar, AIS, VHF, Smart Wind\",\"publisher\":{\"@id\":\"https:\\\/\\\/raymarine.ee\\\/#organization\"},\"alternateName\":\"Raymarine\",\"potentialAction\":[{\"@type\":\"SearchAction\",\"target\":{\"@type\":\"EntryPoint\",\"urlTemplate\":\"https:\\\/\\\/raymarine.ee\\\/?s={search_term_string}\"},\"query-input\":{\"@type\":\"PropertyValueSpecification\",\"valueRequired\":true,\"valueName\":\"search_term_string\"}}],\"inLanguage\":\"fi\"},{\"@type\":\"Organization\",\"@id\":\"https:\\\/\\\/raymarine.ee\\\/#organization\",\"name\":\"NavSystems O\u00dc\",\"url\":\"https:\\\/\\\/raymarine.ee\\\/\",\"logo\":{\"@type\":\"ImageObject\",\"inLanguage\":\"fi\",\"@id\":\"https:\\\/\\\/raymarine.ee\\\/#\\\/schema\\\/logo\\\/image\\\/\",\"url\":\"https:\\\/\\\/raymarine.ee\\\/wp-content\\\/uploads\\\/2024\\\/10\\\/Screenshot-2024-10-15-151324_bg_removed.webp\",\"contentUrl\":\"https:\\\/\\\/raymarine.ee\\\/wp-content\\\/uploads\\\/2024\\\/10\\\/Screenshot-2024-10-15-151324_bg_removed.webp\",\"width\":420,\"height\":276,\"caption\":\"NavSystems O\u00dc\"},\"image\":{\"@id\":\"https:\\\/\\\/raymarine.ee\\\/#\\\/schema\\\/logo\\\/image\\\/\"},\"sameAs\":[\"https:\\\/\\\/www.facebook.com\\\/NavSystems\"],\"legalName\":\"NavSystems O\u00dc\",\"foundingDate\":\"2011-05-03\",\"numberOfEmployees\":{\"@type\":\"QuantitativeValue\",\"minValue\":\"1\",\"maxValue\":\"10\"}}]}<\/script>\n<meta property=\"product:price:amount\" content=\"223.20\" \/>\n<meta property=\"product:price:currency\" content=\"EUR\" \/>\n<meta property=\"og:availability\" content=\"instock\" \/>\n<meta property=\"product:availability\" content=\"instock\" \/>\n<meta property=\"product:retailer_item_id\" content=\"E66008\" \/>\n<meta property=\"product:condition\" content=\"new\" \/>\n<!-- \/ Yoast SEO Premium plugin. -->","yoast_head_json":{"title":"P79 In-Hull Transducer: T\u00e4iuslik kere kaldenurgaga seadistamine","description":"P\u00f5hja pilt ja s\u00fcgavusen\u00e4it P79 keresisese kalaleidja anduriga. P79 liimitakse kere sisse. Unusta puurimine ja saavuta parim j\u00f5udlus vees! \ud83c\udf0a","robots":{"index":"index","follow":"follow","max-snippet":"max-snippet:-1","max-image-preview":"max-image-preview:large","max-video-preview":"max-video-preview:-1"},"canonical":"https:\/\/raymarine.ee\/fi\/product\/raymarine-p79-keresisene-kalaleidja-andur-8-pin-cp370\/","og_locale":"fi_FI","og_type":"article","og_title":"Raymarine P79 keresisene kalaleidja andur (8-Pin \/ CP370)","og_description":"P\u00f5hja pilt ja s\u00fcgavusen\u00e4it P79 keresisese kalaleidja anduriga. P79 liimitakse kere sisse. Unusta puurimine ja saavuta parim j\u00f5udlus vees! \ud83c\udf0a","og_url":"https:\/\/raymarine.ee\/fi\/product\/raymarine-p79-keresisene-kalaleidja-andur-8-pin-cp370\/","og_site_name":"NavSystems","article_publisher":"https:\/\/www.facebook.com\/NavSystems","article_modified_time":"2026-05-05T18:17:28+00:00","og_image":[{"width":698,"height":501,"url":"https:\/\/raymarine.ee\/wp-content\/uploads\/2026\/05\/P79-in-hull-transducer.webp","type":"image\/webp"}],"twitter_card":"summary_large_image","twitter_misc":{"Hinta":"223,20&nbsp;&euro;","Saatavuus":"Varastossa"},"schema":{"@context":"https:\/\/schema.org","@graph":[{"@type":"WebPage","@id":"https:\/\/raymarine.ee\/product\/raymarine-p79-keresisene-kalaleidja-andur-8-pin-cp370\/","url":"https:\/\/raymarine.ee\/product\/raymarine-p79-keresisene-kalaleidja-andur-8-pin-cp370\/","name":"P79 In-Hull Transducer: T\u00e4iuslik kere kaldenurgaga seadistamine","isPartOf":{"@id":"https:\/\/raymarine.ee\/#website"},"primaryImageOfPage":{"@id":"https:\/\/raymarine.ee\/product\/raymarine-p79-keresisene-kalaleidja-andur-8-pin-cp370\/#primaryimage"},"image":{"@id":"https:\/\/raymarine.ee\/product\/raymarine-p79-keresisene-kalaleidja-andur-8-pin-cp370\/#primaryimage"},"thumbnailUrl":"https:\/\/raymarine.ee\/wp-content\/uploads\/2026\/05\/P79-in-hull-transducer.webp","datePublished":"2026-05-04T15:27:09+00:00","dateModified":"2026-05-05T18:17:28+00:00","description":"P\u00f5hja pilt ja s\u00fcgavusen\u00e4it P79 keresisese kalaleidja anduriga. P79 liimitakse kere sisse. Unusta puurimine ja saavuta parim j\u00f5udlus vees! \ud83c\udf0a","breadcrumb":{"@id":"https:\/\/raymarine.ee\/product\/raymarine-p79-keresisene-kalaleidja-andur-8-pin-cp370\/#breadcrumb"},"inLanguage":"fi","potentialAction":[{"@type":"ReadAction","target":["https:\/\/raymarine.ee\/product\/raymarine-p79-keresisene-kalaleidja-andur-8-pin-cp370\/"]}]},{"@type":"ImageObject","inLanguage":"fi","@id":"https:\/\/raymarine.ee\/product\/raymarine-p79-keresisene-kalaleidja-andur-8-pin-cp370\/#primaryimage","url":"https:\/\/raymarine.ee\/wp-content\/uploads\/2026\/05\/P79-in-hull-transducer.webp","contentUrl":"https:\/\/raymarine.ee\/wp-content\/uploads\/2026\/05\/P79-in-hull-transducer.webp","width":698,"height":501,"caption":"P79-in-hull-transducer"},{"@type":"BreadcrumbList","@id":"https:\/\/raymarine.ee\/product\/raymarine-p79-keresisene-kalaleidja-andur-8-pin-cp370\/#breadcrumb","itemListElement":[{"@type":"ListItem","position":1,"name":"Home","item":"https:\/\/raymarine.ee\/"},{"@type":"ListItem","position":2,"name":"Tooted","item":"https:\/\/raymarine.ee\/shop\/"},{"@type":"ListItem","position":3,"name":"Raymarine P79 keresisene kalaleidja andur (8-Pin \/ CP370)"}]},{"@type":"WebSite","@id":"https:\/\/raymarine.ee\/#website","url":"https:\/\/raymarine.ee\/","name":"www.raymarine.ee","description":"Merielektroniikka, karttaplotteri, autopilotti, pintaluotsi, ruorimies, tutka, AIS, VHF, Smart Wind.","publisher":{"@id":"https:\/\/raymarine.ee\/#organization"},"alternateName":"Raymarine","potentialAction":[{"@type":"SearchAction","target":{"@type":"EntryPoint","urlTemplate":"https:\/\/raymarine.ee\/?s={search_term_string}"},"query-input":{"@type":"PropertyValueSpecification","valueRequired":true,"valueName":"search_term_string"}}],"inLanguage":"fi"},{"@type":"Organization","@id":"https:\/\/raymarine.ee\/#organization","name":"NavSystems O\u00dc","url":"https:\/\/raymarine.ee\/","logo":{"@type":"ImageObject","inLanguage":"fi","@id":"https:\/\/raymarine.ee\/#\/schema\/logo\/image\/","url":"https:\/\/raymarine.ee\/wp-content\/uploads\/2024\/10\/Screenshot-2024-10-15-151324_bg_removed.webp","contentUrl":"https:\/\/raymarine.ee\/wp-content\/uploads\/2024\/10\/Screenshot-2024-10-15-151324_bg_removed.webp","width":420,"height":276,"caption":"NavSystems O\u00dc"},"image":{"@id":"https:\/\/raymarine.ee\/#\/schema\/logo\/image\/"},"sameAs":["https:\/\/www.facebook.com\/NavSystems"],"legalName":"NavSystems O\u00dc","foundingDate":"2011-05-03","numberOfEmployees":{"@type":"QuantitativeValue","minValue":"1","maxValue":"10"}}]},"product_price_amount":"223.20","product_price_currency":"EUR","og_availability":"instock","product_availability":"instock","product_retailer_item_id":"E66008","product_condition":"new"},"jetpack_sharing_enabled":true,"_links":{"self":[{"href":"https:\/\/raymarine.ee\/fi\/wp-json\/wp\/v2\/product\/11104","targetHints":{"allow":["GET"]}}],"collection":[{"href":"https:\/\/raymarine.ee\/fi\/wp-json\/wp\/v2\/product"}],"about":[{"href":"https:\/\/raymarine.ee\/fi\/wp-json\/wp\/v2\/types\/product"}],"wp:featuredmedia":[{"embeddable":true,"href":"https:\/\/raymarine.ee\/fi\/wp-json\/wp\/v2\/media\/11105"}],"wp:attachment":[{"href":"https:\/\/raymarine.ee\/fi\/wp-json\/wp\/v2\/media?parent=11104"}],"wp:term":[{"taxonomy":"product_brand","embeddable":true,"href":"https:\/\/raymarine.ee\/fi\/wp-json\/wp\/v2\/product_brand?post=11104"},{"taxonomy":"product_cat","embeddable":true,"href":"https:\/\/raymarine.ee\/fi\/wp-json\/wp\/v2\/product_cat?post=11104"},{"taxonomy":"product_tag","embeddable":true,"href":"https:\/\/raymarine.ee\/fi\/wp-json\/wp\/v2\/product_tag?post=11104"}],"curies":[{"name":"wp","href":"https:\/\/api.w.org\/{rel}","templated":true}]}}