{"id":11126,"date":"2026-05-05T07:26:01","date_gmt":"2026-05-05T04:26:01","guid":{"rendered":"https:\/\/raymarine.ee\/?post_type=product&#038;p=11126"},"modified":"2026-05-10T16:15:29","modified_gmt":"2026-05-10T13:15:29","slug":"raymarine-seatalk-1-kolmiliitanta","status":"publish","type":"product","link":"https:\/\/raymarine.ee\/fi\/product\/raymarine-seatalk1-3-way-uhendus\/","title":{"rendered":"Raymarine SeaTalk1 3-tie-jakaja"},"content":{"rendered":"<div>\n<p>SeaTalk1 3-Way Junction Box on kolmipaikkainen SeaTalk1-liit\u00e4nt\u00e4laite, jossa kaikki kolme paikkaa ovat samanlaisia. Se on k\u00e4tev\u00e4 apuv\u00e4line, kun vanhaa SeaTalk1-verkkoa on laajennettava esimerkiksi mittarilla tai muuntimella, mutta vapaita paikkoja ei ole. T\u00e4ll\u00f6in tarvitset todenn\u00e4k\u00f6isesti my\u00f6s v\u00e4hint\u00e4\u00e4n yhden SeaTalk1-kaapelin <a href=\"https:\/\/raymarine.ee\/fi\/product\/raymarine-seatalk1-kaabel-1m\/\">D284<\/a>.<\/p>\n<\/div>\n<div>\n<p>T\u00e4m\u00e4 tuote sopii hyvin <a href=\"https:\/\/raymarine.ee\/fi\/product\/st1000-plus-pinnipiloot\/\">ST1000+<\/a> ja <a href=\"https:\/\/raymarine.ee\/fi\/product\/st2000-plus-pinnipiloot\/\">ST2000+<\/a> pinnipilotin integroimiseksi suoraan vanhaan SeaTalk-verkkoon ja sen kautta <a href=\"https:\/\/raymarine.ee\/fi\/product\/raymarine-seatalk1-seatalkng-muunninsarja\/\">SeaTalk1-STNG-muunnin<\/a> my\u00f6s uuden STNG (NMEA2000) -verkon kanssa.<\/p>\n<p><strong>Oppaat:<\/strong><\/p>\n<p>Lataa\u00a0<a href=\"https:\/\/raymarine.ee\/wp-content\/uploads\/2026\/04\/SeaTalkng-Reference-manual-81300-1-EN-1.pdf\" target=\"_blank\" rel=\"noopener\" data-wpel-link=\"internal\">STNG-verkon yleiset ohjeet<\/a><\/p>\n<p>Lataa <a href=\"https:\/\/raymarine.ee\/wp-content\/uploads\/2026\/04\/SeaTalk_to_SeaTalkng_Converter_Installation_instructions_87121-3_EN.pdf\" target=\"_blank\" rel=\"noopener\">STNG\u2013SeaTalk1-muuntimen k\u00e4ytt\u00f6ohje<\/a><\/p>\n<\/div>","protected":false},"excerpt":{"rendered":"<p>SeaTalk1 3-Way Junction Box on kolmipaikkainen SeaTalk1-liit\u00e4nt\u00e4laite, jossa kaikki kolme paikkaa ovat samanlaisia. Se on k\u00e4tev\u00e4 apuv\u00e4line, kun vanhaa SeaTalk1-verkkoa on laajennettava esimerkiksi mittarilla tai muuntimella, mutta vapaita paikkoja ei ole. T\u00e4ll\u00f6in tarvitset todenn\u00e4k\u00f6isesti my\u00f6s v\u00e4hint\u00e4\u00e4n yhden SeaTalk1-kaapelin <a href=\"https:\/\/raymarine.ee\/fi\/product\/raymarine-seatalk1-kaabel-1m\/\">D284<\/a>.<\/p>","protected":false},"featured_media":11127,"template":"","meta":{"_acf_changed":false},"product_brand":[134],"product_cat":[68,69,70,72,83],"product_tag":[],"class_list":{"0":"post-11126","1":"product","2":"type-product","3":"status-publish","4":"has-post-thumbnail","6":"product_brand-raymarine","7":"product_cat-i40","8":"product_cat-i50_i60","9":"product_cat-i70_alpha","10":"product_cat-tarvikud","11":"product_cat-stng_tarvikud","13":"first","14":"instock","15":"sale","16":"taxable","17":"shipping-taxable","18":"purchasable","19":"product-type-simple"},"acf":[],"yoast_head":"<!-- This site is optimized with the Yoast SEO Premium plugin v27.5 (Yoast SEO v27.5) - https:\/\/yoast.com\/product\/yoast-seo-premium-wordpress\/ -->\n<title>SeaTalk1 3-Way Junction Box<\/title>\n<meta name=\"description\" content=\"Lihtne \u00fchendustarvik mis v\u00f5imaldab erinevate seadmete lisamist SeaTalk1 v\u00f5rku nii, et pole vaja kaableid l\u00f5igata. K\u00f5ik on lihtne Plug and Play!\" \/>\n<meta name=\"robots\" content=\"index, follow, max-snippet:-1, max-image-preview:large, max-video-preview:-1\" \/>\n<link rel=\"canonical\" href=\"https:\/\/raymarine.ee\/fi\/product\/raymarine-seatalk-1-kolmiliitanta\/\" \/>\n<meta property=\"og:locale\" content=\"fi_FI\" \/>\n<meta property=\"og:type\" content=\"article\" \/>\n<meta property=\"og:title\" content=\"Raymarine SeaTalk1 3-Way jagaja\" \/>\n<meta property=\"og:description\" content=\"Lihtne \u00fchendustarvik mis v\u00f5imaldab erinevate seadmete lisamist SeaTalk1 v\u00f5rku nii, et pole vaja kaableid l\u00f5igata. K\u00f5ik on lihtne Plug and Play!\" \/>\n<meta property=\"og:url\" content=\"https:\/\/raymarine.ee\/fi\/product\/raymarine-seatalk-1-kolmiliitanta\/\" \/>\n<meta property=\"og:site_name\" content=\"NavSystems\" \/>\n<meta property=\"article:publisher\" content=\"https:\/\/www.facebook.com\/NavSystems\" \/>\n<meta property=\"article:modified_time\" content=\"2026-05-10T13:15:29+00:00\" \/>\n<meta property=\"og:image\" content=\"https:\/\/raymarine.ee\/wp-content\/uploads\/2026\/05\/D244-seatalk-3-way-junction-box.webp\" \/>\n\t<meta property=\"og:image:width\" content=\"600\" \/>\n\t<meta property=\"og:image:height\" content=\"437\" \/>\n\t<meta property=\"og:image:type\" content=\"image\/webp\" \/>\n<meta name=\"twitter:card\" content=\"summary_large_image\" \/>\n<meta name=\"twitter:label1\" content=\"Hinta\" \/>\n\t<meta name=\"twitter:data1\" content=\"59,80&nbsp;&euro;\" \/>\n\t<meta name=\"twitter:label2\" content=\"Saatavuus\" \/>\n\t<meta name=\"twitter:data2\" content=\"Varastossa\" \/>\n<script type=\"application\/ld+json\" class=\"yoast-schema-graph\">{\"@context\":\"https:\\\/\\\/schema.org\",\"@graph\":[{\"@type\":\"WebPage\",\"@id\":\"https:\\\/\\\/raymarine.ee\\\/product\\\/raymarine-seatalk1-3-way-uhendus\\\/\",\"url\":\"https:\\\/\\\/raymarine.ee\\\/product\\\/raymarine-seatalk1-3-way-uhendus\\\/\",\"name\":\"SeaTalk1 3-Way Junction Box\",\"isPartOf\":{\"@id\":\"https:\\\/\\\/raymarine.ee\\\/#website\"},\"primaryImageOfPage\":{\"@id\":\"https:\\\/\\\/raymarine.ee\\\/product\\\/raymarine-seatalk1-3-way-uhendus\\\/#primaryimage\"},\"image\":{\"@id\":\"https:\\\/\\\/raymarine.ee\\\/product\\\/raymarine-seatalk1-3-way-uhendus\\\/#primaryimage\"},\"thumbnailUrl\":\"https:\\\/\\\/raymarine.ee\\\/wp-content\\\/uploads\\\/2026\\\/05\\\/D244-seatalk-3-way-junction-box.webp\",\"datePublished\":\"2026-05-05T04:26:01+00:00\",\"dateModified\":\"2026-05-10T13:15:29+00:00\",\"description\":\"Lihtne \u00fchendustarvik mis v\u00f5imaldab erinevate seadmete lisamist SeaTalk1 v\u00f5rku nii, et pole vaja kaableid l\u00f5igata. K\u00f5ik on lihtne Plug and Play!\",\"breadcrumb\":{\"@id\":\"https:\\\/\\\/raymarine.ee\\\/product\\\/raymarine-seatalk1-3-way-uhendus\\\/#breadcrumb\"},\"inLanguage\":\"fi\",\"potentialAction\":[{\"@type\":\"ReadAction\",\"target\":[\"https:\\\/\\\/raymarine.ee\\\/product\\\/raymarine-seatalk1-3-way-uhendus\\\/\"]}]},{\"@type\":\"ImageObject\",\"inLanguage\":\"fi\",\"@id\":\"https:\\\/\\\/raymarine.ee\\\/product\\\/raymarine-seatalk1-3-way-uhendus\\\/#primaryimage\",\"url\":\"https:\\\/\\\/raymarine.ee\\\/wp-content\\\/uploads\\\/2026\\\/05\\\/D244-seatalk-3-way-junction-box.webp\",\"contentUrl\":\"https:\\\/\\\/raymarine.ee\\\/wp-content\\\/uploads\\\/2026\\\/05\\\/D244-seatalk-3-way-junction-box.webp\",\"width\":600,\"height\":437,\"caption\":\"D244-seatalk-3-way-junction-box\"},{\"@type\":\"BreadcrumbList\",\"@id\":\"https:\\\/\\\/raymarine.ee\\\/product\\\/raymarine-seatalk1-3-way-uhendus\\\/#breadcrumb\",\"itemListElement\":[{\"@type\":\"ListItem\",\"position\":1,\"name\":\"Home\",\"item\":\"https:\\\/\\\/raymarine.ee\\\/\"},{\"@type\":\"ListItem\",\"position\":2,\"name\":\"Tooted\",\"item\":\"https:\\\/\\\/raymarine.ee\\\/shop\\\/\"},{\"@type\":\"ListItem\",\"position\":3,\"name\":\"Raymarine SeaTalk1 3-Way jagaja\"}]},{\"@type\":\"WebSite\",\"@id\":\"https:\\\/\\\/raymarine.ee\\\/#website\",\"url\":\"https:\\\/\\\/raymarine.ee\\\/\",\"name\":\"www.raymarine.ee\",\"description\":\"Mereelektroonika, kaardiplotter, autopiloot, pinnipiloot, roolipiloot, radar, AIS, VHF, Smart Wind\",\"publisher\":{\"@id\":\"https:\\\/\\\/raymarine.ee\\\/#organization\"},\"alternateName\":\"Raymarine\",\"potentialAction\":[{\"@type\":\"SearchAction\",\"target\":{\"@type\":\"EntryPoint\",\"urlTemplate\":\"https:\\\/\\\/raymarine.ee\\\/?s={search_term_string}\"},\"query-input\":{\"@type\":\"PropertyValueSpecification\",\"valueRequired\":true,\"valueName\":\"search_term_string\"}}],\"inLanguage\":\"fi\"},{\"@type\":\"Organization\",\"@id\":\"https:\\\/\\\/raymarine.ee\\\/#organization\",\"name\":\"NavSystems O\u00dc\",\"url\":\"https:\\\/\\\/raymarine.ee\\\/\",\"logo\":{\"@type\":\"ImageObject\",\"inLanguage\":\"fi\",\"@id\":\"https:\\\/\\\/raymarine.ee\\\/#\\\/schema\\\/logo\\\/image\\\/\",\"url\":\"https:\\\/\\\/raymarine.ee\\\/wp-content\\\/uploads\\\/2024\\\/10\\\/Screenshot-2024-10-15-151324_bg_removed.webp\",\"contentUrl\":\"https:\\\/\\\/raymarine.ee\\\/wp-content\\\/uploads\\\/2024\\\/10\\\/Screenshot-2024-10-15-151324_bg_removed.webp\",\"width\":420,\"height\":276,\"caption\":\"NavSystems O\u00dc\"},\"image\":{\"@id\":\"https:\\\/\\\/raymarine.ee\\\/#\\\/schema\\\/logo\\\/image\\\/\"},\"sameAs\":[\"https:\\\/\\\/www.facebook.com\\\/NavSystems\"],\"legalName\":\"NavSystems O\u00dc\",\"foundingDate\":\"2011-05-03\",\"numberOfEmployees\":{\"@type\":\"QuantitativeValue\",\"minValue\":\"1\",\"maxValue\":\"10\"}}]}<\/script>\n<meta property=\"product:price:amount\" content=\"59.80\" \/>\n<meta property=\"product:price:currency\" content=\"EUR\" \/>\n<meta property=\"og:availability\" content=\"instock\" \/>\n<meta property=\"product:availability\" content=\"instock\" \/>\n<meta property=\"product:retailer_item_id\" content=\"D244\" \/>\n<meta property=\"product:condition\" content=\"new\" \/>\n<!-- \/ Yoast SEO Premium plugin. -->","yoast_head_json":{"title":"SeaTalk1 3-tie-liit\u00e4nt\u00e4rasia","description":"Yksinkertainen liit\u00e4nt\u00e4laite, jonka avulla eri laitteita voidaan liitt\u00e4\u00e4 SeaTalk1-verkkoon ilman, ett\u00e4 kaapeleita tarvitsee katkaista. Kaikki toimii helposti Plug and Play -periaatteella!","robots":{"index":"index","follow":"follow","max-snippet":"max-snippet:-1","max-image-preview":"max-image-preview:large","max-video-preview":"max-video-preview:-1"},"canonical":"https:\/\/raymarine.ee\/fi\/product\/raymarine-seatalk-1-kolmiliitanta\/","og_locale":"fi_FI","og_type":"article","og_title":"Raymarine SeaTalk1 3-Way jagaja","og_description":"Lihtne \u00fchendustarvik mis v\u00f5imaldab erinevate seadmete lisamist SeaTalk1 v\u00f5rku nii, et pole vaja kaableid l\u00f5igata. K\u00f5ik on lihtne Plug and Play!","og_url":"https:\/\/raymarine.ee\/fi\/product\/raymarine-seatalk-1-kolmiliitanta\/","og_site_name":"NavSystems","article_publisher":"https:\/\/www.facebook.com\/NavSystems","article_modified_time":"2026-05-10T13:15:29+00:00","og_image":[{"width":600,"height":437,"url":"https:\/\/raymarine.ee\/wp-content\/uploads\/2026\/05\/D244-seatalk-3-way-junction-box.webp","type":"image\/webp"}],"twitter_card":"summary_large_image","twitter_misc":{"Hinta":"59,80&nbsp;&euro;","Saatavuus":"Varastossa"},"schema":{"@context":"https:\/\/schema.org","@graph":[{"@type":"WebPage","@id":"https:\/\/raymarine.ee\/product\/raymarine-seatalk1-3-way-uhendus\/","url":"https:\/\/raymarine.ee\/product\/raymarine-seatalk1-3-way-uhendus\/","name":"SeaTalk1 3-tie-liit\u00e4nt\u00e4rasia","isPartOf":{"@id":"https:\/\/raymarine.ee\/#website"},"primaryImageOfPage":{"@id":"https:\/\/raymarine.ee\/product\/raymarine-seatalk1-3-way-uhendus\/#primaryimage"},"image":{"@id":"https:\/\/raymarine.ee\/product\/raymarine-seatalk1-3-way-uhendus\/#primaryimage"},"thumbnailUrl":"https:\/\/raymarine.ee\/wp-content\/uploads\/2026\/05\/D244-seatalk-3-way-junction-box.webp","datePublished":"2026-05-05T04:26:01+00:00","dateModified":"2026-05-10T13:15:29+00:00","description":"Yksinkertainen liit\u00e4nt\u00e4laite, jonka avulla eri laitteita voidaan liitt\u00e4\u00e4 SeaTalk1-verkkoon ilman, ett\u00e4 kaapeleita tarvitsee katkaista. Kaikki toimii helposti Plug and Play -periaatteella!","breadcrumb":{"@id":"https:\/\/raymarine.ee\/product\/raymarine-seatalk1-3-way-uhendus\/#breadcrumb"},"inLanguage":"fi","potentialAction":[{"@type":"ReadAction","target":["https:\/\/raymarine.ee\/product\/raymarine-seatalk1-3-way-uhendus\/"]}]},{"@type":"ImageObject","inLanguage":"fi","@id":"https:\/\/raymarine.ee\/product\/raymarine-seatalk1-3-way-uhendus\/#primaryimage","url":"https:\/\/raymarine.ee\/wp-content\/uploads\/2026\/05\/D244-seatalk-3-way-junction-box.webp","contentUrl":"https:\/\/raymarine.ee\/wp-content\/uploads\/2026\/05\/D244-seatalk-3-way-junction-box.webp","width":600,"height":437,"caption":"D244-seatalk-3-way-junction-box"},{"@type":"BreadcrumbList","@id":"https:\/\/raymarine.ee\/product\/raymarine-seatalk1-3-way-uhendus\/#breadcrumb","itemListElement":[{"@type":"ListItem","position":1,"name":"Home","item":"https:\/\/raymarine.ee\/"},{"@type":"ListItem","position":2,"name":"Tooted","item":"https:\/\/raymarine.ee\/shop\/"},{"@type":"ListItem","position":3,"name":"Raymarine SeaTalk1 3-Way jagaja"}]},{"@type":"WebSite","@id":"https:\/\/raymarine.ee\/#website","url":"https:\/\/raymarine.ee\/","name":"www.raymarine.ee","description":"Merielektroniikka, karttaplotteri, autopilotti, pintaluotsi, ruorimies, tutka, AIS, VHF, Smart Wind.","publisher":{"@id":"https:\/\/raymarine.ee\/#organization"},"alternateName":"Raymarine","potentialAction":[{"@type":"SearchAction","target":{"@type":"EntryPoint","urlTemplate":"https:\/\/raymarine.ee\/?s={search_term_string}"},"query-input":{"@type":"PropertyValueSpecification","valueRequired":true,"valueName":"search_term_string"}}],"inLanguage":"fi"},{"@type":"Organization","@id":"https:\/\/raymarine.ee\/#organization","name":"NavSystems O\u00dc","url":"https:\/\/raymarine.ee\/","logo":{"@type":"ImageObject","inLanguage":"fi","@id":"https:\/\/raymarine.ee\/#\/schema\/logo\/image\/","url":"https:\/\/raymarine.ee\/wp-content\/uploads\/2024\/10\/Screenshot-2024-10-15-151324_bg_removed.webp","contentUrl":"https:\/\/raymarine.ee\/wp-content\/uploads\/2024\/10\/Screenshot-2024-10-15-151324_bg_removed.webp","width":420,"height":276,"caption":"NavSystems O\u00dc"},"image":{"@id":"https:\/\/raymarine.ee\/#\/schema\/logo\/image\/"},"sameAs":["https:\/\/www.facebook.com\/NavSystems"],"legalName":"NavSystems O\u00dc","foundingDate":"2011-05-03","numberOfEmployees":{"@type":"QuantitativeValue","minValue":"1","maxValue":"10"}}]},"product_price_amount":"59.80","product_price_currency":"EUR","og_availability":"instock","product_availability":"instock","product_retailer_item_id":"D244","product_condition":"new"},"jetpack_sharing_enabled":true,"_links":{"self":[{"href":"https:\/\/raymarine.ee\/fi\/wp-json\/wp\/v2\/product\/11126","targetHints":{"allow":["GET"]}}],"collection":[{"href":"https:\/\/raymarine.ee\/fi\/wp-json\/wp\/v2\/product"}],"about":[{"href":"https:\/\/raymarine.ee\/fi\/wp-json\/wp\/v2\/types\/product"}],"wp:featuredmedia":[{"embeddable":true,"href":"https:\/\/raymarine.ee\/fi\/wp-json\/wp\/v2\/media\/11127"}],"wp:attachment":[{"href":"https:\/\/raymarine.ee\/fi\/wp-json\/wp\/v2\/media?parent=11126"}],"wp:term":[{"taxonomy":"product_brand","embeddable":true,"href":"https:\/\/raymarine.ee\/fi\/wp-json\/wp\/v2\/product_brand?post=11126"},{"taxonomy":"product_cat","embeddable":true,"href":"https:\/\/raymarine.ee\/fi\/wp-json\/wp\/v2\/product_cat?post=11126"},{"taxonomy":"product_tag","embeddable":true,"href":"https:\/\/raymarine.ee\/fi\/wp-json\/wp\/v2\/product_tag?post=11126"}],"curies":[{"name":"wp","href":"https:\/\/api.w.org\/{rel}","templated":true}]}}