{"id":11504,"date":"2026-05-11T12:30:58","date_gmt":"2026-05-11T09:30:58","guid":{"rendered":"https:\/\/raymarine.ee\/?post_type=product&#038;p=11504"},"modified":"2026-05-11T15:22:19","modified_gmt":"2026-05-11T12:22:19","slug":"volvo-penta-ips-pilot-gateway-1-6-engines-mk3","status":"publish","type":"product","link":"https:\/\/raymarine.ee\/fi\/product\/volvo-penta-ips-pilot-gateway-1-6-engines-mk3\/","title":{"rendered":"Volvo Penta IPS Pilot Gateway, 1\u20136 moottoria, MK3"},"content":{"rendered":"<p>Gateway A80719 on Drive-by-Wire autopiloodi Gateway. See universaalne autopiloodi juhtimisliides on uuenduslik lahendus Volvo-Penta IPS v\u00f5i Joystick elektrilise roolis\u00fcsteemi \u00fchendamiseks Raymarine autopiloodi ja navigatsioonis\u00fcsteemidega. Lihtsa isoleeritud CAN-siini lahendusena pakub see gateway usaldusv\u00e4\u00e4rset integratsiooni Raymarine uuema p\u00f5lvkonna multifunktsionaalsete multi-ekraanidega. T\u00f6\u00f6tab Raymarine <a href=\"https:\/\/raymarine.ee\/fi\/product\/raymarine-ev2-p70-autopilotin-ohjauslaitteet-ja-drive-by-wire-ohjausjarjestelmat\/\">Evolution EV2<\/a> autopiloodi s\u00fcsteemiga mis lisab Drive-by-Wire juhtimisele autopiloodi funktsiooni. Kogu s\u00fcsteemi ehitamiseks vajad veel natukene STNG v\u00f5i NMEA2000 kaableid ja v\u00f5ib-olla ka <a href=\"https:\/\/raymarine.ee\/fi\/product\/raymarine-eci-100-volvo-moottori-evc-liitantakaapeli\/\">EVC Link kaablit<\/a> ja hub-is vaba pesa puudumisel ka <a href=\"https:\/\/raymarine.ee\/fi\/product\/volvo-engine-evc-y-loom-cable\/\">EVC Y-Split kaablit<\/a>.<\/p>","protected":false},"excerpt":{"rendered":"<div class=\"heading\">Gateway A80719 on Drive-by-Wire autopiloodi Gateway. See universaalne autopiloodi juhtimisliides on uuenduslik lahendus Volvo-Penta IPS v\u00f5i Joystick elektrilise roolis\u00fcsteemi \u00fchendamiseks Raymarine autopiloodi ja navigatsioonis\u00fcsteemidega. Lihtsa isoleeritud CAN-siini lahendusena pakub see gateway usaldusv\u00e4\u00e4rset integratsiooni Raymarine uuema p\u00f5lvkonna multifunktsionaalsete multi-ekraanidega. T\u00f6\u00f6tab Raymarine <a href=\"https:\/\/raymarine.ee\/fi\/product\/raymarine-ev2-p70-autopilotin-ohjauslaitteet-ja-drive-by-wire-ohjausjarjestelmat\/\">Evolution EV2<\/a> autopiloodi s\u00fcsteemiga mis lisab Drive-by-Wire juhtimisele autopiloodi funktsiooni. Kogu s\u00fcsteemi ehitamiseks vajad veel natukene STNG v\u00f5i NMEA2000 kaableid ja v\u00f5ib-olla ka <a href=\"https:\/\/raymarine.ee\/fi\/product\/raymarine-eci-100-volvo-moottori-evc-liitantakaapeli\/\">EVC Link kaablit<\/a> ja hub-is vaba pesa puudumisel ka <a href=\"https:\/\/raymarine.ee\/fi\/product\/volvo-engine-evc-y-loom-cable\/\">EVC Y-Split kaablit<\/a>.<\/div>","protected":false},"featured_media":11506,"template":"","meta":{"_acf_changed":false},"product_brand":[134],"product_cat":[72,103,83,132],"product_tag":[],"class_list":{"0":"post-11504","1":"product","2":"type-product","3":"status-publish","4":"has-post-thumbnail","6":"product_brand-raymarine","7":"product_cat-tarvikud","8":"product_cat-raymarine","9":"product_cat-stng_tarvikud","10":"product_cat-volvo-penta","12":"first","13":"onbackorder","14":"sale","15":"featured","16":"taxable","17":"shipping-taxable","18":"purchasable","19":"product-type-simple"},"acf":[],"yoast_head":"<!-- This site is optimized with the Yoast SEO Premium plugin v27.5 (Yoast SEO v27.5) - https:\/\/yoast.com\/product\/yoast-seo-premium-wordpress\/ -->\n<title>A80719 Autopilot Gateway MK3: Usaldusv\u00e4\u00e4rne Integratsioon<\/title>\n<meta name=\"description\" content=\"A80719 Autopilot Gateway MK3 tagab Volvo-Penta IPS ja Joystick juhtimisega s\u00fcsteemi integreerimise Raymarine EV2 autopiloodi ja plotteritega.\" \/>\n<meta name=\"robots\" content=\"index, follow, max-snippet:-1, max-image-preview:large, max-video-preview:-1\" \/>\n<link rel=\"canonical\" href=\"https:\/\/raymarine.ee\/fi\/product\/volvo-penta-ips-pilot-gateway-1-6-engines-mk3\/\" \/>\n<meta property=\"og:locale\" content=\"fi_FI\" \/>\n<meta property=\"og:type\" content=\"article\" \/>\n<meta property=\"og:title\" content=\"Volvo Penta IPS Pilot Gateway, 1-6 Engines MK3\" \/>\n<meta property=\"og:description\" content=\"A80719 Autopilot Gateway MK3 tagab Volvo-Penta IPS ja Joystick juhtimisega s\u00fcsteemi integreerimise Raymarine EV2 autopiloodi ja plotteritega.\" \/>\n<meta property=\"og:url\" content=\"https:\/\/raymarine.ee\/fi\/product\/volvo-penta-ips-pilot-gateway-1-6-engines-mk3\/\" \/>\n<meta property=\"og:site_name\" content=\"NavSystems\" \/>\n<meta property=\"article:publisher\" content=\"https:\/\/www.facebook.com\/NavSystems\" \/>\n<meta property=\"article:modified_time\" content=\"2026-05-11T12:22:19+00:00\" \/>\n<meta property=\"og:image\" content=\"https:\/\/raymarine.ee\/wp-content\/uploads\/2026\/05\/10a9f96a-5229-4ad2-8da6-61f193301db0.png\" \/>\n\t<meta property=\"og:image:width\" content=\"2000\" \/>\n\t<meta property=\"og:image:height\" content=\"2000\" \/>\n\t<meta property=\"og:image:type\" content=\"image\/png\" \/>\n<meta name=\"twitter:card\" content=\"summary_large_image\" \/>\n<meta name=\"twitter:label1\" content=\"Hinta\" \/>\n\t<meta name=\"twitter:data1\" content=\"1 668,42&nbsp;&euro;\" \/>\n\t<meta name=\"twitter:label2\" content=\"Saatavuus\" \/>\n\t<meta name=\"twitter:data2\" content=\"J\u00e4lkitoimituksessa\" \/>\n<script type=\"application\/ld+json\" class=\"yoast-schema-graph\">{\"@context\":\"https:\\\/\\\/schema.org\",\"@graph\":[{\"@type\":\"WebPage\",\"@id\":\"https:\\\/\\\/raymarine.ee\\\/product\\\/volvo-penta-ips-pilot-gateway-1-6-engines-mk3\\\/\",\"url\":\"https:\\\/\\\/raymarine.ee\\\/product\\\/volvo-penta-ips-pilot-gateway-1-6-engines-mk3\\\/\",\"name\":\"A80719 Autopilot Gateway MK3: Usaldusv\u00e4\u00e4rne Integratsioon\",\"isPartOf\":{\"@id\":\"https:\\\/\\\/raymarine.ee\\\/#website\"},\"primaryImageOfPage\":{\"@id\":\"https:\\\/\\\/raymarine.ee\\\/product\\\/volvo-penta-ips-pilot-gateway-1-6-engines-mk3\\\/#primaryimage\"},\"image\":{\"@id\":\"https:\\\/\\\/raymarine.ee\\\/product\\\/volvo-penta-ips-pilot-gateway-1-6-engines-mk3\\\/#primaryimage\"},\"thumbnailUrl\":\"https:\\\/\\\/raymarine.ee\\\/wp-content\\\/uploads\\\/2026\\\/05\\\/10a9f96a-5229-4ad2-8da6-61f193301db0.png\",\"datePublished\":\"2026-05-11T09:30:58+00:00\",\"dateModified\":\"2026-05-11T12:22:19+00:00\",\"description\":\"A80719 Autopilot Gateway MK3 tagab Volvo-Penta IPS ja Joystick juhtimisega s\u00fcsteemi integreerimise Raymarine EV2 autopiloodi ja plotteritega.\",\"breadcrumb\":{\"@id\":\"https:\\\/\\\/raymarine.ee\\\/product\\\/volvo-penta-ips-pilot-gateway-1-6-engines-mk3\\\/#breadcrumb\"},\"inLanguage\":\"fi\",\"potentialAction\":[{\"@type\":\"ReadAction\",\"target\":[\"https:\\\/\\\/raymarine.ee\\\/product\\\/volvo-penta-ips-pilot-gateway-1-6-engines-mk3\\\/\"]}]},{\"@type\":\"ImageObject\",\"inLanguage\":\"fi\",\"@id\":\"https:\\\/\\\/raymarine.ee\\\/product\\\/volvo-penta-ips-pilot-gateway-1-6-engines-mk3\\\/#primaryimage\",\"url\":\"https:\\\/\\\/raymarine.ee\\\/wp-content\\\/uploads\\\/2026\\\/05\\\/10a9f96a-5229-4ad2-8da6-61f193301db0.png\",\"contentUrl\":\"https:\\\/\\\/raymarine.ee\\\/wp-content\\\/uploads\\\/2026\\\/05\\\/10a9f96a-5229-4ad2-8da6-61f193301db0.png\",\"width\":2000,\"height\":2000},{\"@type\":\"BreadcrumbList\",\"@id\":\"https:\\\/\\\/raymarine.ee\\\/product\\\/volvo-penta-ips-pilot-gateway-1-6-engines-mk3\\\/#breadcrumb\",\"itemListElement\":[{\"@type\":\"ListItem\",\"position\":1,\"name\":\"Home\",\"item\":\"https:\\\/\\\/raymarine.ee\\\/\"},{\"@type\":\"ListItem\",\"position\":2,\"name\":\"Tooted\",\"item\":\"https:\\\/\\\/raymarine.ee\\\/shop\\\/\"},{\"@type\":\"ListItem\",\"position\":3,\"name\":\"Volvo Penta IPS Pilot Gateway, 1-6 Engines MK3\"}]},{\"@type\":\"WebSite\",\"@id\":\"https:\\\/\\\/raymarine.ee\\\/#website\",\"url\":\"https:\\\/\\\/raymarine.ee\\\/\",\"name\":\"www.raymarine.ee\",\"description\":\"Mereelektroonika, kaardiplotter, autopiloot, pinnipiloot, roolipiloot, radar, AIS, VHF, Smart Wind\",\"publisher\":{\"@id\":\"https:\\\/\\\/raymarine.ee\\\/#organization\"},\"alternateName\":\"Raymarine\",\"potentialAction\":[{\"@type\":\"SearchAction\",\"target\":{\"@type\":\"EntryPoint\",\"urlTemplate\":\"https:\\\/\\\/raymarine.ee\\\/?s={search_term_string}\"},\"query-input\":{\"@type\":\"PropertyValueSpecification\",\"valueRequired\":true,\"valueName\":\"search_term_string\"}}],\"inLanguage\":\"fi\"},{\"@type\":\"Organization\",\"@id\":\"https:\\\/\\\/raymarine.ee\\\/#organization\",\"name\":\"NavSystems O\u00dc\",\"url\":\"https:\\\/\\\/raymarine.ee\\\/\",\"logo\":{\"@type\":\"ImageObject\",\"inLanguage\":\"fi\",\"@id\":\"https:\\\/\\\/raymarine.ee\\\/#\\\/schema\\\/logo\\\/image\\\/\",\"url\":\"https:\\\/\\\/raymarine.ee\\\/wp-content\\\/uploads\\\/2024\\\/10\\\/Screenshot-2024-10-15-151324_bg_removed.webp\",\"contentUrl\":\"https:\\\/\\\/raymarine.ee\\\/wp-content\\\/uploads\\\/2024\\\/10\\\/Screenshot-2024-10-15-151324_bg_removed.webp\",\"width\":420,\"height\":276,\"caption\":\"NavSystems O\u00dc\"},\"image\":{\"@id\":\"https:\\\/\\\/raymarine.ee\\\/#\\\/schema\\\/logo\\\/image\\\/\"},\"sameAs\":[\"https:\\\/\\\/www.facebook.com\\\/NavSystems\"],\"legalName\":\"NavSystems O\u00dc\",\"foundingDate\":\"2011-05-03\",\"numberOfEmployees\":{\"@type\":\"QuantitativeValue\",\"minValue\":\"1\",\"maxValue\":\"10\"}}]}<\/script>\n<meta property=\"product:price:amount\" content=\"1668.42\" \/>\n<meta property=\"product:price:currency\" content=\"EUR\" \/>\n<meta property=\"og:availability\" content=\"backorder\" \/>\n<meta property=\"product:availability\" content=\"available for order\" \/>\n<meta property=\"product:retailer_item_id\" content=\"A80719\" \/>\n<meta property=\"product:condition\" content=\"new\" \/>\n<!-- \/ Yoast SEO Premium plugin. -->","yoast_head_json":{"title":"A80719 Autopilot Gateway MK3: Usaldusv\u00e4\u00e4rne Integratsioon","description":"A80719 Autopilot Gateway MK3 tagab Volvo-Penta IPS ja Joystick juhtimisega s\u00fcsteemi integreerimise Raymarine EV2 autopiloodi ja plotteritega.","robots":{"index":"index","follow":"follow","max-snippet":"max-snippet:-1","max-image-preview":"max-image-preview:large","max-video-preview":"max-video-preview:-1"},"canonical":"https:\/\/raymarine.ee\/fi\/product\/volvo-penta-ips-pilot-gateway-1-6-engines-mk3\/","og_locale":"fi_FI","og_type":"article","og_title":"Volvo Penta IPS Pilot Gateway, 1-6 Engines MK3","og_description":"A80719 Autopilot Gateway MK3 tagab Volvo-Penta IPS ja Joystick juhtimisega s\u00fcsteemi integreerimise Raymarine EV2 autopiloodi ja plotteritega.","og_url":"https:\/\/raymarine.ee\/fi\/product\/volvo-penta-ips-pilot-gateway-1-6-engines-mk3\/","og_site_name":"NavSystems","article_publisher":"https:\/\/www.facebook.com\/NavSystems","article_modified_time":"2026-05-11T12:22:19+00:00","og_image":[{"width":2000,"height":2000,"url":"https:\/\/raymarine.ee\/wp-content\/uploads\/2026\/05\/10a9f96a-5229-4ad2-8da6-61f193301db0.png","type":"image\/png"}],"twitter_card":"summary_large_image","twitter_misc":{"Hinta":"1 668,42&nbsp;&euro;","Saatavuus":"J\u00e4lkitoimituksessa"},"schema":{"@context":"https:\/\/schema.org","@graph":[{"@type":"WebPage","@id":"https:\/\/raymarine.ee\/product\/volvo-penta-ips-pilot-gateway-1-6-engines-mk3\/","url":"https:\/\/raymarine.ee\/product\/volvo-penta-ips-pilot-gateway-1-6-engines-mk3\/","name":"A80719 Autopilot Gateway MK3: Usaldusv\u00e4\u00e4rne Integratsioon","isPartOf":{"@id":"https:\/\/raymarine.ee\/#website"},"primaryImageOfPage":{"@id":"https:\/\/raymarine.ee\/product\/volvo-penta-ips-pilot-gateway-1-6-engines-mk3\/#primaryimage"},"image":{"@id":"https:\/\/raymarine.ee\/product\/volvo-penta-ips-pilot-gateway-1-6-engines-mk3\/#primaryimage"},"thumbnailUrl":"https:\/\/raymarine.ee\/wp-content\/uploads\/2026\/05\/10a9f96a-5229-4ad2-8da6-61f193301db0.png","datePublished":"2026-05-11T09:30:58+00:00","dateModified":"2026-05-11T12:22:19+00:00","description":"A80719 Autopilot Gateway MK3 tagab Volvo-Penta IPS ja Joystick juhtimisega s\u00fcsteemi integreerimise Raymarine EV2 autopiloodi ja plotteritega.","breadcrumb":{"@id":"https:\/\/raymarine.ee\/product\/volvo-penta-ips-pilot-gateway-1-6-engines-mk3\/#breadcrumb"},"inLanguage":"fi","potentialAction":[{"@type":"ReadAction","target":["https:\/\/raymarine.ee\/product\/volvo-penta-ips-pilot-gateway-1-6-engines-mk3\/"]}]},{"@type":"ImageObject","inLanguage":"fi","@id":"https:\/\/raymarine.ee\/product\/volvo-penta-ips-pilot-gateway-1-6-engines-mk3\/#primaryimage","url":"https:\/\/raymarine.ee\/wp-content\/uploads\/2026\/05\/10a9f96a-5229-4ad2-8da6-61f193301db0.png","contentUrl":"https:\/\/raymarine.ee\/wp-content\/uploads\/2026\/05\/10a9f96a-5229-4ad2-8da6-61f193301db0.png","width":2000,"height":2000},{"@type":"BreadcrumbList","@id":"https:\/\/raymarine.ee\/product\/volvo-penta-ips-pilot-gateway-1-6-engines-mk3\/#breadcrumb","itemListElement":[{"@type":"ListItem","position":1,"name":"Home","item":"https:\/\/raymarine.ee\/"},{"@type":"ListItem","position":2,"name":"Tooted","item":"https:\/\/raymarine.ee\/shop\/"},{"@type":"ListItem","position":3,"name":"Volvo Penta IPS Pilot Gateway, 1-6 Engines MK3"}]},{"@type":"WebSite","@id":"https:\/\/raymarine.ee\/#website","url":"https:\/\/raymarine.ee\/","name":"www.raymarine.ee","description":"Merielektroniikka, karttaplotteri, autopilotti, pintaluotsi, ruorimies, tutka, AIS, VHF, Smart Wind.","publisher":{"@id":"https:\/\/raymarine.ee\/#organization"},"alternateName":"Raymarine","potentialAction":[{"@type":"SearchAction","target":{"@type":"EntryPoint","urlTemplate":"https:\/\/raymarine.ee\/?s={search_term_string}"},"query-input":{"@type":"PropertyValueSpecification","valueRequired":true,"valueName":"search_term_string"}}],"inLanguage":"fi"},{"@type":"Organization","@id":"https:\/\/raymarine.ee\/#organization","name":"NavSystems O\u00dc","url":"https:\/\/raymarine.ee\/","logo":{"@type":"ImageObject","inLanguage":"fi","@id":"https:\/\/raymarine.ee\/#\/schema\/logo\/image\/","url":"https:\/\/raymarine.ee\/wp-content\/uploads\/2024\/10\/Screenshot-2024-10-15-151324_bg_removed.webp","contentUrl":"https:\/\/raymarine.ee\/wp-content\/uploads\/2024\/10\/Screenshot-2024-10-15-151324_bg_removed.webp","width":420,"height":276,"caption":"NavSystems O\u00dc"},"image":{"@id":"https:\/\/raymarine.ee\/#\/schema\/logo\/image\/"},"sameAs":["https:\/\/www.facebook.com\/NavSystems"],"legalName":"NavSystems O\u00dc","foundingDate":"2011-05-03","numberOfEmployees":{"@type":"QuantitativeValue","minValue":"1","maxValue":"10"}}]},"product_price_amount":"1668.42","product_price_currency":"EUR","og_availability":"backorder","product_availability":"available for order","product_retailer_item_id":"A80719","product_condition":"new"},"jetpack_sharing_enabled":true,"_links":{"self":[{"href":"https:\/\/raymarine.ee\/fi\/wp-json\/wp\/v2\/product\/11504","targetHints":{"allow":["GET"]}}],"collection":[{"href":"https:\/\/raymarine.ee\/fi\/wp-json\/wp\/v2\/product"}],"about":[{"href":"https:\/\/raymarine.ee\/fi\/wp-json\/wp\/v2\/types\/product"}],"wp:featuredmedia":[{"embeddable":true,"href":"https:\/\/raymarine.ee\/fi\/wp-json\/wp\/v2\/media\/11506"}],"wp:attachment":[{"href":"https:\/\/raymarine.ee\/fi\/wp-json\/wp\/v2\/media?parent=11504"}],"wp:term":[{"taxonomy":"product_brand","embeddable":true,"href":"https:\/\/raymarine.ee\/fi\/wp-json\/wp\/v2\/product_brand?post=11504"},{"taxonomy":"product_cat","embeddable":true,"href":"https:\/\/raymarine.ee\/fi\/wp-json\/wp\/v2\/product_cat?post=11504"},{"taxonomy":"product_tag","embeddable":true,"href":"https:\/\/raymarine.ee\/fi\/wp-json\/wp\/v2\/product_tag?post=11504"}],"curies":[{"name":"wp","href":"https:\/\/api.w.org\/{rel}","templated":true}]}}