{"id":5536,"date":"2024-10-27T12:50:55","date_gmt":"2024-10-27T12:50:55","guid":{"rendered":"https:\/\/raymarine.ee\/?post_type=product&#038;p=5536"},"modified":"2026-04-16T12:59:00","modified_gmt":"2026-04-16T09:59:00","slug":"ev-100-pintaluotsi-purjeveneeseen","status":"publish","type":"product","link":"https:\/\/raymarine.ee\/fi\/product\/ev-100-pinnipiloot-purjepaadile\/","title":{"rendered":"EV-100 Pintaluotsi purjeveneeseen"},"content":{"rendered":"<div>\n<p><strong>EV 100 on t\u00e4ydellinen autopilotti enint\u00e4\u00e4n 6 t:n vesillelaskuvetoisuuteen asti.<\/strong> Ihanteellinen veneen pituus enint\u00e4\u00e4n 11 m. Raymarine EV-100 -autopilotti takaa veneen helpon itseohjautuvuuden, vaikeaa kalibrointia ei en\u00e4\u00e4 tarvita. \u00c4lykk\u00e4\u00e4n EV-anturin ansiosta autopilotti valvoo useita aluksen liikkeit\u00e4 kaikkiin suuntiin ja s\u00e4\u00e4t\u00e4\u00e4 ohjauksen automaattisesti vallitsevien meriolosuhteiden mukaan ilman, ett\u00e4 k\u00e4ytt\u00e4j\u00e4n tarvitsee s\u00e4\u00e4t\u00e4\u00e4 muita asetuksia. Autopilotin suuri etu on my\u00f6s asennuksen joustavuus. Itse laite voidaan asentaa sinne, minne on helpointa p\u00e4\u00e4st\u00e4 k\u00e4siksi, kun taas EV-anturi voidaan asentaa sinne, miss\u00e4 se on j\u00e4rkevint\u00e4, olipa se sitten kannen yl\u00e4- tai alapuolella. Anturin ydin on suojattu veden sis\u00e4\u00e4np\u00e4\u00e4sy\u00e4 vastaan IPx6- ja IPx7-standardien mukaisesti. Eri komponentit on helppo liitt\u00e4\u00e4 toisiinsa SeaTalkin (NMEA2000) kautta, ja kaikki tarvittavat kaapelit sis\u00e4ltyv\u00e4t toimitukseen.<\/p>\n<ul>\n<li>SeaTalkng-verkon kautta voidaan liitt\u00e4\u00e4 lis\u00e4\u00e4 ohjausyksik\u00f6it\u00e4.<\/li>\n<li>Kompakti ja kest\u00e4v\u00e4, tehokas k\u00e4ytt\u00f6yksikk\u00f6<\/li>\n<\/ul>\n<\/div>\n<div>\n<p>&nbsp;<\/p>\n<p><strong>Mukana<\/strong><\/p>\n<ul>\n<li>Traktorin ohjausyksikk\u00f6 Q047<\/li>\n<li>p70s Autopilotin ohjausp\u00e4\u00e4<\/li>\n<li>ACU-100 taajuusmuuttajan ohjausyksikk\u00f6<\/li>\n<li>Anturi EV-1<\/li>\n<li>1 x SeaTalkng-virtakaapeli<\/li>\n<li>1 x SeaTalkng runkokaapeli 5 m)<\/li>\n<li>1 x SeaTalkng Spur -kaapeli (1,0 m)<\/li>\n<li>1 x SeaTalkng 5-suuntainen liitinlohko<\/li>\n<li>2 x SeaTalkng T-kappaleen liitin<\/li>\n<li>2 x SeaTalkng-terminaattori<\/li>\n<\/ul>\n<p>&nbsp;<\/p>\n<ul>\n<li><strong>Tekniset tiedot k\u00e4ytt\u00f6yksikk\u00f6 Q047<\/strong><\/li>\n<\/ul>\n<table class=\"ordinary\">\n<tbody>\n<tr>\n<td>Suurin siirtym\u00e4<\/td>\n<td>6000 kg<\/td>\n<\/tr>\n<tr>\n<td>Kova ajan my\u00f6t\u00e4<\/td>\n<td>4 sekuntia<\/td>\n<\/tr>\n<tr>\n<td>K\u00e4ytt\u00f6l\u00e4mp\u00f6tila<\/td>\n<td>0 - +60 \u00b0C<\/td>\n<\/tr>\n<tr>\n<td>Pituus<\/td>\n<td>620 mm<\/td>\n<\/tr>\n<tr>\n<td>Halkaisija<\/td>\n<td>44 mm<\/td>\n<\/tr>\n<\/tbody>\n<\/table>\n<p><strong>Tekniset tiedot EV-1<\/strong><\/p>\n<table class=\"ordinary\">\n<tbody>\n<tr>\n<td>Nimellinen ajoneuvon sis\u00e4inen j\u00e4nnite<\/td>\n<td>12 V (virransy\u00f6tt\u00f6 SeaTalkngin kautta)<\/td>\n<\/tr>\n<tr>\n<td>K\u00e4ytt\u00f6j\u00e4nnitealue<\/td>\n<td>10,8-15,6 V DC<\/td>\n<\/tr>\n<tr>\n<td>Virrankulutus<\/td>\n<td>30 mA<\/td>\n<\/tr>\n<tr>\n<td>Anturit<\/td>\n<td>Kolmiakselinen digitaalinen kiihtyvyysmittari,<br \/>\nKolmiakselinen digitaalinen kompassi ja<br \/>\nkolmiakselinen digitaalinen kulmanopeusanturi<\/td>\n<\/tr>\n<tr>\n<td>Datayhteys<\/td>\n<td>SeaTalkng<\/td>\n<\/tr>\n<tr>\n<td>K\u00e4ytt\u00f6l\u00e4mp\u00f6tila<\/td>\n<td>-20 - +55 \u00b0C<\/td>\n<\/tr>\n<tr>\n<td>Varastointil\u00e4mp\u00f6tila<\/td>\n<td>-30 - +70 \u00b0C<\/td>\n<\/tr>\n<tr>\n<td>Suhteellinen kosteus<\/td>\n<td>max. 93%<\/td>\n<\/tr>\n<tr>\n<td>Vesiluokitus<\/td>\n<td>IPX6<\/td>\n<\/tr>\n<tr>\n<td>Halkaisija<\/td>\n<td>140 mm<\/td>\n<\/tr>\n<tr>\n<td>Syvyys<\/td>\n<td>35 mm (kotelo mukaan lukien)<br \/>\n95 mm (mukaan lukien kiinnike)<\/td>\n<\/tr>\n<tr>\n<td>Paino:<\/td>\n<td>0,29 kg<\/td>\n<\/tr>\n<\/tbody>\n<\/table>\n<p><strong>Tekniset tiedot p70s<\/strong><\/p>\n<table class=\"ordinary\">\n<tbody>\n<tr>\n<td>Nimellisj\u00e4nnite<\/td>\n<td>12 V DC<\/td>\n<\/tr>\n<tr>\n<td>J\u00e4nnitealue<\/td>\n<td>9-16 V DC<\/td>\n<\/tr>\n<tr>\n<td>N\u00e4yt\u00f6n koko<\/td>\n<td>3.5\u2033<\/td>\n<\/tr>\n<tr>\n<td>N\u00e4ytt\u00f6<\/td>\n<td>Optisesti integroitu, auringonvalossa luettava LCD-n\u00e4ytt\u00f6<\/td>\n<\/tr>\n<tr>\n<td>P\u00e4\u00e4t\u00f6slauselma<\/td>\n<td>320 x 240 QVGA<\/td>\n<\/tr>\n<tr>\n<td>V\u00e4rit<\/td>\n<td>16-bittinen v\u00e4ritarkkuus (64 000 v\u00e4ri\u00e4)<\/td>\n<\/tr>\n<tr>\n<td>V\u00e4ripaletit<\/td>\n<td>Nelj\u00e4 v\u00e4ripalettia - kaksip\u00e4iv\u00e4inen, k\u00e4\u00e4nteinen ja punainen\/musta.<\/td>\n<\/tr>\n<tr>\n<td>LCD-n\u00e4yt\u00f6n kirkkaus<\/td>\n<td>1;200 nit<\/td>\n<\/tr>\n<tr>\n<td>Virrankulutus<\/td>\n<td>1:6 Watt<\/td>\n<\/tr>\n<tr>\n<td>Yhteydet<\/td>\n<td>SeaTalk- ja SeaTalkng-yhteensopiva NMEA2000-laivaverkkojen kanssa.<\/td>\n<\/tr>\n<tr>\n<td>K\u00e4ytt\u00f6l\u00e4mp\u00f6tila<\/td>\n<td>-25\u00ba C - 55\u00ba C (-13\u00ba F - 131\u00ba F).<\/td>\n<\/tr>\n<tr>\n<td>Varastointil\u00e4mp\u00f6tila<\/td>\n<td>-30\u00ba C - 70\u00ba C (-22\u00ba F - 158\u00ba F)<\/td>\n<\/tr>\n<tr>\n<td>Suhteellinen kosteus<\/td>\n<td>Enint\u00e4\u00e4n 93 %<\/td>\n<\/tr>\n<tr>\n<td>Vedenpit\u00e4v\u00e4<\/td>\n<td>IPX6<\/td>\n<\/tr>\n<tr>\n<td>Vaatimustenmukaisuus<\/td>\n<td>Eurooppa: 2004\/108\/EY | Australia ja Uusi-Seelanti: C-Tick-vaatimustenmukaisuustaso 2.<\/td>\n<\/tr>\n<tr>\n<td>Mukana<\/td>\n<td>Ohjeet, tiiviste, n\u00e4ytt\u00f6, aurinkosuoja, vaihtokehys, kiinnitysruuvit<\/td>\n<\/tr>\n<\/tbody>\n<\/table>\n<\/div>\n<p><strong>Lataa EV-100-ohjauspy\u00f6r\u00e4n asennusohjeet:<\/strong><\/p>\n<p>EV1 ja ACU <a href=\"https:\/\/raymarine.ee\/wp-content\/uploads\/2026\/04\/Evolution-EV-1-and-ACU-Installation-instructions-87180-Rev-7-EN.pdf\" target=\"_blank\" rel=\"noopener\">asennusopas<\/a><\/p>\n<p>ST4000 pinniajami <a href=\"https:\/\/raymarine.ee\/wp-content\/uploads\/2026\/04\/Tiller-Drive-Q047-Installation-instructions-87279-3-EN.pdf\" target=\"_blank\" rel=\"noopener\">asennusopas<\/a><\/p>\n<p>p70s ja p70R <a href=\"https:\/\/raymarine.ee\/wp-content\/uploads\/2026\/04\/p70s-p70Rs-Pilot-Controller-Installation-instructions-87424-Rev-3-EN.pdf\" target=\"_blank\" rel=\"noopener\">asennusopas<\/a><\/p>\n<p>Vierityskulma-anturi <a href=\"https:\/\/raymarine.ee\/wp-content\/uploads\/2026\/04\/Rudder-Angle-Sensor-M81105-Installation-instructions-87012-3-EN.pdf\" target=\"_blank\" rel=\"noopener\">asennusopas<\/a><\/p>\n<p>p70 ja p70Rs Evolution-pilotin kautta <a href=\"https:\/\/raymarine.ee\/wp-content\/uploads\/2026\/04\/p70-p70s-p70R-p70Rs-Pilot-Controller-Commissioning-Operation-instructions-81402-Rev-6-EN.pdf\" target=\"_blank\" rel=\"noopener\">k\u00e4ytt\u00f6\u00f6notto- ja k\u00e4ytt\u00f6ohjeet<\/a><\/p>\n<p><strong>Liitteet:<\/strong><\/p>\n<p>Suosittelemme my\u00f6s kallistuskulma-anturin sis\u00e4llytt\u00e4mist\u00e4 laitteeseen. <a href=\"https:\/\/raymarine.ee\/product\/raymarine-roolinurga-andur\/\">M81105<\/a>.<\/p>\n<p><a title=\"Lis\u00e4tietoja Evolution-autopilotista\" href=\"https:\/\/www.raymarine.com\/en-gb\/our-products\/boat-autopilots\/autopilot-packs\" target=\"_blank\" rel=\"noopener\">Lis\u00e4tietoja Evolution-autopilotista<\/a><\/p>","protected":false},"excerpt":{"rendered":"<p>EV-100-pintaluotsi voidaan k\u00e4ytt\u00e4\u00e4 per\u00e4simell\u00e4 ohjattavissa purjeveneiss\u00e4. Pintaluotsi on suunniteltu huviveneisiin, joiden bruttopaino on enint\u00e4\u00e4n 6000 kg. On suositeltavaa pit\u00e4\u00e4 20% varastossa. Pilotti koostuu erityisesti purjeveneen per\u00e4simeen suunnitellusta Q047-pinta-ajosta, p70s-painikeohjauksesta, uudesta yhdeks\u00e4nakselisesta EV-1-anturista ja ACU-100-toimilaitteen ohjauksesta. Mukana on my\u00f6s STNG:n peruskaapelin aloitussarja. T\u00e4m\u00e4 ohjain lent\u00e4\u00e4 aivan kuten isot ohjaimet, tietokoneena on yhdeks\u00e4n-akselinen EV-1-anturi. T\u00e4ss\u00e4 tuotteessa on yksi asia, joka eroaa isoista piloteista, jota ei voi n\u00e4hd\u00e4 tai kuulla. Ohjausyksikk\u00f6 on laitettava maahan ennen k\u00e4ynnistyst\u00e4 ja otettava pois, jos haluat ohjata manuaalisesti. Kaikki komponentit on liitetty STNG-verkkoon (NMEA2000), ja integrointi muihin nykyaikaisiin navigointilaitteisiin on helppoa. Muista tarkistaa t\u00e4m\u00e4n tuotteen k\u00e4ytt\u00f6ohjeet ja jos sinulla on kysytt\u00e4v\u00e4\u00e4, ota yhteytt\u00e4 asiantuntijaamme.<\/p>","protected":false},"featured_media":9292,"template":"","meta":{"_acf_changed":false},"product_brand":[134],"product_cat":[343,64,103],"product_tag":[],"class_list":{"0":"post-5536","1":"product","2":"type-product","3":"status-publish","4":"has-post-thumbnail","6":"product_brand-raymarine","7":"product_cat-kampaaniad","8":"product_cat-pinnipiloodid","9":"product_cat-raymarine","11":"first","12":"instock","13":"sale","14":"featured","15":"taxable","16":"shipping-taxable","17":"purchasable","18":"product-type-simple"},"acf":[],"yoast_head":"<!-- This site is optimized with the Yoast SEO Premium plugin v27.5 (Yoast SEO v27.5) - https:\/\/yoast.com\/product\/yoast-seo-premium-wordpress\/ -->\n<title>Pinnipiloot \u2013 Easy Control for Your Yacht Journey - NavSystems<\/title>\n<meta name=\"description\" content=\"Raymarine EV 100 tiller pilot on your yacht guarantees effortless self-control. Say goodbye to complicated calibrations and enjoy sailing again!\" \/>\n<meta name=\"robots\" content=\"index, follow, max-snippet:-1, max-image-preview:large, max-video-preview:-1\" \/>\n<link rel=\"canonical\" href=\"https:\/\/raymarine.ee\/fi\/product\/ev-100-pintaluotsi-purjeveneeseen\/\" \/>\n<meta property=\"og:locale\" content=\"fi_FI\" \/>\n<meta property=\"og:type\" content=\"article\" \/>\n<meta property=\"og:title\" content=\"EV-100 Pinnipiloot purjepaadile\" \/>\n<meta property=\"og:description\" content=\"Raymarine EV 100 tiller pilot on your yacht guarantees effortless self-control. Say goodbye to complicated calibrations and enjoy sailing again!\" \/>\n<meta property=\"og:url\" content=\"https:\/\/raymarine.ee\/fi\/product\/ev-100-pintaluotsi-purjeveneeseen\/\" \/>\n<meta property=\"og:site_name\" content=\"NavSystems\" \/>\n<meta property=\"article:publisher\" content=\"https:\/\/www.facebook.com\/NavSystems\" \/>\n<meta property=\"article:modified_time\" content=\"2026-04-16T09:59:00+00:00\" \/>\n<meta property=\"og:image\" content=\"https:\/\/raymarine.ee\/wp-content\/uploads\/2024\/10\/d2f0495d-439f-4d68-99dc-fa5688109c21.png\" \/>\n\t<meta property=\"og:image:width\" content=\"2000\" \/>\n\t<meta property=\"og:image:height\" content=\"2000\" \/>\n\t<meta property=\"og:image:type\" content=\"image\/png\" \/>\n<meta name=\"twitter:card\" content=\"summary_large_image\" \/>\n<meta name=\"twitter:label1\" content=\"Hinta\" \/>\n\t<meta name=\"twitter:data1\" content=\"1 875,00&nbsp;&euro;\" \/>\n\t<meta name=\"twitter:label2\" content=\"Saatavuus\" \/>\n\t<meta name=\"twitter:data2\" content=\"Varastossa\" \/>\n<script type=\"application\/ld+json\" class=\"yoast-schema-graph\">{\"@context\":\"https:\\\/\\\/schema.org\",\"@graph\":[{\"@type\":\"WebPage\",\"@id\":\"https:\\\/\\\/raymarine.ee\\\/product\\\/ev-100-pinnipiloot-purjepaadile\\\/\",\"url\":\"https:\\\/\\\/raymarine.ee\\\/product\\\/ev-100-pinnipiloot-purjepaadile\\\/\",\"name\":\"Pinnipiloot \u2013 Easy Control for Your Yacht Journey - NavSystems\",\"isPartOf\":{\"@id\":\"https:\\\/\\\/raymarine.ee\\\/#website\"},\"primaryImageOfPage\":{\"@id\":\"https:\\\/\\\/raymarine.ee\\\/product\\\/ev-100-pinnipiloot-purjepaadile\\\/#primaryimage\"},\"image\":{\"@id\":\"https:\\\/\\\/raymarine.ee\\\/product\\\/ev-100-pinnipiloot-purjepaadile\\\/#primaryimage\"},\"thumbnailUrl\":\"https:\\\/\\\/raymarine.ee\\\/wp-content\\\/uploads\\\/2024\\\/10\\\/d2f0495d-439f-4d68-99dc-fa5688109c21.png\",\"datePublished\":\"2024-10-27T12:50:55+00:00\",\"dateModified\":\"2026-04-16T09:59:00+00:00\",\"description\":\"Raymarine EV 100 tiller pilot on your yacht guarantees effortless self-control. Say goodbye to complicated calibrations and enjoy sailing again!\",\"breadcrumb\":{\"@id\":\"https:\\\/\\\/raymarine.ee\\\/product\\\/ev-100-pinnipiloot-purjepaadile\\\/#breadcrumb\"},\"inLanguage\":\"fi\",\"potentialAction\":[{\"@type\":\"ReadAction\",\"target\":[\"https:\\\/\\\/raymarine.ee\\\/product\\\/ev-100-pinnipiloot-purjepaadile\\\/\"]}]},{\"@type\":\"ImageObject\",\"inLanguage\":\"fi\",\"@id\":\"https:\\\/\\\/raymarine.ee\\\/product\\\/ev-100-pinnipiloot-purjepaadile\\\/#primaryimage\",\"url\":\"https:\\\/\\\/raymarine.ee\\\/wp-content\\\/uploads\\\/2024\\\/10\\\/d2f0495d-439f-4d68-99dc-fa5688109c21.png\",\"contentUrl\":\"https:\\\/\\\/raymarine.ee\\\/wp-content\\\/uploads\\\/2024\\\/10\\\/d2f0495d-439f-4d68-99dc-fa5688109c21.png\",\"width\":2000,\"height\":2000,\"caption\":\"ev-100 pinnipiloot\"},{\"@type\":\"BreadcrumbList\",\"@id\":\"https:\\\/\\\/raymarine.ee\\\/product\\\/ev-100-pinnipiloot-purjepaadile\\\/#breadcrumb\",\"itemListElement\":[{\"@type\":\"ListItem\",\"position\":1,\"name\":\"Home\",\"item\":\"https:\\\/\\\/raymarine.ee\\\/\"},{\"@type\":\"ListItem\",\"position\":2,\"name\":\"Tooted\",\"item\":\"https:\\\/\\\/raymarine.ee\\\/shop\\\/\"},{\"@type\":\"ListItem\",\"position\":3,\"name\":\"EV-100 Pinnipiloot purjepaadile\"}]},{\"@type\":\"WebSite\",\"@id\":\"https:\\\/\\\/raymarine.ee\\\/#website\",\"url\":\"https:\\\/\\\/raymarine.ee\\\/\",\"name\":\"www.raymarine.ee\",\"description\":\"Mereelektroonika, kaardiplotter, autopiloot, pinnipiloot, roolipiloot, radar, AIS, VHF, Smart Wind\",\"publisher\":{\"@id\":\"https:\\\/\\\/raymarine.ee\\\/#organization\"},\"alternateName\":\"Raymarine\",\"potentialAction\":[{\"@type\":\"SearchAction\",\"target\":{\"@type\":\"EntryPoint\",\"urlTemplate\":\"https:\\\/\\\/raymarine.ee\\\/?s={search_term_string}\"},\"query-input\":{\"@type\":\"PropertyValueSpecification\",\"valueRequired\":true,\"valueName\":\"search_term_string\"}}],\"inLanguage\":\"fi\"},{\"@type\":\"Organization\",\"@id\":\"https:\\\/\\\/raymarine.ee\\\/#organization\",\"name\":\"NavSystems O\u00dc\",\"url\":\"https:\\\/\\\/raymarine.ee\\\/\",\"logo\":{\"@type\":\"ImageObject\",\"inLanguage\":\"fi\",\"@id\":\"https:\\\/\\\/raymarine.ee\\\/#\\\/schema\\\/logo\\\/image\\\/\",\"url\":\"https:\\\/\\\/raymarine.ee\\\/wp-content\\\/uploads\\\/2024\\\/10\\\/Screenshot-2024-10-15-151324_bg_removed.webp\",\"contentUrl\":\"https:\\\/\\\/raymarine.ee\\\/wp-content\\\/uploads\\\/2024\\\/10\\\/Screenshot-2024-10-15-151324_bg_removed.webp\",\"width\":420,\"height\":276,\"caption\":\"NavSystems O\u00dc\"},\"image\":{\"@id\":\"https:\\\/\\\/raymarine.ee\\\/#\\\/schema\\\/logo\\\/image\\\/\"},\"sameAs\":[\"https:\\\/\\\/www.facebook.com\\\/NavSystems\"],\"legalName\":\"NavSystems O\u00dc\",\"foundingDate\":\"2011-05-03\",\"numberOfEmployees\":{\"@type\":\"QuantitativeValue\",\"minValue\":\"1\",\"maxValue\":\"10\"}}]}<\/script>\n<meta property=\"product:price:amount\" content=\"1875.00\" \/>\n<meta property=\"product:price:currency\" content=\"EUR\" \/>\n<meta property=\"og:availability\" content=\"instock\" \/>\n<meta property=\"product:availability\" content=\"instock\" \/>\n<meta property=\"product:retailer_item_id\" content=\"T70153\" \/>\n<meta property=\"product:condition\" content=\"new\" \/>\n<!-- \/ Yoast SEO Premium plugin. -->","yoast_head_json":{"title":"Pinnipiloot - Helppo ohjaus purjehdusmatkallesi - NavSystems","description":"Raymarine EV 100 -per\u00e4sinohjain jahdissasi takaa vaivattoman itsehallinnan. Sano hyv\u00e4stit monimutkaisille kalibroinneille ja nauti taas purjehtimisesta!","robots":{"index":"index","follow":"follow","max-snippet":"max-snippet:-1","max-image-preview":"max-image-preview:large","max-video-preview":"max-video-preview:-1"},"canonical":"https:\/\/raymarine.ee\/fi\/product\/ev-100-pintaluotsi-purjeveneeseen\/","og_locale":"fi_FI","og_type":"article","og_title":"EV-100 Pinnipiloot purjepaadile","og_description":"Raymarine EV 100 tiller pilot on your yacht guarantees effortless self-control. Say goodbye to complicated calibrations and enjoy sailing again!","og_url":"https:\/\/raymarine.ee\/fi\/product\/ev-100-pintaluotsi-purjeveneeseen\/","og_site_name":"NavSystems","article_publisher":"https:\/\/www.facebook.com\/NavSystems","article_modified_time":"2026-04-16T09:59:00+00:00","og_image":[{"width":2000,"height":2000,"url":"https:\/\/raymarine.ee\/wp-content\/uploads\/2024\/10\/d2f0495d-439f-4d68-99dc-fa5688109c21.png","type":"image\/png"}],"twitter_card":"summary_large_image","twitter_misc":{"Hinta":"1 875,00&nbsp;&euro;","Saatavuus":"Varastossa"},"schema":{"@context":"https:\/\/schema.org","@graph":[{"@type":"WebPage","@id":"https:\/\/raymarine.ee\/product\/ev-100-pinnipiloot-purjepaadile\/","url":"https:\/\/raymarine.ee\/product\/ev-100-pinnipiloot-purjepaadile\/","name":"Pinnipiloot - Helppo ohjaus purjehdusmatkallesi - NavSystems","isPartOf":{"@id":"https:\/\/raymarine.ee\/#website"},"primaryImageOfPage":{"@id":"https:\/\/raymarine.ee\/product\/ev-100-pinnipiloot-purjepaadile\/#primaryimage"},"image":{"@id":"https:\/\/raymarine.ee\/product\/ev-100-pinnipiloot-purjepaadile\/#primaryimage"},"thumbnailUrl":"https:\/\/raymarine.ee\/wp-content\/uploads\/2024\/10\/d2f0495d-439f-4d68-99dc-fa5688109c21.png","datePublished":"2024-10-27T12:50:55+00:00","dateModified":"2026-04-16T09:59:00+00:00","description":"Raymarine EV 100 -per\u00e4sinohjain jahdissasi takaa vaivattoman itsehallinnan. Sano hyv\u00e4stit monimutkaisille kalibroinneille ja nauti taas purjehtimisesta!","breadcrumb":{"@id":"https:\/\/raymarine.ee\/product\/ev-100-pinnipiloot-purjepaadile\/#breadcrumb"},"inLanguage":"fi","potentialAction":[{"@type":"ReadAction","target":["https:\/\/raymarine.ee\/product\/ev-100-pinnipiloot-purjepaadile\/"]}]},{"@type":"ImageObject","inLanguage":"fi","@id":"https:\/\/raymarine.ee\/product\/ev-100-pinnipiloot-purjepaadile\/#primaryimage","url":"https:\/\/raymarine.ee\/wp-content\/uploads\/2024\/10\/d2f0495d-439f-4d68-99dc-fa5688109c21.png","contentUrl":"https:\/\/raymarine.ee\/wp-content\/uploads\/2024\/10\/d2f0495d-439f-4d68-99dc-fa5688109c21.png","width":2000,"height":2000,"caption":"ev-100 pinnipiloot"},{"@type":"BreadcrumbList","@id":"https:\/\/raymarine.ee\/product\/ev-100-pinnipiloot-purjepaadile\/#breadcrumb","itemListElement":[{"@type":"ListItem","position":1,"name":"Home","item":"https:\/\/raymarine.ee\/"},{"@type":"ListItem","position":2,"name":"Tooted","item":"https:\/\/raymarine.ee\/shop\/"},{"@type":"ListItem","position":3,"name":"EV-100 Pinnipiloot purjepaadile"}]},{"@type":"WebSite","@id":"https:\/\/raymarine.ee\/#website","url":"https:\/\/raymarine.ee\/","name":"www.raymarine.ee","description":"Merielektroniikka, karttaplotteri, autopilotti, pintaluotsi, ruorimies, tutka, AIS, VHF, Smart Wind.","publisher":{"@id":"https:\/\/raymarine.ee\/#organization"},"alternateName":"Raymarine","potentialAction":[{"@type":"SearchAction","target":{"@type":"EntryPoint","urlTemplate":"https:\/\/raymarine.ee\/?s={search_term_string}"},"query-input":{"@type":"PropertyValueSpecification","valueRequired":true,"valueName":"search_term_string"}}],"inLanguage":"fi"},{"@type":"Organization","@id":"https:\/\/raymarine.ee\/#organization","name":"NavSystems O\u00dc","url":"https:\/\/raymarine.ee\/","logo":{"@type":"ImageObject","inLanguage":"fi","@id":"https:\/\/raymarine.ee\/#\/schema\/logo\/image\/","url":"https:\/\/raymarine.ee\/wp-content\/uploads\/2024\/10\/Screenshot-2024-10-15-151324_bg_removed.webp","contentUrl":"https:\/\/raymarine.ee\/wp-content\/uploads\/2024\/10\/Screenshot-2024-10-15-151324_bg_removed.webp","width":420,"height":276,"caption":"NavSystems O\u00dc"},"image":{"@id":"https:\/\/raymarine.ee\/#\/schema\/logo\/image\/"},"sameAs":["https:\/\/www.facebook.com\/NavSystems"],"legalName":"NavSystems O\u00dc","foundingDate":"2011-05-03","numberOfEmployees":{"@type":"QuantitativeValue","minValue":"1","maxValue":"10"}}]},"product_price_amount":"1875.00","product_price_currency":"EUR","og_availability":"instock","product_availability":"instock","product_retailer_item_id":"T70153","product_condition":"new"},"jetpack_sharing_enabled":true,"_links":{"self":[{"href":"https:\/\/raymarine.ee\/fi\/wp-json\/wp\/v2\/product\/5536","targetHints":{"allow":["GET"]}}],"collection":[{"href":"https:\/\/raymarine.ee\/fi\/wp-json\/wp\/v2\/product"}],"about":[{"href":"https:\/\/raymarine.ee\/fi\/wp-json\/wp\/v2\/types\/product"}],"wp:featuredmedia":[{"embeddable":true,"href":"https:\/\/raymarine.ee\/fi\/wp-json\/wp\/v2\/media\/9292"}],"wp:attachment":[{"href":"https:\/\/raymarine.ee\/fi\/wp-json\/wp\/v2\/media?parent=5536"}],"wp:term":[{"taxonomy":"product_brand","embeddable":true,"href":"https:\/\/raymarine.ee\/fi\/wp-json\/wp\/v2\/product_brand?post=5536"},{"taxonomy":"product_cat","embeddable":true,"href":"https:\/\/raymarine.ee\/fi\/wp-json\/wp\/v2\/product_cat?post=5536"},{"taxonomy":"product_tag","embeddable":true,"href":"https:\/\/raymarine.ee\/fi\/wp-json\/wp\/v2\/product_tag?post=5536"}],"curies":[{"name":"wp","href":"https:\/\/api.w.org\/{rel}","templated":true}]}}