{"id":5538,"date":"2024-10-27T12:51:38","date_gmt":"2024-10-27T12:51:38","guid":{"rendered":"https:\/\/raymarine.ee\/?post_type=product&#038;p=5538"},"modified":"2026-04-12T15:32:27","modified_gmt":"2026-04-12T12:32:27","slug":"raymarine-ev-100-roolipiloot-purjepaadile","status":"publish","type":"product","link":"https:\/\/raymarine.ee\/fi\/product\/raymarine-ev-100-roolipiloot-purjepaadile\/","title":{"rendered":"EV-100 Wheel Pilot purjeveneeseen"},"content":{"rendered":"<p>The EV 100 Wheelr pilot is a perfect autopilot for wheel-operated yachts up to 7.5t displacement. Ideal boat length up to 12 m.<\/p>\n<p>The new Raymarine EV-100 autopilot ensures easy self-control of your boat, difficult calibration is no longer necessary. Due to the intelligent EV-sensor, the autopilot monitors multiple ship movements in all directions and automatically adjusts the steering to match existing sea conditions, without the user having to adjust any other settings. A further big advantage of the autopilot is flexibility of installation.<\/p>\n<p>The device itself can be installed where it is easiest for you to access, while the EV-sensor can be mounted where it makes most sense to you, no matter if above or below deck. The sensor core is protected against water ingress to IPx6 and IPx7 standards. The various components are easily connected to each other via SeaTalk (NMEA2000), and all cables required are included.<\/p>\n<ul>\n<li>SeaTalkng-verkon kautta voidaan liitt\u00e4\u00e4 lis\u00e4\u00e4 ohjausyksik\u00f6it\u00e4.<\/li>\n<li>Compact and rugged, powerful MK II wheel drive unit<\/li>\n<\/ul>\n<div>\n<p>Included in delivery<\/p>\n<ul>\n<li>MK II Wheel Pilot<\/li>\n<li>p70s Autopilot Control Head (incl. SeaTalkng drop cable 0.4 m)<\/li>\n<li>ACU-100 Drive Control Unit (incl. SeaTalkng drop cable with open ends at one end 1.0 m)<\/li>\n<li>Sensor EV-1(incl. SeaTalkng drop cable 1.0 m)<\/li>\n<li>1 x SeaTalkng-virtakaapeli<\/li>\n<li>1 x SeaTalkng runkokaapeli 5 m)<\/li>\n<li>1 x SeaTalkng Spur -kaapeli (1,0 m)<\/li>\n<li>1 x SeaTalkng 5-suuntainen liitinlohko<\/li>\n<li>2 x SeaTalkng T-kappaleen liitin<\/li>\n<li>2 x SeaTalkng-terminaattori<\/li>\n<\/ul>\n<p>Tekniset tiedot EV-1<\/p>\n<table class=\"ordinary\">\n<tbody>\n<tr>\n<td>Nimellinen ajoneuvon sis\u00e4inen j\u00e4nnite<\/td>\n<td>12 V (virransy\u00f6tt\u00f6 SeaTalkngin kautta)<\/td>\n<\/tr>\n<tr>\n<td>K\u00e4ytt\u00f6j\u00e4nnitealue<\/td>\n<td>10,8-15,6 V DC<\/td>\n<\/tr>\n<tr>\n<td>Power consumption (amps)<\/td>\n<td>30 mA<\/td>\n<\/tr>\n<tr>\n<td>Anturit<\/td>\n<td>Kolmiakselinen digitaalinen kiihtyvyysmittari,<br \/>\nKolmiakselinen digitaalinen kompassi ja<br \/>\nkolmiakselinen digitaalinen kulmanopeusanturi<\/td>\n<\/tr>\n<tr>\n<td>Datayhteys<\/td>\n<td>SeaTalkng<\/td>\n<\/tr>\n<tr>\n<td>K\u00e4ytt\u00f6l\u00e4mp\u00f6tila<\/td>\n<td>-20 - +55 \u00b0C<\/td>\n<\/tr>\n<tr>\n<td>Varastointil\u00e4mp\u00f6tila<\/td>\n<td>-30 to +70\u00b0 C<\/td>\n<\/tr>\n<tr>\n<td>Suhteellinen kosteus<\/td>\n<td>max. 93%<\/td>\n<\/tr>\n<tr>\n<td>Vesiluokitus<\/td>\n<td>IPX6<\/td>\n<\/tr>\n<tr>\n<td>Halkaisija<\/td>\n<td>140 mm<\/td>\n<\/tr>\n<tr>\n<td>Syvyys<\/td>\n<td>35 mm (kotelo mukaan lukien)<br \/>\n95 mm (mukaan lukien kiinnike)<\/td>\n<\/tr>\n<tr>\n<td>Weight<\/td>\n<td>0,29 kg<\/td>\n<\/tr>\n<\/tbody>\n<\/table>\n<p>Tekniset tiedot p70s<\/p>\n<table class=\"ordinary\">\n<tbody>\n<tr>\n<td>Nimellisj\u00e4nnite<\/td>\n<td>12 V DC<\/td>\n<\/tr>\n<tr>\n<td>J\u00e4nnitealue<\/td>\n<td>9-16 V DC<\/td>\n<\/tr>\n<tr>\n<td>N\u00e4yt\u00f6n koko<\/td>\n<td>3.5\u2033<\/td>\n<\/tr>\n<tr>\n<td>N\u00e4ytt\u00f6<\/td>\n<td>Optisesti integroitu, auringonvalossa luettava LCD-n\u00e4ytt\u00f6<\/td>\n<\/tr>\n<tr>\n<td>P\u00e4\u00e4t\u00f6slauselma<\/td>\n<td>320 x 240 QVGA<\/td>\n<\/tr>\n<tr>\n<td>V\u00e4rit<\/td>\n<td>16-bittinen v\u00e4ritarkkuus (64 000 v\u00e4ri\u00e4)<\/td>\n<\/tr>\n<tr>\n<td>V\u00e4ripaletit<\/td>\n<td>Nelj\u00e4 v\u00e4ripalettia - kaksip\u00e4iv\u00e4inen, k\u00e4\u00e4nteinen ja punainen\/musta.<\/td>\n<\/tr>\n<tr>\n<td>LCD-n\u00e4yt\u00f6n kirkkaus<\/td>\n<td>1;200 nit<\/td>\n<\/tr>\n<tr>\n<td>current consumption (watts)<\/td>\n<td>1:6 watts<\/td>\n<\/tr>\n<tr>\n<td>Connectors<\/td>\n<td>SeaTalk- ja SeaTalkng-yhteensopiva NMEA2000-laivaverkkojen kanssa.<\/td>\n<\/tr>\n<tr>\n<td>K\u00e4ytt\u00f6l\u00e4mp\u00f6tila<\/td>\n<td>-25\u00ba C - 55\u00ba C (-13\u00ba F - 131\u00ba F).<\/td>\n<\/tr>\n<tr>\n<td>Varastointil\u00e4mp\u00f6tila<\/td>\n<td>-30\u00ba C - 70\u00ba C (-22\u00ba F - 158\u00ba F)<\/td>\n<\/tr>\n<tr>\n<td>Suhteellinen kosteus<\/td>\n<td>Enint\u00e4\u00e4n 93 %<\/td>\n<\/tr>\n<tr>\n<td>Vedenpit\u00e4v\u00e4<\/td>\n<td>IPX6<\/td>\n<\/tr>\n<tr>\n<td>Vaatimustenmukaisuus<\/td>\n<td>Eurooppa: 2004\/108\/EY | Australia ja Uusi-Seelanti: C-Tick-vaatimustenmukaisuustaso 2.<\/td>\n<\/tr>\n<tr>\n<td>Included in delivery<\/td>\n<td>Ohjeet, tiiviste, n\u00e4ytt\u00f6, aurinkosuoja, vaihtokehys, kiinnitysruuvit<\/td>\n<\/tr>\n<\/tbody>\n<\/table>\n<p><strong>Lataa EV-100-ohjauspy\u00f6r\u00e4n asennusohjeet:<\/strong><\/p>\n<p>EV1 ja ACU <a href=\"https:\/\/raymarine.ee\/wp-content\/uploads\/2026\/04\/Evolution-EV-1-and-ACU-Installation-instructions-87180-Rev-7-EN.pdf\" target=\"_blank\" rel=\"noopener\">asennusopas<\/a><\/p>\n<p>ST4000 MK II rooliajami <a href=\"https:\/\/raymarine.ee\/wp-content\/uploads\/2026\/04\/Wheel-Drive-E12093-Installation-instructions-87287-2-EN-2.pdf\" target=\"_blank\" rel=\"noopener\">asennusopas<\/a><\/p>\n<p>p70s ja p70R <a href=\"https:\/\/raymarine.ee\/wp-content\/uploads\/2026\/04\/p70s-p70Rs-Pilot-Controller-Installation-instructions-87424-Rev-3-EN.pdf\" target=\"_blank\" rel=\"noopener\">asennusopas<\/a><\/p>\n<p>Vierityskulma-anturi <a href=\"https:\/\/raymarine.ee\/wp-content\/uploads\/2026\/04\/Rudder-Angle-Sensor-M81105-Installation-instructions-87012-3-EN.pdf\" target=\"_blank\" rel=\"noopener\">asennusopas<\/a><\/p>\n<p>p70 ja p70Rs Evolution-pilotin kautta <a href=\"https:\/\/raymarine.ee\/wp-content\/uploads\/2026\/04\/p70-p70s-p70R-p70Rs-Pilot-Controller-Commissioning-Operation-instructions-81402-Rev-6-EN.pdf\" target=\"_blank\" rel=\"noopener\">k\u00e4ytt\u00f6\u00f6notto- ja k\u00e4ytt\u00f6ohjeet<\/a><\/p>\n<p><strong>Liitteet:<\/strong><\/p>\n<p>Suosittelemme my\u00f6s kallistuskulma-anturin sis\u00e4llytt\u00e4mist\u00e4 laitteeseen. <a href=\"https:\/\/raymarine.ee\/product\/raymarine-roolinurga-andur\/\">M81105<\/a>.<\/p>\n<p><a title=\"Lis\u00e4tietoja Evolution-autopilotista\" href=\"https:\/\/www.raymarine.com\/en-gb\/our-products\/boat-autopilots\/autopilot-packs\" target=\"_blank\" rel=\"noopener\">Lis\u00e4tietoja Evolution-autopilotista<\/a><\/p>\n<\/div>","protected":false},"excerpt":{"rendered":"<p>EV-100 roolipilooti saab kasutada purjepaatides mida juhitakse roolirattaga. Roolipiloot on m\u00f5eldud huvilaevadele mille kogukaal ei \u00fcleta 7500 kg. Soovituslik on j\u00e4tta v\u00e4hemalt 20% varu. Piloot koosneb spetsiaalselt purjepaadi rooliratta jaoks disainitud ajamist ST4000 MK II, p70s kontrollseadmest, uuest \u00fcheksateljelisest sensorist EV-1 ja ACU-100 aktuaatori juhtimisseadmest. Tutvu kindlasti ka selle komplekti juhenditega ja k\u00fcsimuste korral pea n\u00f5u meie spetsialistiga.<\/p>","protected":false},"featured_media":9293,"template":"","meta":{"_acf_changed":false},"product_brand":[134],"product_cat":[52,343,103,65],"product_tag":[],"class_list":{"0":"post-5538","1":"product","2":"type-product","3":"status-publish","4":"has-post-thumbnail","6":"product_brand-raymarine","7":"product_cat-autopiloot-autopiloodid","8":"product_cat-kampaaniad","9":"product_cat-raymarine","10":"product_cat-roolipiloodid","12":"first","13":"instock","14":"sale","15":"featured","16":"taxable","17":"shipping-taxable","18":"purchasable","19":"product-type-simple"},"acf":[],"yoast_head":"<!-- This site is optimized with the Yoast SEO Premium plugin v27.5 (Yoast SEO v27.5) - https:\/\/yoast.com\/product\/yoast-seo-premium-wordpress\/ -->\n<title>Roolipiloot \u2013 Lihtne ja usaldusv\u00e4\u00e4rne Autopiloot - NavSystems<\/title>\n<meta name=\"description\" content=\"Roolipiloot on ideaalne autopiloot kuni 12 m pikkustele ja 7.5 t kaaluvatele jahtidele. Naudi lihtsat ja muretut kontrolli juhtimise \u00fcle oma paadis!\" \/>\n<meta name=\"robots\" content=\"index, follow, max-snippet:-1, max-image-preview:large, max-video-preview:-1\" \/>\n<link rel=\"canonical\" href=\"https:\/\/raymarine.ee\/fi\/product\/raymarine-ev-100-roolipiloot-purjepaadile\/\" \/>\n<meta property=\"og:locale\" content=\"fi_FI\" \/>\n<meta property=\"og:type\" content=\"article\" \/>\n<meta property=\"og:title\" content=\"EV-100 Roolipiloot purjepaadile\" \/>\n<meta property=\"og:description\" content=\"Roolipiloot on ideaalne autopiloot kuni 12 m pikkustele ja 7.5 t kaaluvatele jahtidele. Naudi lihtsat ja muretut kontrolli juhtimise \u00fcle oma paadis!\" \/>\n<meta property=\"og:url\" content=\"https:\/\/raymarine.ee\/fi\/product\/raymarine-ev-100-roolipiloot-purjepaadile\/\" \/>\n<meta property=\"og:site_name\" content=\"NavSystems\" \/>\n<meta property=\"article:publisher\" content=\"https:\/\/www.facebook.com\/NavSystems\" \/>\n<meta property=\"article:modified_time\" content=\"2026-04-12T12:32:27+00:00\" \/>\n<meta property=\"og:image\" content=\"https:\/\/raymarine.ee\/wp-content\/uploads\/2024\/10\/955c9af5-32fd-464d-96be-23fcb2f8c4d0.png\" \/>\n\t<meta property=\"og:image:width\" content=\"2000\" \/>\n\t<meta property=\"og:image:height\" content=\"2000\" \/>\n\t<meta property=\"og:image:type\" content=\"image\/png\" \/>\n<meta name=\"twitter:card\" content=\"summary_large_image\" \/>\n<meta name=\"twitter:label1\" content=\"Hinta\" \/>\n\t<meta name=\"twitter:data1\" content=\"1 850,00&nbsp;&euro;\" \/>\n\t<meta name=\"twitter:label2\" content=\"Saatavuus\" \/>\n\t<meta name=\"twitter:data2\" content=\"Varastossa\" \/>\n<script type=\"application\/ld+json\" class=\"yoast-schema-graph\">{\"@context\":\"https:\\\/\\\/schema.org\",\"@graph\":[{\"@type\":\"WebPage\",\"@id\":\"https:\\\/\\\/raymarine.ee\\\/product\\\/raymarine-ev-100-roolipiloot-purjepaadile\\\/\",\"url\":\"https:\\\/\\\/raymarine.ee\\\/product\\\/raymarine-ev-100-roolipiloot-purjepaadile\\\/\",\"name\":\"Roolipiloot \u2013 Lihtne ja usaldusv\u00e4\u00e4rne Autopiloot - NavSystems\",\"isPartOf\":{\"@id\":\"https:\\\/\\\/raymarine.ee\\\/#website\"},\"primaryImageOfPage\":{\"@id\":\"https:\\\/\\\/raymarine.ee\\\/product\\\/raymarine-ev-100-roolipiloot-purjepaadile\\\/#primaryimage\"},\"image\":{\"@id\":\"https:\\\/\\\/raymarine.ee\\\/product\\\/raymarine-ev-100-roolipiloot-purjepaadile\\\/#primaryimage\"},\"thumbnailUrl\":\"https:\\\/\\\/raymarine.ee\\\/wp-content\\\/uploads\\\/2024\\\/10\\\/955c9af5-32fd-464d-96be-23fcb2f8c4d0.png\",\"datePublished\":\"2024-10-27T12:51:38+00:00\",\"dateModified\":\"2026-04-12T12:32:27+00:00\",\"description\":\"Roolipiloot on ideaalne autopiloot kuni 12 m pikkustele ja 7.5 t kaaluvatele jahtidele. Naudi lihtsat ja muretut kontrolli juhtimise \u00fcle oma paadis!\",\"breadcrumb\":{\"@id\":\"https:\\\/\\\/raymarine.ee\\\/product\\\/raymarine-ev-100-roolipiloot-purjepaadile\\\/#breadcrumb\"},\"inLanguage\":\"fi\",\"potentialAction\":[{\"@type\":\"ReadAction\",\"target\":[\"https:\\\/\\\/raymarine.ee\\\/product\\\/raymarine-ev-100-roolipiloot-purjepaadile\\\/\"]}]},{\"@type\":\"ImageObject\",\"inLanguage\":\"fi\",\"@id\":\"https:\\\/\\\/raymarine.ee\\\/product\\\/raymarine-ev-100-roolipiloot-purjepaadile\\\/#primaryimage\",\"url\":\"https:\\\/\\\/raymarine.ee\\\/wp-content\\\/uploads\\\/2024\\\/10\\\/955c9af5-32fd-464d-96be-23fcb2f8c4d0.png\",\"contentUrl\":\"https:\\\/\\\/raymarine.ee\\\/wp-content\\\/uploads\\\/2024\\\/10\\\/955c9af5-32fd-464d-96be-23fcb2f8c4d0.png\",\"width\":2000,\"height\":2000,\"caption\":\"EV-100 roolipiloot koos p70s kontrolleriga\"},{\"@type\":\"BreadcrumbList\",\"@id\":\"https:\\\/\\\/raymarine.ee\\\/product\\\/raymarine-ev-100-roolipiloot-purjepaadile\\\/#breadcrumb\",\"itemListElement\":[{\"@type\":\"ListItem\",\"position\":1,\"name\":\"Home\",\"item\":\"https:\\\/\\\/raymarine.ee\\\/\"},{\"@type\":\"ListItem\",\"position\":2,\"name\":\"Tooted\",\"item\":\"https:\\\/\\\/raymarine.ee\\\/shop\\\/\"},{\"@type\":\"ListItem\",\"position\":3,\"name\":\"EV-100 Roolipiloot purjepaadile\"}]},{\"@type\":\"WebSite\",\"@id\":\"https:\\\/\\\/raymarine.ee\\\/#website\",\"url\":\"https:\\\/\\\/raymarine.ee\\\/\",\"name\":\"www.raymarine.ee\",\"description\":\"Mereelektroonika, kaardiplotter, autopiloot, pinnipiloot, roolipiloot, radar, AIS, VHF, Smart Wind\",\"publisher\":{\"@id\":\"https:\\\/\\\/raymarine.ee\\\/#organization\"},\"alternateName\":\"Raymarine\",\"potentialAction\":[{\"@type\":\"SearchAction\",\"target\":{\"@type\":\"EntryPoint\",\"urlTemplate\":\"https:\\\/\\\/raymarine.ee\\\/?s={search_term_string}\"},\"query-input\":{\"@type\":\"PropertyValueSpecification\",\"valueRequired\":true,\"valueName\":\"search_term_string\"}}],\"inLanguage\":\"fi\"},{\"@type\":\"Organization\",\"@id\":\"https:\\\/\\\/raymarine.ee\\\/#organization\",\"name\":\"NavSystems O\u00dc\",\"url\":\"https:\\\/\\\/raymarine.ee\\\/\",\"logo\":{\"@type\":\"ImageObject\",\"inLanguage\":\"fi\",\"@id\":\"https:\\\/\\\/raymarine.ee\\\/#\\\/schema\\\/logo\\\/image\\\/\",\"url\":\"https:\\\/\\\/raymarine.ee\\\/wp-content\\\/uploads\\\/2024\\\/10\\\/Screenshot-2024-10-15-151324_bg_removed.webp\",\"contentUrl\":\"https:\\\/\\\/raymarine.ee\\\/wp-content\\\/uploads\\\/2024\\\/10\\\/Screenshot-2024-10-15-151324_bg_removed.webp\",\"width\":420,\"height\":276,\"caption\":\"NavSystems O\u00dc\"},\"image\":{\"@id\":\"https:\\\/\\\/raymarine.ee\\\/#\\\/schema\\\/logo\\\/image\\\/\"},\"sameAs\":[\"https:\\\/\\\/www.facebook.com\\\/NavSystems\"],\"legalName\":\"NavSystems O\u00dc\",\"foundingDate\":\"2011-05-03\",\"numberOfEmployees\":{\"@type\":\"QuantitativeValue\",\"minValue\":\"1\",\"maxValue\":\"10\"}}]}<\/script>\n<meta property=\"product:price:amount\" content=\"1850.00\" \/>\n<meta property=\"product:price:currency\" content=\"EUR\" \/>\n<meta property=\"og:availability\" content=\"instock\" \/>\n<meta property=\"product:availability\" content=\"instock\" \/>\n<meta property=\"product:retailer_item_id\" content=\"T70152\" \/>\n<meta property=\"product:condition\" content=\"new\" \/>\n<!-- \/ Yoast SEO Premium plugin. -->","yoast_head_json":{"title":"Roolipiloot \u2013 Lihtne ja usaldusv\u00e4\u00e4rne Autopiloot - NavSystems","description":"Roolipiloot on ideaalne autopiloot kuni 12 m pikkustele ja 7.5 t kaaluvatele jahtidele. Naudi lihtsat ja muretut kontrolli juhtimise \u00fcle oma paadis!","robots":{"index":"index","follow":"follow","max-snippet":"max-snippet:-1","max-image-preview":"max-image-preview:large","max-video-preview":"max-video-preview:-1"},"canonical":"https:\/\/raymarine.ee\/fi\/product\/raymarine-ev-100-roolipiloot-purjepaadile\/","og_locale":"fi_FI","og_type":"article","og_title":"EV-100 Roolipiloot purjepaadile","og_description":"Roolipiloot on ideaalne autopiloot kuni 12 m pikkustele ja 7.5 t kaaluvatele jahtidele. Naudi lihtsat ja muretut kontrolli juhtimise \u00fcle oma paadis!","og_url":"https:\/\/raymarine.ee\/fi\/product\/raymarine-ev-100-roolipiloot-purjepaadile\/","og_site_name":"NavSystems","article_publisher":"https:\/\/www.facebook.com\/NavSystems","article_modified_time":"2026-04-12T12:32:27+00:00","og_image":[{"width":2000,"height":2000,"url":"https:\/\/raymarine.ee\/wp-content\/uploads\/2024\/10\/955c9af5-32fd-464d-96be-23fcb2f8c4d0.png","type":"image\/png"}],"twitter_card":"summary_large_image","twitter_misc":{"Hinta":"1 850,00&nbsp;&euro;","Saatavuus":"Varastossa"},"schema":{"@context":"https:\/\/schema.org","@graph":[{"@type":"WebPage","@id":"https:\/\/raymarine.ee\/product\/raymarine-ev-100-roolipiloot-purjepaadile\/","url":"https:\/\/raymarine.ee\/product\/raymarine-ev-100-roolipiloot-purjepaadile\/","name":"Roolipiloot \u2013 Lihtne ja usaldusv\u00e4\u00e4rne Autopiloot - NavSystems","isPartOf":{"@id":"https:\/\/raymarine.ee\/#website"},"primaryImageOfPage":{"@id":"https:\/\/raymarine.ee\/product\/raymarine-ev-100-roolipiloot-purjepaadile\/#primaryimage"},"image":{"@id":"https:\/\/raymarine.ee\/product\/raymarine-ev-100-roolipiloot-purjepaadile\/#primaryimage"},"thumbnailUrl":"https:\/\/raymarine.ee\/wp-content\/uploads\/2024\/10\/955c9af5-32fd-464d-96be-23fcb2f8c4d0.png","datePublished":"2024-10-27T12:51:38+00:00","dateModified":"2026-04-12T12:32:27+00:00","description":"Roolipiloot on ideaalne autopiloot kuni 12 m pikkustele ja 7.5 t kaaluvatele jahtidele. Naudi lihtsat ja muretut kontrolli juhtimise \u00fcle oma paadis!","breadcrumb":{"@id":"https:\/\/raymarine.ee\/product\/raymarine-ev-100-roolipiloot-purjepaadile\/#breadcrumb"},"inLanguage":"fi","potentialAction":[{"@type":"ReadAction","target":["https:\/\/raymarine.ee\/product\/raymarine-ev-100-roolipiloot-purjepaadile\/"]}]},{"@type":"ImageObject","inLanguage":"fi","@id":"https:\/\/raymarine.ee\/product\/raymarine-ev-100-roolipiloot-purjepaadile\/#primaryimage","url":"https:\/\/raymarine.ee\/wp-content\/uploads\/2024\/10\/955c9af5-32fd-464d-96be-23fcb2f8c4d0.png","contentUrl":"https:\/\/raymarine.ee\/wp-content\/uploads\/2024\/10\/955c9af5-32fd-464d-96be-23fcb2f8c4d0.png","width":2000,"height":2000,"caption":"EV-100 roolipiloot koos p70s kontrolleriga"},{"@type":"BreadcrumbList","@id":"https:\/\/raymarine.ee\/product\/raymarine-ev-100-roolipiloot-purjepaadile\/#breadcrumb","itemListElement":[{"@type":"ListItem","position":1,"name":"Home","item":"https:\/\/raymarine.ee\/"},{"@type":"ListItem","position":2,"name":"Tooted","item":"https:\/\/raymarine.ee\/shop\/"},{"@type":"ListItem","position":3,"name":"EV-100 Roolipiloot purjepaadile"}]},{"@type":"WebSite","@id":"https:\/\/raymarine.ee\/#website","url":"https:\/\/raymarine.ee\/","name":"www.raymarine.ee","description":"Merielektroniikka, karttaplotteri, autopilotti, pintaluotsi, ruorimies, tutka, AIS, VHF, Smart Wind.","publisher":{"@id":"https:\/\/raymarine.ee\/#organization"},"alternateName":"Raymarine","potentialAction":[{"@type":"SearchAction","target":{"@type":"EntryPoint","urlTemplate":"https:\/\/raymarine.ee\/?s={search_term_string}"},"query-input":{"@type":"PropertyValueSpecification","valueRequired":true,"valueName":"search_term_string"}}],"inLanguage":"fi"},{"@type":"Organization","@id":"https:\/\/raymarine.ee\/#organization","name":"NavSystems O\u00dc","url":"https:\/\/raymarine.ee\/","logo":{"@type":"ImageObject","inLanguage":"fi","@id":"https:\/\/raymarine.ee\/#\/schema\/logo\/image\/","url":"https:\/\/raymarine.ee\/wp-content\/uploads\/2024\/10\/Screenshot-2024-10-15-151324_bg_removed.webp","contentUrl":"https:\/\/raymarine.ee\/wp-content\/uploads\/2024\/10\/Screenshot-2024-10-15-151324_bg_removed.webp","width":420,"height":276,"caption":"NavSystems O\u00dc"},"image":{"@id":"https:\/\/raymarine.ee\/#\/schema\/logo\/image\/"},"sameAs":["https:\/\/www.facebook.com\/NavSystems"],"legalName":"NavSystems O\u00dc","foundingDate":"2011-05-03","numberOfEmployees":{"@type":"QuantitativeValue","minValue":"1","maxValue":"10"}}]},"product_price_amount":"1850.00","product_price_currency":"EUR","og_availability":"instock","product_availability":"instock","product_retailer_item_id":"T70152","product_condition":"new"},"jetpack_sharing_enabled":true,"_links":{"self":[{"href":"https:\/\/raymarine.ee\/fi\/wp-json\/wp\/v2\/product\/5538","targetHints":{"allow":["GET"]}}],"collection":[{"href":"https:\/\/raymarine.ee\/fi\/wp-json\/wp\/v2\/product"}],"about":[{"href":"https:\/\/raymarine.ee\/fi\/wp-json\/wp\/v2\/types\/product"}],"wp:featuredmedia":[{"embeddable":true,"href":"https:\/\/raymarine.ee\/fi\/wp-json\/wp\/v2\/media\/9293"}],"wp:attachment":[{"href":"https:\/\/raymarine.ee\/fi\/wp-json\/wp\/v2\/media?parent=5538"}],"wp:term":[{"taxonomy":"product_brand","embeddable":true,"href":"https:\/\/raymarine.ee\/fi\/wp-json\/wp\/v2\/product_brand?post=5538"},{"taxonomy":"product_cat","embeddable":true,"href":"https:\/\/raymarine.ee\/fi\/wp-json\/wp\/v2\/product_cat?post=5538"},{"taxonomy":"product_tag","embeddable":true,"href":"https:\/\/raymarine.ee\/fi\/wp-json\/wp\/v2\/product_tag?post=5538"}],"curies":[{"name":"wp","href":"https:\/\/api.w.org\/{rel}","templated":true}]}}