{"id":6388,"date":"2025-01-14T18:30:21","date_gmt":"2025-01-14T18:30:21","guid":{"rendered":"https:\/\/raymarine.ee\/?post_type=product&#038;p=6388"},"modified":"2026-04-09T18:41:12","modified_gmt":"2026-04-09T15:41:12","slug":"element-12-hv-12-karttaplotteri-chirp-sonar-hypervision-wi-fi-gps-ei-kartta-ei-anturi","status":"publish","type":"product","link":"https:\/\/raymarine.ee\/fi\/product\/element-12-hv-12-chart-plotter-with-chirp-sonar-hypervision-wi-fi-gps-no-chart-no-transducer\/","title":{"rendered":"Element 12 HV - 12 tuuman karttaplotteri, jossa on CHIRP-kaikuluotain, HyperVision, Wi-Fi ja GPS, ilman karttaa ja ilman anturia."},"content":{"rendered":"<p>Raymarine Element<\/p>\n<p>Tieto on valtaa - ja Raymarine Element\u2122 CHIRP-kaikuluotain\/GPS-sarja antaa sinulle valtaa tehd\u00e4 \u00e4lykk\u00e4\u00e4mpi\u00e4 p\u00e4\u00e4t\u00f6ksi\u00e4 vesill\u00e4. Element on suunniteltu kalastajille, jotka haluavat pysy\u00e4 askeleen edell\u00e4, ja se tarjoaa ter\u00e4vimm\u00e4n n\u00e4kym\u00e4n vedenalaiseen maailmaan HyperVision\u2122 1,2 megahertsin ultrakorkean resoluution kaikuluotaintekniikan avulla. HyperVision-teknologia vie DownVision-, SideVision- ja Raymarine RealVision 3D -kaikuluotainten tarkkuuden ja kalojen havaitsemisen uudelle tasolle, jolloin n\u00e4et rakenteet, kasvillisuuden ja kalat valokuvauksellisen tarkasti. Elementin ominaisuudet eiv\u00e4t lopu t\u00e4h\u00e4n - sis\u00e4inen neliytiminen prosessori mahdollistaa v\u00e4litt\u00f6m\u00e4n kartan uudelleen piirt\u00e4misen, nopean vasteen ja sulavan RealVision 3D -kuvantamisen. Jotta pysyt tavoitteessasi, Elementiss\u00e4 on yksinkertaiset n\u00e4pp\u00e4imist\u00f6ohjaimet ja kalastajayst\u00e4v\u00e4llinen k\u00e4ytt\u00f6liittym\u00e4, joten voit keskitty\u00e4 kalaan - etk\u00e4 ruoriin. Yhdell\u00e4 suurennetulla reittipistepainikkeella p\u00e4\u00e4set suosikkipaikoillesi, ja Elementin henkil\u00f6kohtaisen RealBathy\u2122-syvyyskarttageneraattorin avulla voit luoda nopeasti omia korkearesoluutioisia batymetrisi\u00e4 karttoja.<\/p>\n<h3>T\u00e4rkeimm\u00e4t ominaisuudet<\/h3>\n<ul>\n<li>Korkean n\u00e4kyvyyden auringonkest\u00e4v\u00e4t 7\u201d, 9\u201d ja 12\u201d n\u00e4yt\u00f6t.<\/li>\n<li>HyperVision CHIRP -tekniikka tarjoaa eritt\u00e4in korkean resoluution kaikuluotainkuvauksen.<\/li>\n<li>Sis\u00e4\u00e4nrakennettu RealVision 3D-kaikuluotain mahdollistaa reunojen, kanavien ja muiden \u00e4\u00e4riviivojen muutosten tarkan paikantamisen.<\/li>\n<li>Kompaktissa HV-100 all-in-one-anturissa yhdistyv\u00e4t HyperVision-, DownVision-, SideVision-, RealVision- ja perinteiset CHIRP-kaikuluotainkanavat, joten se on helppo asentaa.<\/li>\n<li>Nopea neliydinprosessori mahdollistaa nopean kartan uudelleen piirt\u00e4misen ja sujuvan 3D-merkint\u00f6jen render\u00f6innin, ja k\u00e4ytt\u00f6liittym\u00e4 on yksinkertainen ja helposti opittava.<\/li>\n<li>1,2 megahertsin HyperVision-kaikuluotain tarjoaa erinomaisen resoluution jopa 100 metrin et\u00e4isyydelle, kun taas 350 kHz:n DownVision- ja SideVision-kaikuluotain tuovat fotoluminesenssikuvia jopa 600 metrin et\u00e4isyydelle.<\/li>\n<\/ul>\n<h3>Lis\u00e4\u00e4 ominaisuuksia<\/h3>\n<ul>\n<li>Vie 3D-kaikuluotain seuraavalle tasolle HyperVision-tilassa, joka tarjoaa ennenn\u00e4kem\u00e4tt\u00f6m\u00e4n tarkkuuden ja sijaintitietoisuuden.<\/li>\n<li>Erilliset n\u00e4pp\u00e4imist\u00f6ohjaimet helpottavat k\u00e4ytt\u00f6\u00e4, ja lis\u00e4ksi suurennettu reittimerkkipainike suosikkipaikkojen tallentamista varten.<\/li>\n<li>Raymarine RealBathy\u2122 henkil\u00f6kohtaisen kaikuluotaimen karttojen luominen ja Navionics SonarCharts Live -tuki.<\/li>\n<li>K\u00e4ytt\u00e4j\u00e4n ohjelmoitavat painikkeet mahdollistavat nopean p\u00e4\u00e4syn useimmin k\u00e4ytettyihin asetuksiin.<\/li>\n<li>Tuki Raymarine LightHouse NC2:lle, Fishing Hot Spotsille, Navionicsille, C-MAP:lle ja muille alueellisille karttavaihtoehdoille.<\/li>\n<li>NMEA2000-verkko VHF:n, moottoreiden, s\u00e4ili\u00f6iden ja suunta-anturin integrointiin.<\/li>\n<\/ul>\n<h3>Coge-resoluutio HyperVisionin kanssa<\/h3>\n<p><strong>Element Sonar Technology<\/strong> Erinomainen resoluutio yhdistettyn\u00e4 tarkkoihin paikannustietoihin tarjoaa ennenn\u00e4kem\u00e4tt\u00f6m\u00e4n tason kaikuluotainten toiminnallisuutta:<\/p>\n<ul>\n<li>1,2 MHz HyperVision\u2122 tarjoaa eritt\u00e4in korkean resoluution kuvantamisen - kantama: jopa 125 jalkaa DownVision- ja SideVision-tiloissa.<\/li>\n<li>350 kHz:n perinteinen kuvantaminen erinomaisella resoluutiolla ja poikkeuksellisella kantamalla - kantama: jopa 600 jalkaa syvyydess\u00e4 ja 300 jalkaa sivukuvassa.<\/li>\n<li>200 kHz:n perinteinen kaikuluotain kalojen havaitsemiseen ja pohjan seuraamiseen nopeudella - kantama: jopa 900 jalan syvyyteen asti.<\/li>\n<li>HyperVision\u2122-kerros RealVision 3D:n p\u00e4\u00e4ll\u00e4, joka tarjoaa ennenn\u00e4kem\u00e4tt\u00f6m\u00e4n resoluution ja sijaintitietoisuuden.<\/li>\n<li>Toisin kuin Axiomissa, Elementiss\u00e4 ei ole AHRS-vakautusanturia, joten RealVision 3D toimii vain vieritystilassa.<\/li>\n<\/ul>\n<p><strong>HyperVision alas<\/strong> Perimm\u00e4inen ter\u00e4v\u00e4piirto HyperVision Down<\/p>\n<p><strong>HyperVision puoli<\/strong> Perimm\u00e4inen ter\u00e4v\u00e4piirto HyperVision Side<\/p>\n<p><strong>HyperVision Down, Side ja 3D<\/strong> Ter\u00e4v\u00e4piirtoisen HyperVision 3D:n huippuluokkaa<\/p>\n<p><strong>HyperVision CHIRP-anturi<\/strong><\/p>\n<ul>\n<li>HV-100 Transom (200kHz\/350kHz\/1.2MHz)<\/li>\n<li>HV-300TH Muovinen l\u00e4pivienti Single (200kHz\/350kHz\/1.2MHz)<\/li>\n<li>HV-300THP Muovinen l\u00e4pivientipari (200kHz\/350kHz\/1.2MHz)<\/li>\n<\/ul>\n<h3>Tuetut vaihtoehtoiset anturit<\/h3>\n<ul>\n<li>Dragonfly-anturin tuki (sovitinkaapelin kautta)<\/li>\n<li>CPT-S\/CPT-DVS-anturituki (sovitinkaapelin kautta)<\/li>\n<li>MinnKota-anturituki (sovitinkaapelin kautta)<\/li>\n<li>MotorGuide-anturin tuki (sovitinkaapelin kautta)<\/li>\n<\/ul>\n<h3>Uusi OS LightHouse Sport<\/h3>\n<p><strong>LightHouse Sport OS LightHouse Sport OS ominaisuudet<\/strong><\/p>\n<ul>\n<li>Toimintasuuntautunut k\u00e4ytt\u00f6j\u00e4rjestelm\u00e4<\/li>\n<li>Optimoitu n\u00e4pp\u00e4imist\u00f6ohjausta varten<\/li>\n<li>Intuitiivinen ja nopea oppia<\/li>\n<li>Esikonfiguroidut sovellusarkit yleisimpi\u00e4 kalastus- ja veneilyaktiviteetteja varten - heitto, jigaus, uistelu, uistelu, heitto, k\u00e4\u00e4nt\u00e4minen jne. varten.<\/li>\n<li>Omat painikkeet yleisimpi\u00e4 toimintoja varten - Reittimerkkien heitto - Zoomaus\/laajuuden muutokset - K\u00e4ytt\u00e4j\u00e4n ohjelmoitavat sovelluspainikkeet nopeisiin sivunvaihtoihin.<\/li>\n<li>Uusi \u201eviimeisimm\u00e4t\u201c reittimerkit - valikko tarjoaa nopean p\u00e4\u00e4syn useimmin k\u00e4ytettyihin reittimerkkisymboleihin.<\/li>\n<li>Sis\u00e4inen muisti - 10 000 reittipistett\u00e4 (enint\u00e4\u00e4n 200 ryhm\u00e4\u00e4) - 150 reitti\u00e4 (enint\u00e4\u00e4n 250 reittipistett\u00e4 kukin) - 15 reitti\u00e4 (enint\u00e4\u00e4n 10 000 pistett\u00e4 kukin).<\/li>\n<li>Vaalea ja tumma v\u00e4ripaletti<\/li>\n<li>Tuki Raymarine LightHouse NC2 -kartoille, Fishing Hot Spots-, Navionics-, C-MAP- ja muille alueellisille karttavaihtoehdoille.<\/li>\n<\/ul>\n<h3>Omat painikkeet yleisi\u00e4 toimintoja varten<\/h3>\n<ul>\n<li>Tiemerkint\u00f6jen heitt\u00e4minen<\/li>\n<li>Zoomaus\/alueen muutokset<\/li>\n<li>K\u00e4ytt\u00e4j\u00e4n ohjelmoitavat sovelluspainikkeet nopeaa sivunvaihtoa varten<\/li>\n<\/ul>\n<h3>Vaihdettava v\u00e4ripaletti<\/h3>\n<ul>\n<li>Vaalea ja tumma v\u00e4ripaletti<\/li>\n<\/ul>\n<p><strong>RealBathy\u2122 Isiklik Sonar Karttageneraattori<\/strong><\/p>\n<ul>\n<li>Reaaliaikaiset 1 jalan \u00e4\u00e4riviivat<\/li>\n<li>Muuttuva kerroksen l\u00e4pin\u00e4kyvyys<\/li>\n<li>Turvallinen syvyys v\u00e4rillinen<\/li>\n<\/ul>\n<p>RealBathy on k\u00e4ytett\u00e4viss\u00e4 kaikissa Element-tuotteissa, eik\u00e4 se vaadi LNC2-kartoitusta, mutta se vaatii microsd-kortin, jossa on tilaa kortinlukijan asettamista varten.<\/p>\n<h3>Raymarine Quantum tutka<\/h3>\n<p>Raymarine Quantum -tutka-antenni voidaan liitt\u00e4\u00e4 ELEMENT-S:\u00e4\u00e4n integroidun WiFi-liit\u00e4nn\u00e4n kautta. Raymarine QUANTUM on CHIRP-tekniikalla varustettujen meritutka-antennien seuraava sukupolvi. QUANTUM tarjoaa ter\u00e4vimm\u00e4t kuvat sek\u00e4 lyhyill\u00e4 ett\u00e4 pitkill\u00e4 et\u00e4isyyksill\u00e4.<\/p>\n<h3>Tekniset tiedot<\/h3>\n<ul>\n<li>Kirkkaat ja kest\u00e4v\u00e4t | Auringonkest\u00e4v\u00e4t n\u00e4yt\u00f6t, joissa on integroitu GPS\/GNSS-vastaanotin.<\/li>\n<li>\u00c4\u00e4rimm\u00e4inen HyperVision\u2122 | 1,2 megahertsin CHIRP-kaikuluotaintekniikka tarjoaa paljon korkeamman resoluution kuvantamisen verrattuna perinteisiin sivu- ja alavirtaan pyyhk\u00e4iseviin kaikuluotainantureihin.<\/li>\n<li>Sis\u00e4\u00e4nrakennettu RealVision\u2122 3D | M\u00e4\u00e4ritt\u00e4\u00e4 tarkasti reunojen, kanavien ja muiden \u00e4\u00e4riviivojen sijainnin.<\/li>\n<li>Nopea neliydinprosessori | V\u00e4lit\u00f6n kartan uudelleenveto ja ter\u00e4v\u00e4 3D-kuva.<\/li>\n<li>All-in-one-anturi | Yhdist\u00e4\u00e4 HyperVision-, DownVision-, SideVision-, RealVision- ja perinteiset CHIRP-kaikuluotainkanavat yhteen yksinkertaiseen asennukseen.<\/li>\n<\/ul>\n<p><strong>N\u00e4yt\u00f6n koko:<\/strong> 12,0\u2033 optisesti yhdistetty LCD-n\u00e4ytt\u00f6<br \/>\n<strong>N\u00e4yt\u00f6n resoluutio:<\/strong> 1280 x 800 WXGA<br \/>\n<strong>N\u00e4ytt\u00f6tyyppi:<\/strong> Ei alij\u00e4\u00e4m\u00e4inen n\u00e4ytt\u00f6<br \/>\n<strong>Kirkkaus:<\/strong> 1,500 nits<br \/>\n<strong>N\u00e4kym\u00e4n kulma:<\/strong> Yl\u00f6s 89\u00b0 \/ Alas 89\u00b0 \/ Vasemmalle 89\u00b0 \/ Oikealle 89\u00b0<br \/>\n<strong>Mitat:<\/strong> 357 x 215 x 62 mm (14,1 x 8,5 x 2,4 tuumaa) | L x K x S x L x S x L<br \/>\n<strong>Tuotteen paino (kiloa):<\/strong> 6,5<br \/>\n<strong>Vedenkest\u00e4vyysluokitus:<\/strong> IPx6 ja IPx7<br \/>\n<strong>K\u00e4sittelyl\u00e4mp\u00f6tila-alue:<\/strong> -25\u00b0C - +55\u00b0C (-13\u00b0F - 131\u00b0F).<br \/>\n<strong>Varastointil\u00e4mp\u00f6tila-alue:<\/strong> -30\u00b0C - +70\u00b0C (-22\u00b0F - 158\u00b0F).<br \/>\n<strong>Pinge:<\/strong> 12V DC (8V - 16V DC)<br \/>\n<strong>Virrankulutus (max 12V DC):<\/strong> 25 wattia<br \/>\n<strong>GNSS \/ GPS:<\/strong> Sis\u00e4\u00e4nrakennettu GNSS-vastaanotin: GPS\/GLONASS- 10Hz.<br \/>\n<strong>Sonarityyppi (sis\u00e4\u00e4nrakennettu):<\/strong> Sis\u00e4\u00e4nrakennettu CHIRP-kaikuluotain | DownVision (vakio ja Hyper) | SideVision (vakio ja Hyper) | RealVision\u2122 3D (vakio ja Hyper) | RealVision\u2122 3D (vakio ja Hyper)<br \/>\n<strong>Sonar-yhteys:<\/strong> 15-nastainen HyperVision\u2122-tyyppinen liit\u00e4nt\u00e4<br \/>\n<strong>Sonarin syvyys:<\/strong> CHIRP Sonar = 274m (900 ft) | DownVision\u2122 Normal = 183m (600 ft) | DownVision\u2122 Hyper = 30m (100 ft) | SideVision\u2122 Normal = 91m (300 ft) | SideVision\u2122 Hyper = 30m (100 ft) | RealVision\u2122 3D Normal = 91m (300 ft) | RealVision\u2122 3D Hyper = 30m (100 ft) | RealVision\u2122 3D Hyper = 30m (100 ft)<\/p>","protected":false},"excerpt":{"rendered":"<p><span style=\"color: #ff9900;\"><strong>Element-sarjan valmistus lopetetaan, eik\u00e4 uusia voi tilata.<\/strong> <\/span><\/p>\n<p>Viel\u00e4 on saatavilla joitakin erikoishintaisia malleja. 12\u2033 all in one ELEMENT HV karttaplotteri-kalibraattori ilman per\u00e4anturia. Element-sarjassa on koskettamaton n\u00e4ytt\u00f6, joka n\u00e4kyy hyvin auringonvalossa. Jotta p\u00e4\u00e4set nopeasti k\u00e4siksi suosikkitoimintoihin, laitteen etupaneelissa on muiden lis\u00e4ksi kolme pikavalintapainiketta, jotka voidaan asettaa mieleiseksesi. Laitteessa on my\u00f6s viro- ja ven\u00e4j\u00e4nkieliset valikot, integroitu 10 Hz:n GLONASS GPS, Bluetooth, WiFi ja HyperVision 3D-kaikuluotain (200 kHz\/350 kHz\/1,2 MHz). Element-sarjassa on my\u00f6s NMEA200-liit\u00e4nt\u00e4. Quantum-tutka voidaan lis\u00e4t\u00e4 WiFi-liit\u00e4nn\u00e4n kautta. Ohjelmisto on muunnos Axiom-sarjasta tutusta LightHouse 3:sta, nimelt\u00e4\u00e4n Raymarine LightHouse 3 Sport. Element-sarjassa voidaan k\u00e4ytt\u00e4\u00e4 Raymarine LightHouse NC2-, Navionics-, C-MAP Essentials- ja C-MAP 4D MAX+ -elektronisia merikarttoja. Saatavana on my\u00f6s valinnainen j\u00e4\u00e4kalastussarja.<\/p>","protected":false},"featured_media":7643,"template":"","meta":{"_acf_changed":false},"product_brand":[],"product_cat":[77,18,54,103,60],"product_tag":[],"class_list":{"0":"post-6388","1":"product","2":"type-product","3":"status-publish","4":"has-post-thumbnail","6":"product_cat-raymarine-kaardiplotter-kalaleidja","7":"product_cat-axiom-axiom2-kaardiplotter-axiom2-pro","8":"product_cat-kalaleidjad","9":"product_cat-raymarine","10":"product_cat-element","12":"first","13":"outofstock","14":"sale","15":"taxable","16":"shipping-taxable","17":"purchasable","18":"product-type-simple"},"acf":[],"yoast_head":"<!-- This site is optimized with the Yoast SEO Premium plugin v27.5 (Yoast SEO v27.5) - https:\/\/yoast.com\/product\/yoast-seo-premium-wordpress\/ -->\n<title>Element 12 HV \u2013 Targem valik kalastamiseks - NavSystems<\/title>\n<meta name=\"description\" content=\"Avastage Element 12 HV, mis pakub t\u00e4helepanuv\u00e4\u00e4rset selgust kalastamiseks. Kasutage tehnoloogiat, et teha vee peal targemaid otsuseid!\" \/>\n<meta name=\"robots\" content=\"index, follow, max-snippet:-1, max-image-preview:large, max-video-preview:-1\" \/>\n<link rel=\"canonical\" href=\"https:\/\/raymarine.ee\/fi\/product\/element-12-hv-12-karttaplotteri-chirp-sonar-hypervision-wi-fi-gps-ei-kartta-ei-anturi\/\" \/>\n<meta property=\"og:locale\" content=\"fi_FI\" \/>\n<meta property=\"og:type\" content=\"article\" \/>\n<meta property=\"og:title\" content=\"Element 12 HV - 12&quot; Chart Plotter with CHIRP Sonar, HyperVision, Wi-Fi &amp; GPS, No Chart &amp; No Transducer\" \/>\n<meta property=\"og:description\" content=\"Avastage Element 12 HV, mis pakub t\u00e4helepanuv\u00e4\u00e4rset selgust kalastamiseks. Kasutage tehnoloogiat, et teha vee peal targemaid otsuseid!\" \/>\n<meta property=\"og:url\" content=\"https:\/\/raymarine.ee\/fi\/product\/element-12-hv-12-karttaplotteri-chirp-sonar-hypervision-wi-fi-gps-ei-kartta-ei-anturi\/\" \/>\n<meta property=\"og:site_name\" content=\"NavSystems\" \/>\n<meta property=\"article:publisher\" content=\"https:\/\/www.facebook.com\/NavSystems\" \/>\n<meta property=\"article:modified_time\" content=\"2026-04-09T15:41:12+00:00\" \/>\n<meta property=\"og:image\" content=\"https:\/\/raymarine.ee\/wp-content\/uploads\/2025\/01\/1694e2f9-a110-4ac7-9176-fe41f0eaf2ff.webp\" \/>\n\t<meta property=\"og:image:width\" content=\"1024\" \/>\n\t<meta property=\"og:image:height\" content=\"1024\" \/>\n\t<meta property=\"og:image:type\" content=\"image\/webp\" \/>\n<meta name=\"twitter:card\" content=\"summary_large_image\" \/>\n<meta name=\"twitter:label1\" content=\"Hinta\" \/>\n\t<meta name=\"twitter:data1\" content=\"1 050,00&nbsp;&euro;\" \/>\n\t<meta name=\"twitter:label2\" content=\"Saatavuus\" \/>\n\t<meta name=\"twitter:data2\" content=\"Loppu varastosta\" \/>\n<script type=\"application\/ld+json\" class=\"yoast-schema-graph\">{\"@context\":\"https:\\\/\\\/schema.org\",\"@graph\":[{\"@type\":\"WebPage\",\"@id\":\"https:\\\/\\\/raymarine.ee\\\/product\\\/element-12-hv-12-chart-plotter-with-chirp-sonar-hypervision-wi-fi-gps-no-chart-no-transducer\\\/\",\"url\":\"https:\\\/\\\/raymarine.ee\\\/product\\\/element-12-hv-12-chart-plotter-with-chirp-sonar-hypervision-wi-fi-gps-no-chart-no-transducer\\\/\",\"name\":\"Element 12 HV \u2013 Targem valik kalastamiseks - NavSystems\",\"isPartOf\":{\"@id\":\"https:\\\/\\\/raymarine.ee\\\/#website\"},\"primaryImageOfPage\":{\"@id\":\"https:\\\/\\\/raymarine.ee\\\/product\\\/element-12-hv-12-chart-plotter-with-chirp-sonar-hypervision-wi-fi-gps-no-chart-no-transducer\\\/#primaryimage\"},\"image\":{\"@id\":\"https:\\\/\\\/raymarine.ee\\\/product\\\/element-12-hv-12-chart-plotter-with-chirp-sonar-hypervision-wi-fi-gps-no-chart-no-transducer\\\/#primaryimage\"},\"thumbnailUrl\":\"https:\\\/\\\/raymarine.ee\\\/wp-content\\\/uploads\\\/2025\\\/01\\\/1694e2f9-a110-4ac7-9176-fe41f0eaf2ff.webp\",\"datePublished\":\"2025-01-14T18:30:21+00:00\",\"dateModified\":\"2026-04-09T15:41:12+00:00\",\"description\":\"Avastage Element 12 HV, mis pakub t\u00e4helepanuv\u00e4\u00e4rset selgust kalastamiseks. Kasutage tehnoloogiat, et teha vee peal targemaid otsuseid!\",\"breadcrumb\":{\"@id\":\"https:\\\/\\\/raymarine.ee\\\/product\\\/element-12-hv-12-chart-plotter-with-chirp-sonar-hypervision-wi-fi-gps-no-chart-no-transducer\\\/#breadcrumb\"},\"inLanguage\":\"fi\",\"potentialAction\":[{\"@type\":\"ReadAction\",\"target\":[\"https:\\\/\\\/raymarine.ee\\\/product\\\/element-12-hv-12-chart-plotter-with-chirp-sonar-hypervision-wi-fi-gps-no-chart-no-transducer\\\/\"]}]},{\"@type\":\"ImageObject\",\"inLanguage\":\"fi\",\"@id\":\"https:\\\/\\\/raymarine.ee\\\/product\\\/element-12-hv-12-chart-plotter-with-chirp-sonar-hypervision-wi-fi-gps-no-chart-no-transducer\\\/#primaryimage\",\"url\":\"https:\\\/\\\/raymarine.ee\\\/wp-content\\\/uploads\\\/2025\\\/01\\\/1694e2f9-a110-4ac7-9176-fe41f0eaf2ff.webp\",\"contentUrl\":\"https:\\\/\\\/raymarine.ee\\\/wp-content\\\/uploads\\\/2025\\\/01\\\/1694e2f9-a110-4ac7-9176-fe41f0eaf2ff.webp\",\"width\":1024,\"height\":1024},{\"@type\":\"BreadcrumbList\",\"@id\":\"https:\\\/\\\/raymarine.ee\\\/product\\\/element-12-hv-12-chart-plotter-with-chirp-sonar-hypervision-wi-fi-gps-no-chart-no-transducer\\\/#breadcrumb\",\"itemListElement\":[{\"@type\":\"ListItem\",\"position\":1,\"name\":\"Home\",\"item\":\"https:\\\/\\\/raymarine.ee\\\/\"},{\"@type\":\"ListItem\",\"position\":2,\"name\":\"Tooted\",\"item\":\"https:\\\/\\\/raymarine.ee\\\/shop\\\/\"},{\"@type\":\"ListItem\",\"position\":3,\"name\":\"Element 12 HV &#8211; 12&#8243; Chart Plotter with CHIRP Sonar, HyperVision, Wi-Fi &#038; GPS, No Chart &#038; No Transducer\"}]},{\"@type\":\"WebSite\",\"@id\":\"https:\\\/\\\/raymarine.ee\\\/#website\",\"url\":\"https:\\\/\\\/raymarine.ee\\\/\",\"name\":\"www.raymarine.ee\",\"description\":\"Mereelektroonika, kaardiplotter, autopiloot, pinnipiloot, roolipiloot, radar, AIS, VHF, Smart Wind\",\"publisher\":{\"@id\":\"https:\\\/\\\/raymarine.ee\\\/#organization\"},\"alternateName\":\"Raymarine\",\"potentialAction\":[{\"@type\":\"SearchAction\",\"target\":{\"@type\":\"EntryPoint\",\"urlTemplate\":\"https:\\\/\\\/raymarine.ee\\\/?s={search_term_string}\"},\"query-input\":{\"@type\":\"PropertyValueSpecification\",\"valueRequired\":true,\"valueName\":\"search_term_string\"}}],\"inLanguage\":\"fi\"},{\"@type\":\"Organization\",\"@id\":\"https:\\\/\\\/raymarine.ee\\\/#organization\",\"name\":\"NavSystems O\u00dc\",\"url\":\"https:\\\/\\\/raymarine.ee\\\/\",\"logo\":{\"@type\":\"ImageObject\",\"inLanguage\":\"fi\",\"@id\":\"https:\\\/\\\/raymarine.ee\\\/#\\\/schema\\\/logo\\\/image\\\/\",\"url\":\"https:\\\/\\\/raymarine.ee\\\/wp-content\\\/uploads\\\/2024\\\/10\\\/Screenshot-2024-10-15-151324_bg_removed.webp\",\"contentUrl\":\"https:\\\/\\\/raymarine.ee\\\/wp-content\\\/uploads\\\/2024\\\/10\\\/Screenshot-2024-10-15-151324_bg_removed.webp\",\"width\":420,\"height\":276,\"caption\":\"NavSystems O\u00dc\"},\"image\":{\"@id\":\"https:\\\/\\\/raymarine.ee\\\/#\\\/schema\\\/logo\\\/image\\\/\"},\"sameAs\":[\"https:\\\/\\\/www.facebook.com\\\/NavSystems\"],\"legalName\":\"NavSystems O\u00dc\",\"foundingDate\":\"2011-05-03\",\"numberOfEmployees\":{\"@type\":\"QuantitativeValue\",\"minValue\":\"1\",\"maxValue\":\"10\"}}]}<\/script>\n<meta property=\"product:price:amount\" content=\"1050.00\" \/>\n<meta property=\"product:price:currency\" content=\"EUR\" \/>\n<meta property=\"og:availability\" content=\"out of stock\" \/>\n<meta property=\"product:availability\" content=\"out of stock\" \/>\n<meta property=\"product:retailer_item_id\" content=\"E70536\" \/>\n<meta property=\"product:condition\" content=\"new\" \/>\n<!-- \/ Yoast SEO Premium plugin. -->","yoast_head_json":{"title":"Element 12 HV - Fiksumpi valinta kalastukseen - NavSystems","description":"Tutustu Element 12 HV -malliin, joka tarjoaa huomattavan kirkkaan kalanpyydyksen. K\u00e4yt\u00e4 teknologiaa tehd\u00e4ksesi \u00e4lykk\u00e4\u00e4mpi\u00e4 p\u00e4\u00e4t\u00f6ksi\u00e4 vesill\u00e4!","robots":{"index":"index","follow":"follow","max-snippet":"max-snippet:-1","max-image-preview":"max-image-preview:large","max-video-preview":"max-video-preview:-1"},"canonical":"https:\/\/raymarine.ee\/fi\/product\/element-12-hv-12-karttaplotteri-chirp-sonar-hypervision-wi-fi-gps-ei-kartta-ei-anturi\/","og_locale":"fi_FI","og_type":"article","og_title":"Element 12 HV - 12\" Chart Plotter with CHIRP Sonar, HyperVision, Wi-Fi & GPS, No Chart & No Transducer","og_description":"Avastage Element 12 HV, mis pakub t\u00e4helepanuv\u00e4\u00e4rset selgust kalastamiseks. Kasutage tehnoloogiat, et teha vee peal targemaid otsuseid!","og_url":"https:\/\/raymarine.ee\/fi\/product\/element-12-hv-12-karttaplotteri-chirp-sonar-hypervision-wi-fi-gps-ei-kartta-ei-anturi\/","og_site_name":"NavSystems","article_publisher":"https:\/\/www.facebook.com\/NavSystems","article_modified_time":"2026-04-09T15:41:12+00:00","og_image":[{"width":1024,"height":1024,"url":"https:\/\/raymarine.ee\/wp-content\/uploads\/2025\/01\/1694e2f9-a110-4ac7-9176-fe41f0eaf2ff.webp","type":"image\/webp"}],"twitter_card":"summary_large_image","twitter_misc":{"Hinta":"1 050,00&nbsp;&euro;","Saatavuus":"Loppu varastosta"},"schema":{"@context":"https:\/\/schema.org","@graph":[{"@type":"WebPage","@id":"https:\/\/raymarine.ee\/product\/element-12-hv-12-chart-plotter-with-chirp-sonar-hypervision-wi-fi-gps-no-chart-no-transducer\/","url":"https:\/\/raymarine.ee\/product\/element-12-hv-12-chart-plotter-with-chirp-sonar-hypervision-wi-fi-gps-no-chart-no-transducer\/","name":"Element 12 HV - Fiksumpi valinta kalastukseen - NavSystems","isPartOf":{"@id":"https:\/\/raymarine.ee\/#website"},"primaryImageOfPage":{"@id":"https:\/\/raymarine.ee\/product\/element-12-hv-12-chart-plotter-with-chirp-sonar-hypervision-wi-fi-gps-no-chart-no-transducer\/#primaryimage"},"image":{"@id":"https:\/\/raymarine.ee\/product\/element-12-hv-12-chart-plotter-with-chirp-sonar-hypervision-wi-fi-gps-no-chart-no-transducer\/#primaryimage"},"thumbnailUrl":"https:\/\/raymarine.ee\/wp-content\/uploads\/2025\/01\/1694e2f9-a110-4ac7-9176-fe41f0eaf2ff.webp","datePublished":"2025-01-14T18:30:21+00:00","dateModified":"2026-04-09T15:41:12+00:00","description":"Tutustu Element 12 HV -malliin, joka tarjoaa huomattavan kirkkaan kalanpyydyksen. K\u00e4yt\u00e4 teknologiaa tehd\u00e4ksesi \u00e4lykk\u00e4\u00e4mpi\u00e4 p\u00e4\u00e4t\u00f6ksi\u00e4 vesill\u00e4!","breadcrumb":{"@id":"https:\/\/raymarine.ee\/product\/element-12-hv-12-chart-plotter-with-chirp-sonar-hypervision-wi-fi-gps-no-chart-no-transducer\/#breadcrumb"},"inLanguage":"fi","potentialAction":[{"@type":"ReadAction","target":["https:\/\/raymarine.ee\/product\/element-12-hv-12-chart-plotter-with-chirp-sonar-hypervision-wi-fi-gps-no-chart-no-transducer\/"]}]},{"@type":"ImageObject","inLanguage":"fi","@id":"https:\/\/raymarine.ee\/product\/element-12-hv-12-chart-plotter-with-chirp-sonar-hypervision-wi-fi-gps-no-chart-no-transducer\/#primaryimage","url":"https:\/\/raymarine.ee\/wp-content\/uploads\/2025\/01\/1694e2f9-a110-4ac7-9176-fe41f0eaf2ff.webp","contentUrl":"https:\/\/raymarine.ee\/wp-content\/uploads\/2025\/01\/1694e2f9-a110-4ac7-9176-fe41f0eaf2ff.webp","width":1024,"height":1024},{"@type":"BreadcrumbList","@id":"https:\/\/raymarine.ee\/product\/element-12-hv-12-chart-plotter-with-chirp-sonar-hypervision-wi-fi-gps-no-chart-no-transducer\/#breadcrumb","itemListElement":[{"@type":"ListItem","position":1,"name":"Home","item":"https:\/\/raymarine.ee\/"},{"@type":"ListItem","position":2,"name":"Tooted","item":"https:\/\/raymarine.ee\/shop\/"},{"@type":"ListItem","position":3,"name":"Element 12 HV &#8211; 12&#8243; Chart Plotter with CHIRP Sonar, HyperVision, Wi-Fi &#038; GPS, No Chart &#038; No Transducer"}]},{"@type":"WebSite","@id":"https:\/\/raymarine.ee\/#website","url":"https:\/\/raymarine.ee\/","name":"www.raymarine.ee","description":"Merielektroniikka, karttaplotteri, autopilotti, pintaluotsi, ruorimies, tutka, AIS, VHF, Smart Wind.","publisher":{"@id":"https:\/\/raymarine.ee\/#organization"},"alternateName":"Raymarine","potentialAction":[{"@type":"SearchAction","target":{"@type":"EntryPoint","urlTemplate":"https:\/\/raymarine.ee\/?s={search_term_string}"},"query-input":{"@type":"PropertyValueSpecification","valueRequired":true,"valueName":"search_term_string"}}],"inLanguage":"fi"},{"@type":"Organization","@id":"https:\/\/raymarine.ee\/#organization","name":"NavSystems O\u00dc","url":"https:\/\/raymarine.ee\/","logo":{"@type":"ImageObject","inLanguage":"fi","@id":"https:\/\/raymarine.ee\/#\/schema\/logo\/image\/","url":"https:\/\/raymarine.ee\/wp-content\/uploads\/2024\/10\/Screenshot-2024-10-15-151324_bg_removed.webp","contentUrl":"https:\/\/raymarine.ee\/wp-content\/uploads\/2024\/10\/Screenshot-2024-10-15-151324_bg_removed.webp","width":420,"height":276,"caption":"NavSystems O\u00dc"},"image":{"@id":"https:\/\/raymarine.ee\/#\/schema\/logo\/image\/"},"sameAs":["https:\/\/www.facebook.com\/NavSystems"],"legalName":"NavSystems O\u00dc","foundingDate":"2011-05-03","numberOfEmployees":{"@type":"QuantitativeValue","minValue":"1","maxValue":"10"}}]},"product_price_amount":"1050.00","product_price_currency":"EUR","og_availability":"out of stock","product_availability":"out of stock","product_retailer_item_id":"E70536","product_condition":"new"},"jetpack_sharing_enabled":true,"_links":{"self":[{"href":"https:\/\/raymarine.ee\/fi\/wp-json\/wp\/v2\/product\/6388","targetHints":{"allow":["GET"]}}],"collection":[{"href":"https:\/\/raymarine.ee\/fi\/wp-json\/wp\/v2\/product"}],"about":[{"href":"https:\/\/raymarine.ee\/fi\/wp-json\/wp\/v2\/types\/product"}],"wp:featuredmedia":[{"embeddable":true,"href":"https:\/\/raymarine.ee\/fi\/wp-json\/wp\/v2\/media\/7643"}],"wp:attachment":[{"href":"https:\/\/raymarine.ee\/fi\/wp-json\/wp\/v2\/media?parent=6388"}],"wp:term":[{"taxonomy":"product_brand","embeddable":true,"href":"https:\/\/raymarine.ee\/fi\/wp-json\/wp\/v2\/product_brand?post=6388"},{"taxonomy":"product_cat","embeddable":true,"href":"https:\/\/raymarine.ee\/fi\/wp-json\/wp\/v2\/product_cat?post=6388"},{"taxonomy":"product_tag","embeddable":true,"href":"https:\/\/raymarine.ee\/fi\/wp-json\/wp\/v2\/product_tag?post=6388"}],"curies":[{"name":"wp","href":"https:\/\/api.w.org\/{rel}","templated":true}]}}