{"id":6449,"date":"2025-01-03T21:12:34","date_gmt":"2025-01-03T21:12:34","guid":{"rendered":"https:\/\/raymarine.ee\/?post_type=product&#038;p=6449"},"modified":"2026-04-14T21:50:16","modified_gmt":"2026-04-14T18:50:16","slug":"i70s-jarjestelmapaketti-tuuliviiri-dst800","status":"publish","type":"product","link":"https:\/\/raymarine.ee\/fi\/product\/i70s-system-pack-wind-vane-dst800\/","title":{"rendered":"i70s System Pack Tuuli &amp; DST"},"content":{"rendered":"<p data-start=\"34\" data-end=\"66\"><strong data-start=\"34\" data-end=\"66\">Raymarine i70s tuulens\u00e4\u00e4din<\/strong><\/p>\n<p data-start=\"68\" data-end=\"788\">Raymarine i70s -tuulipakkaus sis\u00e4lt\u00e4\u00e4 kaiken, mit\u00e4 tarvitset tuuli-, nopeus-, syvyys- ja l\u00e4mp\u00f6tila-anturij\u00e4rjestelm\u00e4n asentamiseen. Pakkauksen ytimess\u00e4 on i70s-monitoimilaite, jonka v\u00e4rin\u00e4ytt\u00f6 n\u00e4ytt\u00e4\u00e4 mitatut tiedot selke\u00e4sti ja tarkasti.<br data-start=\"304\" data-end=\"307\" \/>Wind Vane -tuulianturi, jossa on lyhyt varsi, liitet\u00e4\u00e4n mukana toimitettuun 30-metriseen mastokaapeliin. Lis\u00e4ksi mukana toimitetaan analoginen DST800-anturi nopeuden, syvyyden ja l\u00e4mp\u00f6tilan lukemista varten, joka asennetaan pohjan l\u00e4pi, mieluiten k\u00f6lin eteen.<br data-start=\"564\" data-end=\"567\" \/>iTC-5-muunnin muuntaa analogiset signaalit digitaalisiksi, mik\u00e4 mahdollistaa saumattoman liit\u00e4nn\u00e4n SeaTalkNG-verkkoon. Pakkaus sis\u00e4lt\u00e4\u00e4 kaapelit, T-liittimet ja terminaattorit, joten j\u00e4rjestelm\u00e4n asennus on nopeaa ja helppoa.<\/p>\n<p data-start=\"790\" data-end=\"809\"><strong data-start=\"790\" data-end=\"809\">Pakkauksen sis\u00e4lt\u00f6:<\/strong><\/p>\n<ul data-start=\"810\" data-end=\"1227\">\n<li data-start=\"810\" data-end=\"861\">\n<p data-start=\"812\" data-end=\"861\"><strong data-start=\"812\" data-end=\"822\">E22172<\/strong> i70s v\u00e4rillinen monimittari (1 kpl)<\/p>\n<\/li>\n<li data-start=\"862\" data-end=\"906\">\n<p data-start=\"864\" data-end=\"906\"><strong data-start=\"864\" data-end=\"874\">E70010<\/strong> iTC-5 anturimuunnin (1 kpl)<\/p>\n<\/li>\n<li data-start=\"907\" data-end=\"993\">\n<p data-start=\"909\" data-end=\"993\"><strong data-start=\"909\" data-end=\"919\">A22154<\/strong> DST800 nopeus-, syvyys- ja l\u00e4mp\u00f6tila-anturi analogisella ulostulolla (1 kpl)<\/p>\n<\/li>\n<li data-start=\"994\" data-end=\"1041\">\n<p data-start=\"996\" data-end=\"1041\"><strong data-start=\"996\" data-end=\"1006\">A06031<\/strong> STNG-runkop\u00e4\u00e4tteet (2 kpl)<\/p>\n<\/li>\n<li data-start=\"1042\" data-end=\"1087\">\n<p data-start=\"1044\" data-end=\"1087\"><strong data-start=\"1044\" data-end=\"1054\">A06064<\/strong> STNG 5-tie liitin (1 kpl)<\/p>\n<\/li>\n<li data-start=\"1088\" data-end=\"1132\">\n<p data-start=\"1090\" data-end=\"1132\"><strong data-start=\"1090\" data-end=\"1100\">A06035<\/strong> STNG runkokaapeli 3 m (1 kpl)<\/p>\n<\/li>\n<li data-start=\"1133\" data-end=\"1169\">\n<p data-start=\"1135\" data-end=\"1169\"><strong data-start=\"1135\" data-end=\"1145\">A06049<\/strong> STNG-virtakaapeli (1 kpl)<\/p>\n<\/li>\n<li data-start=\"1170\" data-end=\"1227\">\n<p data-start=\"1172\" data-end=\"1227\"><strong data-start=\"1172\" data-end=\"1182\">E22078<\/strong> Tuulilasin tuulianturi lyhyell\u00e4 varrella (1 kpl)<\/p>\n<\/li>\n<\/ul>\n<p data-start=\"1229\" data-end=\"1242\"><strong data-start=\"1229\" data-end=\"1242\">Ominaisuudet:<\/strong><\/p>\n<ul data-start=\"1243\" data-end=\"1488\">\n<li data-start=\"1243\" data-end=\"1276\">\n<p data-start=\"1245\" data-end=\"1276\">Selke\u00e4 ja v\u00e4rik\u00e4s i70s-n\u00e4ytt\u00f6.<\/p>\n<\/li>\n<li data-start=\"1277\" data-end=\"1317\">\n<p data-start=\"1279\" data-end=\"1317\">Tuulen nopeuden ja suunnan tarkka mittaus.<\/p>\n<\/li>\n<li data-start=\"1318\" data-end=\"1377\">\n<p data-start=\"1320\" data-end=\"1377\">Nopeus-, syvyys- ja l\u00e4mp\u00f6tilatiedot yhdest\u00e4 anturista.<\/p>\n<\/li>\n<li data-start=\"1378\" data-end=\"1426\">\n<p data-start=\"1380\" data-end=\"1426\">Helppo integrointi Raymarinen SeaTalkNG-verkkoon.<\/p>\n<\/li>\n<li data-start=\"1427\" data-end=\"1488\">\n<p data-start=\"1429\" data-end=\"1488\">Toimitetaan kaikkien asennuksessa tarvittavien kaapeleiden ja tarvikkeiden kanssa.<\/p>\n<\/li>\n<\/ul>\n<p><strong>Oppaat:<\/strong><\/p>\n<p>Lataa <a href=\"https:\/\/raymarine.ee\/wp-content\/uploads\/2026\/04\/i70s-Installation-Instructions-87420-Rev-2-EN.pdf\" target=\"_blank\" rel=\"noopener\">i70s asennusopas<\/a><\/p>\n<p>Lataa i70 ja <a href=\"https:\/\/raymarine.ee\/wp-content\/uploads\/2026\/04\/i70-i70s-Instrument-Operation-Instructions-81401-Rev-6-EN.pdf\" target=\"_blank\" rel=\"noopener\">i70s k\u00e4ytt\u00f6ohje<\/a><\/p>\n<p>Lataa <a href=\"https:\/\/raymarine.ee\/wp-content\/uploads\/2026\/04\/E22078-E22079-Long-Short-Arm-Wind-Vane-Installation-Instructions-87220-Rev-3-EN.pdf\" target=\"_blank\" rel=\"noopener\">Tuuliviirin asennusopas<\/a><\/p>\n<p>Lataa <a href=\"https:\/\/raymarine.ee\/wp-content\/uploads\/2026\/04\/iTC-5-Installation-instructions-87138-Rev-5-EN.pdf\" target=\"_blank\" rel=\"noopener\">iTC-5:n asennusopas<\/a><\/p>\n<p>Lataa <a href=\"https:\/\/raymarine.ee\/wp-content\/uploads\/2026\/04\/DST800-Manual.pdf\" target=\"_blank\" rel=\"noopener\">DST800-asennusopas<\/a><\/p>\n<p>Lataa <a href=\"https:\/\/raymarine.ee\/wp-content\/uploads\/2026\/04\/SeaTalkng-Reference-manual-81300-1-EN.pdf\" target=\"_blank\" rel=\"noopener\">STNG-verkon asennusopas<\/a><\/p>","protected":false},"excerpt":{"rendered":"<p>Raymarinen i70s-tuulisarja sis\u00e4lt\u00e4\u00e4 i70s-monitoimilaitteen, lyhyen varren Wind Vane -tuulianturin 30 metrin mastokaapelilla, 1 x DST800-analogianturin (nopeus, syvyys, l\u00e4mp\u00f6tila), iTC-5-anturimuunnin, 3 metrin runkokaapelin, T-liittimen, STNG-virtakaapelin ja kaksi terminaattoria. DST800-anturia varten on teht\u00e4v\u00e4 yksi reik\u00e4 pohjan l\u00e4pi, mieluiten kiilan eteen. Pakkaus sis\u00e4lt\u00e4\u00e4 kaiken tarvittavan tuulij\u00e4rjestelm\u00e4n asennuksen aloittamiseen. Muista tarkistaa my\u00f6s t\u00e4m\u00e4n paketin ohjeet, ja jos sinulla on kysytt\u00e4v\u00e4\u00e4, ota yhteytt\u00e4 asiantuntijaamme.<\/p>","protected":false},"featured_media":8190,"template":"","meta":{"_acf_changed":false},"product_brand":[134],"product_cat":[70,32,343,103],"product_tag":[],"class_list":{"0":"post-6449","1":"product","2":"type-product","3":"status-publish","4":"has-post-thumbnail","6":"product_brand-raymarine","7":"product_cat-i70_alpha","8":"product_cat-instruments","9":"product_cat-kampaaniad","10":"product_cat-raymarine","12":"first","13":"instock","14":"sale","15":"taxable","16":"shipping-taxable","17":"purchasable","18":"product-type-simple"},"acf":[],"yoast_head":"<!-- This site is optimized with the Yoast SEO Premium plugin v27.5 (Yoast SEO v27.5) - https:\/\/yoast.com\/product\/yoast-seo-premium-wordpress\/ -->\n<title>i70s Tuules\u00fcsteem: Tuul, kiirus, s\u00fcgavus ja temperatuur i70s - NavSystems<\/title>\n<meta name=\"description\" content=\"Raymarine i70s Tuules\u00fcsteem pakub selget ja t\u00e4pset teavet tuule, s\u00fcgavuse, kiiruse ja temperatuuri kohta. K\u00f5ik n\u00e4idud \u00fche i70s display peal.\" \/>\n<meta name=\"robots\" content=\"index, follow, max-snippet:-1, max-image-preview:large, max-video-preview:-1\" \/>\n<link rel=\"canonical\" href=\"https:\/\/raymarine.ee\/fi\/product\/i70s-jarjestelmapaketti-tuuliviiri-dst800\/\" \/>\n<meta property=\"og:locale\" content=\"fi_FI\" \/>\n<meta property=\"og:type\" content=\"article\" \/>\n<meta property=\"og:title\" content=\"i70s System Pack Wind &amp; DST\" \/>\n<meta property=\"og:description\" content=\"Raymarine i70s Tuules\u00fcsteem pakub selget ja t\u00e4pset teavet tuule, s\u00fcgavuse, kiiruse ja temperatuuri kohta. K\u00f5ik n\u00e4idud \u00fche i70s display peal.\" \/>\n<meta property=\"og:url\" content=\"https:\/\/raymarine.ee\/fi\/product\/i70s-jarjestelmapaketti-tuuliviiri-dst800\/\" \/>\n<meta property=\"og:site_name\" content=\"NavSystems\" \/>\n<meta property=\"article:publisher\" content=\"https:\/\/www.facebook.com\/NavSystems\" \/>\n<meta property=\"article:modified_time\" content=\"2026-04-14T18:50:16+00:00\" \/>\n<meta property=\"og:image\" content=\"https:\/\/raymarine.ee\/wp-content\/uploads\/2025\/01\/i70s-wind-vane-itc5-dst800.webp\" \/>\n\t<meta property=\"og:image:width\" content=\"1200\" \/>\n\t<meta property=\"og:image:height\" content=\"1200\" \/>\n\t<meta property=\"og:image:type\" content=\"image\/webp\" \/>\n<meta name=\"twitter:card\" content=\"summary_large_image\" \/>\n<meta name=\"twitter:label1\" content=\"Hinta\" \/>\n\t<meta name=\"twitter:data1\" content=\"1 400,00&nbsp;&euro;\" \/>\n\t<meta name=\"twitter:label2\" content=\"Saatavuus\" \/>\n\t<meta name=\"twitter:data2\" content=\"Varastossa\" \/>\n<script type=\"application\/ld+json\" class=\"yoast-schema-graph\">{\"@context\":\"https:\\\/\\\/schema.org\",\"@graph\":[{\"@type\":\"WebPage\",\"@id\":\"https:\\\/\\\/raymarine.ee\\\/product\\\/i70s-system-pack-wind-vane-dst800\\\/\",\"url\":\"https:\\\/\\\/raymarine.ee\\\/product\\\/i70s-system-pack-wind-vane-dst800\\\/\",\"name\":\"i70s Tuules\u00fcsteem: Tuul, kiirus, s\u00fcgavus ja temperatuur i70s - NavSystems\",\"isPartOf\":{\"@id\":\"https:\\\/\\\/raymarine.ee\\\/#website\"},\"primaryImageOfPage\":{\"@id\":\"https:\\\/\\\/raymarine.ee\\\/product\\\/i70s-system-pack-wind-vane-dst800\\\/#primaryimage\"},\"image\":{\"@id\":\"https:\\\/\\\/raymarine.ee\\\/product\\\/i70s-system-pack-wind-vane-dst800\\\/#primaryimage\"},\"thumbnailUrl\":\"https:\\\/\\\/raymarine.ee\\\/wp-content\\\/uploads\\\/2025\\\/01\\\/i70s-wind-vane-itc5-dst800.webp\",\"datePublished\":\"2025-01-03T21:12:34+00:00\",\"dateModified\":\"2026-04-14T18:50:16+00:00\",\"description\":\"Raymarine i70s Tuules\u00fcsteem pakub selget ja t\u00e4pset teavet tuule, s\u00fcgavuse, kiiruse ja temperatuuri kohta. K\u00f5ik n\u00e4idud \u00fche i70s display peal.\",\"breadcrumb\":{\"@id\":\"https:\\\/\\\/raymarine.ee\\\/product\\\/i70s-system-pack-wind-vane-dst800\\\/#breadcrumb\"},\"inLanguage\":\"fi\",\"potentialAction\":[{\"@type\":\"ReadAction\",\"target\":[\"https:\\\/\\\/raymarine.ee\\\/product\\\/i70s-system-pack-wind-vane-dst800\\\/\"]}]},{\"@type\":\"ImageObject\",\"inLanguage\":\"fi\",\"@id\":\"https:\\\/\\\/raymarine.ee\\\/product\\\/i70s-system-pack-wind-vane-dst800\\\/#primaryimage\",\"url\":\"https:\\\/\\\/raymarine.ee\\\/wp-content\\\/uploads\\\/2025\\\/01\\\/i70s-wind-vane-itc5-dst800.webp\",\"contentUrl\":\"https:\\\/\\\/raymarine.ee\\\/wp-content\\\/uploads\\\/2025\\\/01\\\/i70s-wind-vane-itc5-dst800.webp\",\"width\":1200,\"height\":1200,\"caption\":\"i70 wind\"},{\"@type\":\"BreadcrumbList\",\"@id\":\"https:\\\/\\\/raymarine.ee\\\/product\\\/i70s-system-pack-wind-vane-dst800\\\/#breadcrumb\",\"itemListElement\":[{\"@type\":\"ListItem\",\"position\":1,\"name\":\"Home\",\"item\":\"https:\\\/\\\/raymarine.ee\\\/\"},{\"@type\":\"ListItem\",\"position\":2,\"name\":\"Tooted\",\"item\":\"https:\\\/\\\/raymarine.ee\\\/shop\\\/\"},{\"@type\":\"ListItem\",\"position\":3,\"name\":\"i70s System Pack Wind &#038; DST\"}]},{\"@type\":\"WebSite\",\"@id\":\"https:\\\/\\\/raymarine.ee\\\/#website\",\"url\":\"https:\\\/\\\/raymarine.ee\\\/\",\"name\":\"www.raymarine.ee\",\"description\":\"Mereelektroonika, kaardiplotter, autopiloot, pinnipiloot, roolipiloot, radar, AIS, VHF, Smart Wind\",\"publisher\":{\"@id\":\"https:\\\/\\\/raymarine.ee\\\/#organization\"},\"alternateName\":\"Raymarine\",\"potentialAction\":[{\"@type\":\"SearchAction\",\"target\":{\"@type\":\"EntryPoint\",\"urlTemplate\":\"https:\\\/\\\/raymarine.ee\\\/?s={search_term_string}\"},\"query-input\":{\"@type\":\"PropertyValueSpecification\",\"valueRequired\":true,\"valueName\":\"search_term_string\"}}],\"inLanguage\":\"fi\"},{\"@type\":\"Organization\",\"@id\":\"https:\\\/\\\/raymarine.ee\\\/#organization\",\"name\":\"NavSystems O\u00dc\",\"url\":\"https:\\\/\\\/raymarine.ee\\\/\",\"logo\":{\"@type\":\"ImageObject\",\"inLanguage\":\"fi\",\"@id\":\"https:\\\/\\\/raymarine.ee\\\/#\\\/schema\\\/logo\\\/image\\\/\",\"url\":\"https:\\\/\\\/raymarine.ee\\\/wp-content\\\/uploads\\\/2024\\\/10\\\/Screenshot-2024-10-15-151324_bg_removed.webp\",\"contentUrl\":\"https:\\\/\\\/raymarine.ee\\\/wp-content\\\/uploads\\\/2024\\\/10\\\/Screenshot-2024-10-15-151324_bg_removed.webp\",\"width\":420,\"height\":276,\"caption\":\"NavSystems O\u00dc\"},\"image\":{\"@id\":\"https:\\\/\\\/raymarine.ee\\\/#\\\/schema\\\/logo\\\/image\\\/\"},\"sameAs\":[\"https:\\\/\\\/www.facebook.com\\\/NavSystems\"],\"legalName\":\"NavSystems O\u00dc\",\"foundingDate\":\"2011-05-03\",\"numberOfEmployees\":{\"@type\":\"QuantitativeValue\",\"minValue\":\"1\",\"maxValue\":\"10\"}}]}<\/script>\n<meta property=\"product:price:amount\" content=\"1400.00\" \/>\n<meta property=\"product:price:currency\" content=\"EUR\" \/>\n<meta property=\"og:availability\" content=\"instock\" \/>\n<meta property=\"product:availability\" content=\"instock\" \/>\n<meta property=\"product:retailer_item_id\" content=\"T70216\" \/>\n<meta property=\"product:condition\" content=\"new\" \/>\n<!-- \/ Yoast SEO Premium plugin. -->","yoast_head_json":{"title":"i70s Tuulij\u00e4rjestelm\u00e4: tuuli, nopeus, syvyys ja l\u00e4mp\u00f6tila i70s - NavSystems","description":"Raymarine i70s Wind System antaa selke\u00e4\u00e4 ja tarkkaa tietoa tuulesta, syvyydest\u00e4, nopeudesta ja l\u00e4mp\u00f6tilasta. Kaikki lukemat yhdell\u00e4 i70s-n\u00e4yt\u00f6ll\u00e4.","robots":{"index":"index","follow":"follow","max-snippet":"max-snippet:-1","max-image-preview":"max-image-preview:large","max-video-preview":"max-video-preview:-1"},"canonical":"https:\/\/raymarine.ee\/fi\/product\/i70s-jarjestelmapaketti-tuuliviiri-dst800\/","og_locale":"fi_FI","og_type":"article","og_title":"i70s System Pack Wind & DST","og_description":"Raymarine i70s Tuules\u00fcsteem pakub selget ja t\u00e4pset teavet tuule, s\u00fcgavuse, kiiruse ja temperatuuri kohta. K\u00f5ik n\u00e4idud \u00fche i70s display peal.","og_url":"https:\/\/raymarine.ee\/fi\/product\/i70s-jarjestelmapaketti-tuuliviiri-dst800\/","og_site_name":"NavSystems","article_publisher":"https:\/\/www.facebook.com\/NavSystems","article_modified_time":"2026-04-14T18:50:16+00:00","og_image":[{"width":1200,"height":1200,"url":"https:\/\/raymarine.ee\/wp-content\/uploads\/2025\/01\/i70s-wind-vane-itc5-dst800.webp","type":"image\/webp"}],"twitter_card":"summary_large_image","twitter_misc":{"Hinta":"1 400,00&nbsp;&euro;","Saatavuus":"Varastossa"},"schema":{"@context":"https:\/\/schema.org","@graph":[{"@type":"WebPage","@id":"https:\/\/raymarine.ee\/product\/i70s-system-pack-wind-vane-dst800\/","url":"https:\/\/raymarine.ee\/product\/i70s-system-pack-wind-vane-dst800\/","name":"i70s Tuulij\u00e4rjestelm\u00e4: tuuli, nopeus, syvyys ja l\u00e4mp\u00f6tila i70s - NavSystems","isPartOf":{"@id":"https:\/\/raymarine.ee\/#website"},"primaryImageOfPage":{"@id":"https:\/\/raymarine.ee\/product\/i70s-system-pack-wind-vane-dst800\/#primaryimage"},"image":{"@id":"https:\/\/raymarine.ee\/product\/i70s-system-pack-wind-vane-dst800\/#primaryimage"},"thumbnailUrl":"https:\/\/raymarine.ee\/wp-content\/uploads\/2025\/01\/i70s-wind-vane-itc5-dst800.webp","datePublished":"2025-01-03T21:12:34+00:00","dateModified":"2026-04-14T18:50:16+00:00","description":"Raymarine i70s Wind System antaa selke\u00e4\u00e4 ja tarkkaa tietoa tuulesta, syvyydest\u00e4, nopeudesta ja l\u00e4mp\u00f6tilasta. Kaikki lukemat yhdell\u00e4 i70s-n\u00e4yt\u00f6ll\u00e4.","breadcrumb":{"@id":"https:\/\/raymarine.ee\/product\/i70s-system-pack-wind-vane-dst800\/#breadcrumb"},"inLanguage":"fi","potentialAction":[{"@type":"ReadAction","target":["https:\/\/raymarine.ee\/product\/i70s-system-pack-wind-vane-dst800\/"]}]},{"@type":"ImageObject","inLanguage":"fi","@id":"https:\/\/raymarine.ee\/product\/i70s-system-pack-wind-vane-dst800\/#primaryimage","url":"https:\/\/raymarine.ee\/wp-content\/uploads\/2025\/01\/i70s-wind-vane-itc5-dst800.webp","contentUrl":"https:\/\/raymarine.ee\/wp-content\/uploads\/2025\/01\/i70s-wind-vane-itc5-dst800.webp","width":1200,"height":1200,"caption":"i70 wind"},{"@type":"BreadcrumbList","@id":"https:\/\/raymarine.ee\/product\/i70s-system-pack-wind-vane-dst800\/#breadcrumb","itemListElement":[{"@type":"ListItem","position":1,"name":"Home","item":"https:\/\/raymarine.ee\/"},{"@type":"ListItem","position":2,"name":"Tooted","item":"https:\/\/raymarine.ee\/shop\/"},{"@type":"ListItem","position":3,"name":"i70s System Pack Wind &#038; DST"}]},{"@type":"WebSite","@id":"https:\/\/raymarine.ee\/#website","url":"https:\/\/raymarine.ee\/","name":"www.raymarine.ee","description":"Merielektroniikka, karttaplotteri, autopilotti, pintaluotsi, ruorimies, tutka, AIS, VHF, Smart Wind.","publisher":{"@id":"https:\/\/raymarine.ee\/#organization"},"alternateName":"Raymarine","potentialAction":[{"@type":"SearchAction","target":{"@type":"EntryPoint","urlTemplate":"https:\/\/raymarine.ee\/?s={search_term_string}"},"query-input":{"@type":"PropertyValueSpecification","valueRequired":true,"valueName":"search_term_string"}}],"inLanguage":"fi"},{"@type":"Organization","@id":"https:\/\/raymarine.ee\/#organization","name":"NavSystems O\u00dc","url":"https:\/\/raymarine.ee\/","logo":{"@type":"ImageObject","inLanguage":"fi","@id":"https:\/\/raymarine.ee\/#\/schema\/logo\/image\/","url":"https:\/\/raymarine.ee\/wp-content\/uploads\/2024\/10\/Screenshot-2024-10-15-151324_bg_removed.webp","contentUrl":"https:\/\/raymarine.ee\/wp-content\/uploads\/2024\/10\/Screenshot-2024-10-15-151324_bg_removed.webp","width":420,"height":276,"caption":"NavSystems O\u00dc"},"image":{"@id":"https:\/\/raymarine.ee\/#\/schema\/logo\/image\/"},"sameAs":["https:\/\/www.facebook.com\/NavSystems"],"legalName":"NavSystems O\u00dc","foundingDate":"2011-05-03","numberOfEmployees":{"@type":"QuantitativeValue","minValue":"1","maxValue":"10"}}]},"product_price_amount":"1400.00","product_price_currency":"EUR","og_availability":"instock","product_availability":"instock","product_retailer_item_id":"T70216","product_condition":"new"},"jetpack_sharing_enabled":true,"_links":{"self":[{"href":"https:\/\/raymarine.ee\/fi\/wp-json\/wp\/v2\/product\/6449","targetHints":{"allow":["GET"]}}],"collection":[{"href":"https:\/\/raymarine.ee\/fi\/wp-json\/wp\/v2\/product"}],"about":[{"href":"https:\/\/raymarine.ee\/fi\/wp-json\/wp\/v2\/types\/product"}],"wp:featuredmedia":[{"embeddable":true,"href":"https:\/\/raymarine.ee\/fi\/wp-json\/wp\/v2\/media\/8190"}],"wp:attachment":[{"href":"https:\/\/raymarine.ee\/fi\/wp-json\/wp\/v2\/media?parent=6449"}],"wp:term":[{"taxonomy":"product_brand","embeddable":true,"href":"https:\/\/raymarine.ee\/fi\/wp-json\/wp\/v2\/product_brand?post=6449"},{"taxonomy":"product_cat","embeddable":true,"href":"https:\/\/raymarine.ee\/fi\/wp-json\/wp\/v2\/product_cat?post=6449"},{"taxonomy":"product_tag","embeddable":true,"href":"https:\/\/raymarine.ee\/fi\/wp-json\/wp\/v2\/product_tag?post=6449"}],"curies":[{"name":"wp","href":"https:\/\/api.w.org\/{rel}","templated":true}]}}