{"id":8314,"date":"2025-04-13T15:50:53","date_gmt":"2025-04-13T13:50:53","guid":{"rendered":"https:\/\/raymarine.ee\/?post_type=product&#038;p=8314"},"modified":"2026-04-26T08:49:49","modified_gmt":"2026-04-26T05:49:49","slug":"raymarine-lighthouse-merekaart-neu-north-europe-kopeeri","status":"publish","type":"product","link":"https:\/\/raymarine.ee\/fi\/product\/raymarine-lighthouse-merekaart-neu-north-europe-kopeeri\/","title":{"rendered":"Raymarine LightHouse -merikartta WEU (L\u00e4nsi-Eurooppa)"},"content":{"rendered":"<div class=\"x11i5rnm xat24cr x1mh8g0r x1vvkbs xtlvy1s x126k92a\">\n<div dir=\"auto\">Raymarine LightHouse merekaart, West Europe. Need kaardid p\u00f5hinevad ametlikest h\u00fcdrograafiaalastest allikatest p\u00e4rinevatel andmetel, mis on konverteeritud Raymarine oma formaati. Uue kaarditarkvara eelised on erakordne selgus, suurem funktsionaalsus ja t\u00e4iustatud kujutised. Raymarine Lighthouse merekaardid sobivad Lighthouse 3, 4 ja 5 operatsioonis\u00fcsteemi kasutavatele seadmetele, Axiom, Axiom+, Axiom Pro, Axiom2 Pro, Axiom XL, Axiom2 XL ja Element seeria. Kontrollige kas teie seadmed on Up to Date. LightHouse merekaardi kuvamiseks vajalik minimaalne uuendustarkvara .iso failid on m\u00e4lukaardil juba olemas. Kui teie seadmed on uuendatud, siis v\u00f5ite tarkvara sisaldavad failid m\u00e4lukaardilt \u00e4ra kustutada.<\/div>\n<\/div>\n<div class=\"x11i5rnm xat24cr x1mh8g0r x1vvkbs xtlvy1s x126k92a\">\n<div dir=\"auto\">Katso lis\u00e4tietoja Raymarinesta <a href=\"https:\/\/www.raymarine.com\/en-gb\/our-products\/nautical-charts\/lighthouse-charts\" target=\"_blank\" rel=\"noopener\">LightHouse merikartoissa.<\/a> Raymarinen laiteohjelmisto on vapaasti ladattavissa. Ennen kuin p\u00e4ivit\u00e4t karttaplotterisi tai muun navigointilaitteesi, lue ohjeet, miten se tehd\u00e4\u00e4n. <a href=\"https:\/\/www.raymarine.com\/en-gb\/support\/software-updates-and-documents\" target=\"_blank\" rel=\"noopener\">Ohjelmiston p\u00e4ivitt\u00e4minen<\/a> on omalla vastuullasi.<\/div>\n<\/div>\n<div class=\"x11i5rnm xat24cr x1mh8g0r x1vvkbs xtlvy1s x126k92a\"><\/div>\n<div class=\"x11i5rnm xat24cr x1mh8g0r x1vvkbs xtlvy1s x126k92a\">\n<div dir=\"auto\">Raymarine LightHouse -karttojen k\u00e4ytt\u00e4j\u00e4t voivat valita nelj\u00e4n eri n\u00e4ytt\u00f6tilan v\u00e4lill\u00e4: p\u00e4iv\u00e4, h\u00e4m\u00e4r\u00e4, y\u00f6 ja kirkas aurinko. Kaikki n\u00e4m\u00e4 tilat on suunniteltu lis\u00e4\u00e4m\u00e4\u00e4n yleist\u00e4 selkeytt\u00e4 ja v\u00e4hent\u00e4m\u00e4\u00e4n silmien rasitusta eri valaistusolosuhteissa. Muuttamatta merikartan kokonaiskokoa LightHouse-merikarttojen kokoa voidaan muuttaa merimerkkien, valojen ja muiden navigointikarttojen mukaan. Voit my\u00f6s s\u00e4\u00e4t\u00e4\u00e4 merikartoissa n\u00e4ytett\u00e4vien yksityiskohtien tasoa rajoittamalla n\u00e4yt\u00f6n vain t\u00e4rkeimpiin navigoinnin apuv\u00e4lineisiin (matala) tai lis\u00e4\u00e4m\u00e4ll\u00e4 siihen vaihtelevasti muita kohteita (korkea).<\/div>\n<\/div>\n<div class=\"x11i5rnm xat24cr x1mh8g0r x1vvkbs xtlvy1s x126k92a\">\n<div dir=\"auto\">Kiinnostavia kohteita koskevat l\u00e4hdetiedot on otettu tunnustetuista meritietol\u00e4hteist\u00e4, Reeds Almanacista ja Marinas comista. N\u00e4iden tietojen k\u00e4yt\u00f6n maksimoimiseksi Raymarine on lis\u00e4nnyt \u201cFind Nearest ...\u201d -toiminnon, jossa on esiasetettuja vaihtoehtoja, jotka viev\u00e4t sinut suoraan l\u00e4himp\u00e4\u00e4n venesatamaan, polttoaineasemalle, ankkuripaikalle, korjaamolle tai uimarannalle. Er\u00e4s eritt\u00e4in hy\u00f6dyllinen ominaisuus, jota on tarkoitus parantaa tulevaisuudessa, on todellinen vuoroveden korkeus ja virtaukset, ja Raymarine ty\u00f6skentelee parhaillaan t\u00e4m\u00e4n parissa. LightHouse-karttojen mukana toimitetaan Mapboxin satelliittikuvia, ja niihin voidaan lis\u00e4t\u00e4 tai poistaa kerroksia, jotta ne kattavat vain maata tai sek\u00e4 maata ett\u00e4 merta. Sen lis\u00e4ksi, ett\u00e4 ymp\u00e4r\u00f6iv\u00e4n alueen n\u00e4keminen kirkkaina yksityiskohtina yksitt\u00e4isi\u00e4 katuja, rakennuksia ja puistoja my\u00f6ten on visuaalisesti houkuttelevaa, se on my\u00f6s hyv\u00e4 tapa v\u00e4ltt\u00e4\u00e4 matalikoita ja riuttoja.<\/div>\n<\/div>\n<div class=\"x11i5rnm xat24cr x1mh8g0r x1vvkbs xtlvy1s x126k92a\">\n<div dir=\"auto\">Valittavana on ammatti- ja vapaa-ajan esitystavat; ensimm\u00e4inen on S-52 (Government Chart Style), ammattimerenkulkijoiden suosima karttatila, jossa on eritt\u00e4in puhdas ja kattava merikartta ja jossa ei ole k\u00e4yt\u00e4nn\u00f6ss\u00e4 lainkaan maastotietoja. Toinen on v\u00e4rikk\u00e4\u00e4mpi ja tietorikkaampi versio, jota huviveneen omistajat voivat k\u00e4ytt\u00e4\u00e4 satamien, kauppojen ja muiden kiinnostavien kohteiden l\u00f6yt\u00e4miseen.<\/div>\n<\/div>\n<div class=\"x11i5rnm xat24cr x1mh8g0r x1vvkbs xtlvy1s x126k92a\">\n<div dir=\"auto\">On kaksi lis\u00e4ominaisuutta, joista ensimm\u00e4inen on suunniteltu erityisesti kalastuksen harrastajille. Kyseess\u00e4 on vertaisarvioitu kalastusalueet, jossa n\u00e4ytet\u00e4\u00e4n eri lajien yksityiskohtaiset saaliit parhaista paikoista, lis\u00e4tiedot, yhden metrin askelmainen \u00e4\u00e4riviiva ja RealBathy-kartoitus. N\u00e4in k\u00e4ytt\u00e4j\u00e4t voivat luoda omia kaikuluotaimella tehtyj\u00e4 karttoja aiemmin kartoittamattomista alueista k\u00e4ytt\u00e4m\u00e4ll\u00e4 omaa kajal-ohjelmistoaan.<\/div>\n<\/div>\n<div class=\"x11i5rnm xat24cr x1mh8g0r x1vvkbs xtlvy1s x126k92a\">\n<div dir=\"auto\">Toinen eritt\u00e4in hy\u00f6dyllinen LightHouse Chart -ominaisuus on k\u00e4ytett\u00e4viss\u00e4, kun k\u00e4yt\u00e4t Raymarine Premium -palvelua, jonka avulla voit p\u00e4ivitt\u00e4\u00e4 plotterikarttasi \u00e4lylaitteesi kautta. Premium-paketti tarjoaa my\u00f6s p\u00e4\u00e4syn kehittyneisiin satelliittikuviin ja laajaan ja jatkuvasti p\u00e4ivittyv\u00e4\u00e4n kiinnostavien kohteiden (POI) tietokantaan. Se tarjoaa ajantasaista tietoa venesatamista, huoltoasemista, telakoista, korjaamoista sek\u00e4 l\u00e4heisist\u00e4 ostoskeskuksista ja ravintoloista. My\u00f6s Raymarine-huoltopisteiden sijainnit korostuvat.<\/div>\n<\/div>\n<div class=\"x11i5rnm xat24cr x1mh8g0r x1vvkbs xtlvy1s x126k92a\">\n<div dir=\"auto\">\n<p>Muuta karttasymbolien kokoa kartan suurennoksesta riippumatta. Voit esimerkiksi muuttaa merimerkkien, valojen ja muiden navigointikarttojen kokoa muuttamatta merikartan kokonaiskokoa. Merikartoissa n\u00e4ytett\u00e4vien yksityiskohtien tasoa on my\u00f6s mahdollista s\u00e4\u00e4t\u00e4\u00e4 rajoittamalla se t\u00e4rkeimpiin navigoinnin apuv\u00e4lineisiin (matala) tai lis\u00e4\u00e4m\u00e4ll\u00e4 eriasteisesti pieni\u00e4 kiinnostavia piirteit\u00e4 (korkea).<\/p>\n<\/div>\n<div dir=\"auto\">\n<p><strong>SUUNNITTELUOHJEET:<\/strong> Kiitos kiinnostuksestasi Raymarine LightHouse -karttoja kohtaan. Sinun on ladattava uusi kortti itse ja kopioitava se laatikossa olevaan muistikorttiluetteloon. <strong>majakka_kaaviot<\/strong>. Voit ladata kartan osoitteesta <a href=\"https:\/\/chartmanager.raymarine.com\/\" target=\"_blank\" rel=\"noopener\">Raymarine Chartmanager<\/a> lehele ja looge endale konto.\u00a0Kui olete kaardi pakendi avanud, siis leiate kaardi <strong>VOUTCHER CODE<\/strong>. Valitse Chartmanagerin etusivulta: <strong>Lunasta lottokuponkisi<\/strong>, kirjoita oikea koodi ja paina <strong>L\u00e4het\u00e4<\/strong>. Seuraa n\u00e4yt\u00f6n ohjeita. Merikartta <strong>UUSI<\/strong> on jo valittu, ja voit t\u00e4ydent\u00e4\u00e4 valintojasi kahdessa kategoriassa: <strong>POI<\/strong>, jotka ovat katuja ja n\u00e4ht\u00e4vyyksi\u00e4, ja <strong>Ilmakuvaus<\/strong>, joka on satelliittin\u00e4kym\u00e4. Molemmissa luokissa voit raahata ja pudottaa neli\u00f6it\u00e4 kartalla alueille, jotka haluat ladata. Molemmissa luokissa on nelj\u00e4 ruutua valittavana, joten tee valintasi viisaasti. Kun olet tehnyt kaikki tarvittavat valinnat, sinulle n\u00e4ytet\u00e4\u00e4n tiedoston likim\u00e4\u00e4r\u00e4inen koko ja paina painiketta. <strong>Lataa<\/strong>. Sinua pyydet\u00e4\u00e4n nyt sy\u00f6tt\u00e4m\u00e4\u00e4n <strong>LightHouse-kortin tunnus<\/strong>. Siirry hakuikkunassa uudelle muistikortille ja valitse tiedosto nimelt\u00e4. <strong>majakka_id.txt<\/strong> Ladattu merikartta on liitetty t\u00e4h\u00e4n muistikorttiin, joten s\u00e4ilyt\u00e4 pakkausta turvallisessa paikassa \u00e4l\u00e4k\u00e4 kadota korttia. Lataus ei tapahdu v\u00e4litt\u00f6m\u00e4sti, vaan palvelin valmistelee ladatun LightHouse-merikarttasi tiedoston tekemiesi valintojen mukaisesti. T\u00e4m\u00e4 vie aikaa riippuen tiedostokoon suuruudesta, joka voi vaihdella 1,9 Gt:sta 20 Gt:iin kaikkine lis\u00e4varusteineen. \u00c4l\u00e4 sulje selainta tai tietokonetta latauksen aikana, merikarttatiedosto ladataan automaattisesti tietokoneen Lataukset-hakemistoon ja kopioidaan muistikortilla olevaan hakemistoon. <strong>majakka_kaaviot <\/strong>Tarkista ennen kopiointia<strong>, <\/strong>ett\u00e4 lataus on p\u00e4\u00e4ttynyt ja karttatiedoston nimi on. <strong>majakka_kaavio.rmc<\/strong> <span style=\"color: #ff0000;\">NB!<\/span> \u00c4l\u00e4 muuta tiedoston nime\u00e4 tai tyyppi\u00e4!<\/p>\n<div dir=\"auto\">\n<p>10.02.2025 alkaen puhumme LightHouse-korttien Gen2-sukupolvesta ja Jim on tehnyt kauniin <a href=\"https:\/\/youtu.be\/8JE-nxFuKQo\" target=\"_blank\" rel=\"noopener\">selitt\u00e4v\u00e4 ja informatiivinen video<\/a> siit\u00e4.<\/p>\n<\/div>\n<div dir=\"auto\">Alla on lueteltu LightHouse-korttia koskevia usein kysyttyj\u00e4 kysymyksi\u00e4. <a href=\"https:\/\/www.raymarine.com\/en-gb\/our-products\/nautical-charts\/lighthouse-charts#faq\" target=\"_blank\" rel=\"noopener\">valmistajan verkkosivusto<\/a>.<\/div>\n<\/div>\n<\/div>","protected":false},"excerpt":{"rendered":"<div class=\"x11i5rnm xat24cr x1mh8g0r x1vvkbs xtlvy1s x126k92a\">\n<div dir=\"auto\">\n<p>Raymarine LightHouse merekaart, West Europe. Need kaardid p\u00f5hinevad ametlikest h\u00fcdrograafiaalastest allikatest p\u00e4rinevatel andmetel, mis on konverteeritud Raymarine oma formaati. Uue kaarditarkvara eelised on erakordne selgus, suurem funktsionaalsus ja t\u00e4iustatud kujutised. Raymarine Lighthouse merekaardid sobivad Lighthouse 3, 4 ja 5 operatsioonis\u00fcsteemi kasutavatele seadmetele, Axiom, Axiom+, Axiom Pro, Axiom2 Pro, Axiom XL, Axiom2 XL ja Element seeria. Vaata lisa <a href=\"https:\/\/www.raymarine.com\/en-gb\/our-products\/nautical-charts\/lighthouse-charts\" target=\"_blank\" rel=\"noopener\">Raymarine LightHouse<\/a> merikartoissa.<span class=\"html-span xdj266r x11i5rnm xat24cr x1mh8g0r xexx8yu x4uap5 x18d9i69 xkhd6sd x1hl2dhg x16tdsg8 x1vvkbs\">\u00a0<\/span>Raymarinen laiteohjelmisto on vapaasti ladattavissa. LightHouse-karttaplotterin LightHouse-karttojen n\u00e4ytt\u00e4miseen tarvittava LightHouse-karttaplotterin v\u00e4himm\u00e4isohjelmisto on jo muistikortilla. Raymarine LightHouse -karttojen k\u00e4ytt\u00e4j\u00e4t voivat valita nelj\u00e4n eri n\u00e4ytt\u00f6tilan v\u00e4lill\u00e4: p\u00e4iv\u00e4, h\u00e4m\u00e4r\u00e4, y\u00f6 ja kirkas aurinko. Kaikki n\u00e4m\u00e4 tilat on suunniteltu lis\u00e4\u00e4m\u00e4\u00e4n yleist\u00e4 selkeytt\u00e4 ja v\u00e4hent\u00e4m\u00e4\u00e4n silmien rasitusta eri valaistusolosuhteissa. Muuttamatta merikartan kokonaiskokoa LightHouse-merikarttojen kokoa voidaan muuttaa merenkulkumerkkien, valojen ja muiden navigointikarttojen mukaan. Voit my\u00f6s s\u00e4\u00e4t\u00e4\u00e4 merikartoissa n\u00e4ytett\u00e4vien yksityiskohtien tasoa rajoittamalla n\u00e4yt\u00f6n vain t\u00e4rkeimpiin navigoinnin apuv\u00e4lineisiin (matala) tai lis\u00e4\u00e4m\u00e4ll\u00e4 siihen vaihtelevasti muita kohteita (korkea).<\/p>\n<p>Pikaopas LightHouse-kartan lataamiseen on sivun alareunassa!<\/p>\n<\/div>\n<\/div>","protected":false},"featured_media":8316,"template":"","meta":{"_acf_changed":false},"product_brand":[134],"product_cat":[58,59,18,347,346,57,60],"product_tag":[],"class_list":{"0":"post-8314","1":"product","2":"type-product","3":"status-publish","4":"has-post-thumbnail","6":"product_brand-raymarine","7":"product_cat-axiom_pro","8":"product_cat-axiom_xl","9":"product_cat-axiom-axiom2-kaardiplotter-axiom2-pro","10":"product_cat-lighthouse-charts","11":"product_cat-merekaardid","12":"product_cat-axiomaxiom","13":"product_cat-element","14":"product_shipping_class-turvaymbrikus-kerged-kaubad","16":"first","17":"onbackorder","18":"sale","19":"featured","20":"taxable","21":"shipping-taxable","22":"purchasable","23":"product-type-simple"},"acf":[],"yoast_head":"<!-- This site is optimized with the Yoast SEO Premium plugin v27.5 (Yoast SEO v27.5) - https:\/\/yoast.com\/product\/yoast-seo-premium-wordpress\/ -->\n<title>Lighthouse WEU: Axiom ja Element seeria kaardiplotteri kaardid - NavSystems<\/title>\n<meta name=\"description\" content=\"Avasta Raymarine Lighthouse WEU - West Europe kaardid mis pakuvad erakordset selgust ja funktsionaalsust. Kontrolli oma seadmeid ja uuenda kohe!\" \/>\n<meta name=\"robots\" content=\"index, follow, max-snippet:-1, max-image-preview:large, max-video-preview:-1\" \/>\n<link rel=\"canonical\" href=\"https:\/\/raymarine.ee\/fi\/product\/raymarine-lighthouse-merekaart-neu-north-europe-kopeeri\/\" \/>\n<meta property=\"og:locale\" content=\"fi_FI\" \/>\n<meta property=\"og:type\" content=\"article\" \/>\n<meta property=\"og:title\" content=\"Raymarine LightHouse merekaart WEU (West Europe)\" \/>\n<meta property=\"og:description\" content=\"Avasta Raymarine Lighthouse WEU - West Europe kaardid mis pakuvad erakordset selgust ja funktsionaalsust. Kontrolli oma seadmeid ja uuenda kohe!\" \/>\n<meta property=\"og:url\" content=\"https:\/\/raymarine.ee\/fi\/product\/raymarine-lighthouse-merekaart-neu-north-europe-kopeeri\/\" \/>\n<meta property=\"og:site_name\" content=\"NavSystems\" \/>\n<meta property=\"article:publisher\" content=\"https:\/\/www.facebook.com\/NavSystems\" \/>\n<meta property=\"article:modified_time\" content=\"2026-04-26T05:49:49+00:00\" \/>\n<meta property=\"og:image\" content=\"https:\/\/raymarine.ee\/wp-content\/uploads\/2025\/04\/Lighthouse-chart-weu.webp\" \/>\n\t<meta property=\"og:image:width\" content=\"600\" \/>\n\t<meta property=\"og:image:height\" content=\"600\" \/>\n\t<meta property=\"og:image:type\" content=\"image\/webp\" \/>\n<meta name=\"twitter:card\" content=\"summary_large_image\" \/>\n<meta name=\"twitter:label1\" content=\"Hinta\" \/>\n\t<meta name=\"twitter:data1\" content=\"199,00&nbsp;&euro;\" \/>\n\t<meta name=\"twitter:label2\" content=\"Saatavuus\" \/>\n\t<meta name=\"twitter:data2\" content=\"J\u00e4lkitoimituksessa\" \/>\n<script type=\"application\/ld+json\" class=\"yoast-schema-graph\">{\"@context\":\"https:\\\/\\\/schema.org\",\"@graph\":[{\"@type\":\"WebPage\",\"@id\":\"https:\\\/\\\/raymarine.ee\\\/product\\\/raymarine-lighthouse-merekaart-neu-north-europe-kopeeri\\\/\",\"url\":\"https:\\\/\\\/raymarine.ee\\\/product\\\/raymarine-lighthouse-merekaart-neu-north-europe-kopeeri\\\/\",\"name\":\"Lighthouse WEU: Axiom ja Element seeria kaardiplotteri kaardid - NavSystems\",\"isPartOf\":{\"@id\":\"https:\\\/\\\/raymarine.ee\\\/#website\"},\"primaryImageOfPage\":{\"@id\":\"https:\\\/\\\/raymarine.ee\\\/product\\\/raymarine-lighthouse-merekaart-neu-north-europe-kopeeri\\\/#primaryimage\"},\"image\":{\"@id\":\"https:\\\/\\\/raymarine.ee\\\/product\\\/raymarine-lighthouse-merekaart-neu-north-europe-kopeeri\\\/#primaryimage\"},\"thumbnailUrl\":\"https:\\\/\\\/raymarine.ee\\\/wp-content\\\/uploads\\\/2025\\\/04\\\/Lighthouse-chart-weu.webp\",\"datePublished\":\"2025-04-13T13:50:53+00:00\",\"dateModified\":\"2026-04-26T05:49:49+00:00\",\"description\":\"Avasta Raymarine Lighthouse WEU - West Europe kaardid mis pakuvad erakordset selgust ja funktsionaalsust. Kontrolli oma seadmeid ja uuenda kohe!\",\"breadcrumb\":{\"@id\":\"https:\\\/\\\/raymarine.ee\\\/product\\\/raymarine-lighthouse-merekaart-neu-north-europe-kopeeri\\\/#breadcrumb\"},\"inLanguage\":\"fi\",\"potentialAction\":[{\"@type\":\"ReadAction\",\"target\":[\"https:\\\/\\\/raymarine.ee\\\/product\\\/raymarine-lighthouse-merekaart-neu-north-europe-kopeeri\\\/\"]}]},{\"@type\":\"ImageObject\",\"inLanguage\":\"fi\",\"@id\":\"https:\\\/\\\/raymarine.ee\\\/product\\\/raymarine-lighthouse-merekaart-neu-north-europe-kopeeri\\\/#primaryimage\",\"url\":\"https:\\\/\\\/raymarine.ee\\\/wp-content\\\/uploads\\\/2025\\\/04\\\/Lighthouse-chart-weu.webp\",\"contentUrl\":\"https:\\\/\\\/raymarine.ee\\\/wp-content\\\/uploads\\\/2025\\\/04\\\/Lighthouse-chart-weu.webp\",\"width\":600,\"height\":600},{\"@type\":\"BreadcrumbList\",\"@id\":\"https:\\\/\\\/raymarine.ee\\\/product\\\/raymarine-lighthouse-merekaart-neu-north-europe-kopeeri\\\/#breadcrumb\",\"itemListElement\":[{\"@type\":\"ListItem\",\"position\":1,\"name\":\"Home\",\"item\":\"https:\\\/\\\/raymarine.ee\\\/\"},{\"@type\":\"ListItem\",\"position\":2,\"name\":\"Tooted\",\"item\":\"https:\\\/\\\/raymarine.ee\\\/shop\\\/\"},{\"@type\":\"ListItem\",\"position\":3,\"name\":\"Raymarine LightHouse merekaart WEU (West Europe)\"}]},{\"@type\":\"WebSite\",\"@id\":\"https:\\\/\\\/raymarine.ee\\\/#website\",\"url\":\"https:\\\/\\\/raymarine.ee\\\/\",\"name\":\"www.raymarine.ee\",\"description\":\"Mereelektroonika, kaardiplotter, autopiloot, pinnipiloot, roolipiloot, radar, AIS, VHF, Smart Wind\",\"publisher\":{\"@id\":\"https:\\\/\\\/raymarine.ee\\\/#organization\"},\"alternateName\":\"Raymarine\",\"potentialAction\":[{\"@type\":\"SearchAction\",\"target\":{\"@type\":\"EntryPoint\",\"urlTemplate\":\"https:\\\/\\\/raymarine.ee\\\/?s={search_term_string}\"},\"query-input\":{\"@type\":\"PropertyValueSpecification\",\"valueRequired\":true,\"valueName\":\"search_term_string\"}}],\"inLanguage\":\"fi\"},{\"@type\":\"Organization\",\"@id\":\"https:\\\/\\\/raymarine.ee\\\/#organization\",\"name\":\"NavSystems O\u00dc\",\"url\":\"https:\\\/\\\/raymarine.ee\\\/\",\"logo\":{\"@type\":\"ImageObject\",\"inLanguage\":\"fi\",\"@id\":\"https:\\\/\\\/raymarine.ee\\\/#\\\/schema\\\/logo\\\/image\\\/\",\"url\":\"https:\\\/\\\/raymarine.ee\\\/wp-content\\\/uploads\\\/2024\\\/10\\\/Screenshot-2024-10-15-151324_bg_removed.webp\",\"contentUrl\":\"https:\\\/\\\/raymarine.ee\\\/wp-content\\\/uploads\\\/2024\\\/10\\\/Screenshot-2024-10-15-151324_bg_removed.webp\",\"width\":420,\"height\":276,\"caption\":\"NavSystems O\u00dc\"},\"image\":{\"@id\":\"https:\\\/\\\/raymarine.ee\\\/#\\\/schema\\\/logo\\\/image\\\/\"},\"sameAs\":[\"https:\\\/\\\/www.facebook.com\\\/NavSystems\"],\"legalName\":\"NavSystems O\u00dc\",\"foundingDate\":\"2011-05-03\",\"numberOfEmployees\":{\"@type\":\"QuantitativeValue\",\"minValue\":\"1\",\"maxValue\":\"10\"}}]}<\/script>\n<meta property=\"product:price:amount\" content=\"199.00\" \/>\n<meta property=\"product:price:currency\" content=\"EUR\" \/>\n<meta property=\"og:availability\" content=\"backorder\" \/>\n<meta property=\"product:availability\" content=\"available for order\" \/>\n<meta property=\"product:retailer_item_id\" content=\"R70794-WEU\" \/>\n<meta property=\"product:condition\" content=\"new\" \/>\n<!-- \/ Yoast SEO Premium plugin. -->","yoast_head_json":{"title":"Lighthouse WEU: Axiom ja Element seeria kaardiplotteri kaardid - NavSystems","description":"Avasta Raymarine Lighthouse WEU - West Europe kaardid mis pakuvad erakordset selgust ja funktsionaalsust. Kontrolli oma seadmeid ja uuenda kohe!","robots":{"index":"index","follow":"follow","max-snippet":"max-snippet:-1","max-image-preview":"max-image-preview:large","max-video-preview":"max-video-preview:-1"},"canonical":"https:\/\/raymarine.ee\/fi\/product\/raymarine-lighthouse-merekaart-neu-north-europe-kopeeri\/","og_locale":"fi_FI","og_type":"article","og_title":"Raymarine LightHouse merekaart WEU (West Europe)","og_description":"Avasta Raymarine Lighthouse WEU - West Europe kaardid mis pakuvad erakordset selgust ja funktsionaalsust. Kontrolli oma seadmeid ja uuenda kohe!","og_url":"https:\/\/raymarine.ee\/fi\/product\/raymarine-lighthouse-merekaart-neu-north-europe-kopeeri\/","og_site_name":"NavSystems","article_publisher":"https:\/\/www.facebook.com\/NavSystems","article_modified_time":"2026-04-26T05:49:49+00:00","og_image":[{"width":600,"height":600,"url":"https:\/\/raymarine.ee\/wp-content\/uploads\/2025\/04\/Lighthouse-chart-weu.webp","type":"image\/webp"}],"twitter_card":"summary_large_image","twitter_misc":{"Hinta":"199,00&nbsp;&euro;","Saatavuus":"J\u00e4lkitoimituksessa"},"schema":{"@context":"https:\/\/schema.org","@graph":[{"@type":"WebPage","@id":"https:\/\/raymarine.ee\/product\/raymarine-lighthouse-merekaart-neu-north-europe-kopeeri\/","url":"https:\/\/raymarine.ee\/product\/raymarine-lighthouse-merekaart-neu-north-europe-kopeeri\/","name":"Lighthouse WEU: Axiom ja Element seeria kaardiplotteri kaardid - NavSystems","isPartOf":{"@id":"https:\/\/raymarine.ee\/#website"},"primaryImageOfPage":{"@id":"https:\/\/raymarine.ee\/product\/raymarine-lighthouse-merekaart-neu-north-europe-kopeeri\/#primaryimage"},"image":{"@id":"https:\/\/raymarine.ee\/product\/raymarine-lighthouse-merekaart-neu-north-europe-kopeeri\/#primaryimage"},"thumbnailUrl":"https:\/\/raymarine.ee\/wp-content\/uploads\/2025\/04\/Lighthouse-chart-weu.webp","datePublished":"2025-04-13T13:50:53+00:00","dateModified":"2026-04-26T05:49:49+00:00","description":"Avasta Raymarine Lighthouse WEU - West Europe kaardid mis pakuvad erakordset selgust ja funktsionaalsust. Kontrolli oma seadmeid ja uuenda kohe!","breadcrumb":{"@id":"https:\/\/raymarine.ee\/product\/raymarine-lighthouse-merekaart-neu-north-europe-kopeeri\/#breadcrumb"},"inLanguage":"fi","potentialAction":[{"@type":"ReadAction","target":["https:\/\/raymarine.ee\/product\/raymarine-lighthouse-merekaart-neu-north-europe-kopeeri\/"]}]},{"@type":"ImageObject","inLanguage":"fi","@id":"https:\/\/raymarine.ee\/product\/raymarine-lighthouse-merekaart-neu-north-europe-kopeeri\/#primaryimage","url":"https:\/\/raymarine.ee\/wp-content\/uploads\/2025\/04\/Lighthouse-chart-weu.webp","contentUrl":"https:\/\/raymarine.ee\/wp-content\/uploads\/2025\/04\/Lighthouse-chart-weu.webp","width":600,"height":600},{"@type":"BreadcrumbList","@id":"https:\/\/raymarine.ee\/product\/raymarine-lighthouse-merekaart-neu-north-europe-kopeeri\/#breadcrumb","itemListElement":[{"@type":"ListItem","position":1,"name":"Home","item":"https:\/\/raymarine.ee\/"},{"@type":"ListItem","position":2,"name":"Tooted","item":"https:\/\/raymarine.ee\/shop\/"},{"@type":"ListItem","position":3,"name":"Raymarine LightHouse merekaart WEU (West Europe)"}]},{"@type":"WebSite","@id":"https:\/\/raymarine.ee\/#website","url":"https:\/\/raymarine.ee\/","name":"www.raymarine.ee","description":"Merielektroniikka, karttaplotteri, autopilotti, pintaluotsi, ruorimies, tutka, AIS, VHF, Smart Wind.","publisher":{"@id":"https:\/\/raymarine.ee\/#organization"},"alternateName":"Raymarine","potentialAction":[{"@type":"SearchAction","target":{"@type":"EntryPoint","urlTemplate":"https:\/\/raymarine.ee\/?s={search_term_string}"},"query-input":{"@type":"PropertyValueSpecification","valueRequired":true,"valueName":"search_term_string"}}],"inLanguage":"fi"},{"@type":"Organization","@id":"https:\/\/raymarine.ee\/#organization","name":"NavSystems O\u00dc","url":"https:\/\/raymarine.ee\/","logo":{"@type":"ImageObject","inLanguage":"fi","@id":"https:\/\/raymarine.ee\/#\/schema\/logo\/image\/","url":"https:\/\/raymarine.ee\/wp-content\/uploads\/2024\/10\/Screenshot-2024-10-15-151324_bg_removed.webp","contentUrl":"https:\/\/raymarine.ee\/wp-content\/uploads\/2024\/10\/Screenshot-2024-10-15-151324_bg_removed.webp","width":420,"height":276,"caption":"NavSystems O\u00dc"},"image":{"@id":"https:\/\/raymarine.ee\/#\/schema\/logo\/image\/"},"sameAs":["https:\/\/www.facebook.com\/NavSystems"],"legalName":"NavSystems O\u00dc","foundingDate":"2011-05-03","numberOfEmployees":{"@type":"QuantitativeValue","minValue":"1","maxValue":"10"}}]},"product_price_amount":"199.00","product_price_currency":"EUR","og_availability":"backorder","product_availability":"available for order","product_retailer_item_id":"R70794-WEU","product_condition":"new"},"jetpack_sharing_enabled":true,"_links":{"self":[{"href":"https:\/\/raymarine.ee\/fi\/wp-json\/wp\/v2\/product\/8314","targetHints":{"allow":["GET"]}}],"collection":[{"href":"https:\/\/raymarine.ee\/fi\/wp-json\/wp\/v2\/product"}],"about":[{"href":"https:\/\/raymarine.ee\/fi\/wp-json\/wp\/v2\/types\/product"}],"wp:featuredmedia":[{"embeddable":true,"href":"https:\/\/raymarine.ee\/fi\/wp-json\/wp\/v2\/media\/8316"}],"wp:attachment":[{"href":"https:\/\/raymarine.ee\/fi\/wp-json\/wp\/v2\/media?parent=8314"}],"wp:term":[{"taxonomy":"product_brand","embeddable":true,"href":"https:\/\/raymarine.ee\/fi\/wp-json\/wp\/v2\/product_brand?post=8314"},{"taxonomy":"product_cat","embeddable":true,"href":"https:\/\/raymarine.ee\/fi\/wp-json\/wp\/v2\/product_cat?post=8314"},{"taxonomy":"product_tag","embeddable":true,"href":"https:\/\/raymarine.ee\/fi\/wp-json\/wp\/v2\/product_tag?post=8314"}],"curies":[{"name":"wp","href":"https:\/\/api.w.org\/{rel}","templated":true}]}}