{"id":10922,"date":"2026-05-01T14:14:27","date_gmt":"2026-05-01T11:14:27","guid":{"rendered":"https:\/\/raymarine.ee\/?post_type=product&#038;p=10922"},"modified":"2026-05-01T14:37:37","modified_gmt":"2026-05-01T11:37:37","slug":"%d0%ba%d0%be%d0%bc%d0%bf%d0%bb%d0%b5%d0%ba%d1%82-%d0%ba%d0%be%d1%80%d0%be%d0%b1%d0%ba%d0%b8-%d0%bf%d0%b5%d1%80%d0%b5%d0%b4%d0%b0%d1%87-st4000-mk2-a18088","status":"publish","type":"product","link":"https:\/\/raymarine.ee\/ru\/product\/st4000-mk2-gearbox-kit-a18088\/","title":{"rendered":"\u041a\u043e\u043c\u043f\u043b\u0435\u043a\u0442 \u043a\u043e\u0440\u043e\u0431\u043a\u0438 \u043f\u0435\u0440\u0435\u0434\u0430\u0447 ST4000 MK2 A18088"},"content":{"rendered":"<p data-start=\"115\" data-end=\"448\">\u041a\u043e\u043c\u043f\u043b\u0435\u043a\u0442 \u0440\u0435\u0434\u0443\u043a\u0442\u043e\u0440\u0430 \u043f\u0440\u0438\u0432\u043e\u0434\u0430 \u0440\u0443\u043b\u044f Raymarine 4000 Mk2 (A18088) \u2014 \u043d\u0435\u043e\u0431\u0445\u043e\u0434\u0438\u043c\u0430\u044f \u0437\u0430\u043f\u0430\u0441\u043d\u0430\u044f \u0447\u0430\u0441\u0442\u044c, \u0435\u0441\u043b\u0438 \u0432\u044b \u043f\u043b\u0430\u043d\u0438\u0440\u0443\u0435\u0442\u0435 \u0434\u043b\u0438\u0442\u0435\u043b\u044c\u043d\u043e\u0435 \u043f\u0443\u0442\u0435\u0448\u0435\u0441\u0442\u0432\u0438\u0435.<\/p>\n<p data-start=\"115\" data-end=\"448\"><strong>\u0413\u0438\u0434\u044b<\/strong><\/p>\n<p data-start=\"115\" data-end=\"448\">\u0421\u043a\u0430\u0447\u0430\u0442\u044c <a href=\"https:\/\/raymarine.ee\/wp-content\/uploads\/2026\/05\/4000serv.pdf\" target=\"_blank\" rel=\"noopener\">\u0420\u0443\u043a\u043e\u0432\u043e\u0434\u0441\u0442\u0432\u043e \u043f\u043e \u0442\u0435\u0445\u043d\u0438\u0447\u0435\u0441\u043a\u043e\u043c\u0443 \u043e\u0431\u0441\u043b\u0443\u0436\u0438\u0432\u0430\u043d\u0438\u044e ST4000 MKII<\/a><\/p>","protected":false},"excerpt":{"rendered":"<p>\u0414\u0432\u0438\u0433\u0430\u0442\u0435\u043b\u044c Raymarine 4000 Mk2 Wheel Drive (A18088) \u2014 \u043d\u0435\u0437\u0430\u043c\u0435\u043d\u0438\u043c\u0430\u044f \u0437\u0430\u043f\u0430\u0441\u043d\u0430\u044f \u0447\u0430\u0441\u0442\u044c, \u0435\u0441\u043b\u0438 \u0432\u044b \u043f\u043b\u0430\u043d\u0438\u0440\u0443\u0435\u0442\u0435 \u0434\u043b\u0438\u0442\u0435\u043b\u044c\u043d\u043e\u0435 \u043f\u0443\u0442\u0435\u0448\u0435\u0441\u0442\u0432\u0438\u0435.<\/p>","protected":false},"featured_media":10925,"template":"","meta":{"_acf_changed":false},"product_brand":[],"product_cat":[52,103,65],"product_tag":[],"class_list":{"0":"post-10922","1":"product","2":"type-product","3":"status-publish","4":"has-post-thumbnail","6":"product_cat-autopiloot-autopiloodid","7":"product_cat-raymarine","8":"product_cat-roolipiloodid","10":"first","11":"instock","12":"sale","13":"taxable","14":"shipping-taxable","15":"purchasable","16":"product-type-simple"},"acf":[],"yoast_head":"<!-- This site is optimized with the Yoast SEO Premium plugin v27.5 (Yoast SEO v27.5) - https:\/\/yoast.com\/product\/yoast-seo-premium-wordpress\/ -->\n<title>ST4000 MK2 Gearbox Kit A18088 - NavSystems Mereelektroonika<\/title>\n<meta name=\"description\" content=\"Tellige ST4000 MK2 Gearbox Kit A18088 - vajalik varuosa, et tagada usaldusv\u00e4\u00e4rne t\u00f6\u00f6 pikkadel reisidel. Osta see kohe ja naudi muretut purjetamist!\" \/>\n<meta name=\"robots\" content=\"index, follow, max-snippet:-1, max-image-preview:large, max-video-preview:-1\" \/>\n<link rel=\"canonical\" href=\"https:\/\/raymarine.ee\/ru\/product\/\u043a\u043e\u043c\u043f\u043b\u0435\u043a\u0442-\u043a\u043e\u0440\u043e\u0431\u043a\u0438-\u043f\u0435\u0440\u0435\u0434\u0430\u0447-st4000-mk2-a18088\/\" \/>\n<meta property=\"og:locale\" content=\"ru_RU\" \/>\n<meta property=\"og:type\" content=\"article\" \/>\n<meta property=\"og:title\" content=\"ST4000 MK2 Gearbox Kit A18088\" \/>\n<meta property=\"og:description\" content=\"Tellige ST4000 MK2 Gearbox Kit A18088 - vajalik varuosa, et tagada usaldusv\u00e4\u00e4rne t\u00f6\u00f6 pikkadel reisidel. Osta see kohe ja naudi muretut purjetamist!\" \/>\n<meta property=\"og:url\" content=\"https:\/\/raymarine.ee\/ru\/product\/\u043a\u043e\u043c\u043f\u043b\u0435\u043a\u0442-\u043a\u043e\u0440\u043e\u0431\u043a\u0438-\u043f\u0435\u0440\u0435\u0434\u0430\u0447-st4000-mk2-a18088\/\" \/>\n<meta property=\"og:site_name\" content=\"NavSystems\" \/>\n<meta property=\"article:publisher\" content=\"https:\/\/www.facebook.com\/NavSystems\" \/>\n<meta property=\"article:modified_time\" content=\"2026-05-01T11:37:37+00:00\" \/>\n<meta property=\"og:image\" content=\"https:\/\/raymarine.ee\/wp-content\/uploads\/2026\/05\/gearbox-kit-a18088.jpg\" \/>\n\t<meta property=\"og:image:width\" content=\"600\" \/>\n\t<meta property=\"og:image:height\" content=\"453\" \/>\n\t<meta property=\"og:image:type\" content=\"image\/jpeg\" \/>\n<meta name=\"twitter:card\" content=\"summary_large_image\" \/>\n<meta name=\"twitter:label1\" content=\"\u0426\u0435\u043d\u0430\" \/>\n\t<meta name=\"twitter:data1\" content=\"269,50&nbsp;&euro;\" \/>\n\t<meta name=\"twitter:label2\" content=\"\u0414\u043e\u0441\u0442\u0443\u043f\u043d\u043e\u0441\u0442\u044c\" \/>\n\t<meta name=\"twitter:data2\" content=\"\u0412 \u043d\u0430\u043b\u0438\u0447\u0438\u0438\" \/>\n<script type=\"application\/ld+json\" class=\"yoast-schema-graph\">{\"@context\":\"https:\\\/\\\/schema.org\",\"@graph\":[{\"@type\":\"WebPage\",\"@id\":\"https:\\\/\\\/raymarine.ee\\\/product\\\/st4000-mk2-gearbox-kit-a18088\\\/\",\"url\":\"https:\\\/\\\/raymarine.ee\\\/product\\\/st4000-mk2-gearbox-kit-a18088\\\/\",\"name\":\"ST4000 MK2 Gearbox Kit A18088 - NavSystems Mereelektroonika\",\"isPartOf\":{\"@id\":\"https:\\\/\\\/raymarine.ee\\\/#website\"},\"primaryImageOfPage\":{\"@id\":\"https:\\\/\\\/raymarine.ee\\\/product\\\/st4000-mk2-gearbox-kit-a18088\\\/#primaryimage\"},\"image\":{\"@id\":\"https:\\\/\\\/raymarine.ee\\\/product\\\/st4000-mk2-gearbox-kit-a18088\\\/#primaryimage\"},\"thumbnailUrl\":\"https:\\\/\\\/raymarine.ee\\\/wp-content\\\/uploads\\\/2026\\\/05\\\/gearbox-kit-a18088.jpg\",\"datePublished\":\"2026-05-01T11:14:27+00:00\",\"dateModified\":\"2026-05-01T11:37:37+00:00\",\"description\":\"Tellige ST4000 MK2 Gearbox Kit A18088 - vajalik varuosa, et tagada usaldusv\u00e4\u00e4rne t\u00f6\u00f6 pikkadel reisidel. Osta see kohe ja naudi muretut purjetamist!\",\"breadcrumb\":{\"@id\":\"https:\\\/\\\/raymarine.ee\\\/product\\\/st4000-mk2-gearbox-kit-a18088\\\/#breadcrumb\"},\"inLanguage\":\"ru-RU\",\"potentialAction\":[{\"@type\":\"ReadAction\",\"target\":[\"https:\\\/\\\/raymarine.ee\\\/product\\\/st4000-mk2-gearbox-kit-a18088\\\/\"]}]},{\"@type\":\"ImageObject\",\"inLanguage\":\"ru-RU\",\"@id\":\"https:\\\/\\\/raymarine.ee\\\/product\\\/st4000-mk2-gearbox-kit-a18088\\\/#primaryimage\",\"url\":\"https:\\\/\\\/raymarine.ee\\\/wp-content\\\/uploads\\\/2026\\\/05\\\/gearbox-kit-a18088.jpg\",\"contentUrl\":\"https:\\\/\\\/raymarine.ee\\\/wp-content\\\/uploads\\\/2026\\\/05\\\/gearbox-kit-a18088.jpg\",\"width\":600,\"height\":453,\"caption\":\"gearbox-kit-a18088\"},{\"@type\":\"BreadcrumbList\",\"@id\":\"https:\\\/\\\/raymarine.ee\\\/product\\\/st4000-mk2-gearbox-kit-a18088\\\/#breadcrumb\",\"itemListElement\":[{\"@type\":\"ListItem\",\"position\":1,\"name\":\"Home\",\"item\":\"https:\\\/\\\/raymarine.ee\\\/\"},{\"@type\":\"ListItem\",\"position\":2,\"name\":\"Tooted\",\"item\":\"https:\\\/\\\/raymarine.ee\\\/shop\\\/\"},{\"@type\":\"ListItem\",\"position\":3,\"name\":\"ST4000 MK2 Gearbox Kit A18088\"}]},{\"@type\":\"WebSite\",\"@id\":\"https:\\\/\\\/raymarine.ee\\\/#website\",\"url\":\"https:\\\/\\\/raymarine.ee\\\/\",\"name\":\"www.raymarine.ee\",\"description\":\"Mereelektroonika, kaardiplotter, autopiloot, pinnipiloot, roolipiloot, radar, AIS, VHF, Smart Wind\",\"publisher\":{\"@id\":\"https:\\\/\\\/raymarine.ee\\\/#organization\"},\"alternateName\":\"Raymarine\",\"potentialAction\":[{\"@type\":\"SearchAction\",\"target\":{\"@type\":\"EntryPoint\",\"urlTemplate\":\"https:\\\/\\\/raymarine.ee\\\/?s={search_term_string}\"},\"query-input\":{\"@type\":\"PropertyValueSpecification\",\"valueRequired\":true,\"valueName\":\"search_term_string\"}}],\"inLanguage\":\"ru-RU\"},{\"@type\":\"Organization\",\"@id\":\"https:\\\/\\\/raymarine.ee\\\/#organization\",\"name\":\"NavSystems O\u00dc\",\"url\":\"https:\\\/\\\/raymarine.ee\\\/\",\"logo\":{\"@type\":\"ImageObject\",\"inLanguage\":\"ru-RU\",\"@id\":\"https:\\\/\\\/raymarine.ee\\\/#\\\/schema\\\/logo\\\/image\\\/\",\"url\":\"https:\\\/\\\/raymarine.ee\\\/wp-content\\\/uploads\\\/2024\\\/10\\\/Screenshot-2024-10-15-151324_bg_removed.webp\",\"contentUrl\":\"https:\\\/\\\/raymarine.ee\\\/wp-content\\\/uploads\\\/2024\\\/10\\\/Screenshot-2024-10-15-151324_bg_removed.webp\",\"width\":420,\"height\":276,\"caption\":\"NavSystems O\u00dc\"},\"image\":{\"@id\":\"https:\\\/\\\/raymarine.ee\\\/#\\\/schema\\\/logo\\\/image\\\/\"},\"sameAs\":[\"https:\\\/\\\/www.facebook.com\\\/NavSystems\"],\"legalName\":\"NavSystems O\u00dc\",\"foundingDate\":\"2011-05-03\",\"numberOfEmployees\":{\"@type\":\"QuantitativeValue\",\"minValue\":\"1\",\"maxValue\":\"10\"}}]}<\/script>\n<meta property=\"product:price:amount\" content=\"269.50\" \/>\n<meta property=\"product:price:currency\" content=\"EUR\" \/>\n<meta property=\"og:availability\" content=\"instock\" \/>\n<meta property=\"product:availability\" content=\"instock\" \/>\n<meta property=\"product:retailer_item_id\" content=\"A18088\" \/>\n<meta property=\"product:condition\" content=\"new\" \/>\n<!-- \/ Yoast SEO Premium plugin. -->","yoast_head_json":{"title":"\u041a\u043e\u043c\u043f\u043b\u0435\u043a\u0442 \u0440\u0435\u0434\u0443\u043a\u0442\u043e\u0440\u0430 ST4000 MK2 A18088 \u2014 NavSystems \u041c\u043e\u0440\u0441\u043a\u0430\u044f \u044d\u043b\u0435\u043a\u0442\u0440\u043e\u043d\u0438\u043a\u0430","description":"\u0417\u0430\u043a\u0430\u0436\u0438\u0442\u0435 \u043a\u043e\u043c\u043f\u043b\u0435\u043a\u0442 \u0440\u0435\u0434\u0443\u043a\u0442\u043e\u0440\u0430 ST4000 MK2 A18088 \u2014 \u043d\u0435\u043e\u0431\u0445\u043e\u0434\u0438\u043c\u0443\u044e \u0437\u0430\u043f\u0447\u0430\u0441\u0442\u044c \u0434\u043b\u044f \u043e\u0431\u0435\u0441\u043f\u0435\u0447\u0435\u043d\u0438\u044f \u043d\u0430\u0434\u0435\u0436\u043d\u043e\u0439 \u0440\u0430\u0431\u043e\u0442\u044b \u0432\u043e \u0432\u0440\u0435\u043c\u044f \u0434\u043b\u0438\u0442\u0435\u043b\u044c\u043d\u044b\u0445 \u043f\u0443\u0442\u0435\u0448\u0435\u0441\u0442\u0432\u0438\u0439. \u041a\u0443\u043f\u0438\u0442\u0435 \u0435\u0433\u043e \u043f\u0440\u044f\u043c\u043e \u0441\u0435\u0439\u0447\u0430\u0441 \u0438 \u043d\u0430\u0441\u043b\u0430\u0436\u0434\u0430\u0439\u0442\u0435\u0441\u044c \u0431\u0435\u0437\u0437\u0430\u0431\u043e\u0442\u043d\u044b\u043c \u043f\u043b\u0430\u0432\u0430\u043d\u0438\u0435\u043c!","robots":{"index":"index","follow":"follow","max-snippet":"max-snippet:-1","max-image-preview":"max-image-preview:large","max-video-preview":"max-video-preview:-1"},"canonical":"https:\/\/raymarine.ee\/ru\/product\/\u043a\u043e\u043c\u043f\u043b\u0435\u043a\u0442-\u043a\u043e\u0440\u043e\u0431\u043a\u0438-\u043f\u0435\u0440\u0435\u0434\u0430\u0447-st4000-mk2-a18088\/","og_locale":"ru_RU","og_type":"article","og_title":"ST4000 MK2 Gearbox Kit A18088","og_description":"Tellige ST4000 MK2 Gearbox Kit A18088 - vajalik varuosa, et tagada usaldusv\u00e4\u00e4rne t\u00f6\u00f6 pikkadel reisidel. Osta see kohe ja naudi muretut purjetamist!","og_url":"https:\/\/raymarine.ee\/ru\/product\/\u043a\u043e\u043c\u043f\u043b\u0435\u043a\u0442-\u043a\u043e\u0440\u043e\u0431\u043a\u0438-\u043f\u0435\u0440\u0435\u0434\u0430\u0447-st4000-mk2-a18088\/","og_site_name":"NavSystems","article_publisher":"https:\/\/www.facebook.com\/NavSystems","article_modified_time":"2026-05-01T11:37:37+00:00","og_image":[{"width":600,"height":453,"url":"https:\/\/raymarine.ee\/wp-content\/uploads\/2026\/05\/gearbox-kit-a18088.jpg","type":"image\/jpeg"}],"twitter_card":"summary_large_image","twitter_misc":{"\u0426\u0435\u043d\u0430":"269,50&nbsp;&euro;","\u0414\u043e\u0441\u0442\u0443\u043f\u043d\u043e\u0441\u0442\u044c":"\u0412 \u043d\u0430\u043b\u0438\u0447\u0438\u0438"},"schema":{"@context":"https:\/\/schema.org","@graph":[{"@type":"WebPage","@id":"https:\/\/raymarine.ee\/product\/st4000-mk2-gearbox-kit-a18088\/","url":"https:\/\/raymarine.ee\/product\/st4000-mk2-gearbox-kit-a18088\/","name":"\u041a\u043e\u043c\u043f\u043b\u0435\u043a\u0442 \u0440\u0435\u0434\u0443\u043a\u0442\u043e\u0440\u0430 ST4000 MK2 A18088 \u2014 NavSystems \u041c\u043e\u0440\u0441\u043a\u0430\u044f \u044d\u043b\u0435\u043a\u0442\u0440\u043e\u043d\u0438\u043a\u0430","isPartOf":{"@id":"https:\/\/raymarine.ee\/#website"},"primaryImageOfPage":{"@id":"https:\/\/raymarine.ee\/product\/st4000-mk2-gearbox-kit-a18088\/#primaryimage"},"image":{"@id":"https:\/\/raymarine.ee\/product\/st4000-mk2-gearbox-kit-a18088\/#primaryimage"},"thumbnailUrl":"https:\/\/raymarine.ee\/wp-content\/uploads\/2026\/05\/gearbox-kit-a18088.jpg","datePublished":"2026-05-01T11:14:27+00:00","dateModified":"2026-05-01T11:37:37+00:00","description":"\u0417\u0430\u043a\u0430\u0436\u0438\u0442\u0435 \u043a\u043e\u043c\u043f\u043b\u0435\u043a\u0442 \u0440\u0435\u0434\u0443\u043a\u0442\u043e\u0440\u0430 ST4000 MK2 A18088 \u2014 \u043d\u0435\u043e\u0431\u0445\u043e\u0434\u0438\u043c\u0443\u044e \u0437\u0430\u043f\u0447\u0430\u0441\u0442\u044c \u0434\u043b\u044f \u043e\u0431\u0435\u0441\u043f\u0435\u0447\u0435\u043d\u0438\u044f \u043d\u0430\u0434\u0435\u0436\u043d\u043e\u0439 \u0440\u0430\u0431\u043e\u0442\u044b \u0432\u043e \u0432\u0440\u0435\u043c\u044f \u0434\u043b\u0438\u0442\u0435\u043b\u044c\u043d\u044b\u0445 \u043f\u0443\u0442\u0435\u0448\u0435\u0441\u0442\u0432\u0438\u0439. \u041a\u0443\u043f\u0438\u0442\u0435 \u0435\u0433\u043e \u043f\u0440\u044f\u043c\u043e \u0441\u0435\u0439\u0447\u0430\u0441 \u0438 \u043d\u0430\u0441\u043b\u0430\u0436\u0434\u0430\u0439\u0442\u0435\u0441\u044c \u0431\u0435\u0437\u0437\u0430\u0431\u043e\u0442\u043d\u044b\u043c \u043f\u043b\u0430\u0432\u0430\u043d\u0438\u0435\u043c!","breadcrumb":{"@id":"https:\/\/raymarine.ee\/product\/st4000-mk2-gearbox-kit-a18088\/#breadcrumb"},"inLanguage":"ru-RU","potentialAction":[{"@type":"ReadAction","target":["https:\/\/raymarine.ee\/product\/st4000-mk2-gearbox-kit-a18088\/"]}]},{"@type":"ImageObject","inLanguage":"ru-RU","@id":"https:\/\/raymarine.ee\/product\/st4000-mk2-gearbox-kit-a18088\/#primaryimage","url":"https:\/\/raymarine.ee\/wp-content\/uploads\/2026\/05\/gearbox-kit-a18088.jpg","contentUrl":"https:\/\/raymarine.ee\/wp-content\/uploads\/2026\/05\/gearbox-kit-a18088.jpg","width":600,"height":453,"caption":"gearbox-kit-a18088"},{"@type":"BreadcrumbList","@id":"https:\/\/raymarine.ee\/product\/st4000-mk2-gearbox-kit-a18088\/#breadcrumb","itemListElement":[{"@type":"ListItem","position":1,"name":"Home","item":"https:\/\/raymarine.ee\/"},{"@type":"ListItem","position":2,"name":"Tooted","item":"https:\/\/raymarine.ee\/shop\/"},{"@type":"ListItem","position":3,"name":"ST4000 MK2 Gearbox Kit A18088"}]},{"@type":"WebSite","@id":"https:\/\/raymarine.ee\/#website","url":"https:\/\/raymarine.ee\/","name":"www.raymarine.ee","description":"\u041c\u043e\u0440\u0441\u043a\u0430\u044f \u044d\u043b\u0435\u043a\u0442\u0440\u043e\u043d\u0438\u043a\u0430, \u043a\u0430\u0440\u0442\u043f\u043b\u043e\u0442\u0442\u0435\u0440, \u0430\u0432\u0442\u043e\u043f\u0438\u043b\u043e\u0442, \u043f\u043e\u0432\u0435\u0440\u0445\u043d\u043e\u0441\u0442\u043d\u044b\u0439 \u043f\u0438\u043b\u043e\u0442, \u0440\u0443\u043b\u0435\u0432\u043e\u0439, \u0440\u0430\u0434\u0430\u0440, AIS, VHF, Smart Wind","publisher":{"@id":"https:\/\/raymarine.ee\/#organization"},"alternateName":"Raymarine","potentialAction":[{"@type":"SearchAction","target":{"@type":"EntryPoint","urlTemplate":"https:\/\/raymarine.ee\/?s={search_term_string}"},"query-input":{"@type":"PropertyValueSpecification","valueRequired":true,"valueName":"search_term_string"}}],"inLanguage":"ru-RU"},{"@type":"Organization","@id":"https:\/\/raymarine.ee\/#organization","name":"NavSystems O\u00dc","url":"https:\/\/raymarine.ee\/","logo":{"@type":"ImageObject","inLanguage":"ru-RU","@id":"https:\/\/raymarine.ee\/#\/schema\/logo\/image\/","url":"https:\/\/raymarine.ee\/wp-content\/uploads\/2024\/10\/Screenshot-2024-10-15-151324_bg_removed.webp","contentUrl":"https:\/\/raymarine.ee\/wp-content\/uploads\/2024\/10\/Screenshot-2024-10-15-151324_bg_removed.webp","width":420,"height":276,"caption":"NavSystems O\u00dc"},"image":{"@id":"https:\/\/raymarine.ee\/#\/schema\/logo\/image\/"},"sameAs":["https:\/\/www.facebook.com\/NavSystems"],"legalName":"NavSystems O\u00dc","foundingDate":"2011-05-03","numberOfEmployees":{"@type":"QuantitativeValue","minValue":"1","maxValue":"10"}}]},"product_price_amount":"269.50","product_price_currency":"EUR","og_availability":"instock","product_availability":"instock","product_retailer_item_id":"A18088","product_condition":"new"},"jetpack_sharing_enabled":true,"_links":{"self":[{"href":"https:\/\/raymarine.ee\/ru\/wp-json\/wp\/v2\/product\/10922","targetHints":{"allow":["GET"]}}],"collection":[{"href":"https:\/\/raymarine.ee\/ru\/wp-json\/wp\/v2\/product"}],"about":[{"href":"https:\/\/raymarine.ee\/ru\/wp-json\/wp\/v2\/types\/product"}],"wp:featuredmedia":[{"embeddable":true,"href":"https:\/\/raymarine.ee\/ru\/wp-json\/wp\/v2\/media\/10925"}],"wp:attachment":[{"href":"https:\/\/raymarine.ee\/ru\/wp-json\/wp\/v2\/media?parent=10922"}],"wp:term":[{"taxonomy":"product_brand","embeddable":true,"href":"https:\/\/raymarine.ee\/ru\/wp-json\/wp\/v2\/product_brand?post=10922"},{"taxonomy":"product_cat","embeddable":true,"href":"https:\/\/raymarine.ee\/ru\/wp-json\/wp\/v2\/product_cat?post=10922"},{"taxonomy":"product_tag","embeddable":true,"href":"https:\/\/raymarine.ee\/ru\/wp-json\/wp\/v2\/product_tag?post=10922"}],"curies":[{"name":"wp","href":"https:\/\/api.w.org\/{rel}","templated":true}]}}