{"id":11126,"date":"2026-05-05T07:26:01","date_gmt":"2026-05-05T04:26:01","guid":{"rendered":"https:\/\/raymarine.ee\/?post_type=product&#038;p=11126"},"modified":"2026-05-10T16:15:29","modified_gmt":"2026-05-10T13:15:29","slug":"3-%d0%ba%d0%be%d0%bd%d1%82%d0%b0%d0%ba%d1%82%d0%bd%d1%8b%d0%b9-%d1%80%d0%b0%d0%b7%d1%8a%d0%b5%d0%bc-raymarine-seatalk1","status":"publish","type":"product","link":"https:\/\/raymarine.ee\/ru\/product\/raymarine-seatalk1-3-way-uhendus\/","title":{"rendered":"3-\u043f\u043e\u0440\u0442\u043e\u0432\u044b\u0439 \u0440\u0430\u0437\u0432\u0435\u0442\u0432\u0438\u0442\u0435\u043b\u044c Raymarine SeaTalk1"},"content":{"rendered":"<div>\n<p>\u0420\u0430\u0441\u043f\u0440\u0435\u0434\u0435\u043b\u0438\u0442\u0435\u043b\u044c\u043d\u0430\u044f \u043a\u043e\u0440\u043e\u0431\u043a\u0430 SeaTalk1 \u0441 \u0442\u0440\u0435\u043c\u044f \u0440\u0430\u0437\u044a\u0435\u043c\u0430\u043c\u0438 \u043f\u0440\u0435\u0434\u0441\u0442\u0430\u0432\u043b\u044f\u0435\u0442 \u0441\u043e\u0431\u043e\u0439 \u0441\u043e\u0435\u0434\u0438\u043d\u0438\u0442\u0435\u043b\u044c\u043d\u044b\u0439 \u0443\u0437\u0435\u043b SeaTalk1 \u0441 \u0442\u0440\u0435\u043c\u044f \u043e\u0434\u0438\u043d\u0430\u043a\u043e\u0432\u044b\u043c\u0438 \u0440\u0430\u0437\u044a\u0435\u043c\u0430\u043c\u0438. \u042d\u0442\u043e \u043e\u0442\u043b\u0438\u0447\u043d\u044b\u0439 \u043f\u043e\u043c\u043e\u0449\u043d\u0438\u043a, \u0435\u0441\u043b\u0438 \u043d\u0435\u043e\u0431\u0445\u043e\u0434\u0438\u043c\u043e \u0440\u0430\u0441\u0448\u0438\u0440\u0438\u0442\u044c \u0441\u0442\u0430\u0440\u0443\u044e \u0441\u0435\u0442\u044c SeaTalk1, \u043f\u043e\u0434\u043a\u043b\u044e\u0447\u0438\u0432 \u043a \u043d\u0435\u0439 \u043f\u0440\u0438\u0431\u043e\u0440 \u0438\u043b\u0438 \u043f\u0440\u0435\u043e\u0431\u0440\u0430\u0437\u043e\u0432\u0430\u0442\u0435\u043b\u044c, \u043d\u043e \u0441\u0432\u043e\u0431\u043e\u0434\u043d\u044b\u0445 \u0440\u0430\u0437\u044a\u0435\u043c\u043e\u0432 \u043d\u0435\u0442. \u0421\u043a\u043e\u0440\u0435\u0435 \u0432\u0441\u0435\u0433\u043e, \u0432 \u0442\u0430\u043a\u043e\u043c \u0441\u043b\u0443\u0447\u0430\u0435 \u0432\u0430\u043c \u043f\u043e\u043d\u0430\u0434\u043e\u0431\u0438\u0442\u0441\u044f \u043a\u0430\u043a \u043c\u0438\u043d\u0438\u043c\u0443\u043c \u043e\u0434\u0438\u043d \u043a\u0430\u0431\u0435\u043b\u044c SeaTalk1 <a href=\"https:\/\/raymarine.ee\/ru\/product\/raymarine-seatalk1-kaabel-1m\/\">D284<\/a>.<\/p>\n<\/div>\n<div>\n<p>\u042d\u0442\u043e\u0442 \u0442\u043e\u0432\u0430\u0440 \u043e\u0442\u043b\u0438\u0447\u043d\u043e \u043f\u043e\u0434\u0445\u043e\u0434\u0438\u0442 <a href=\"https:\/\/raymarine.ee\/ru\/product\/st1000-plus-%d0%bf%d0%b8%d0%bd-%d0%bf%d0%b8%d0%bb%d0%be%d1%82\/\">ST1000+<\/a> \u0438 <a href=\"https:\/\/raymarine.ee\/ru\/product\/st2000-plus-%d0%bf%d0%b8%d0%bd-%d0%bf%d0%b8%d0%bb%d0%be%d1%82\/\">ST2000+<\/a> \u0434\u043b\u044f \u0438\u043d\u0442\u0435\u0433\u0440\u0430\u0446\u0438\u0438 \u043d\u0430\u0437\u0435\u043c\u043d\u043e\u0433\u043e \u043a\u043e\u043d\u0442\u0440\u043e\u043b\u043b\u0435\u0440\u0430 \u043d\u0435\u043f\u043e\u0441\u0440\u0435\u0434\u0441\u0442\u0432\u0435\u043d\u043d\u043e \u0432 \u0441\u0442\u0430\u0440\u0443\u044e \u0441\u0435\u0442\u044c SeaTalk \u0438 \u0447\u0435\u0440\u0435\u0437 <a href=\"https:\/\/raymarine.ee\/ru\/product\/raymarine-seatalk1-seatalkng-converter-kit\/\">\u041a\u043e\u043d\u0432\u0435\u0440\u0442\u0435\u0440 SeaTalk1-STNG<\/a> \u0430 \u0442\u0430\u043a\u0436\u0435 \u0441 \u043d\u043e\u0432\u043e\u0439 \u0441\u0435\u0442\u044c\u044e STNG (NMEA2000).<\/p>\n<p><strong>\u041f\u0443\u0442\u0435\u0432\u043e\u0434\u0438\u0442\u0435\u043b\u0438:<\/strong><\/p>\n<p>\u0421\u043a\u0430\u0447\u0430\u0442\u044c\u00a0<a href=\"https:\/\/raymarine.ee\/wp-content\/uploads\/2026\/04\/SeaTalkng-Reference-manual-81300-1-EN-1.pdf\" target=\"_blank\" rel=\"noopener\" data-wpel-link=\"internal\">\u041e\u0431\u0449\u0435\u0435 \u0440\u0443\u043a\u043e\u0432\u043e\u0434\u0441\u0442\u0432\u043e \u043f\u043e \u0441\u0435\u0442\u0438 STNG<\/a><\/p>\n<p>\u0421\u043a\u0430\u0447\u0430\u0442\u044c <a href=\"https:\/\/raymarine.ee\/wp-content\/uploads\/2026\/04\/SeaTalk_to_SeaTalkng_Converter_Installation_instructions_87121-3_EN.pdf\" target=\"_blank\" rel=\"noopener\">\u0420\u0443\u043a\u043e\u0432\u043e\u0434\u0441\u0442\u0432\u043e \u043f\u043e \u0438\u0441\u043f\u043e\u043b\u044c\u0437\u043e\u0432\u0430\u043d\u0438\u044e \u043a\u043e\u043d\u0432\u0435\u0440\u0442\u0435\u0440\u0430 STNG \u0432 SeaTalk1<\/a><\/p>\n<\/div>","protected":false},"excerpt":{"rendered":"<p>\u0420\u0430\u0441\u043f\u0440\u0435\u0434\u0435\u043b\u0438\u0442\u0435\u043b\u044c\u043d\u0430\u044f \u043a\u043e\u0440\u043e\u0431\u043a\u0430 SeaTalk1 \u0441 \u0442\u0440\u0435\u043c\u044f \u0440\u0430\u0437\u044a\u0435\u043c\u0430\u043c\u0438 \u043f\u0440\u0435\u0434\u0441\u0442\u0430\u0432\u043b\u044f\u0435\u0442 \u0441\u043e\u0431\u043e\u0439 \u0441\u043e\u0435\u0434\u0438\u043d\u0438\u0442\u0435\u043b\u044c\u043d\u044b\u0439 \u0443\u0437\u0435\u043b SeaTalk1 \u0441 \u0442\u0440\u0435\u043c\u044f \u043e\u0434\u0438\u043d\u0430\u043a\u043e\u0432\u044b\u043c\u0438 \u0440\u0430\u0437\u044a\u0435\u043c\u0430\u043c\u0438. \u042d\u0442\u043e \u043e\u0442\u043b\u0438\u0447\u043d\u044b\u0439 \u043f\u043e\u043c\u043e\u0449\u043d\u0438\u043a, \u0435\u0441\u043b\u0438 \u043d\u0435\u043e\u0431\u0445\u043e\u0434\u0438\u043c\u043e \u0440\u0430\u0441\u0448\u0438\u0440\u0438\u0442\u044c \u0441\u0442\u0430\u0440\u0443\u044e \u0441\u0435\u0442\u044c SeaTalk1, \u043f\u043e\u0434\u043a\u043b\u044e\u0447\u0438\u0432 \u043a \u043d\u0435\u0439 \u043f\u0440\u0438\u0431\u043e\u0440 \u0438\u043b\u0438 \u043f\u0440\u0435\u043e\u0431\u0440\u0430\u0437\u043e\u0432\u0430\u0442\u0435\u043b\u044c, \u043d\u043e \u0441\u0432\u043e\u0431\u043e\u0434\u043d\u044b\u0445 \u0440\u0430\u0437\u044a\u0435\u043c\u043e\u0432 \u043d\u0435\u0442. \u0421\u043a\u043e\u0440\u0435\u0435 \u0432\u0441\u0435\u0433\u043e, \u0432 \u0442\u0430\u043a\u043e\u043c \u0441\u043b\u0443\u0447\u0430\u0435 \u0432\u0430\u043c \u043f\u043e\u043d\u0430\u0434\u043e\u0431\u0438\u0442\u0441\u044f \u043a\u0430\u043a \u043c\u0438\u043d\u0438\u043c\u0443\u043c \u043e\u0434\u0438\u043d \u043a\u0430\u0431\u0435\u043b\u044c SeaTalk1 <a href=\"https:\/\/raymarine.ee\/ru\/product\/raymarine-seatalk1-kaabel-1m\/\">D284<\/a>.<\/p>","protected":false},"featured_media":11127,"template":"","meta":{"_acf_changed":false},"product_brand":[134],"product_cat":[68,69,70,72,83],"product_tag":[],"class_list":{"0":"post-11126","1":"product","2":"type-product","3":"status-publish","4":"has-post-thumbnail","6":"product_brand-raymarine","7":"product_cat-i40","8":"product_cat-i50_i60","9":"product_cat-i70_alpha","10":"product_cat-tarvikud","11":"product_cat-stng_tarvikud","13":"first","14":"instock","15":"sale","16":"taxable","17":"shipping-taxable","18":"purchasable","19":"product-type-simple"},"acf":[],"yoast_head":"<!-- This site is optimized with the Yoast SEO Premium plugin v27.5 (Yoast SEO v27.5) - https:\/\/yoast.com\/product\/yoast-seo-premium-wordpress\/ -->\n<title>SeaTalk1 3-Way Junction Box<\/title>\n<meta name=\"description\" content=\"Lihtne \u00fchendustarvik mis v\u00f5imaldab erinevate seadmete lisamist SeaTalk1 v\u00f5rku nii, et pole vaja kaableid l\u00f5igata. K\u00f5ik on lihtne Plug and Play!\" \/>\n<meta name=\"robots\" content=\"index, follow, max-snippet:-1, max-image-preview:large, max-video-preview:-1\" \/>\n<link rel=\"canonical\" href=\"https:\/\/raymarine.ee\/ru\/product\/3-\u043a\u043e\u043d\u0442\u0430\u043a\u0442\u043d\u044b\u0439-\u0440\u0430\u0437\u044a\u0435\u043c-raymarine-seatalk1\/\" \/>\n<meta property=\"og:locale\" content=\"ru_RU\" \/>\n<meta property=\"og:type\" content=\"article\" \/>\n<meta property=\"og:title\" content=\"Raymarine SeaTalk1 3-Way jagaja\" \/>\n<meta property=\"og:description\" content=\"Lihtne \u00fchendustarvik mis v\u00f5imaldab erinevate seadmete lisamist SeaTalk1 v\u00f5rku nii, et pole vaja kaableid l\u00f5igata. K\u00f5ik on lihtne Plug and Play!\" \/>\n<meta property=\"og:url\" content=\"https:\/\/raymarine.ee\/ru\/product\/3-\u043a\u043e\u043d\u0442\u0430\u043a\u0442\u043d\u044b\u0439-\u0440\u0430\u0437\u044a\u0435\u043c-raymarine-seatalk1\/\" \/>\n<meta property=\"og:site_name\" content=\"NavSystems\" \/>\n<meta property=\"article:publisher\" content=\"https:\/\/www.facebook.com\/NavSystems\" \/>\n<meta property=\"article:modified_time\" content=\"2026-05-10T13:15:29+00:00\" \/>\n<meta property=\"og:image\" content=\"https:\/\/raymarine.ee\/wp-content\/uploads\/2026\/05\/D244-seatalk-3-way-junction-box.webp\" \/>\n\t<meta property=\"og:image:width\" content=\"600\" \/>\n\t<meta property=\"og:image:height\" content=\"437\" \/>\n\t<meta property=\"og:image:type\" content=\"image\/webp\" \/>\n<meta name=\"twitter:card\" content=\"summary_large_image\" \/>\n<meta name=\"twitter:label1\" content=\"\u0426\u0435\u043d\u0430\" \/>\n\t<meta name=\"twitter:data1\" content=\"59,80&nbsp;&euro;\" \/>\n\t<meta name=\"twitter:label2\" content=\"\u0414\u043e\u0441\u0442\u0443\u043f\u043d\u043e\u0441\u0442\u044c\" \/>\n\t<meta name=\"twitter:data2\" content=\"\u0412 \u043d\u0430\u043b\u0438\u0447\u0438\u0438\" \/>\n<script type=\"application\/ld+json\" class=\"yoast-schema-graph\">{\"@context\":\"https:\\\/\\\/schema.org\",\"@graph\":[{\"@type\":\"WebPage\",\"@id\":\"https:\\\/\\\/raymarine.ee\\\/product\\\/raymarine-seatalk1-3-way-uhendus\\\/\",\"url\":\"https:\\\/\\\/raymarine.ee\\\/product\\\/raymarine-seatalk1-3-way-uhendus\\\/\",\"name\":\"SeaTalk1 3-Way Junction Box\",\"isPartOf\":{\"@id\":\"https:\\\/\\\/raymarine.ee\\\/#website\"},\"primaryImageOfPage\":{\"@id\":\"https:\\\/\\\/raymarine.ee\\\/product\\\/raymarine-seatalk1-3-way-uhendus\\\/#primaryimage\"},\"image\":{\"@id\":\"https:\\\/\\\/raymarine.ee\\\/product\\\/raymarine-seatalk1-3-way-uhendus\\\/#primaryimage\"},\"thumbnailUrl\":\"https:\\\/\\\/raymarine.ee\\\/wp-content\\\/uploads\\\/2026\\\/05\\\/D244-seatalk-3-way-junction-box.webp\",\"datePublished\":\"2026-05-05T04:26:01+00:00\",\"dateModified\":\"2026-05-10T13:15:29+00:00\",\"description\":\"Lihtne \u00fchendustarvik mis v\u00f5imaldab erinevate seadmete lisamist SeaTalk1 v\u00f5rku nii, et pole vaja kaableid l\u00f5igata. K\u00f5ik on lihtne Plug and Play!\",\"breadcrumb\":{\"@id\":\"https:\\\/\\\/raymarine.ee\\\/product\\\/raymarine-seatalk1-3-way-uhendus\\\/#breadcrumb\"},\"inLanguage\":\"ru-RU\",\"potentialAction\":[{\"@type\":\"ReadAction\",\"target\":[\"https:\\\/\\\/raymarine.ee\\\/product\\\/raymarine-seatalk1-3-way-uhendus\\\/\"]}]},{\"@type\":\"ImageObject\",\"inLanguage\":\"ru-RU\",\"@id\":\"https:\\\/\\\/raymarine.ee\\\/product\\\/raymarine-seatalk1-3-way-uhendus\\\/#primaryimage\",\"url\":\"https:\\\/\\\/raymarine.ee\\\/wp-content\\\/uploads\\\/2026\\\/05\\\/D244-seatalk-3-way-junction-box.webp\",\"contentUrl\":\"https:\\\/\\\/raymarine.ee\\\/wp-content\\\/uploads\\\/2026\\\/05\\\/D244-seatalk-3-way-junction-box.webp\",\"width\":600,\"height\":437,\"caption\":\"D244-seatalk-3-way-junction-box\"},{\"@type\":\"BreadcrumbList\",\"@id\":\"https:\\\/\\\/raymarine.ee\\\/product\\\/raymarine-seatalk1-3-way-uhendus\\\/#breadcrumb\",\"itemListElement\":[{\"@type\":\"ListItem\",\"position\":1,\"name\":\"Home\",\"item\":\"https:\\\/\\\/raymarine.ee\\\/\"},{\"@type\":\"ListItem\",\"position\":2,\"name\":\"Tooted\",\"item\":\"https:\\\/\\\/raymarine.ee\\\/shop\\\/\"},{\"@type\":\"ListItem\",\"position\":3,\"name\":\"Raymarine SeaTalk1 3-Way jagaja\"}]},{\"@type\":\"WebSite\",\"@id\":\"https:\\\/\\\/raymarine.ee\\\/#website\",\"url\":\"https:\\\/\\\/raymarine.ee\\\/\",\"name\":\"www.raymarine.ee\",\"description\":\"Mereelektroonika, kaardiplotter, autopiloot, pinnipiloot, roolipiloot, radar, AIS, VHF, Smart Wind\",\"publisher\":{\"@id\":\"https:\\\/\\\/raymarine.ee\\\/#organization\"},\"alternateName\":\"Raymarine\",\"potentialAction\":[{\"@type\":\"SearchAction\",\"target\":{\"@type\":\"EntryPoint\",\"urlTemplate\":\"https:\\\/\\\/raymarine.ee\\\/?s={search_term_string}\"},\"query-input\":{\"@type\":\"PropertyValueSpecification\",\"valueRequired\":true,\"valueName\":\"search_term_string\"}}],\"inLanguage\":\"ru-RU\"},{\"@type\":\"Organization\",\"@id\":\"https:\\\/\\\/raymarine.ee\\\/#organization\",\"name\":\"NavSystems O\u00dc\",\"url\":\"https:\\\/\\\/raymarine.ee\\\/\",\"logo\":{\"@type\":\"ImageObject\",\"inLanguage\":\"ru-RU\",\"@id\":\"https:\\\/\\\/raymarine.ee\\\/#\\\/schema\\\/logo\\\/image\\\/\",\"url\":\"https:\\\/\\\/raymarine.ee\\\/wp-content\\\/uploads\\\/2024\\\/10\\\/Screenshot-2024-10-15-151324_bg_removed.webp\",\"contentUrl\":\"https:\\\/\\\/raymarine.ee\\\/wp-content\\\/uploads\\\/2024\\\/10\\\/Screenshot-2024-10-15-151324_bg_removed.webp\",\"width\":420,\"height\":276,\"caption\":\"NavSystems O\u00dc\"},\"image\":{\"@id\":\"https:\\\/\\\/raymarine.ee\\\/#\\\/schema\\\/logo\\\/image\\\/\"},\"sameAs\":[\"https:\\\/\\\/www.facebook.com\\\/NavSystems\"],\"legalName\":\"NavSystems O\u00dc\",\"foundingDate\":\"2011-05-03\",\"numberOfEmployees\":{\"@type\":\"QuantitativeValue\",\"minValue\":\"1\",\"maxValue\":\"10\"}}]}<\/script>\n<meta property=\"product:price:amount\" content=\"59.80\" \/>\n<meta property=\"product:price:currency\" content=\"EUR\" \/>\n<meta property=\"og:availability\" content=\"instock\" \/>\n<meta property=\"product:availability\" content=\"instock\" \/>\n<meta property=\"product:retailer_item_id\" content=\"D244\" \/>\n<meta property=\"product:condition\" content=\"new\" \/>\n<!-- \/ Yoast SEO Premium plugin. -->","yoast_head_json":{"title":"3-\u043a\u043e\u043d\u0442\u0430\u043a\u0442\u043d\u0430\u044f \u0440\u0430\u0441\u043f\u0440\u0435\u0434\u0435\u043b\u0438\u0442\u0435\u043b\u044c\u043d\u0430\u044f \u043a\u043e\u0440\u043e\u0431\u043a\u0430 SeaTalk1","description":"\u041f\u0440\u043e\u0441\u0442\u043e\u0439 \u0441\u043e\u0435\u0434\u0438\u043d\u0438\u0442\u0435\u043b\u044c\u043d\u044b\u0439 \u0443\u0437\u0435\u043b, \u043f\u043e\u0437\u0432\u043e\u043b\u044f\u044e\u0449\u0438\u0439 \u043f\u043e\u0434\u043a\u043b\u044e\u0447\u0430\u0442\u044c \u0440\u0430\u0437\u043b\u0438\u0447\u043d\u044b\u0435 \u0443\u0441\u0442\u0440\u043e\u0439\u0441\u0442\u0432\u0430 \u043a \u0441\u0435\u0442\u0438 SeaTalk1 \u0431\u0435\u0437 \u043d\u0435\u043e\u0431\u0445\u043e\u0434\u0438\u043c\u043e\u0441\u0442\u0438 \u043e\u0431\u0440\u0435\u0437\u0430\u0442\u044c \u043a\u0430\u0431\u0435\u043b\u0438. \u0412\u0441\u0435 \u0440\u0430\u0431\u043e\u0442\u0430\u0435\u0442 \u043f\u043e \u043f\u0440\u0438\u043d\u0446\u0438\u043f\u0443 \u00abPlug and Play\u00bb!","robots":{"index":"index","follow":"follow","max-snippet":"max-snippet:-1","max-image-preview":"max-image-preview:large","max-video-preview":"max-video-preview:-1"},"canonical":"https:\/\/raymarine.ee\/ru\/product\/3-\u043a\u043e\u043d\u0442\u0430\u043a\u0442\u043d\u044b\u0439-\u0440\u0430\u0437\u044a\u0435\u043c-raymarine-seatalk1\/","og_locale":"ru_RU","og_type":"article","og_title":"Raymarine SeaTalk1 3-Way jagaja","og_description":"Lihtne \u00fchendustarvik mis v\u00f5imaldab erinevate seadmete lisamist SeaTalk1 v\u00f5rku nii, et pole vaja kaableid l\u00f5igata. K\u00f5ik on lihtne Plug and Play!","og_url":"https:\/\/raymarine.ee\/ru\/product\/3-\u043a\u043e\u043d\u0442\u0430\u043a\u0442\u043d\u044b\u0439-\u0440\u0430\u0437\u044a\u0435\u043c-raymarine-seatalk1\/","og_site_name":"NavSystems","article_publisher":"https:\/\/www.facebook.com\/NavSystems","article_modified_time":"2026-05-10T13:15:29+00:00","og_image":[{"width":600,"height":437,"url":"https:\/\/raymarine.ee\/wp-content\/uploads\/2026\/05\/D244-seatalk-3-way-junction-box.webp","type":"image\/webp"}],"twitter_card":"summary_large_image","twitter_misc":{"\u0426\u0435\u043d\u0430":"59,80&nbsp;&euro;","\u0414\u043e\u0441\u0442\u0443\u043f\u043d\u043e\u0441\u0442\u044c":"\u0412 \u043d\u0430\u043b\u0438\u0447\u0438\u0438"},"schema":{"@context":"https:\/\/schema.org","@graph":[{"@type":"WebPage","@id":"https:\/\/raymarine.ee\/product\/raymarine-seatalk1-3-way-uhendus\/","url":"https:\/\/raymarine.ee\/product\/raymarine-seatalk1-3-way-uhendus\/","name":"3-\u043a\u043e\u043d\u0442\u0430\u043a\u0442\u043d\u0430\u044f \u0440\u0430\u0441\u043f\u0440\u0435\u0434\u0435\u043b\u0438\u0442\u0435\u043b\u044c\u043d\u0430\u044f \u043a\u043e\u0440\u043e\u0431\u043a\u0430 SeaTalk1","isPartOf":{"@id":"https:\/\/raymarine.ee\/#website"},"primaryImageOfPage":{"@id":"https:\/\/raymarine.ee\/product\/raymarine-seatalk1-3-way-uhendus\/#primaryimage"},"image":{"@id":"https:\/\/raymarine.ee\/product\/raymarine-seatalk1-3-way-uhendus\/#primaryimage"},"thumbnailUrl":"https:\/\/raymarine.ee\/wp-content\/uploads\/2026\/05\/D244-seatalk-3-way-junction-box.webp","datePublished":"2026-05-05T04:26:01+00:00","dateModified":"2026-05-10T13:15:29+00:00","description":"\u041f\u0440\u043e\u0441\u0442\u043e\u0439 \u0441\u043e\u0435\u0434\u0438\u043d\u0438\u0442\u0435\u043b\u044c\u043d\u044b\u0439 \u0443\u0437\u0435\u043b, \u043f\u043e\u0437\u0432\u043e\u043b\u044f\u044e\u0449\u0438\u0439 \u043f\u043e\u0434\u043a\u043b\u044e\u0447\u0430\u0442\u044c \u0440\u0430\u0437\u043b\u0438\u0447\u043d\u044b\u0435 \u0443\u0441\u0442\u0440\u043e\u0439\u0441\u0442\u0432\u0430 \u043a \u0441\u0435\u0442\u0438 SeaTalk1 \u0431\u0435\u0437 \u043d\u0435\u043e\u0431\u0445\u043e\u0434\u0438\u043c\u043e\u0441\u0442\u0438 \u043e\u0431\u0440\u0435\u0437\u0430\u0442\u044c \u043a\u0430\u0431\u0435\u043b\u0438. \u0412\u0441\u0435 \u0440\u0430\u0431\u043e\u0442\u0430\u0435\u0442 \u043f\u043e \u043f\u0440\u0438\u043d\u0446\u0438\u043f\u0443 \u00abPlug and Play\u00bb!","breadcrumb":{"@id":"https:\/\/raymarine.ee\/product\/raymarine-seatalk1-3-way-uhendus\/#breadcrumb"},"inLanguage":"ru-RU","potentialAction":[{"@type":"ReadAction","target":["https:\/\/raymarine.ee\/product\/raymarine-seatalk1-3-way-uhendus\/"]}]},{"@type":"ImageObject","inLanguage":"ru-RU","@id":"https:\/\/raymarine.ee\/product\/raymarine-seatalk1-3-way-uhendus\/#primaryimage","url":"https:\/\/raymarine.ee\/wp-content\/uploads\/2026\/05\/D244-seatalk-3-way-junction-box.webp","contentUrl":"https:\/\/raymarine.ee\/wp-content\/uploads\/2026\/05\/D244-seatalk-3-way-junction-box.webp","width":600,"height":437,"caption":"D244-seatalk-3-way-junction-box"},{"@type":"BreadcrumbList","@id":"https:\/\/raymarine.ee\/product\/raymarine-seatalk1-3-way-uhendus\/#breadcrumb","itemListElement":[{"@type":"ListItem","position":1,"name":"Home","item":"https:\/\/raymarine.ee\/"},{"@type":"ListItem","position":2,"name":"Tooted","item":"https:\/\/raymarine.ee\/shop\/"},{"@type":"ListItem","position":3,"name":"Raymarine SeaTalk1 3-Way jagaja"}]},{"@type":"WebSite","@id":"https:\/\/raymarine.ee\/#website","url":"https:\/\/raymarine.ee\/","name":"www.raymarine.ee","description":"\u041c\u043e\u0440\u0441\u043a\u0430\u044f \u044d\u043b\u0435\u043a\u0442\u0440\u043e\u043d\u0438\u043a\u0430, \u043a\u0430\u0440\u0442\u043f\u043b\u043e\u0442\u0442\u0435\u0440, \u0430\u0432\u0442\u043e\u043f\u0438\u043b\u043e\u0442, \u043f\u043e\u0432\u0435\u0440\u0445\u043d\u043e\u0441\u0442\u043d\u044b\u0439 \u043f\u0438\u043b\u043e\u0442, \u0440\u0443\u043b\u0435\u0432\u043e\u0439, \u0440\u0430\u0434\u0430\u0440, AIS, VHF, Smart Wind","publisher":{"@id":"https:\/\/raymarine.ee\/#organization"},"alternateName":"Raymarine","potentialAction":[{"@type":"SearchAction","target":{"@type":"EntryPoint","urlTemplate":"https:\/\/raymarine.ee\/?s={search_term_string}"},"query-input":{"@type":"PropertyValueSpecification","valueRequired":true,"valueName":"search_term_string"}}],"inLanguage":"ru-RU"},{"@type":"Organization","@id":"https:\/\/raymarine.ee\/#organization","name":"NavSystems O\u00dc","url":"https:\/\/raymarine.ee\/","logo":{"@type":"ImageObject","inLanguage":"ru-RU","@id":"https:\/\/raymarine.ee\/#\/schema\/logo\/image\/","url":"https:\/\/raymarine.ee\/wp-content\/uploads\/2024\/10\/Screenshot-2024-10-15-151324_bg_removed.webp","contentUrl":"https:\/\/raymarine.ee\/wp-content\/uploads\/2024\/10\/Screenshot-2024-10-15-151324_bg_removed.webp","width":420,"height":276,"caption":"NavSystems O\u00dc"},"image":{"@id":"https:\/\/raymarine.ee\/#\/schema\/logo\/image\/"},"sameAs":["https:\/\/www.facebook.com\/NavSystems"],"legalName":"NavSystems O\u00dc","foundingDate":"2011-05-03","numberOfEmployees":{"@type":"QuantitativeValue","minValue":"1","maxValue":"10"}}]},"product_price_amount":"59.80","product_price_currency":"EUR","og_availability":"instock","product_availability":"instock","product_retailer_item_id":"D244","product_condition":"new"},"jetpack_sharing_enabled":true,"_links":{"self":[{"href":"https:\/\/raymarine.ee\/ru\/wp-json\/wp\/v2\/product\/11126","targetHints":{"allow":["GET"]}}],"collection":[{"href":"https:\/\/raymarine.ee\/ru\/wp-json\/wp\/v2\/product"}],"about":[{"href":"https:\/\/raymarine.ee\/ru\/wp-json\/wp\/v2\/types\/product"}],"wp:featuredmedia":[{"embeddable":true,"href":"https:\/\/raymarine.ee\/ru\/wp-json\/wp\/v2\/media\/11127"}],"wp:attachment":[{"href":"https:\/\/raymarine.ee\/ru\/wp-json\/wp\/v2\/media?parent=11126"}],"wp:term":[{"taxonomy":"product_brand","embeddable":true,"href":"https:\/\/raymarine.ee\/ru\/wp-json\/wp\/v2\/product_brand?post=11126"},{"taxonomy":"product_cat","embeddable":true,"href":"https:\/\/raymarine.ee\/ru\/wp-json\/wp\/v2\/product_cat?post=11126"},{"taxonomy":"product_tag","embeddable":true,"href":"https:\/\/raymarine.ee\/ru\/wp-json\/wp\/v2\/product_tag?post=11126"}],"curies":[{"name":"wp","href":"https:\/\/api.w.org\/{rel}","templated":true}]}}