{"id":5538,"date":"2024-10-27T12:51:38","date_gmt":"2024-10-27T12:51:38","guid":{"rendered":"https:\/\/raymarine.ee\/?post_type=product&#038;p=5538"},"modified":"2026-04-12T15:32:27","modified_gmt":"2026-04-12T12:32:27","slug":"raymarine-ev-100-roolipiloot-purjepaadile","status":"publish","type":"product","link":"https:\/\/raymarine.ee\/ru\/product\/raymarine-ev-100-roolipiloot-purjepaadile\/","title":{"rendered":"EV-100 Roolipiloot purjepaadile"},"content":{"rendered":"<p>The EV 100 Wheelr pilot is a perfect autopilot for wheel-operated yachts up to 7.5t displacement. Ideal boat length up to 12 m.<\/p>\n<p>The new Raymarine EV-100 autopilot ensures easy self-control of your boat, difficult calibration is no longer necessary. Due to the intelligent EV-sensor, the autopilot monitors multiple ship movements in all directions and automatically adjusts the steering to match existing sea conditions, without the user having to adjust any other settings. A further big advantage of the autopilot is flexibility of installation.<\/p>\n<p>The device itself can be installed where it is easiest for you to access, while the EV-sensor can be mounted where it makes most sense to you, no matter if above or below deck. The sensor core is protected against water ingress to IPx6 and IPx7 standards. The various components are easily connected to each other via SeaTalk (NMEA2000), and all cables required are included.<\/p>\n<ul>\n<li>\u0414\u043e\u043f\u043e\u043b\u043d\u0438\u0442\u0435\u043b\u044c\u043d\u044b\u0435 \u0431\u043b\u043e\u043a\u0438 \u0443\u043f\u0440\u0430\u0432\u043b\u0435\u043d\u0438\u044f \u043c\u043e\u0433\u0443\u0442 \u0431\u044b\u0442\u044c \u043f\u043e\u0434\u043a\u043b\u044e\u0447\u0435\u043d\u044b \u0447\u0435\u0440\u0435\u0437 \u0441\u0435\u0442\u044c SeaTalkng<\/li>\n<li>Compact and rugged, powerful MK II wheel drive unit<\/li>\n<\/ul>\n<div>\n<p>Included in delivery<\/p>\n<ul>\n<li>MK II Wheel Pilot<\/li>\n<li>p70s Autopilot Control Head (incl. SeaTalkng drop cable 0.4 m)<\/li>\n<li>ACU-100 Drive Control Unit (incl. SeaTalkng drop cable with open ends at one end 1.0 m)<\/li>\n<li>Sensor EV-1(incl. SeaTalkng drop cable 1.0 m)<\/li>\n<li>1 x \u041a\u0430\u0431\u0435\u043b\u044c \u043f\u0438\u0442\u0430\u043d\u0438\u044f SeaTalkng<\/li>\n<li>1 x \u043a\u0430\u0431\u0435\u043b\u044c SeaTalkng Backbone 5 \u043c)<\/li>\n<li>1 x \u0428\u043f\u043e\u0440\u043d\u044b\u0439 \u043a\u0430\u0431\u0435\u043b\u044c SeaTalkng (1,0 \u043c)<\/li>\n<li>1 x 5-\u0445\u043e\u0434\u043e\u0432\u043e\u0439 \u0431\u043b\u043e\u043a \u0440\u0430\u0437\u044a\u0435\u043c\u043e\u0432 SeaTalkng<\/li>\n<li>2 x \u0422-\u043e\u0431\u0440\u0430\u0437\u043d\u044b\u0439 \u043a\u043e\u043d\u043d\u0435\u043a\u0442\u043e\u0440 SeaTalkng<\/li>\n<li>2 x \u0422\u0435\u0440\u043c\u0438\u043d\u0430\u0442\u043e\u0440 SeaTalkng<\/li>\n<\/ul>\n<p>\u0422\u0435\u0445\u043d\u0438\u0447\u0435\u0441\u043a\u0438\u0435 \u0434\u0430\u043d\u043d\u044b\u0435 EV-1<\/p>\n<table class=\"ordinary\">\n<tbody>\n<tr>\n<td>\u041d\u043e\u043c\u0438\u043d\u0430\u043b\u044c\u043d\u043e\u0435 \u043d\u0430\u043f\u0440\u044f\u0436\u0435\u043d\u0438\u0435 \u0431\u043e\u0440\u0442\u043e\u0432\u043e\u0439 \u0441\u0435\u0442\u0438<\/td>\n<td>12 \u0412 (\u043f\u0438\u0442\u0430\u043d\u0438\u0435 \u0447\u0435\u0440\u0435\u0437 SeaTalkng)<\/td>\n<\/tr>\n<tr>\n<td>\u0414\u0438\u0430\u043f\u0430\u0437\u043e\u043d \u0440\u0430\u0431\u043e\u0447\u0435\u0433\u043e \u043d\u0430\u043f\u0440\u044f\u0436\u0435\u043d\u0438\u044f<\/td>\n<td>10,8 - 15,6 \u0412 \u043f\u043e\u0441\u0442\u043e\u044f\u043d\u043d\u043e\u0433\u043e \u0442\u043e\u043a\u0430<\/td>\n<\/tr>\n<tr>\n<td>Power consumption (amps)<\/td>\n<td>30 \u043c\u0410<\/td>\n<\/tr>\n<tr>\n<td>\u0414\u0430\u0442\u0447\u0438\u043a\u0438<\/td>\n<td>\u0422\u0440\u0435\u0445\u043e\u0441\u0435\u0432\u043e\u0439 \u0446\u0438\u0444\u0440\u043e\u0432\u043e\u0439 \u0430\u043a\u0441\u0435\u043b\u0435\u0440\u043e\u043c\u0435\u0442\u0440,<br \/>\n\u0422\u0440\u0435\u0445\u043e\u0441\u0435\u0432\u043e\u0439 \u0446\u0438\u0444\u0440\u043e\u0432\u043e\u0439 \u043a\u043e\u043c\u043f\u0430\u0441 \u0438<br \/>\n\u0422\u0440\u0435\u0445\u043e\u0441\u0435\u0432\u043e\u0439 \u0446\u0438\u0444\u0440\u043e\u0432\u043e\u0439 \u0434\u0430\u0442\u0447\u0438\u043a \u0443\u0433\u043b\u043e\u0432\u043e\u0439 \u0441\u043a\u043e\u0440\u043e\u0441\u0442\u0438<\/td>\n<\/tr>\n<tr>\n<td>\u041f\u043e\u0434\u043a\u043b\u044e\u0447\u0435\u043d\u0438\u0435 \u0434\u0430\u043d\u043d\u044b\u0445<\/td>\n<td>SeaTalkng<\/td>\n<\/tr>\n<tr>\n<td>\u0420\u0430\u0431\u043e\u0447\u0430\u044f \u0442\u0435\u043c\u043f\u0435\u0440\u0430\u0442\u0443\u0440\u0430<\/td>\n<td>\u043e\u0442 -20 \u0434\u043e +55 \u00b0C<\/td>\n<\/tr>\n<tr>\n<td>\u0422\u0435\u043c\u043f\u0435\u0440\u0430\u0442\u0443\u0440\u0430 \u0445\u0440\u0430\u043d\u0435\u043d\u0438\u044f<\/td>\n<td>-30 to +70\u00b0 C<\/td>\n<\/tr>\n<tr>\n<td>\u041e\u0442\u043d\u043e\u0441\u0438\u0442\u0435\u043b\u044c\u043d\u0430\u044f \u0432\u043b\u0430\u0436\u043d\u043e\u0441\u0442\u044c<\/td>\n<td>\u043c\u0430\u043a\u0441. 93%<\/td>\n<\/tr>\n<tr>\n<td>\u0420\u0435\u0439\u0442\u0438\u043d\u0433 \u0432\u043e\u0434\u044b<\/td>\n<td>IPX6<\/td>\n<\/tr>\n<tr>\n<td>\u0414\u0438\u0430\u043c\u0435\u0442\u0440<\/td>\n<td>140 \u043c\u043c<\/td>\n<\/tr>\n<tr>\n<td>\u0413\u043b\u0443\u0431\u0438\u043d\u0430<\/td>\n<td>35 \u043c\u043c (\u0432\u043a\u043b\u044e\u0447\u0430\u044f \u043a\u043e\u0440\u043f\u0443\u0441)<br \/>\n95 \u043c\u043c (\u0432\u043a\u043b\u044e\u0447\u0430\u044f \u043a\u0440\u043e\u043d\u0448\u0442\u0435\u0439\u043d)<\/td>\n<\/tr>\n<tr>\n<td>Weight<\/td>\n<td>0,29 \u043a\u0433<\/td>\n<\/tr>\n<\/tbody>\n<\/table>\n<p>\u0422\u0435\u0445\u043d\u0438\u0447\u0435\u0441\u043a\u0438\u0435 \u0434\u0430\u043d\u043d\u044b\u0435 p70s<\/p>\n<table class=\"ordinary\">\n<tbody>\n<tr>\n<td>\u041d\u043e\u043c\u0438\u043d\u0430\u043b\u044c\u043d\u043e\u0435 \u043d\u0430\u043f\u0440\u044f\u0436\u0435\u043d\u0438\u0435<\/td>\n<td>12 \u0412 \u041f\u041e\u0421\u0422\u041e\u042f\u041d\u041d\u041e\u0413\u041e \u0422\u041e\u041a\u0410<\/td>\n<\/tr>\n<tr>\n<td>\u0414\u0438\u0430\u043f\u0430\u0437\u043e\u043d \u043d\u0430\u043f\u0440\u044f\u0436\u0435\u043d\u0438\u044f<\/td>\n<td>\u041e\u0442 9 \u0434\u043e 16 \u0412 \u043f\u043e\u0441\u0442\u043e\u044f\u043d\u043d\u043e\u0433\u043e \u0442\u043e\u043a\u0430<\/td>\n<\/tr>\n<tr>\n<td>\u0420\u0430\u0437\u043c\u0435\u0440 \u0434\u0438\u0441\u043f\u043b\u0435\u044f<\/td>\n<td>3.5\u2033<\/td>\n<\/tr>\n<tr>\n<td>\u0414\u0438\u0441\u043f\u043b\u0435\u0439<\/td>\n<td>\u041e\u043f\u0442\u0438\u0447\u0435\u0441\u043a\u0438 \u0438\u043d\u0442\u0435\u0433\u0440\u0438\u0440\u043e\u0432\u0430\u043d\u043d\u044b\u0439 \u0416\u041a-\u0434\u0438\u0441\u043f\u043b\u0435\u0439 \u0441 \u0432\u043e\u0437\u043c\u043e\u0436\u043d\u043e\u0441\u0442\u044c\u044e \u0447\u0442\u0435\u043d\u0438\u044f \u043f\u0440\u0438 \u0441\u043e\u043b\u043d\u0435\u0447\u043d\u043e\u043c \u0441\u0432\u0435\u0442\u0435<\/td>\n<\/tr>\n<tr>\n<td>\u0420\u0430\u0437\u0440\u0435\u0448\u0435\u043d\u0438\u0435<\/td>\n<td>320 x 240 QVGA<\/td>\n<\/tr>\n<tr>\n<td>\u0426\u0432\u0435\u0442\u0430<\/td>\n<td>16-\u0431\u0438\u0442\u043d\u043e\u0435 \u0446\u0432\u0435\u0442\u043e\u0432\u043e\u0435 \u0440\u0430\u0437\u0440\u0435\u0448\u0435\u043d\u0438\u0435 (64 000 \u0446\u0432\u0435\u0442\u043e\u0432)<\/td>\n<\/tr>\n<tr>\n<td>\u0426\u0432\u0435\u0442\u043e\u0432\u044b\u0435 \u043f\u0430\u043b\u0438\u0442\u0440\u044b<\/td>\n<td>\u0427\u0435\u0442\u044b\u0440\u0435 \u0446\u0432\u0435\u0442\u043e\u0432\u044b\u0435 \u043f\u0430\u043b\u0438\u0442\u0440\u044b - \u0434\u0432\u0443\u0445\u0434\u043d\u0435\u0432\u043d\u0430\u044f, \u0438\u043d\u0432\u0435\u0440\u0441\u043d\u0430\u044f \u0438 \u043a\u0440\u0430\u0441\u043d\u043e-\u0447\u0435\u0440\u043d\u0430\u044f.<\/td>\n<\/tr>\n<tr>\n<td>\u042f\u0440\u043a\u043e\u0441\u0442\u044c \u0416\u041a-\u0434\u0438\u0441\u043f\u043b\u0435\u044f<\/td>\n<td>1;200 \u043d\u0438\u0442<\/td>\n<\/tr>\n<tr>\n<td>current consumption (watts)<\/td>\n<td>1:6 watts<\/td>\n<\/tr>\n<tr>\n<td>Connectors<\/td>\n<td>\u0421\u043e\u0432\u043c\u0435\u0441\u0442\u0438\u043c\u043e\u0441\u0442\u044c \u0441 \u043c\u043e\u0440\u0441\u043a\u0438\u043c\u0438 \u0441\u0435\u0442\u044f\u043c\u0438 NMEA2000 \u043f\u043e \u043f\u0440\u043e\u0442\u043e\u043a\u043e\u043b\u0430\u043c SeaTalk \u0438 SeaTalkng<\/td>\n<\/tr>\n<tr>\n<td>\u0420\u0430\u0431\u043e\u0447\u0430\u044f \u0442\u0435\u043c\u043f\u0435\u0440\u0430\u0442\u0443\u0440\u0430<\/td>\n<td>\u041e\u0442 -25\u00ba C \u0434\u043e 55\u00ba C (\u043e\u0442 -13\u00ba F \u0434\u043e 131\u00ba F)<\/td>\n<\/tr>\n<tr>\n<td>\u0422\u0435\u043c\u043f\u0435\u0440\u0430\u0442\u0443\u0440\u0430 \u0445\u0440\u0430\u043d\u0435\u043d\u0438\u044f<\/td>\n<td>\u041e\u0442 -30\u00ba C \u0434\u043e 70\u00ba C (\u043e\u0442 -22\u00ba F \u0434\u043e 158\u00ba F)<\/td>\n<\/tr>\n<tr>\n<td>\u041e\u0442\u043d\u043e\u0441\u0438\u0442\u0435\u043b\u044c\u043d\u0430\u044f \u0432\u043b\u0430\u0436\u043d\u043e\u0441\u0442\u044c<\/td>\n<td>\u041c\u0430\u043a\u0441\u0438\u043c\u0443\u043c 93 %<\/td>\n<\/tr>\n<tr>\n<td>\u0412\u043e\u0434\u043e\u043d\u0435\u043f\u0440\u043e\u043d\u0438\u0446\u0430\u0435\u043c\u044b\u0439 \u0434\u043e<\/td>\n<td>IPX6<\/td>\n<\/tr>\n<tr>\n<td>\u0421\u043e\u043e\u0442\u0432\u0435\u0442\u0441\u0442\u0432\u0438\u0435 \u0442\u0440\u0435\u0431\u043e\u0432\u0430\u043d\u0438\u044f\u043c<\/td>\n<td>\u0415\u0432\u0440\u043e\u043f\u0430: 2004\/108\/EC | \u0410\u0432\u0441\u0442\u0440\u0430\u043b\u0438\u044f \u0438 \u041d\u043e\u0432\u0430\u044f \u0417\u0435\u043b\u0430\u043d\u0434\u0438\u044f: C-Tick Compliance Level 2<\/td>\n<\/tr>\n<tr>\n<td>Included in delivery<\/td>\n<td>\u0418\u043d\u0441\u0442\u0440\u0443\u043a\u0446\u0438\u0438, \u0443\u043f\u043b\u043e\u0442\u043d\u0438\u0442\u0435\u043b\u044c, \u0434\u0438\u0441\u043f\u043b\u0435\u0439, \u0441\u043e\u043b\u043d\u0446\u0435\u0437\u0430\u0449\u0438\u0442\u043d\u0430\u044f \u043a\u0440\u044b\u0448\u043a\u0430, \u0441\u043c\u0435\u043d\u043d\u0430\u044f \u0440\u0430\u043c\u043a\u0430, \u043a\u0440\u0435\u043f\u0435\u0436\u043d\u044b\u0435 \u0432\u0438\u043d\u0442\u044b<\/td>\n<\/tr>\n<\/tbody>\n<\/table>\n<p><strong>\u0417\u0430\u0433\u0440\u0443\u0437\u0438\u0442\u0435 \u0438\u043d\u0441\u0442\u0440\u0443\u043a\u0446\u0438\u044e \u043f\u043e \u0443\u0441\u0442\u0430\u043d\u043e\u0432\u043a\u0435 \u0440\u0443\u043b\u0435\u0432\u043e\u0433\u043e \u043a\u043e\u043b\u0435\u0441\u0430 EV-100:<\/strong><\/p>\n<p>EV1 \u0438 ACU <a href=\"https:\/\/raymarine.ee\/wp-content\/uploads\/2026\/04\/Evolution-EV-1-and-ACU-Installation-instructions-87180-Rev-7-EN.pdf\" target=\"_blank\" rel=\"noopener\">\u0440\u0443\u043a\u043e\u0432\u043e\u0434\u0441\u0442\u0432\u043e \u043f\u043e \u0443\u0441\u0442\u0430\u043d\u043e\u0432\u043a\u0435<\/a><\/p>\n<p>ST4000 MK II rooliajami <a href=\"https:\/\/raymarine.ee\/wp-content\/uploads\/2026\/04\/Wheel-Drive-E12093-Installation-instructions-87287-2-EN-2.pdf\" target=\"_blank\" rel=\"noopener\">\u0440\u0443\u043a\u043e\u0432\u043e\u0434\u0441\u0442\u0432\u043e \u043f\u043e \u0443\u0441\u0442\u0430\u043d\u043e\u0432\u043a\u0435<\/a><\/p>\n<p>p70s \u0438 p70Rs <a href=\"https:\/\/raymarine.ee\/wp-content\/uploads\/2026\/04\/p70s-p70Rs-Pilot-Controller-Installation-instructions-87424-Rev-3-EN.pdf\" target=\"_blank\" rel=\"noopener\">\u0440\u0443\u043a\u043e\u0432\u043e\u0434\u0441\u0442\u0432\u043e \u043f\u043e \u0443\u0441\u0442\u0430\u043d\u043e\u0432\u043a\u0435<\/a><\/p>\n<p>\u0414\u0430\u0442\u0447\u0438\u043a \u0443\u0433\u043b\u0430 \u043f\u043e\u0432\u043e\u0440\u043e\u0442\u0430 <a href=\"https:\/\/raymarine.ee\/wp-content\/uploads\/2026\/04\/Rudder-Angle-Sensor-M81105-Installation-instructions-87012-3-EN.pdf\" target=\"_blank\" rel=\"noopener\">\u0440\u0443\u043a\u043e\u0432\u043e\u0434\u0441\u0442\u0432\u043e \u043f\u043e \u0443\u0441\u0442\u0430\u043d\u043e\u0432\u043a\u0435<\/a><\/p>\n<p>p70 \u0438 p70Rs \u0441 \u043f\u043e\u043c\u043e\u0449\u044c\u044e \u043f\u0438\u043b\u043e\u0442\u0430 Evolution <a href=\"https:\/\/raymarine.ee\/wp-content\/uploads\/2026\/04\/p70-p70s-p70R-p70Rs-Pilot-Controller-Commissioning-Operation-instructions-81402-Rev-6-EN.pdf\" target=\"_blank\" rel=\"noopener\">\u0440\u0443\u043a\u043e\u0432\u043e\u0434\u0441\u0442\u0432\u043e \u043f\u043e \u043d\u0430\u0441\u0442\u0440\u043e\u0439\u043a\u0435 \u0438 \u044d\u043a\u0441\u043f\u043b\u0443\u0430\u0442\u0430\u0446\u0438\u0438<\/a><\/p>\n<p><strong>\u041f\u0440\u0438\u043b\u043e\u0436\u0435\u043d\u0438\u044f:<\/strong><\/p>\n<p>\u041c\u044b \u0442\u0430\u043a\u0436\u0435 \u0440\u0435\u043a\u043e\u043c\u0435\u043d\u0434\u0443\u0435\u043c \u0443\u0441\u0442\u0430\u043d\u043e\u0432\u0438\u0442\u044c \u0434\u0430\u0442\u0447\u0438\u043a \u0443\u0433\u043b\u0430 \u043f\u043e\u0432\u043e\u0440\u043e\u0442\u0430. <a href=\"https:\/\/raymarine.ee\/product\/raymarine-roolinurga-andur\/\">M81105<\/a>.<\/p>\n<p><a title=\"\u0423\u0437\u043d\u0430\u0439\u0442\u0435 \u0431\u043e\u043b\u044c\u0448\u0435 \u043e\u0431 \u0430\u0432\u0442\u043e\u043f\u0438\u043b\u043e\u0442\u0435 Evolution\" href=\"https:\/\/www.raymarine.com\/en-gb\/our-products\/boat-autopilots\/autopilot-packs\" target=\"_blank\" rel=\"noopener\">\u0423\u0437\u043d\u0430\u0439\u0442\u0435 \u0431\u043e\u043b\u044c\u0448\u0435 \u043e\u0431 \u0430\u0432\u0442\u043e\u043f\u0438\u043b\u043e\u0442\u0435 Evolution<\/a><\/p>\n<\/div>","protected":false},"excerpt":{"rendered":"<p>EV-100 roolipilooti saab kasutada purjepaatides mida juhitakse roolirattaga. Roolipiloot on m\u00f5eldud huvilaevadele mille kogukaal ei \u00fcleta 7500 kg. Soovituslik on j\u00e4tta v\u00e4hemalt 20% varu. Piloot koosneb spetsiaalselt purjepaadi rooliratta jaoks disainitud ajamist ST4000 MK II, p70s kontrollseadmest, uuest \u00fcheksateljelisest sensorist EV-1 ja ACU-100 aktuaatori juhtimisseadmest. Tutvu kindlasti ka selle komplekti juhenditega ja k\u00fcsimuste korral pea n\u00f5u meie spetsialistiga.<\/p>","protected":false},"featured_media":9293,"template":"","meta":{"_acf_changed":false},"product_brand":[134],"product_cat":[52,343,103,65],"product_tag":[],"class_list":{"0":"post-5538","1":"product","2":"type-product","3":"status-publish","4":"has-post-thumbnail","6":"product_brand-raymarine","7":"product_cat-autopiloot-autopiloodid","8":"product_cat-kampaaniad","9":"product_cat-raymarine","10":"product_cat-roolipiloodid","12":"first","13":"instock","14":"sale","15":"featured","16":"taxable","17":"shipping-taxable","18":"purchasable","19":"product-type-simple"},"acf":[],"yoast_head":"<!-- This site is optimized with the Yoast SEO Premium plugin v27.5 (Yoast SEO v27.5) - https:\/\/yoast.com\/product\/yoast-seo-premium-wordpress\/ -->\n<title>Roolipiloot \u2013 Lihtne ja usaldusv\u00e4\u00e4rne Autopiloot - NavSystems<\/title>\n<meta name=\"description\" content=\"Roolipiloot on ideaalne autopiloot kuni 12 m pikkustele ja 7.5 t kaaluvatele jahtidele. Naudi lihtsat ja muretut kontrolli juhtimise \u00fcle oma paadis!\" \/>\n<meta name=\"robots\" content=\"index, follow, max-snippet:-1, max-image-preview:large, max-video-preview:-1\" \/>\n<link rel=\"canonical\" href=\"https:\/\/raymarine.ee\/ru\/product\/raymarine-ev-100-roolipiloot-purjepaadile\/\" \/>\n<meta property=\"og:locale\" content=\"ru_RU\" \/>\n<meta property=\"og:type\" content=\"article\" \/>\n<meta property=\"og:title\" content=\"EV-100 Roolipiloot purjepaadile\" \/>\n<meta property=\"og:description\" content=\"Roolipiloot on ideaalne autopiloot kuni 12 m pikkustele ja 7.5 t kaaluvatele jahtidele. Naudi lihtsat ja muretut kontrolli juhtimise \u00fcle oma paadis!\" \/>\n<meta property=\"og:url\" content=\"https:\/\/raymarine.ee\/ru\/product\/raymarine-ev-100-roolipiloot-purjepaadile\/\" \/>\n<meta property=\"og:site_name\" content=\"NavSystems\" \/>\n<meta property=\"article:publisher\" content=\"https:\/\/www.facebook.com\/NavSystems\" \/>\n<meta property=\"article:modified_time\" content=\"2026-04-12T12:32:27+00:00\" \/>\n<meta property=\"og:image\" content=\"https:\/\/raymarine.ee\/wp-content\/uploads\/2024\/10\/955c9af5-32fd-464d-96be-23fcb2f8c4d0.png\" \/>\n\t<meta property=\"og:image:width\" content=\"2000\" \/>\n\t<meta property=\"og:image:height\" content=\"2000\" \/>\n\t<meta property=\"og:image:type\" content=\"image\/png\" \/>\n<meta name=\"twitter:card\" content=\"summary_large_image\" \/>\n<meta name=\"twitter:label1\" content=\"\u0426\u0435\u043d\u0430\" \/>\n\t<meta name=\"twitter:data1\" content=\"1 850,00&nbsp;&euro;\" \/>\n\t<meta name=\"twitter:label2\" content=\"\u0414\u043e\u0441\u0442\u0443\u043f\u043d\u043e\u0441\u0442\u044c\" \/>\n\t<meta name=\"twitter:data2\" content=\"\u0412 \u043d\u0430\u043b\u0438\u0447\u0438\u0438\" \/>\n<script type=\"application\/ld+json\" class=\"yoast-schema-graph\">{\"@context\":\"https:\\\/\\\/schema.org\",\"@graph\":[{\"@type\":\"WebPage\",\"@id\":\"https:\\\/\\\/raymarine.ee\\\/product\\\/raymarine-ev-100-roolipiloot-purjepaadile\\\/\",\"url\":\"https:\\\/\\\/raymarine.ee\\\/product\\\/raymarine-ev-100-roolipiloot-purjepaadile\\\/\",\"name\":\"Roolipiloot \u2013 Lihtne ja usaldusv\u00e4\u00e4rne Autopiloot - NavSystems\",\"isPartOf\":{\"@id\":\"https:\\\/\\\/raymarine.ee\\\/#website\"},\"primaryImageOfPage\":{\"@id\":\"https:\\\/\\\/raymarine.ee\\\/product\\\/raymarine-ev-100-roolipiloot-purjepaadile\\\/#primaryimage\"},\"image\":{\"@id\":\"https:\\\/\\\/raymarine.ee\\\/product\\\/raymarine-ev-100-roolipiloot-purjepaadile\\\/#primaryimage\"},\"thumbnailUrl\":\"https:\\\/\\\/raymarine.ee\\\/wp-content\\\/uploads\\\/2024\\\/10\\\/955c9af5-32fd-464d-96be-23fcb2f8c4d0.png\",\"datePublished\":\"2024-10-27T12:51:38+00:00\",\"dateModified\":\"2026-04-12T12:32:27+00:00\",\"description\":\"Roolipiloot on ideaalne autopiloot kuni 12 m pikkustele ja 7.5 t kaaluvatele jahtidele. Naudi lihtsat ja muretut kontrolli juhtimise \u00fcle oma paadis!\",\"breadcrumb\":{\"@id\":\"https:\\\/\\\/raymarine.ee\\\/product\\\/raymarine-ev-100-roolipiloot-purjepaadile\\\/#breadcrumb\"},\"inLanguage\":\"ru-RU\",\"potentialAction\":[{\"@type\":\"ReadAction\",\"target\":[\"https:\\\/\\\/raymarine.ee\\\/product\\\/raymarine-ev-100-roolipiloot-purjepaadile\\\/\"]}]},{\"@type\":\"ImageObject\",\"inLanguage\":\"ru-RU\",\"@id\":\"https:\\\/\\\/raymarine.ee\\\/product\\\/raymarine-ev-100-roolipiloot-purjepaadile\\\/#primaryimage\",\"url\":\"https:\\\/\\\/raymarine.ee\\\/wp-content\\\/uploads\\\/2024\\\/10\\\/955c9af5-32fd-464d-96be-23fcb2f8c4d0.png\",\"contentUrl\":\"https:\\\/\\\/raymarine.ee\\\/wp-content\\\/uploads\\\/2024\\\/10\\\/955c9af5-32fd-464d-96be-23fcb2f8c4d0.png\",\"width\":2000,\"height\":2000,\"caption\":\"EV-100 roolipiloot koos p70s kontrolleriga\"},{\"@type\":\"BreadcrumbList\",\"@id\":\"https:\\\/\\\/raymarine.ee\\\/product\\\/raymarine-ev-100-roolipiloot-purjepaadile\\\/#breadcrumb\",\"itemListElement\":[{\"@type\":\"ListItem\",\"position\":1,\"name\":\"Home\",\"item\":\"https:\\\/\\\/raymarine.ee\\\/\"},{\"@type\":\"ListItem\",\"position\":2,\"name\":\"Tooted\",\"item\":\"https:\\\/\\\/raymarine.ee\\\/shop\\\/\"},{\"@type\":\"ListItem\",\"position\":3,\"name\":\"EV-100 Roolipiloot purjepaadile\"}]},{\"@type\":\"WebSite\",\"@id\":\"https:\\\/\\\/raymarine.ee\\\/#website\",\"url\":\"https:\\\/\\\/raymarine.ee\\\/\",\"name\":\"www.raymarine.ee\",\"description\":\"Mereelektroonika, kaardiplotter, autopiloot, pinnipiloot, roolipiloot, radar, AIS, VHF, Smart Wind\",\"publisher\":{\"@id\":\"https:\\\/\\\/raymarine.ee\\\/#organization\"},\"alternateName\":\"Raymarine\",\"potentialAction\":[{\"@type\":\"SearchAction\",\"target\":{\"@type\":\"EntryPoint\",\"urlTemplate\":\"https:\\\/\\\/raymarine.ee\\\/?s={search_term_string}\"},\"query-input\":{\"@type\":\"PropertyValueSpecification\",\"valueRequired\":true,\"valueName\":\"search_term_string\"}}],\"inLanguage\":\"ru-RU\"},{\"@type\":\"Organization\",\"@id\":\"https:\\\/\\\/raymarine.ee\\\/#organization\",\"name\":\"NavSystems O\u00dc\",\"url\":\"https:\\\/\\\/raymarine.ee\\\/\",\"logo\":{\"@type\":\"ImageObject\",\"inLanguage\":\"ru-RU\",\"@id\":\"https:\\\/\\\/raymarine.ee\\\/#\\\/schema\\\/logo\\\/image\\\/\",\"url\":\"https:\\\/\\\/raymarine.ee\\\/wp-content\\\/uploads\\\/2024\\\/10\\\/Screenshot-2024-10-15-151324_bg_removed.webp\",\"contentUrl\":\"https:\\\/\\\/raymarine.ee\\\/wp-content\\\/uploads\\\/2024\\\/10\\\/Screenshot-2024-10-15-151324_bg_removed.webp\",\"width\":420,\"height\":276,\"caption\":\"NavSystems O\u00dc\"},\"image\":{\"@id\":\"https:\\\/\\\/raymarine.ee\\\/#\\\/schema\\\/logo\\\/image\\\/\"},\"sameAs\":[\"https:\\\/\\\/www.facebook.com\\\/NavSystems\"],\"legalName\":\"NavSystems O\u00dc\",\"foundingDate\":\"2011-05-03\",\"numberOfEmployees\":{\"@type\":\"QuantitativeValue\",\"minValue\":\"1\",\"maxValue\":\"10\"}}]}<\/script>\n<meta property=\"product:price:amount\" content=\"1850.00\" \/>\n<meta property=\"product:price:currency\" content=\"EUR\" \/>\n<meta property=\"og:availability\" content=\"instock\" \/>\n<meta property=\"product:availability\" content=\"instock\" \/>\n<meta property=\"product:retailer_item_id\" content=\"T70152\" \/>\n<meta property=\"product:condition\" content=\"new\" \/>\n<!-- \/ Yoast SEO Premium plugin. -->","yoast_head_json":{"title":"Roolipiloot \u2013 Lihtne ja usaldusv\u00e4\u00e4rne Autopiloot - NavSystems","description":"Roolipiloot on ideaalne autopiloot kuni 12 m pikkustele ja 7.5 t kaaluvatele jahtidele. Naudi lihtsat ja muretut kontrolli juhtimise \u00fcle oma paadis!","robots":{"index":"index","follow":"follow","max-snippet":"max-snippet:-1","max-image-preview":"max-image-preview:large","max-video-preview":"max-video-preview:-1"},"canonical":"https:\/\/raymarine.ee\/ru\/product\/raymarine-ev-100-roolipiloot-purjepaadile\/","og_locale":"ru_RU","og_type":"article","og_title":"EV-100 Roolipiloot purjepaadile","og_description":"Roolipiloot on ideaalne autopiloot kuni 12 m pikkustele ja 7.5 t kaaluvatele jahtidele. Naudi lihtsat ja muretut kontrolli juhtimise \u00fcle oma paadis!","og_url":"https:\/\/raymarine.ee\/ru\/product\/raymarine-ev-100-roolipiloot-purjepaadile\/","og_site_name":"NavSystems","article_publisher":"https:\/\/www.facebook.com\/NavSystems","article_modified_time":"2026-04-12T12:32:27+00:00","og_image":[{"width":2000,"height":2000,"url":"https:\/\/raymarine.ee\/wp-content\/uploads\/2024\/10\/955c9af5-32fd-464d-96be-23fcb2f8c4d0.png","type":"image\/png"}],"twitter_card":"summary_large_image","twitter_misc":{"\u0426\u0435\u043d\u0430":"1 850,00&nbsp;&euro;","\u0414\u043e\u0441\u0442\u0443\u043f\u043d\u043e\u0441\u0442\u044c":"\u0412 \u043d\u0430\u043b\u0438\u0447\u0438\u0438"},"schema":{"@context":"https:\/\/schema.org","@graph":[{"@type":"WebPage","@id":"https:\/\/raymarine.ee\/product\/raymarine-ev-100-roolipiloot-purjepaadile\/","url":"https:\/\/raymarine.ee\/product\/raymarine-ev-100-roolipiloot-purjepaadile\/","name":"Roolipiloot \u2013 Lihtne ja usaldusv\u00e4\u00e4rne Autopiloot - NavSystems","isPartOf":{"@id":"https:\/\/raymarine.ee\/#website"},"primaryImageOfPage":{"@id":"https:\/\/raymarine.ee\/product\/raymarine-ev-100-roolipiloot-purjepaadile\/#primaryimage"},"image":{"@id":"https:\/\/raymarine.ee\/product\/raymarine-ev-100-roolipiloot-purjepaadile\/#primaryimage"},"thumbnailUrl":"https:\/\/raymarine.ee\/wp-content\/uploads\/2024\/10\/955c9af5-32fd-464d-96be-23fcb2f8c4d0.png","datePublished":"2024-10-27T12:51:38+00:00","dateModified":"2026-04-12T12:32:27+00:00","description":"Roolipiloot on ideaalne autopiloot kuni 12 m pikkustele ja 7.5 t kaaluvatele jahtidele. Naudi lihtsat ja muretut kontrolli juhtimise \u00fcle oma paadis!","breadcrumb":{"@id":"https:\/\/raymarine.ee\/product\/raymarine-ev-100-roolipiloot-purjepaadile\/#breadcrumb"},"inLanguage":"ru-RU","potentialAction":[{"@type":"ReadAction","target":["https:\/\/raymarine.ee\/product\/raymarine-ev-100-roolipiloot-purjepaadile\/"]}]},{"@type":"ImageObject","inLanguage":"ru-RU","@id":"https:\/\/raymarine.ee\/product\/raymarine-ev-100-roolipiloot-purjepaadile\/#primaryimage","url":"https:\/\/raymarine.ee\/wp-content\/uploads\/2024\/10\/955c9af5-32fd-464d-96be-23fcb2f8c4d0.png","contentUrl":"https:\/\/raymarine.ee\/wp-content\/uploads\/2024\/10\/955c9af5-32fd-464d-96be-23fcb2f8c4d0.png","width":2000,"height":2000,"caption":"EV-100 roolipiloot koos p70s kontrolleriga"},{"@type":"BreadcrumbList","@id":"https:\/\/raymarine.ee\/product\/raymarine-ev-100-roolipiloot-purjepaadile\/#breadcrumb","itemListElement":[{"@type":"ListItem","position":1,"name":"Home","item":"https:\/\/raymarine.ee\/"},{"@type":"ListItem","position":2,"name":"Tooted","item":"https:\/\/raymarine.ee\/shop\/"},{"@type":"ListItem","position":3,"name":"EV-100 Roolipiloot purjepaadile"}]},{"@type":"WebSite","@id":"https:\/\/raymarine.ee\/#website","url":"https:\/\/raymarine.ee\/","name":"www.raymarine.ee","description":"\u041c\u043e\u0440\u0441\u043a\u0430\u044f \u044d\u043b\u0435\u043a\u0442\u0440\u043e\u043d\u0438\u043a\u0430, \u043a\u0430\u0440\u0442\u043f\u043b\u043e\u0442\u0442\u0435\u0440, \u0430\u0432\u0442\u043e\u043f\u0438\u043b\u043e\u0442, \u043f\u043e\u0432\u0435\u0440\u0445\u043d\u043e\u0441\u0442\u043d\u044b\u0439 \u043f\u0438\u043b\u043e\u0442, \u0440\u0443\u043b\u0435\u0432\u043e\u0439, \u0440\u0430\u0434\u0430\u0440, AIS, VHF, Smart Wind","publisher":{"@id":"https:\/\/raymarine.ee\/#organization"},"alternateName":"Raymarine","potentialAction":[{"@type":"SearchAction","target":{"@type":"EntryPoint","urlTemplate":"https:\/\/raymarine.ee\/?s={search_term_string}"},"query-input":{"@type":"PropertyValueSpecification","valueRequired":true,"valueName":"search_term_string"}}],"inLanguage":"ru-RU"},{"@type":"Organization","@id":"https:\/\/raymarine.ee\/#organization","name":"NavSystems O\u00dc","url":"https:\/\/raymarine.ee\/","logo":{"@type":"ImageObject","inLanguage":"ru-RU","@id":"https:\/\/raymarine.ee\/#\/schema\/logo\/image\/","url":"https:\/\/raymarine.ee\/wp-content\/uploads\/2024\/10\/Screenshot-2024-10-15-151324_bg_removed.webp","contentUrl":"https:\/\/raymarine.ee\/wp-content\/uploads\/2024\/10\/Screenshot-2024-10-15-151324_bg_removed.webp","width":420,"height":276,"caption":"NavSystems O\u00dc"},"image":{"@id":"https:\/\/raymarine.ee\/#\/schema\/logo\/image\/"},"sameAs":["https:\/\/www.facebook.com\/NavSystems"],"legalName":"NavSystems O\u00dc","foundingDate":"2011-05-03","numberOfEmployees":{"@type":"QuantitativeValue","minValue":"1","maxValue":"10"}}]},"product_price_amount":"1850.00","product_price_currency":"EUR","og_availability":"instock","product_availability":"instock","product_retailer_item_id":"T70152","product_condition":"new"},"jetpack_sharing_enabled":true,"_links":{"self":[{"href":"https:\/\/raymarine.ee\/ru\/wp-json\/wp\/v2\/product\/5538","targetHints":{"allow":["GET"]}}],"collection":[{"href":"https:\/\/raymarine.ee\/ru\/wp-json\/wp\/v2\/product"}],"about":[{"href":"https:\/\/raymarine.ee\/ru\/wp-json\/wp\/v2\/types\/product"}],"wp:featuredmedia":[{"embeddable":true,"href":"https:\/\/raymarine.ee\/ru\/wp-json\/wp\/v2\/media\/9293"}],"wp:attachment":[{"href":"https:\/\/raymarine.ee\/ru\/wp-json\/wp\/v2\/media?parent=5538"}],"wp:term":[{"taxonomy":"product_brand","embeddable":true,"href":"https:\/\/raymarine.ee\/ru\/wp-json\/wp\/v2\/product_brand?post=5538"},{"taxonomy":"product_cat","embeddable":true,"href":"https:\/\/raymarine.ee\/ru\/wp-json\/wp\/v2\/product_cat?post=5538"},{"taxonomy":"product_tag","embeddable":true,"href":"https:\/\/raymarine.ee\/ru\/wp-json\/wp\/v2\/product_tag?post=5538"}],"curies":[{"name":"wp","href":"https:\/\/api.w.org\/{rel}","templated":true}]}}